{"id":389891,"date":"2024-01-07T19:52:07","date_gmt":"2024-01-07T19:52:07","guid":{"rendered":"https:\/\/bitfab.parts\/?page_id=389891"},"modified":"2025-06-21T19:44:30","modified_gmt":"2025-06-21T18:44:30","slug":"aviso-legal","status":"publish","type":"page","link":"https:\/\/bitfab.parts\/es\/aviso-legal\/","title":{"rendered":"Aviso legal"},"content":{"rendered":"\n<p>El presente aviso legal regula el uso del portal de Internet BITFAB.PARTS y las relaciones con la marca comercial BITFAB, representada por Diego Trapero Moreno (empresario individual) con domicilio social en Calle Campuzano 5 2B Madrid con NIF 05312825D e email de contacto info@bitfab.parts (en adelante &#8216;LA EMPRESA&#8217;).<\/p>\n\n\n\n<h2 class=\"wp-block-heading\">Pol\u00edtica de cookies<\/h2>\n\n\n\n<p>En cumplimiento de lo establecido en el art\u00edculo 22.2 de la Ley de Servicios de la Sociedad de la Informaci\u00f3n y del Comercio Electr\u00f3nico (en adelante LSSICE), y de conformidad con la Directiva Europea 2009\/136\/CE, LA EMPRESA le informa de que parte de los servicios ofrecidos por el sitio web utilizan cookies.<\/p>\n\n\n\n<p>En los presentes T\u00e9rminos y Condiciones de Uso se le informar\u00e1 con claridad sobre el tipo de cookies y finalidad a la que est\u00e1n destinadas, pero en caso de que el Usuario desee recabar m\u00e1s informaci\u00f3n de las mismas, podr\u00e1 remitir un correo electr\u00f3nico a la siguiente direcci\u00f3n: info@bitfab.io.<\/p>\n\n\n\n<p>Las cookies son peque\u00f1os archivos almacenados en el dispositivo que el Usuario utiliza para navegar a trav\u00e9s de Internet, y se destinan a guardar informaci\u00f3n de diverso tipo: frecuencia de visitas a la web de LA EMPRESA, preferencias de navegaci\u00f3n, informaci\u00f3n de inter\u00e9s para el Usuario, etc. Esta informaci\u00f3n le permitir\u00e1 a la empresa mejorar la calidad y funcionalidad del sitio web bitfab.parts.<\/p>\n\n\n\n<p>Las cookies son esenciales para el correcto funcionamiento de Internet, y se encuentran activadas en la configuraci\u00f3n del navegador, ayudando a la identificaci\u00f3n y resoluci\u00f3n de posibles errores de funcionamiento en el sitio web. En funci\u00f3n de la finalidad para la que se traten los datos obtenidos a trav\u00e9s de las cookies, se pueden encontrar:<\/p>\n\n\n\n<ul class=\"wp-block-list\">\n<li>Cookies t\u00e9cnicas: permiten al Usuario la navegaci\u00f3n a trav\u00e9s de una p\u00e1gina web, plataforma o aplicaci\u00f3n, y el uso de las opciones o servicios que en ella se ofrecen.<\/li>\n\n\n\n<li>Cookies de personalizaci\u00f3n: permiten al Usuario el acceso a los servicios que tengan caracter\u00edsticas de car\u00e1cter general predefinidas en funci\u00f3n de una serie de criterios en el terminal del Usuario.<\/li>\n\n\n\n<li>Cookies de an\u00e1lisis: permiten el seguimiento y an\u00e1lisis del comportamiento de los Usuarios del sitio web al que est\u00e1n vinculadas. Dichos datos se utilizan en la medici\u00f3n de la actividad de los sitios web, aplicaciones o plataformas, y para la elaboraci\u00f3n de perfiles de navegaci\u00f3n.<\/li>\n\n\n\n<li>Cookies publicitarias: permiten la gesti\u00f3n eficaz de los espacios publicitarios, de forma que se obtienen contenidos publicitarios especialmente personalizados para el Usuario.<\/li>\n\n\n\n<li>Cookies de redes sociales externas: se utilizan para que los visitantes de dichas plataformas puedan interactuar con el contenido de las mismas, gener\u00e1ndose en exclusiva para los Usuarios de dichas redes.<\/li>\n<\/ul>\n\n\n\n<p>Asimismo, LA EMPRESA le informa que utiliza los siguientes tipos de cookies:<\/p>\n\n\n\n<ul class=\"wp-block-list\">\n<li>Cookies Propias: son enviadas al ordenador del Usuario y gestionadas exclusivamente por LA EMPRESA, con la finalidad de mejorar el funcionamiento del sitio web. La informaci\u00f3n recabada se emplea en aras de mejorar la calidad de los servicios prestados, as\u00ed como la experiencia que el Usuario experimente de la visita al sitio web. Estas cookies permanecer\u00e1n en el navegador del Usuario el tiempo necesario para poder reconocerle como visitante del sitio web, y adaptar el contenido a sus preferencias.<\/li>\n\n\n\n<li>Cookies anal\u00edticas de terceros: la p\u00e1gina web utiliza el servicio proporcionado por Google Analytics, prestado por Google Inc., compa\u00f1\u00eda de Delaware cuya oficina principal est\u00e1 en 1600 Amphitheatre Parkway, Mountain View (California), CA 94043, Estados Unidos (en adelante, Google). La informaci\u00f3n generada por dichas cookies acerca del uso del sitio web es directamente transmitida y archivada por Google en sus servidores de Estados Unidos. Google usar\u00e1 esta informaci\u00f3n por cuenta de LA EMPRESA con la finalidad de seguir los h\u00e1bitos de uso del Usuario en la p\u00e1gina web, recopilando informes de actividad y prestando servicios relacionados con la actividad en la p\u00e1gina. Google no asociar\u00e1 la direcci\u00f3n IP del Usuario con ning\u00fan otro dato del que \u00e9ste disponga.<\/li>\n\n\n\n<li>Cookies de redes sociales externas:\n<ul class=\"wp-block-list\">\n<li>Twitter: proporciona botones y otras funcionalidades a LA EMPRESA para que el Usuario pueda compartir enlaces del sitio web en su perfil social. La informaci\u00f3n que sea enviada fuera de la Uni\u00f3n Europea a Twitter, relativa a las p\u00e1ginas que ha visitado o intereses que haya manifestado, es utilizada por Twitter conforme a lo especificado en sus pol\u00edticas de privacidad.<\/li>\n\n\n\n<li>Facebook: depender\u00e1 de sus condiciones y pol\u00edticas de uso.<\/li>\n\n\n\n<li>Linkedin: depender\u00e1 de sus condiciones y pol\u00edticas de uso.<\/li>\n<\/ul>\n<\/li>\n\n\n\n<li>El Usuario debe saber desde el primer momento que LA EMPRESA no se har\u00e1 responsable del contenido, actualidad y veracidad de las Pol\u00edticas de Cookies, Privacidad o de los T\u00e9rminos y Condiciones de Uso de terceros incluidos en los anteriores enlaces.<\/li>\n<\/ul>\n\n\n\n<p>El Usuario mostrar\u00e1 su consentimiento a LA EMPRESA respecto del uso de las cookies enunciadas anteriormente, mediante la navegaci\u00f3n y continuaci\u00f3n en la p\u00e1gina web, en las condiciones relatadas en la presente Pol\u00edtica de Cookies.<\/p>\n\n\n\n<p>En el caso en que el Usuario desee deshabilitar y bloquear las cookies, desde LA EMPRESA, y en cumplimiento de la normativa legal vigente, se pone a disposici\u00f3n la informaci\u00f3n necesaria que le permitir\u00e1 configurar el navegador de Internet para mantener la privacidad y seguridad respecto de dichos archivos. Es por ello que, a continuaci\u00f3n, se le facilitar\u00e1 la informaci\u00f3n necesaria y los enlaces destinados a los sitios de soporte t\u00e9cnico oficiales de los principales navegadores para decidir si desea o no aceptar dicho uso de cookies. Sin embargo, el Usuario debe saber que LA EMPRESA no se har\u00e1 responsable de las posibles deficiencias que \u00e9ste pueda sufrir en su experiencia durante la navegaci\u00f3n en el sitio web, dado que la desactivaci\u00f3n o bloqueo de determinadas cookies pueden provocar errores o una navegaci\u00f3n deficiente.<\/p>\n\n\n\n<ul class=\"wp-block-list\">\n<li>Microsoft Internet Explorer: deber\u00e1 clickear en la opci\u00f3n de men\u00fa de \u201cHerramientas\u201d, a continuaci\u00f3n en \u201cOpciones de Internet\u201d, despu\u00e9s en \u201cPrivacidad\u201d y, finalmente, en \u201cConfiguraci\u00f3n\u201d. Enlace de inter\u00e9s.<\/li>\n\n\n\n<li>Firefox: deber\u00e1 acudir a la opci\u00f3n de men\u00fa \u201cHerramientas, a continuaci\u00f3n en \u201cOpciones\u201d, despu\u00e9s en \u201cPrivacidad\u201d y, finalmente, en \u201cCookies\u201d. Enlace de inter\u00e9s.<\/li>\n\n\n\n<li>Google Chrome: deber\u00e1 recurrir a la secci\u00f3n de \u201cOpciones\u201d, despu\u00e9s en \u201cOpciones avanzadas\u201d y, finalmente, en \u201cPrivacidad\u201d. Enlace de inter\u00e9s.<\/li>\n\n\n\n<li>Opera: deber\u00e1 acudir a la opci\u00f3n de \u201cSeguridad y Privacidad\u201d, donde encontrar\u00e1 las opciones de configuraci\u00f3n del navegador necesarias. Enlace de inter\u00e9s.<\/li>\n<\/ul>\n\n\n\n<p>Por \u00faltimo, es posible que LA EMPRESA actualice en alg\u00fan momento, y sin previo aviso, la Pol\u00edtica de Cookies del sitio web, en cuyo caso se modificar\u00eda, del mismo modo, la fecha de actualizaci\u00f3n de los T\u00e9rminos y Condiciones de Uso del sitio web, de modo que el Usuario pueda conocer el momento en que se ha producido dicho cambio. La entrada en vigor de dichas modificaciones vendr\u00e1 determinada por la fecha de actualizaci\u00f3n anteriormente comentada.<\/p>\n\n\n\n<h2 class=\"wp-block-heading\">Pol\u00edtica de privacidad<\/h2>\n\n\n\n<p>De conformidad con el art\u00edculo 5 de la Ley Org\u00e1nica 15\/1999 de 13 de diciembre, de Protecci\u00f3n de Datos de Car\u00e1cter Personal, se le informa al Usuario se le informa de la inclusi\u00f3n de sus datos en el fichero \u201cContactos, Clientes y Usuarios\u201d, del que es propietario Bitfab, y cuya finalidad es gestionar la agenda de contactos de la empresa, as\u00ed como la de comunicar acciones comerciales y de inter\u00e9s para el Usuario. Podr\u00e1 ejercitar los derechos de acceso, rectificaci\u00f3n, cancelaci\u00f3n y oposici\u00f3n, en los t\u00e9rminos establecidos en la legislaci\u00f3n vigente mediante comunicaci\u00f3n a Bitfab, C\/ Pajaritos 12 (Madrid) C.P. 28007, o a trav\u00e9s del correo electr\u00f3nico info@bitfab.io indicando \u201cDerechos ARCO\u201d en el asunto del mensaje.<\/p>\n\n\n\n<p>En caso de ejercicio de Derechos ARCO por parte del Usuario, en la notificaci\u00f3n que env\u00ede a LA EMPRESA, tanto a la direcci\u00f3n ofrecida como a la direcci\u00f3n de correo electr\u00f3nico, deber\u00e1 adjuntar fotocopia de su DNI o documento identificativo con valor probatorio de similares caracter\u00edsticas, o un certificado electr\u00f3nico de tipo reconocido, que permita su validaci\u00f3n gratuita, para firmar la comunicaci\u00f3n.<\/p>\n\n\n\n<p>Esta Pol\u00edtica de Privacidad se refiere al sitio web de LA EMPRESA, no a las pol\u00edticas que ata\u00f1an a terceros que aparezcan en el sitio web o en el blog, o que operen en sitios web que contengan enlaces a la p\u00e1gina de LA EMPRESA, de los cuales \u00e9sta no se hace responsable por las posibles consecuencias derivadas de la actividad que el Usuario realice bajo dichas pol\u00edticas.<\/p>\n\n\n\n<p>Los tratamientos que LA EMPRESA realice sobre los datos personales recabados de los Usuarios se ce\u00f1ir\u00e1n exclusivamente a la finalidad se\u00f1alada en la anterior cl\u00e1usula de informaci\u00f3n, es decir, poder llevar a cabo de un modo satisfactorio la relaci\u00f3n contractual que se est\u00e1 suscribiendo entre el Usuario y LA EMPRESA mediante los T\u00e9rminos y Condiciones de Uso. Entre otras, las siguientes finalidades:<\/p>\n\n\n\n<ul class=\"wp-block-list\">\n<li>Responder a sus consultas y atender peticiones.<\/li>\n\n\n\n<li>Facilitar informaci\u00f3n de los servicios que ofrece LA EMPRESA en su sitio web, as\u00ed como de eventos de diversa naturaleza o actualizaciones en Actualidad Jur\u00eddica.<\/li>\n\n\n\n<li>Notificar informaci\u00f3n relativa a las modificaciones que puedan sufrir los presentes T\u00e9rminos y Condiciones de Uso.<\/li>\n\n\n\n<li>Personalizar la experiencia del Usuario respecto de su actividad en el sitio web, presentando contenidos singularizados.<\/li>\n\n\n\n<li>Permitir al Usuario la interacci\u00f3n y participaci\u00f3n en los contenidos interactivos ofrecidos por la p\u00e1gina web.<\/li>\n<\/ul>\n\n\n\n<p>A su vez, la informaci\u00f3n relativa al Usuario ser\u00e1 retenida durante el per\u00edodo necesario para cumplir los objetivos indicados en la presente Pol\u00edtica de Privacidad, a no ser que se requiriese un per\u00edodo mayor, o lo permita o requiera la Ley.<\/p>\n\n\n\n<p>Por \u00faltimo, LA EMPRESA recomienda al Usuario se abstenga de enviar informaci\u00f3n personal sensible (tales como creencias religiosas, raza, datos sanitarios, etc.), dado que no ser\u00e1 requerida por el sitio web en ning\u00fan momento, salvo que fuese necesario para el buen t\u00e9rmino de la presente relaci\u00f3n contractual.<\/p>\n\n\n\n<p>Las v\u00edas a trav\u00e9s de las cu\u00e1les LA EMPRESA podr\u00e1 recabar datos personales de los Usuarios son:<\/p>\n\n\n\n<ul class=\"wp-block-list\">\n<li>Formularios de contacto y correo electr\u00f3nico: LA EMPRESA pone a disposici\u00f3n del Usuario formularios de contacto con respecto a determinados servicios prestados en la p\u00e1gina web. Los datos personales que el Usuario consienta en proporcionar por dicho medio de contacto ser\u00e1n tratados de un modo automatizado e incorporados al fichero correspondiente, del cual LA EMPRESA es responsable. La finalidad a la que est\u00e1 destinada esa recogida de datos, y el consiguiente tratamiento, es la de solucionar la consulta, o servicio solicitado, que el Usuario ha pretendido que LA EMPRESA le gestione, a trav\u00e9s de dicha comunicaci\u00f3n.<\/li>\n\n\n\n<li>Redes Sociales: LA EMPRESA cuenta con perfiles en las principales redes sociales (Twitter, Facebook, LinkedIn), siendo responsable del tratamiento de esos datos cada una de las plataformas o redes sociales respecto de los seguidores o suscriptores con los que dichos perfiles cuenten en cada caso. El tratamiento de datos que se llevar\u00e1 a cabo ser\u00e1 aqu\u00e9l que la propia red social permita realizar a los perfiles empresariales, entre otros, informar sobre sus actividades, seminarios, publicaciones, ofertas o incluso prestar servicios a posibles clientes. Y en todo caso, respetando los T\u00e9rminos y Condiciones de Uso de cada una de las plataformas o redes sociales.<\/li>\n\n\n\n<li>Boletines, Newsletters o e-mail: entre otros servicios, LA EMPRESA pone a disposici\u00f3n de los Usuarios la posibilidad de suscribirse a un bolet\u00edn informativo con respecto a las actividades, publicaciones o ponencias que LA EMPRESA tenga pensado llevar a cabo. Dicho env\u00edo ser\u00e1 autom\u00e1tico y gratuito para el Usuario, quien podr\u00e1 darte de baja en cualquier momento.<\/li>\n\n\n\n<li>Acciones promocionales: aquellos datos que el Usuario consienta en enviar a LA EMPRESA por ser de su inter\u00e9s participar en estos actos, ser\u00e1n tratados exclusivamente para el fin indicado en cada acci\u00f3n.<\/li>\n\n\n\n<li>Empleo, becas, pr\u00e1cticas: LA EMPRESA pone a disposici\u00f3n de aquellos interesados en acceder a una oferta laboral o de formaci\u00f3n\/pr\u00e1cticas\/becas una serie de mecanismos de contacto en la p\u00e1gina web, por tanto, s\u00f3lo ser\u00e1n valoradas las comunicaciones que se hayan practicado a trav\u00e9s de dichos medios. Tambi\u00e9n se tendr\u00e1n en cuenta aquellas candidaturas que provengan de medios dispuestos en \u00e1reas de empleo y pr\u00e1cticas de los sitios web universitarios. Las solicitudes que no hayan respetado esos canales de contacto arbitrados por LA EMPRESA, ser\u00e1n denegadas y destruidas en el mismo momento de su recepci\u00f3n. Asimismo, el aspirante a la candidatura de empleo estar\u00e1 dando su consentimiento para que LA EMPRESA analice la informaci\u00f3n remitida en su candidatura, en la entrevista de trabajo, en los perfiles sociales de redes profesionales o aquella informaci\u00f3n que sea accesible directamente a trav\u00e9s de buscadores, en aras de lograr valorar de un modo efectivo la candidatura. En el caso en que el candidato no fuere seleccionado, y salvo oposici\u00f3n expresa por parte de \u00e9ste, LA EMPRESA guardar\u00e1 el Cv para su valoraci\u00f3n en futuras ofertas.<\/li>\n\n\n\n<li>Cookies: son ficheros creados en el navegador del Usuario para registrar su actividad en la p\u00e1gina web de LA EMPRESA, y lograr que la navegaci\u00f3n sea lo m\u00e1s eficaz y personalizada posible con respecto a los h\u00e1bitos manifestados por el Usuario. Tipos de cookies instaladas (t\u00e9cnicas), nombre de la cookies, prop\u00f3sito, pol\u00edticas concretas de las entidades cuyas cookies instalamos.<\/li>\n<\/ul>\n","protected":false},"excerpt":{"rendered":"<p>El presente aviso legal regula el uso del portal de Internet BITFAB.PARTS y las relaciones con la marca comercial BITFAB, representada por Diego Trapero Moreno (empresario individual) con domicilio social en Calle Campuzano 5 2B Madrid con NIF 05312825D e email de contacto info@bitfab.parts (en adelante &#8216;LA EMPRESA&#8217;). Pol\u00edtica de cookies En cumplimiento de lo &#8230; <a title=\"Aviso legal\" class=\"read-more\" href=\"https:\/\/bitfab.parts\/es\/aviso-legal\/\" aria-label=\"Leer m\u00e1s sobre Aviso legal\">Leer m\u00e1s<\/a><\/p>\n","protected":false},"author":1,"featured_media":0,"parent":0,"menu_order":0,"comment_status":"closed","ping_status":"closed","template":"","meta":{"footnotes":""},"class_list":["post-389891","page","type-page","status-publish"],"yoast_head":"<!-- This site is optimized with the Yoast SEO plugin v27.2 - https:\/\/yoast.com\/product\/yoast-seo-wordpress\/ -->\n<title>Aviso legal - Bitfab Parts<\/title>\n<meta name=\"robots\" content=\"noindex, nofollow\" \/>\n<meta property=\"og:locale\" content=\"es_ES\" \/>\n<meta property=\"og:type\" content=\"article\" \/>\n<meta property=\"og:title\" content=\"Aviso legal - Bitfab Parts\" \/>\n<meta property=\"og:description\" content=\"El presente aviso legal regula el uso del portal de Internet BITFAB.PARTS y las relaciones con la marca comercial BITFAB, representada por Diego Trapero Moreno (empresario individual) con domicilio social en Calle Campuzano 5 2B Madrid con NIF 05312825D e email de contacto info@bitfab.parts (en adelante &#8216;LA EMPRESA&#8217;). Pol\u00edtica de cookies En cumplimiento de lo ... Leer m\u00e1s\" \/>\n<meta property=\"og:url\" content=\"https:\/\/bitfab.parts\/es\/aviso-legal\/\" \/>\n<meta property=\"og:site_name\" content=\"Bitfab Parts\" \/>\n<meta property=\"article:modified_time\" content=\"2025-06-21T18:44:30+00:00\" \/>\n<meta name=\"twitter:card\" content=\"summary_large_image\" \/>\n<meta name=\"twitter:label1\" content=\"Tiempo de lectura\" \/>\n\t<meta name=\"twitter:data1\" content=\"10 minutos\" \/>\n<script type=\"application\/ld+json\" class=\"yoast-schema-graph\">{\"@context\":\"https:\/\/schema.org\",\"@graph\":[{\"@type\":\"WebPage\",\"@id\":\"https:\/\/bitfab.parts\/es\/aviso-legal\/\",\"url\":\"https:\/\/bitfab.parts\/es\/aviso-legal\/\",\"name\":\"Aviso legal - Bitfab Parts\",\"isPartOf\":{\"@id\":\"https:\/\/bitfab.parts\/es\/#website\"},\"datePublished\":\"2024-01-07T19:52:07+00:00\",\"dateModified\":\"2025-06-21T18:44:30+00:00\",\"breadcrumb\":{\"@id\":\"https:\/\/bitfab.parts\/es\/aviso-legal\/#breadcrumb\"},\"inLanguage\":\"es\",\"potentialAction\":[{\"@type\":\"ReadAction\",\"target\":[\"https:\/\/bitfab.parts\/es\/aviso-legal\/\"]}]},{\"@type\":\"BreadcrumbList\",\"@id\":\"https:\/\/bitfab.parts\/es\/aviso-legal\/#breadcrumb\",\"itemListElement\":[{\"@type\":\"ListItem\",\"position\":1,\"name\":\"Home\",\"item\":\"https:\/\/bitfab.parts\/es\/\"},{\"@type\":\"ListItem\",\"position\":2,\"name\":\"Aviso legal\"}]},{\"@type\":\"WebSite\",\"@id\":\"https:\/\/bitfab.parts\/es\/#website\",\"url\":\"https:\/\/bitfab.parts\/es\/\",\"name\":\"Bitfab Parts\",\"description\":\"Perfil de aluminio cortado a medida\",\"publisher\":{\"@id\":\"https:\/\/bitfab.parts\/es\/#organization\"},\"potentialAction\":[{\"@type\":\"SearchAction\",\"target\":{\"@type\":\"EntryPoint\",\"urlTemplate\":\"https:\/\/bitfab.parts\/es\/?s={search_term_string}\"},\"query-input\":{\"@type\":\"PropertyValueSpecification\",\"valueRequired\":true,\"valueName\":\"search_term_string\"}}],\"inLanguage\":\"es\"},{\"@type\":\"Organization\",\"@id\":\"https:\/\/bitfab.parts\/es\/#organization\",\"name\":\"Bitfab Parts\",\"url\":\"https:\/\/bitfab.parts\/es\/\",\"logo\":{\"@type\":\"ImageObject\",\"inLanguage\":\"es\",\"@id\":\"https:\/\/bitfab.parts\/es\/#\/schema\/logo\/image\/\",\"url\":\"https:\/\/bitfab.parts\/wp-content\/uploads\/2023\/11\/cropped-rectangle_1000x500_without_background.png\",\"contentUrl\":\"https:\/\/bitfab.parts\/wp-content\/uploads\/2023\/11\/cropped-rectangle_1000x500_without_background.png\",\"width\":1000,\"height\":369,\"caption\":\"Bitfab Parts\"},\"image\":{\"@id\":\"https:\/\/bitfab.parts\/es\/#\/schema\/logo\/image\/\"}}]}<\/script>\n<!-- \/ Yoast SEO plugin. -->","yoast_head_json":{"title":"Aviso legal - Bitfab Parts","robots":{"index":"noindex","follow":"nofollow"},"og_locale":"es_ES","og_type":"article","og_title":"Aviso legal - Bitfab Parts","og_description":"El presente aviso legal regula el uso del portal de Internet BITFAB.PARTS y las relaciones con la marca comercial BITFAB, representada por Diego Trapero Moreno (empresario individual) con domicilio social en Calle Campuzano 5 2B Madrid con NIF 05312825D e email de contacto info@bitfab.parts (en adelante &#8216;LA EMPRESA&#8217;). Pol\u00edtica de cookies En cumplimiento de lo ... Leer m\u00e1s","og_url":"https:\/\/bitfab.parts\/es\/aviso-legal\/","og_site_name":"Bitfab Parts","article_modified_time":"2025-06-21T18:44:30+00:00","twitter_card":"summary_large_image","twitter_misc":{"Tiempo de lectura":"10 minutos"},"schema":{"@context":"https:\/\/schema.org","@graph":[{"@type":"WebPage","@id":"https:\/\/bitfab.parts\/es\/aviso-legal\/","url":"https:\/\/bitfab.parts\/es\/aviso-legal\/","name":"Aviso legal - Bitfab Parts","isPartOf":{"@id":"https:\/\/bitfab.parts\/es\/#website"},"datePublished":"2024-01-07T19:52:07+00:00","dateModified":"2025-06-21T18:44:30+00:00","breadcrumb":{"@id":"https:\/\/bitfab.parts\/es\/aviso-legal\/#breadcrumb"},"inLanguage":"es","potentialAction":[{"@type":"ReadAction","target":["https:\/\/bitfab.parts\/es\/aviso-legal\/"]}]},{"@type":"BreadcrumbList","@id":"https:\/\/bitfab.parts\/es\/aviso-legal\/#breadcrumb","itemListElement":[{"@type":"ListItem","position":1,"name":"Home","item":"https:\/\/bitfab.parts\/es\/"},{"@type":"ListItem","position":2,"name":"Aviso legal"}]},{"@type":"WebSite","@id":"https:\/\/bitfab.parts\/es\/#website","url":"https:\/\/bitfab.parts\/es\/","name":"Bitfab Parts","description":"Perfil de aluminio cortado a medida","publisher":{"@id":"https:\/\/bitfab.parts\/es\/#organization"},"potentialAction":[{"@type":"SearchAction","target":{"@type":"EntryPoint","urlTemplate":"https:\/\/bitfab.parts\/es\/?s={search_term_string}"},"query-input":{"@type":"PropertyValueSpecification","valueRequired":true,"valueName":"search_term_string"}}],"inLanguage":"es"},{"@type":"Organization","@id":"https:\/\/bitfab.parts\/es\/#organization","name":"Bitfab Parts","url":"https:\/\/bitfab.parts\/es\/","logo":{"@type":"ImageObject","inLanguage":"es","@id":"https:\/\/bitfab.parts\/es\/#\/schema\/logo\/image\/","url":"https:\/\/bitfab.parts\/wp-content\/uploads\/2023\/11\/cropped-rectangle_1000x500_without_background.png","contentUrl":"https:\/\/bitfab.parts\/wp-content\/uploads\/2023\/11\/cropped-rectangle_1000x500_without_background.png","width":1000,"height":369,"caption":"Bitfab Parts"},"image":{"@id":"https:\/\/bitfab.parts\/es\/#\/schema\/logo\/image\/"}}]}},"_links":{"self":[{"href":"https:\/\/bitfab.parts\/es\/wp-json\/wp\/v2\/pages\/389891","targetHints":{"allow":["GET"]}}],"collection":[{"href":"https:\/\/bitfab.parts\/es\/wp-json\/wp\/v2\/pages"}],"about":[{"href":"https:\/\/bitfab.parts\/es\/wp-json\/wp\/v2\/types\/page"}],"author":[{"embeddable":true,"href":"https:\/\/bitfab.parts\/es\/wp-json\/wp\/v2\/users\/1"}],"replies":[{"embeddable":true,"href":"https:\/\/bitfab.parts\/es\/wp-json\/wp\/v2\/comments?post=389891"}],"version-history":[{"count":6,"href":"https:\/\/bitfab.parts\/es\/wp-json\/wp\/v2\/pages\/389891\/revisions"}],"predecessor-version":[{"id":391569,"href":"https:\/\/bitfab.parts\/es\/wp-json\/wp\/v2\/pages\/389891\/revisions\/391569"}],"wp:attachment":[{"href":"https:\/\/bitfab.parts\/es\/wp-json\/wp\/v2\/media?parent=389891"}],"curies":[{"name":"wp","href":"https:\/\/api.w.org\/{rel}","templated":true}]}}