{"id":389700,"date":"2023-11-05T20:30:29","date_gmt":"2023-11-05T20:30:29","guid":{"rendered":"https:\/\/bitfab.parts\/product\/perfil-20x20-ranura-en-v\/"},"modified":"2024-09-23T16:36:35","modified_gmt":"2024-09-23T15:36:35","slug":"perfil-20x20-v-slot","status":"publish","type":"product","link":"https:\/\/bitfab.parts\/es\/producto\/perfil-20x20-v-slot\/","title":{"rendered":"Perfil de aluminio 20&#215;20 V-Slot"},"content":{"rendered":"\n<p>El perfil de aluminio V-Slot combina el movimiento lineal con un sistema de perfil ranurado estructural y modular. Este perfil es compatible con los accesorios V-Slot, ruedas, etc.<\/p>\n\n\n\n<ul class=\"wp-block-list\">\n<li><strong>Dimensiones:<\/strong> 20&#215;20 mm<\/li>\n\n\n\n<li><strong>Tipo de perfil:<\/strong> V-Slot<\/li>\n\n\n\n<li><strong>Anchura de la ranura:<\/strong> 6 mm<\/li>\n\n\n\n<li><strong>N\u00facleo:<\/strong> Preparado para rosca M5 (el perfil se suministra sin roscar)<\/li>\n\n\n\n<li><strong>Material:<\/strong> Aluminio (aleaci\u00f3n 6060-T5)<\/li>\n\n\n\n<li><strong>Acabado:<\/strong> Aluminio anodizado, plateado<\/li>\n\n\n\n<li><strong>Tipo de ranura:<\/strong> Est\u00e1ndar (abierta)<\/li>\n\n\n\n<li><strong>N\u00famero de ranuras:<\/strong> 4<\/li>\n<\/ul>\n\n\n\n<h2 class=\"wp-block-heading\">Referencia r\u00e1pida<\/h2>\n\n\n\n<div class=\"wp-block-columns is-layout-flex wp-container-core-columns-is-layout-9d6595d7 wp-block-columns-is-layout-flex\">\n<div class=\"wp-block-column is-layout-flow wp-block-column-is-layout-flow\"><div class=\"wp-block-image\">\n<figure class=\"aligncenter size-full\"><img loading=\"lazy\" decoding=\"async\" width=\"256\" height=\"256\" src=\"https:\/\/bitfab.parts\/wp-content\/uploads\/2023\/11\/2020V-size.png\" alt=\"\" class=\"wp-image-390291\" srcset=\"https:\/\/bitfab.parts\/wp-content\/uploads\/2023\/11\/2020V-size.png 256w, https:\/\/bitfab.parts\/wp-content\/uploads\/2023\/11\/2020V-size-150x150.png 150w, https:\/\/bitfab.parts\/wp-content\/uploads\/2023\/11\/2020V-size-100x100.png 100w\" sizes=\"auto, (max-width: 256px) 100vw, 256px\" \/><\/figure>\n<\/div>\n\n\n<h3 class=\"wp-block-heading\">Serie de 20 mm<\/h3>\n\n\n\n<p>Este perfil pertenece a la serie de 20 mm, disponible en tama\u00f1os como 20&#215;20 mm, 20&#215;40 mm, etc.<\/p>\n<\/div>\n\n\n\n<div class=\"wp-block-column is-layout-flow wp-block-column-is-layout-flow\"><div class=\"wp-block-image\">\n<figure class=\"aligncenter size-full\"><img loading=\"lazy\" decoding=\"async\" width=\"256\" height=\"256\" src=\"https:\/\/bitfab.parts\/wp-content\/uploads\/2023\/11\/2020V-slot6.png\" alt=\"\" class=\"wp-image-390293\" srcset=\"https:\/\/bitfab.parts\/wp-content\/uploads\/2023\/11\/2020V-slot6.png 256w, https:\/\/bitfab.parts\/wp-content\/uploads\/2023\/11\/2020V-slot6-150x150.png 150w, https:\/\/bitfab.parts\/wp-content\/uploads\/2023\/11\/2020V-slot6-100x100.png 100w\" sizes=\"auto, (max-width: 256px) 100vw, 256px\" \/><\/figure>\n<\/div>\n\n\n<h3 class=\"wp-block-heading\">Ranura de 6 mm<\/h3>\n\n\n\n<p>Este perfil tiene un tama\u00f1o de ranura de 6 mm, por lo que es compatible con nuestros accesorios de ranura de 6 mm<\/p>\n<\/div>\n\n\n\n<div class=\"wp-block-column is-layout-flow wp-block-column-is-layout-flow\"><div class=\"wp-block-image\">\n<figure class=\"aligncenter size-full\"><img loading=\"lazy\" decoding=\"async\" width=\"256\" height=\"256\" src=\"https:\/\/bitfab.parts\/wp-content\/uploads\/2023\/11\/2020V-m5tap-1.png\" alt=\"\" class=\"wp-image-390296\" srcset=\"https:\/\/bitfab.parts\/wp-content\/uploads\/2023\/11\/2020V-m5tap-1.png 256w, https:\/\/bitfab.parts\/wp-content\/uploads\/2023\/11\/2020V-m5tap-1-150x150.png 150w, https:\/\/bitfab.parts\/wp-content\/uploads\/2023\/11\/2020V-m5tap-1-100x100.png 100w\" sizes=\"auto, (max-width: 256px) 100vw, 256px\" \/><\/figure>\n<\/div>\n\n\n<h3 class=\"wp-block-heading\">Rosca M5<\/h3>\n\n\n\n<p>El n\u00facleo del perfil est\u00e1 dise\u00f1ado para roscarse con un macho M5.<\/p>\n\n\n\n<p>Ten en cuenta que el perfil se suministra sin roscar, por lo que tendr\u00e1s que roscarlo t\u00fa mismo con un macho de roscar.<\/p>\n<\/div>\n<\/div>\n\n\n\n<h2 class=\"wp-block-heading\">Plano t\u00e9cnico<\/h2>\n\n\n\n<p>Puedes hacer clic en el plano para abrir el archivo PDF.<\/p>\n\n\n<div class=\"wp-block-image\">\n<figure class=\"aligncenter size-large\"><a href=\"https:\/\/bitfab.parts\/wp-content\/uploads\/2023\/11\/2020V-20x20mm-V-Slot-Profile-Drawing-v2.pdf\" target=\"_blank\" rel=\"noreferrer noopener\"><img loading=\"lazy\" decoding=\"async\" width=\"1024\" height=\"722\" src=\"https:\/\/bitfab.parts\/wp-content\/uploads\/2023\/11\/2020V-drawing-preview-1024x722.png\" alt=\"\" class=\"wp-image-390301\" srcset=\"https:\/\/bitfab.parts\/wp-content\/uploads\/2023\/11\/2020V-drawing-preview-1024x722.png 1024w, https:\/\/bitfab.parts\/wp-content\/uploads\/2023\/11\/2020V-drawing-preview-300x211.png 300w, https:\/\/bitfab.parts\/wp-content\/uploads\/2023\/11\/2020V-drawing-preview-768x541.png 768w, https:\/\/bitfab.parts\/wp-content\/uploads\/2023\/11\/2020V-drawing-preview-500x352.png 500w, https:\/\/bitfab.parts\/wp-content\/uploads\/2023\/11\/2020V-drawing-preview.png 1043w\" sizes=\"auto, (max-width: 1024px) 100vw, 1024px\" \/><\/a><\/figure>\n<\/div>\n\n\n<h2 class=\"wp-block-heading\">Especificaciones t\u00e9cnicas<\/h2>\n\n\n\n<ul class=\"wp-block-list\">\n<li><strong>Masa:<\/strong> 0,44 kg\/m<\/li>\n\n\n\n<li><strong>M\u00f3dulo de elasticidad:<\/strong> 69,5 GPa (6,95 x<sup>1010<\/sup> Pa)<\/li>\n\n\n\n<li><strong>Momento de inercia Ix:<\/strong> 6,988 x <sup>10-9m4<\/sup><\/li>\n\n\n\n<li><strong>Momento de inercia Iy:<\/strong> 6,988 x <sup>10-9m4<\/sup><\/li>\n<\/ul>\n\n\n\n<h2 class=\"wp-block-heading\">Modelos 3D<\/h2>\n\n\n\n<div class=\"wp-block-columns is-layout-flex wp-container-core-columns-is-layout-9d6595d7 wp-block-columns-is-layout-flex\">\n<div class=\"wp-block-column is-layout-flow wp-block-column-is-layout-flow\">\t\t\t<div class='wp-block-tdvb-td-viewer  align' id='tdvb3DViewerBlock-7024cc8a-d' data-attributes='{&quot;cId&quot;:&quot;7024cc8a-d&quot;,&quot;model&quot;:{&quot;id&quot;:390317,&quot;url&quot;:&quot;https:\\\/\\\/bitfab.parts\\\/wp-content\\\/uploads\\\/2023\\\/11\\\/2020V-20x20mm-V-Slot-Profile-v18.glb&quot;,&quot;alt&quot;:&quot;&quot;,&quot;title&quot;:&quot;2020V 20x20mm V-Slot Profile v18&quot;},&quot;loadingType&quot;:&quot;lazy&quot;,&quot;align&quot;:&quot;&quot;,&quot;alignment&quot;:&quot;center&quot;,&quot;sourceType&quot;:&quot;upload&quot;,&quot;modelLink&quot;:&quot;&quot;,&quot;width&quot;:&quot;100%&quot;,&quot;height&quot;:&quot;350px&quot;,&quot;isTouchMove&quot;:true,&quot;isZoom&quot;:true,&quot;gbBlockCondition&quot;:&quot;&quot;,&quot;gbBlockConditionInvert&quot;:false}'><\/div>\r\n\t\r\n\t\t\t<\/div>\n\n\n\n<div class=\"wp-block-column is-layout-flow wp-block-column-is-layout-flow\">\n<div class=\"wp-block-file\"><a id=\"wp-block-file--media-9e6934c5-4e1a-4923-89e6-d2895e68cfc8\" href=\"https:\/\/bitfab.parts\/wp-content\/uploads\/2023\/11\/2020V-20x20mm-V-Slot-Profile-v18.stl\" target=\"_blank\" rel=\"noreferrer noopener\">2020V 20x20mm Perfil ranura en V v18.stl<\/a><a href=\"https:\/\/bitfab.parts\/wp-content\/uploads\/2023\/11\/2020V-20x20mm-V-Slot-Profile-v18.stl\" class=\"wp-block-file__button wp-element-button\" download aria-describedby=\"wp-block-file--media-9e6934c5-4e1a-4923-89e6-d2895e68cfc8\">Descarga<\/a><\/div>\n\n\n\n<div class=\"wp-block-file\"><a id=\"wp-block-file--media-69947841-f49e-4609-9d7e-75a3e9257bcc\" href=\"https:\/\/bitfab.parts\/wp-content\/uploads\/2023\/11\/2020V-20x20mm-V-Slot-Profile-v18.step\" target=\"_blank\" rel=\"noreferrer noopener\">2020V 20x20mm Perfil de ranura en V v18.step<\/a><a href=\"https:\/\/bitfab.parts\/wp-content\/uploads\/2023\/11\/2020V-20x20mm-V-Slot-Profile-v18.step\" class=\"wp-block-file__button wp-element-button\" download aria-describedby=\"wp-block-file--media-69947841-f49e-4609-9d7e-75a3e9257bcc\">Descarga<\/a><\/div>\n\n\n\n<div class=\"wp-block-file\"><a id=\"wp-block-file--media-3357bbfb-cae0-4ee2-9a6d-6f0e9f964836\" href=\"https:\/\/bitfab.parts\/wp-content\/uploads\/2023\/11\/2020V-20x20mm-V-Slot-Profile-v18.f3z\" target=\"_blank\" rel=\"noreferrer noopener\">2020V 20x20mm Perfil ranura en V v18.f3z<\/a><a href=\"https:\/\/bitfab.parts\/wp-content\/uploads\/2023\/11\/2020V-20x20mm-V-Slot-Profile-v18.f3z\" class=\"wp-block-file__button wp-element-button\" download aria-describedby=\"wp-block-file--media-3357bbfb-cae0-4ee2-9a6d-6f0e9f964836\">Descarga<\/a><\/div>\n<\/div>\n<\/div>\n\n\n\n<h2 class=\"wp-block-heading\">Ejemplos de uso<\/h2>\n\n\n\n<p>Este perfil puede conectarse mediante soportes de aluminio, tuercas martillo (compatibles con ranuras de 6 mm) y tornillos (se recomiendan los tornillos de cabeza de bot\u00f3n M5x8 ISO 7380).<\/p>\n\n\n\n<div class=\"wp-block-columns is-layout-flex wp-container-core-columns-is-layout-9d6595d7 wp-block-columns-is-layout-flex\">\n<div class=\"wp-block-column is-layout-flow wp-block-column-is-layout-flow\">\n<figure class=\"wp-block-image size-full is-resized\"><img loading=\"lazy\" decoding=\"async\" width=\"712\" height=\"732\" src=\"https:\/\/bitfab.parts\/wp-content\/uploads\/2023\/11\/bracket-example.png\" alt=\"\" class=\"wp-image-390321\" style=\"width:554px;height:auto\" srcset=\"https:\/\/bitfab.parts\/wp-content\/uploads\/2023\/11\/bracket-example.png 712w, https:\/\/bitfab.parts\/wp-content\/uploads\/2023\/11\/bracket-example-292x300.png 292w, https:\/\/bitfab.parts\/wp-content\/uploads\/2023\/11\/bracket-example-500x514.png 500w\" sizes=\"auto, (max-width: 712px) 100vw, 712px\" \/><\/figure>\n<\/div>\n\n\n\n<div class=\"wp-block-column is-layout-flow wp-block-column-is-layout-flow\">\n<div data-block-name=\"woocommerce\/single-product\" data-product-id=\"389863\" data-wp-context=\"{&quot;productId&quot;:389863,&quot;variationId&quot;:null}\" data-wp-interactive=\"woocommerce\/single-product\" class=\"wp-block-woocommerce-single-product\">\n<div class=\"wp-block-columns is-layout-flex wp-container-core-columns-is-layout-9d6595d7 wp-block-columns-is-layout-flex\">\n<div class=\"wp-block-column is-layout-flow wp-block-column-is-layout-flow\"><div data-block-name=\"woocommerce\/product-image\" data-is-descendent-of-single-product-block=\"true\" data-show-sale-badge=\"false\" class=\"wc-block-components-product-image wc-block-grid__product-image wc-block-components-product-image--aspect-ratio-auto wp-block-woocommerce-product-image\"><a href=\"https:\/\/bitfab.parts\/es\/producto\/escuadra-20mm-ranura-6\/\" style=\"\" data-wp-on--click=\"woocommerce\/product-collection::actions.viewProduct\"><img loading=\"lazy\" decoding=\"async\" width=\"500\" height=\"479\" src=\"https:\/\/bitfab.parts\/wp-content\/uploads\/2023\/11\/Screenshot-2023-11-23-at-22.10.50-500x479.png\" class=\"attachment-woocommerce_single size-woocommerce_single\" alt=\"Escuadra 20mm ranura 6\" data-testid=\"product-image\" data-image-id=\"389861\" style=\"object-fit:cover;\" srcset=\"https:\/\/bitfab.parts\/wp-content\/uploads\/2023\/11\/Screenshot-2023-11-23-at-22.10.50-500x479.png 500w, https:\/\/bitfab.parts\/wp-content\/uploads\/2023\/11\/Screenshot-2023-11-23-at-22.10.50-300x288.png 300w, https:\/\/bitfab.parts\/wp-content\/uploads\/2023\/11\/Screenshot-2023-11-23-at-22.10.50.png 552w\" sizes=\"auto, (max-width: 500px) 100vw, 500px\" \/><div class=\"wc-block-components-product-image__inner-container\"><\/div><\/a><\/div><\/div>\n\n\n\n<div class=\"wp-block-column is-layout-flow wp-block-column-is-layout-flow\"><h3 class=\"wp-block-post-title\"><a href=\"https:\/\/bitfab.parts\/es\/producto\/escuadra-20mm-ranura-6\/\" target=\"_self\" >Escuadra 20mm ranura 6<\/a><\/h3>\n\n<div class=\"wp-block-post-excerpt\"><p class=\"wp-block-post-excerpt__excerpt\">Escuadra de 90 grados para extrusi\u00f3n de aluminio de 20 mmPara perfiles de aluminio de ranura de 6 mm (compatible con V-Slot de 20 mm)El material es aluminio fundido <\/p><\/div><\/div>\n<\/div>\n<\/div>\n\n\n\n<div data-block-name=\"woocommerce\/single-product\" data-product-id=\"389857\" data-wp-context=\"{&quot;productId&quot;:389857,&quot;variationId&quot;:null}\" data-wp-interactive=\"woocommerce\/single-product\" class=\"wp-block-woocommerce-single-product\">\n<div class=\"wp-block-columns is-layout-flex wp-container-core-columns-is-layout-9d6595d7 wp-block-columns-is-layout-flex\">\n<div class=\"wp-block-column is-layout-flow wp-block-column-is-layout-flow\"><div data-block-name=\"woocommerce\/product-image\" data-is-descendent-of-single-product-block=\"true\" data-show-sale-badge=\"false\" class=\"wc-block-components-product-image wc-block-grid__product-image wc-block-components-product-image--aspect-ratio-auto wp-block-woocommerce-product-image\"><a href=\"https:\/\/bitfab.parts\/es\/producto\/tuerca-martillo-6mm-ranura-m5\/\" style=\"\" data-wp-on--click=\"woocommerce\/product-collection::actions.viewProduct\"><img loading=\"lazy\" decoding=\"async\" width=\"500\" height=\"363\" src=\"https:\/\/bitfab.parts\/wp-content\/uploads\/2023\/11\/Screenshot-2023-11-23-at-21.52.33-500x363.png\" class=\"attachment-woocommerce_single size-woocommerce_single\" alt=\"Tuerca martillo para ranura de 6 mm, rosca M5\" data-testid=\"product-image\" data-image-id=\"389842\" style=\"object-fit:cover;\" srcset=\"https:\/\/bitfab.parts\/wp-content\/uploads\/2023\/11\/Screenshot-2023-11-23-at-21.52.33-500x363.png 500w, https:\/\/bitfab.parts\/wp-content\/uploads\/2023\/11\/Screenshot-2023-11-23-at-21.52.33-300x218.png 300w, https:\/\/bitfab.parts\/wp-content\/uploads\/2023\/11\/Screenshot-2023-11-23-at-21.52.33.png 586w\" sizes=\"auto, (max-width: 500px) 100vw, 500px\" \/><div class=\"wc-block-components-product-image__inner-container\"><\/div><\/a><\/div><\/div>\n\n\n\n<div class=\"wp-block-column is-layout-flow wp-block-column-is-layout-flow\"><h3 class=\"wp-block-post-title\"><a href=\"https:\/\/bitfab.parts\/es\/producto\/tuerca-martillo-6mm-ranura-m5\/\" target=\"_self\" >Tuerca martillo para ranura de 6 mm, rosca M5<\/a><\/h3>\n\n<div class=\"wp-block-post-excerpt\"><p class=\"wp-block-post-excerpt__excerpt\">Tuerca martillo para perfil de ranura de 6 mm (para perfil V-Slot de 20 mm)Rosca M5Acero galvanizado <\/p><\/div><\/div>\n<\/div>\n<\/div>\n<\/div>\n<\/div>\n","protected":false},"excerpt":{"rendered":"<p>Perfil de aluminio VSlot 20&#215;20 mm<br \/>\nRanura de 6 mm<br \/>\nN\u00facleo para rosca M5<br \/>\nAcabado de aluminio anodizado<\/p>\n","protected":false},"featured_media":391901,"template":"","meta":[],"product_brand":[],"product_cat":[52],"product_tag":[],"class_list":{"0":"post-389700","1":"product","2":"type-product","3":"status-publish","4":"has-post-thumbnail","6":"product_cat-perfil-de-aluminio","7":"sales-flash-overlay","8":"woocommerce-text-align-center","9":"woocommerce-image-align-center","10":"do-quantity-buttons","12":"first","13":"instock","14":"taxable","15":"shipping-taxable","16":"purchasable","17":"product-type-simple"},"yoast_head":"<!-- This site is optimized with the Yoast SEO plugin v27.2 - https:\/\/yoast.com\/product\/yoast-seo-wordpress\/ -->\n<title>Perfil de aluminio 20x20 V-Slot - Bitfab Parts<\/title>\n<meta name=\"robots\" content=\"index, follow, max-snippet:-1, max-image-preview:large, max-video-preview:-1\" \/>\n<link rel=\"canonical\" href=\"https:\/\/bitfab.parts\/es\/producto\/perfil-20x20-v-slot\/\" \/>\n<meta property=\"og:locale\" content=\"es_ES\" \/>\n<meta property=\"og:type\" content=\"article\" \/>\n<meta property=\"og:title\" content=\"Perfil de aluminio 20x20 V-Slot - Bitfab Parts\" \/>\n<meta property=\"og:description\" content=\"Perfil de aluminio VSlot 20x20 mm Ranura de 6 mm N\u00facleo para rosca M5 Acabado de aluminio anodizado\" \/>\n<meta property=\"og:url\" content=\"https:\/\/bitfab.parts\/es\/producto\/perfil-20x20-v-slot\/\" \/>\n<meta property=\"og:site_name\" content=\"Bitfab Parts\" \/>\n<meta property=\"article:modified_time\" content=\"2024-09-23T15:36:35+00:00\" \/>\n<meta property=\"og:image\" content=\"https:\/\/bitfab.parts\/wp-content\/uploads\/2023\/11\/2020V-B-Aluminum-profile-V-Slot-20x20mm-Silver-2.png\" \/>\n\t<meta property=\"og:image:width\" content=\"1080\" \/>\n\t<meta property=\"og:image:height\" content=\"720\" \/>\n\t<meta property=\"og:image:type\" content=\"image\/png\" \/>\n<meta name=\"twitter:card\" content=\"summary_large_image\" \/>\n<meta name=\"twitter:label1\" content=\"Tiempo de lectura\" \/>\n\t<meta name=\"twitter:data1\" content=\"1 minuto\" \/>\n<script type=\"application\/ld+json\" class=\"yoast-schema-graph\">{\"@context\":\"https:\/\/schema.org\",\"@graph\":[{\"@type\":\"WebPage\",\"@id\":\"https:\/\/bitfab.parts\/es\/producto\/perfil-20x20-v-slot\/\",\"url\":\"https:\/\/bitfab.parts\/es\/producto\/perfil-20x20-v-slot\/\",\"name\":\"Perfil de aluminio 20x20 V-Slot - Bitfab Parts\",\"isPartOf\":{\"@id\":\"https:\/\/bitfab.parts\/es\/#website\"},\"primaryImageOfPage\":{\"@id\":\"https:\/\/bitfab.parts\/es\/producto\/perfil-20x20-v-slot\/#primaryimage\"},\"image\":{\"@id\":\"https:\/\/bitfab.parts\/es\/producto\/perfil-20x20-v-slot\/#primaryimage\"},\"thumbnailUrl\":\"https:\/\/bitfab.parts\/wp-content\/uploads\/2023\/11\/2020V-B-Aluminum-profile-V-Slot-20x20mm-Silver-2.png\",\"datePublished\":\"2023-11-05T20:30:29+00:00\",\"dateModified\":\"2024-09-23T15:36:35+00:00\",\"breadcrumb\":{\"@id\":\"https:\/\/bitfab.parts\/es\/producto\/perfil-20x20-v-slot\/#breadcrumb\"},\"inLanguage\":\"es\",\"potentialAction\":[{\"@type\":\"ReadAction\",\"target\":[\"https:\/\/bitfab.parts\/es\/producto\/perfil-20x20-v-slot\/\"]}]},{\"@type\":\"ImageObject\",\"inLanguage\":\"es\",\"@id\":\"https:\/\/bitfab.parts\/es\/producto\/perfil-20x20-v-slot\/#primaryimage\",\"url\":\"https:\/\/bitfab.parts\/wp-content\/uploads\/2023\/11\/2020V-B-Aluminum-profile-V-Slot-20x20mm-Silver-2.png\",\"contentUrl\":\"https:\/\/bitfab.parts\/wp-content\/uploads\/2023\/11\/2020V-B-Aluminum-profile-V-Slot-20x20mm-Silver-2.png\",\"width\":1080,\"height\":720},{\"@type\":\"BreadcrumbList\",\"@id\":\"https:\/\/bitfab.parts\/es\/producto\/perfil-20x20-v-slot\/#breadcrumb\",\"itemListElement\":[{\"@type\":\"ListItem\",\"position\":1,\"name\":\"Home\",\"item\":\"https:\/\/bitfab.parts\/es\/\"},{\"@type\":\"ListItem\",\"position\":2,\"name\":\"Tienda\",\"item\":\"https:\/\/bitfab.parts\/es\/tienda\/\"},{\"@type\":\"ListItem\",\"position\":3,\"name\":\"Perfil de aluminio 20&#215;20 V-Slot\"}]},{\"@type\":\"WebSite\",\"@id\":\"https:\/\/bitfab.parts\/es\/#website\",\"url\":\"https:\/\/bitfab.parts\/es\/\",\"name\":\"Bitfab Parts\",\"description\":\"Perfil de aluminio cortado a medida\",\"publisher\":{\"@id\":\"https:\/\/bitfab.parts\/es\/#organization\"},\"potentialAction\":[{\"@type\":\"SearchAction\",\"target\":{\"@type\":\"EntryPoint\",\"urlTemplate\":\"https:\/\/bitfab.parts\/es\/?s={search_term_string}\"},\"query-input\":{\"@type\":\"PropertyValueSpecification\",\"valueRequired\":true,\"valueName\":\"search_term_string\"}}],\"inLanguage\":\"es\"},{\"@type\":\"Organization\",\"@id\":\"https:\/\/bitfab.parts\/es\/#organization\",\"name\":\"Bitfab Parts\",\"url\":\"https:\/\/bitfab.parts\/es\/\",\"logo\":{\"@type\":\"ImageObject\",\"inLanguage\":\"es\",\"@id\":\"https:\/\/bitfab.parts\/es\/#\/schema\/logo\/image\/\",\"url\":\"https:\/\/bitfab.parts\/wp-content\/uploads\/2023\/11\/cropped-rectangle_1000x500_without_background.png\",\"contentUrl\":\"https:\/\/bitfab.parts\/wp-content\/uploads\/2023\/11\/cropped-rectangle_1000x500_without_background.png\",\"width\":1000,\"height\":369,\"caption\":\"Bitfab Parts\"},\"image\":{\"@id\":\"https:\/\/bitfab.parts\/es\/#\/schema\/logo\/image\/\"}}]}<\/script>\n<!-- \/ Yoast SEO plugin. -->","yoast_head_json":{"title":"Perfil de aluminio 20x20 V-Slot - Bitfab Parts","robots":{"index":"index","follow":"follow","max-snippet":"max-snippet:-1","max-image-preview":"max-image-preview:large","max-video-preview":"max-video-preview:-1"},"canonical":"https:\/\/bitfab.parts\/es\/producto\/perfil-20x20-v-slot\/","og_locale":"es_ES","og_type":"article","og_title":"Perfil de aluminio 20x20 V-Slot - Bitfab Parts","og_description":"Perfil de aluminio VSlot 20x20 mm Ranura de 6 mm N\u00facleo para rosca M5 Acabado de aluminio anodizado","og_url":"https:\/\/bitfab.parts\/es\/producto\/perfil-20x20-v-slot\/","og_site_name":"Bitfab Parts","article_modified_time":"2024-09-23T15:36:35+00:00","og_image":[{"width":1080,"height":720,"url":"https:\/\/bitfab.parts\/wp-content\/uploads\/2023\/11\/2020V-B-Aluminum-profile-V-Slot-20x20mm-Silver-2.png","type":"image\/png"}],"twitter_card":"summary_large_image","twitter_misc":{"Tiempo de lectura":"1 minuto"},"schema":{"@context":"https:\/\/schema.org","@graph":[{"@type":"WebPage","@id":"https:\/\/bitfab.parts\/es\/producto\/perfil-20x20-v-slot\/","url":"https:\/\/bitfab.parts\/es\/producto\/perfil-20x20-v-slot\/","name":"Perfil de aluminio 20x20 V-Slot - Bitfab Parts","isPartOf":{"@id":"https:\/\/bitfab.parts\/es\/#website"},"primaryImageOfPage":{"@id":"https:\/\/bitfab.parts\/es\/producto\/perfil-20x20-v-slot\/#primaryimage"},"image":{"@id":"https:\/\/bitfab.parts\/es\/producto\/perfil-20x20-v-slot\/#primaryimage"},"thumbnailUrl":"https:\/\/bitfab.parts\/wp-content\/uploads\/2023\/11\/2020V-B-Aluminum-profile-V-Slot-20x20mm-Silver-2.png","datePublished":"2023-11-05T20:30:29+00:00","dateModified":"2024-09-23T15:36:35+00:00","breadcrumb":{"@id":"https:\/\/bitfab.parts\/es\/producto\/perfil-20x20-v-slot\/#breadcrumb"},"inLanguage":"es","potentialAction":[{"@type":"ReadAction","target":["https:\/\/bitfab.parts\/es\/producto\/perfil-20x20-v-slot\/"]}]},{"@type":"ImageObject","inLanguage":"es","@id":"https:\/\/bitfab.parts\/es\/producto\/perfil-20x20-v-slot\/#primaryimage","url":"https:\/\/bitfab.parts\/wp-content\/uploads\/2023\/11\/2020V-B-Aluminum-profile-V-Slot-20x20mm-Silver-2.png","contentUrl":"https:\/\/bitfab.parts\/wp-content\/uploads\/2023\/11\/2020V-B-Aluminum-profile-V-Slot-20x20mm-Silver-2.png","width":1080,"height":720},{"@type":"BreadcrumbList","@id":"https:\/\/bitfab.parts\/es\/producto\/perfil-20x20-v-slot\/#breadcrumb","itemListElement":[{"@type":"ListItem","position":1,"name":"Home","item":"https:\/\/bitfab.parts\/es\/"},{"@type":"ListItem","position":2,"name":"Tienda","item":"https:\/\/bitfab.parts\/es\/tienda\/"},{"@type":"ListItem","position":3,"name":"Perfil de aluminio 20&#215;20 V-Slot"}]},{"@type":"WebSite","@id":"https:\/\/bitfab.parts\/es\/#website","url":"https:\/\/bitfab.parts\/es\/","name":"Bitfab Parts","description":"Perfil de aluminio cortado a medida","publisher":{"@id":"https:\/\/bitfab.parts\/es\/#organization"},"potentialAction":[{"@type":"SearchAction","target":{"@type":"EntryPoint","urlTemplate":"https:\/\/bitfab.parts\/es\/?s={search_term_string}"},"query-input":{"@type":"PropertyValueSpecification","valueRequired":true,"valueName":"search_term_string"}}],"inLanguage":"es"},{"@type":"Organization","@id":"https:\/\/bitfab.parts\/es\/#organization","name":"Bitfab Parts","url":"https:\/\/bitfab.parts\/es\/","logo":{"@type":"ImageObject","inLanguage":"es","@id":"https:\/\/bitfab.parts\/es\/#\/schema\/logo\/image\/","url":"https:\/\/bitfab.parts\/wp-content\/uploads\/2023\/11\/cropped-rectangle_1000x500_without_background.png","contentUrl":"https:\/\/bitfab.parts\/wp-content\/uploads\/2023\/11\/cropped-rectangle_1000x500_without_background.png","width":1000,"height":369,"caption":"Bitfab Parts"},"image":{"@id":"https:\/\/bitfab.parts\/es\/#\/schema\/logo\/image\/"}}]}},"_links":{"self":[{"href":"https:\/\/bitfab.parts\/es\/wp-json\/wp\/v2\/product\/389700","targetHints":{"allow":["GET"]}}],"collection":[{"href":"https:\/\/bitfab.parts\/es\/wp-json\/wp\/v2\/product"}],"about":[{"href":"https:\/\/bitfab.parts\/es\/wp-json\/wp\/v2\/types\/product"}],"wp:featuredmedia":[{"embeddable":true,"href":"https:\/\/bitfab.parts\/es\/wp-json\/wp\/v2\/media\/391901"}],"wp:attachment":[{"href":"https:\/\/bitfab.parts\/es\/wp-json\/wp\/v2\/media?parent=389700"}],"wp:term":[{"taxonomy":"product_brand","embeddable":true,"href":"https:\/\/bitfab.parts\/es\/wp-json\/wp\/v2\/product_brand?post=389700"},{"taxonomy":"product_cat","embeddable":true,"href":"https:\/\/bitfab.parts\/es\/wp-json\/wp\/v2\/product_cat?post=389700"},{"taxonomy":"product_tag","embeddable":true,"href":"https:\/\/bitfab.parts\/es\/wp-json\/wp\/v2\/product_tag?post=389700"}],"curies":[{"name":"wp","href":"https:\/\/api.w.org\/{rel}","templated":true}]}}