{"id":389805,"date":"2023-11-23T19:30:12","date_gmt":"2023-11-23T18:30:12","guid":{"rendered":"https:\/\/bitfab.parts\/?post_type=product&#038;p=389805"},"modified":"2024-10-19T20:32:56","modified_gmt":"2024-10-19T19:32:56","slug":"perfil-30x60-tipo-b","status":"publish","type":"product","link":"https:\/\/bitfab.parts\/es\/producto\/perfil-30x60-tipo-b\/","title":{"rendered":"Perfil de aluminio 30&#215;60 Tipo B"},"content":{"rendered":"\n<p>Nuestra extrusi\u00f3n de aluminio de la serie de 30mm es un perfil vers\u00e1til de tama\u00f1o medio, perfecto para construir bastidores de maquinaria, bancos de trabajo y estructuras.<\/p>\n\n<ul class=\"wp-block-list\">\n<li><strong>Dimensiones:<\/strong> 30x60mm<\/li>\n\n\n\n<li><strong>Tipo de perfil:<\/strong> Tipo B, tipo ranura en T<\/li>\n\n\n\n<li><strong>Serie de perfil (tama\u00f1o):<\/strong> 30mm<\/li>\n\n\n\n<li><strong>Anchura de la ranura:<\/strong> 8mm<\/li>\n\n\n\n<li><strong>N\u00facleo:<\/strong> Preparado para roscar M8 (el perfil se suministra sin roscar)<\/li>\n\n\n\n<li><strong>Material:<\/strong> Aluminio (aleaci\u00f3n 6060-T5)<\/li>\n\n\n\n<li><strong>Acabado:<\/strong> Aluminio anodizado, plateado<\/li>\n\n\n\n<li><strong>Tipo de ranura:<\/strong> Est\u00e1ndar (abierta)<\/li>\n\n\n\n<li><strong>N\u00famero de ranuras abiertas:<\/strong> 6<\/li>\n<\/ul>\n\n<h2 class=\"wp-block-heading\">Referencia r\u00e1pida para la serie B de 30mm<\/h2>\n\n<div class=\"wp-block-columns is-layout-flex wp-container-core-columns-is-layout-9d6595d7 wp-block-columns-is-layout-flex\">\n<div class=\"wp-block-column is-layout-flow wp-block-column-is-layout-flow\"><div class=\"wp-block-image\">\n<figure class=\"aligncenter size-full is-resized\"><img loading=\"lazy\" decoding=\"async\" width=\"359\" height=\"432\" src=\"https:\/\/bitfab.parts\/wp-content\/uploads\/2023\/11\/3030-series-drawing-1.png\" alt=\"\" class=\"wp-image-390758\" style=\"width:auto;height:250px\" srcset=\"https:\/\/bitfab.parts\/wp-content\/uploads\/2023\/11\/3030-series-drawing-1.png 359w, https:\/\/bitfab.parts\/wp-content\/uploads\/2023\/11\/3030-series-drawing-1-249x300.png 249w\" sizes=\"auto, (max-width: 359px) 100vw, 359px\" \/><\/figure>\n<\/div>\n\n\n<h3 class=\"wp-block-heading\">Serie de 30mm<\/h3>\n\n\n\n<p>Este perfil pertenece a la serie de 30mm, disponible en tama\u00f1os como 30x30mm, 30x60mm, etc.<\/p>\n<\/div>\n\n\n\n<div class=\"wp-block-column is-layout-flow wp-block-column-is-layout-flow\"><div class=\"wp-block-image\">\n<figure class=\"aligncenter size-full is-resized\"><img loading=\"lazy\" decoding=\"async\" width=\"359\" height=\"432\" src=\"https:\/\/bitfab.parts\/wp-content\/uploads\/2023\/11\/3030-8-slot-drawing.png\" alt=\"\" class=\"wp-image-390754\" style=\"width:auto;height:250px\" srcset=\"https:\/\/bitfab.parts\/wp-content\/uploads\/2023\/11\/3030-8-slot-drawing.png 359w, https:\/\/bitfab.parts\/wp-content\/uploads\/2023\/11\/3030-8-slot-drawing-249x300.png 249w\" sizes=\"auto, (max-width: 359px) 100vw, 359px\" \/><\/figure>\n<\/div>\n\n\n<h3 class=\"wp-block-heading\">Ranura de 8mm<\/h3>\n\n\n\n<p>Este perfil tiene un tama\u00f1o de ranura de 8mm, por lo que es compatible con nuestros accesorios de ranura de 8mm<\/p>\n<\/div>\n\n\n\n<div class=\"wp-block-column is-layout-flow wp-block-column-is-layout-flow\"><div class=\"wp-block-image\">\n<figure class=\"aligncenter size-full is-resized\"><img loading=\"lazy\" decoding=\"async\" width=\"359\" height=\"432\" src=\"https:\/\/bitfab.parts\/wp-content\/uploads\/2023\/11\/3030-m8-tap-drawing.png\" alt=\"\" class=\"wp-image-390756\" style=\"width:auto;height:250px\" srcset=\"https:\/\/bitfab.parts\/wp-content\/uploads\/2023\/11\/3030-m8-tap-drawing.png 359w, https:\/\/bitfab.parts\/wp-content\/uploads\/2023\/11\/3030-m8-tap-drawing-249x300.png 249w\" sizes=\"auto, (max-width: 359px) 100vw, 359px\" \/><\/figure>\n<\/div>\n\n\n<h3 class=\"wp-block-heading\">Rosca M8<\/h3>\n\n\n\n<p>El n\u00facleo del perfil est\u00e1 dise\u00f1ado para roscarse con un macho M8.<\/p>\n\n\n\n<p>Ten en cuenta que el perfil se suministra sin roscar, por lo que tendr\u00e1s que roscarlo t\u00fa mismo con un macho de roscar.<\/p>\n<\/div>\n<\/div>\n\n<h2 class=\"wp-block-heading\">Plano t\u00e9cnico<\/h2>\n\n<p>Puedes hacer clic en el plano para abrir el archivo PDF.<\/p>\n\n<figure class=\"wp-block-image size-large\"><a href=\"https:\/\/bitfab.parts\/wp-content\/uploads\/2023\/11\/3060B-30x60mm-Type-B-Profile-Drawing-v6.pdf\" target=\"_blank\" rel=\"noreferrer noopener\"><img loading=\"lazy\" decoding=\"async\" width=\"1024\" height=\"713\" src=\"https:\/\/bitfab.parts\/wp-content\/uploads\/2023\/11\/3060B-technical-drawing-preview-1-1024x713.png\" alt=\"\" class=\"wp-image-390780\" srcset=\"https:\/\/bitfab.parts\/wp-content\/uploads\/2023\/11\/3060B-technical-drawing-preview-1-1024x713.png 1024w, https:\/\/bitfab.parts\/wp-content\/uploads\/2023\/11\/3060B-technical-drawing-preview-1-300x209.png 300w, https:\/\/bitfab.parts\/wp-content\/uploads\/2023\/11\/3060B-technical-drawing-preview-1-768x535.png 768w, https:\/\/bitfab.parts\/wp-content\/uploads\/2023\/11\/3060B-technical-drawing-preview-1-500x348.png 500w, https:\/\/bitfab.parts\/wp-content\/uploads\/2023\/11\/3060B-technical-drawing-preview-1.png 1081w\" sizes=\"auto, (max-width: 1024px) 100vw, 1024px\" \/><\/a><\/figure>\n\n<h2 class=\"wp-block-heading\">Especificaciones t\u00e9cnicas<\/h2>\n\n<ul class=\"wp-block-list\">\n<li><strong>Masa:<\/strong> 1,52 kg\/m<\/li>\n\n\n\n<li><strong>M\u00f3dulo de elasticidad:<\/strong> 6,95 x 10 <sup>10<\/sup> Pa (69,5 GPa)<\/li>\n\n\n\n<li><strong>\u00c1rea de la secci\u00f3n:<\/strong> 3,193 x 10<sup>-4<\/sup>m<sup>2<\/sup> (319,2mm<sup>2<\/sup>)<\/li>\n\n\n\n<li><strong>Momento de inercia Ix:<\/strong> 5,331 x 10<sup>-8<\/sup>m<sup>4<\/sup><\/li>\n\n\n\n<li><strong>Momento de inercia Iy:<\/strong> 1,991 x 10<sup>-7<\/sup>m<sup>4<\/sup><\/li>\n\n\n\n<li><strong>M\u00f3dulo de secci\u00f3n el\u00e1stica Wx:<\/strong> 3,553 x 10<sup>-6<\/sup>m<sup>3<\/sup><\/li>\n\n\n\n<li><strong>M\u00f3dulo de secci\u00f3n el\u00e1stica Wy:<\/strong> 6,637 x 10<sup>-6<\/sup>m<sup>3<\/sup><\/li>\n<\/ul>\n\n<h2 class=\"wp-block-heading\">Modelos 3D<\/h2>\n\n<div class=\"wp-block-columns is-layout-flex wp-container-core-columns-is-layout-9d6595d7 wp-block-columns-is-layout-flex\">\n<div class=\"wp-block-column is-layout-flow wp-block-column-is-layout-flow\">\t\t\t<div class='wp-block-tdvb-td-viewer  align' id='tdvb3DViewerBlock-ec10ad76-e' data-attributes='{&quot;cId&quot;:&quot;ec10ad76-e&quot;,&quot;model&quot;:{&quot;id&quot;:390791,&quot;url&quot;:&quot;https:\\\/\\\/bitfab.parts\\\/wp-content\\\/uploads\\\/2023\\\/11\\\/3060B-30x60mm-Type-B-Profile-v6.glb&quot;,&quot;alt&quot;:&quot;&quot;,&quot;title&quot;:&quot;3060B 30x60mm Type-B Profile v6&quot;},&quot;align&quot;:&quot;&quot;,&quot;alignment&quot;:&quot;center&quot;,&quot;sourceType&quot;:&quot;upload&quot;,&quot;modelLink&quot;:&quot;&quot;,&quot;width&quot;:&quot;100%&quot;,&quot;height&quot;:&quot;350px&quot;,&quot;isTouchMove&quot;:true,&quot;isZoom&quot;:true,&quot;loadingType&quot;:&quot;auto&quot;,&quot;gbBlockCondition&quot;:&quot;&quot;,&quot;gbBlockConditionInvert&quot;:false}'><\/div>\r\n\t\r\n\t\t\t<\/div>\n\n\n\n<div class=\"wp-block-column is-layout-flow wp-block-column-is-layout-flow\">\n<div class=\"wp-block-file\"><a id=\"wp-block-file--media-b13bdc8a-66a6-4dbe-b817-b1f45595dc88\" href=\"https:\/\/bitfab.parts\/wp-content\/uploads\/2023\/11\/3060B-30x60mm-Type-B-Profile-v6.stl\">3060B 30x60mm Type-B Profile v6.2tl<\/a><a href=\"https:\/\/bitfab.parts\/wp-content\/uploads\/2023\/11\/3060B-30x60mm-Type-B-Profile-v6.stl\" class=\"wp-block-file__button wp-element-button\" download=\"\" aria-describedby=\"wp-block-file--media-b13bdc8a-66a6-4dbe-b817-b1f45595dc88\">Descargar<\/a><\/div>\n\n\n\n<div class=\"wp-block-file\"><a id=\"wp-block-file--media-ae9294ba-b5c7-4a72-a7f6-b497181670fb\" href=\"https:\/\/bitfab.parts\/wp-content\/uploads\/2023\/11\/3060B-30x60mm-Type-B-Profile-v6.step\">3060B 30x60mm Type-B Profile v6.step<\/a><a href=\"https:\/\/bitfab.parts\/wp-content\/uploads\/2023\/11\/3060B-30x60mm-Type-B-Profile-v6.step\" class=\"wp-block-file__button wp-element-button\" download=\"\" aria-describedby=\"wp-block-file--media-ae9294ba-b5c7-4a72-a7f6-b497181670fb\">Descargar<\/a><\/div>\n\n\n\n<div class=\"wp-block-file\"><a id=\"wp-block-file--media-511c58ab-c1c1-4ca2-928c-e8cb60642a85\" href=\"https:\/\/bitfab.parts\/wp-content\/uploads\/2023\/11\/3060B-30x60mm-Type-B-Profile-v6.f3z\">3060B 30x60mm Type-B Profile v6.f3z<\/a><a href=\"https:\/\/bitfab.parts\/wp-content\/uploads\/2023\/11\/3060B-30x60mm-Type-B-Profile-v6.f3z\" class=\"wp-block-file__button wp-element-button\" download=\"\" aria-describedby=\"wp-block-file--media-511c58ab-c1c1-4ca2-928c-e8cb60642a85\">Descargar<\/a><\/div>\n<\/div>\n<\/div>\n","protected":false},"excerpt":{"rendered":"<p>Perfil de aluminio tipo B 30x60mm<br \/>\nRanura de 8mm<br \/>\nN\u00facleo de rosca M8<br \/>\nAcabado en aluminio anodizado<\/p>\n","protected":false},"featured_media":389807,"template":"","meta":[],"product_brand":[],"product_cat":[52],"product_tag":[],"class_list":{"0":"post-389805","1":"product","2":"type-product","3":"status-publish","4":"has-post-thumbnail","6":"product_cat-perfil-de-aluminio","7":"sales-flash-overlay","8":"woocommerce-text-align-center","9":"woocommerce-image-align-center","10":"do-quantity-buttons","12":"first","13":"instock","14":"taxable","15":"shipping-taxable","16":"purchasable","17":"product-type-simple"},"yoast_head":"<!-- This site is optimized with the Yoast SEO plugin v27.2 - https:\/\/yoast.com\/product\/yoast-seo-wordpress\/ -->\n<title>Perfil de aluminio 30x60 Tipo B - Bitfab Parts<\/title>\n<meta name=\"robots\" content=\"index, follow, max-snippet:-1, max-image-preview:large, max-video-preview:-1\" \/>\n<link rel=\"canonical\" href=\"https:\/\/bitfab.parts\/es\/producto\/perfil-30x60-tipo-b\/\" \/>\n<meta property=\"og:locale\" content=\"es_ES\" \/>\n<meta property=\"og:type\" content=\"article\" \/>\n<meta property=\"og:title\" content=\"Perfil de aluminio 30x60 Tipo B - Bitfab Parts\" \/>\n<meta property=\"og:description\" content=\"Perfil de aluminio tipo B 30x60mm Ranura de 8mm N\u00facleo de rosca M8 Acabado en aluminio anodizado\" \/>\n<meta property=\"og:url\" content=\"https:\/\/bitfab.parts\/es\/producto\/perfil-30x60-tipo-b\/\" \/>\n<meta property=\"og:site_name\" content=\"Bitfab Parts\" \/>\n<meta property=\"article:modified_time\" content=\"2024-10-19T19:32:56+00:00\" \/>\n<meta property=\"og:image\" content=\"https:\/\/bitfab.parts\/wp-content\/uploads\/2023\/11\/3060-B-profile.png\" \/>\n\t<meta property=\"og:image:width\" content=\"625\" \/>\n\t<meta property=\"og:image:height\" content=\"505\" \/>\n\t<meta property=\"og:image:type\" content=\"image\/png\" \/>\n<meta name=\"twitter:card\" content=\"summary_large_image\" \/>\n<meta name=\"twitter:label1\" content=\"Tiempo de lectura\" \/>\n\t<meta name=\"twitter:data1\" content=\"1 minuto\" \/>\n<script type=\"application\/ld+json\" class=\"yoast-schema-graph\">{\"@context\":\"https:\/\/schema.org\",\"@graph\":[{\"@type\":\"WebPage\",\"@id\":\"https:\/\/bitfab.parts\/es\/producto\/perfil-30x60-tipo-b\/\",\"url\":\"https:\/\/bitfab.parts\/es\/producto\/perfil-30x60-tipo-b\/\",\"name\":\"Perfil de aluminio 30x60 Tipo B - Bitfab Parts\",\"isPartOf\":{\"@id\":\"https:\/\/bitfab.parts\/es\/#website\"},\"primaryImageOfPage\":{\"@id\":\"https:\/\/bitfab.parts\/es\/producto\/perfil-30x60-tipo-b\/#primaryimage\"},\"image\":{\"@id\":\"https:\/\/bitfab.parts\/es\/producto\/perfil-30x60-tipo-b\/#primaryimage\"},\"thumbnailUrl\":\"https:\/\/bitfab.parts\/wp-content\/uploads\/2023\/11\/3060-B-profile.png\",\"datePublished\":\"2023-11-23T18:30:12+00:00\",\"dateModified\":\"2024-10-19T19:32:56+00:00\",\"breadcrumb\":{\"@id\":\"https:\/\/bitfab.parts\/es\/producto\/perfil-30x60-tipo-b\/#breadcrumb\"},\"inLanguage\":\"es\",\"potentialAction\":[{\"@type\":\"ReadAction\",\"target\":[\"https:\/\/bitfab.parts\/es\/producto\/perfil-30x60-tipo-b\/\"]}]},{\"@type\":\"ImageObject\",\"inLanguage\":\"es\",\"@id\":\"https:\/\/bitfab.parts\/es\/producto\/perfil-30x60-tipo-b\/#primaryimage\",\"url\":\"https:\/\/bitfab.parts\/wp-content\/uploads\/2023\/11\/3060-B-profile.png\",\"contentUrl\":\"https:\/\/bitfab.parts\/wp-content\/uploads\/2023\/11\/3060-B-profile.png\",\"width\":625,\"height\":505},{\"@type\":\"BreadcrumbList\",\"@id\":\"https:\/\/bitfab.parts\/es\/producto\/perfil-30x60-tipo-b\/#breadcrumb\",\"itemListElement\":[{\"@type\":\"ListItem\",\"position\":1,\"name\":\"Home\",\"item\":\"https:\/\/bitfab.parts\/es\/\"},{\"@type\":\"ListItem\",\"position\":2,\"name\":\"Tienda\",\"item\":\"https:\/\/bitfab.parts\/es\/tienda\/\"},{\"@type\":\"ListItem\",\"position\":3,\"name\":\"Perfil de aluminio 30&#215;60 Tipo B\"}]},{\"@type\":\"WebSite\",\"@id\":\"https:\/\/bitfab.parts\/es\/#website\",\"url\":\"https:\/\/bitfab.parts\/es\/\",\"name\":\"Bitfab Parts\",\"description\":\"Perfil de aluminio cortado a medida\",\"publisher\":{\"@id\":\"https:\/\/bitfab.parts\/es\/#organization\"},\"potentialAction\":[{\"@type\":\"SearchAction\",\"target\":{\"@type\":\"EntryPoint\",\"urlTemplate\":\"https:\/\/bitfab.parts\/es\/?s={search_term_string}\"},\"query-input\":{\"@type\":\"PropertyValueSpecification\",\"valueRequired\":true,\"valueName\":\"search_term_string\"}}],\"inLanguage\":\"es\"},{\"@type\":\"Organization\",\"@id\":\"https:\/\/bitfab.parts\/es\/#organization\",\"name\":\"Bitfab Parts\",\"url\":\"https:\/\/bitfab.parts\/es\/\",\"logo\":{\"@type\":\"ImageObject\",\"inLanguage\":\"es\",\"@id\":\"https:\/\/bitfab.parts\/es\/#\/schema\/logo\/image\/\",\"url\":\"https:\/\/bitfab.parts\/wp-content\/uploads\/2023\/11\/cropped-rectangle_1000x500_without_background.png\",\"contentUrl\":\"https:\/\/bitfab.parts\/wp-content\/uploads\/2023\/11\/cropped-rectangle_1000x500_without_background.png\",\"width\":1000,\"height\":369,\"caption\":\"Bitfab Parts\"},\"image\":{\"@id\":\"https:\/\/bitfab.parts\/es\/#\/schema\/logo\/image\/\"}}]}<\/script>\n<!-- \/ Yoast SEO plugin. -->","yoast_head_json":{"title":"Perfil de aluminio 30x60 Tipo B - Bitfab Parts","robots":{"index":"index","follow":"follow","max-snippet":"max-snippet:-1","max-image-preview":"max-image-preview:large","max-video-preview":"max-video-preview:-1"},"canonical":"https:\/\/bitfab.parts\/es\/producto\/perfil-30x60-tipo-b\/","og_locale":"es_ES","og_type":"article","og_title":"Perfil de aluminio 30x60 Tipo B - Bitfab Parts","og_description":"Perfil de aluminio tipo B 30x60mm Ranura de 8mm N\u00facleo de rosca M8 Acabado en aluminio anodizado","og_url":"https:\/\/bitfab.parts\/es\/producto\/perfil-30x60-tipo-b\/","og_site_name":"Bitfab Parts","article_modified_time":"2024-10-19T19:32:56+00:00","og_image":[{"width":625,"height":505,"url":"https:\/\/bitfab.parts\/wp-content\/uploads\/2023\/11\/3060-B-profile.png","type":"image\/png"}],"twitter_card":"summary_large_image","twitter_misc":{"Tiempo de lectura":"1 minuto"},"schema":{"@context":"https:\/\/schema.org","@graph":[{"@type":"WebPage","@id":"https:\/\/bitfab.parts\/es\/producto\/perfil-30x60-tipo-b\/","url":"https:\/\/bitfab.parts\/es\/producto\/perfil-30x60-tipo-b\/","name":"Perfil de aluminio 30x60 Tipo B - Bitfab Parts","isPartOf":{"@id":"https:\/\/bitfab.parts\/es\/#website"},"primaryImageOfPage":{"@id":"https:\/\/bitfab.parts\/es\/producto\/perfil-30x60-tipo-b\/#primaryimage"},"image":{"@id":"https:\/\/bitfab.parts\/es\/producto\/perfil-30x60-tipo-b\/#primaryimage"},"thumbnailUrl":"https:\/\/bitfab.parts\/wp-content\/uploads\/2023\/11\/3060-B-profile.png","datePublished":"2023-11-23T18:30:12+00:00","dateModified":"2024-10-19T19:32:56+00:00","breadcrumb":{"@id":"https:\/\/bitfab.parts\/es\/producto\/perfil-30x60-tipo-b\/#breadcrumb"},"inLanguage":"es","potentialAction":[{"@type":"ReadAction","target":["https:\/\/bitfab.parts\/es\/producto\/perfil-30x60-tipo-b\/"]}]},{"@type":"ImageObject","inLanguage":"es","@id":"https:\/\/bitfab.parts\/es\/producto\/perfil-30x60-tipo-b\/#primaryimage","url":"https:\/\/bitfab.parts\/wp-content\/uploads\/2023\/11\/3060-B-profile.png","contentUrl":"https:\/\/bitfab.parts\/wp-content\/uploads\/2023\/11\/3060-B-profile.png","width":625,"height":505},{"@type":"BreadcrumbList","@id":"https:\/\/bitfab.parts\/es\/producto\/perfil-30x60-tipo-b\/#breadcrumb","itemListElement":[{"@type":"ListItem","position":1,"name":"Home","item":"https:\/\/bitfab.parts\/es\/"},{"@type":"ListItem","position":2,"name":"Tienda","item":"https:\/\/bitfab.parts\/es\/tienda\/"},{"@type":"ListItem","position":3,"name":"Perfil de aluminio 30&#215;60 Tipo B"}]},{"@type":"WebSite","@id":"https:\/\/bitfab.parts\/es\/#website","url":"https:\/\/bitfab.parts\/es\/","name":"Bitfab Parts","description":"Perfil de aluminio cortado a medida","publisher":{"@id":"https:\/\/bitfab.parts\/es\/#organization"},"potentialAction":[{"@type":"SearchAction","target":{"@type":"EntryPoint","urlTemplate":"https:\/\/bitfab.parts\/es\/?s={search_term_string}"},"query-input":{"@type":"PropertyValueSpecification","valueRequired":true,"valueName":"search_term_string"}}],"inLanguage":"es"},{"@type":"Organization","@id":"https:\/\/bitfab.parts\/es\/#organization","name":"Bitfab Parts","url":"https:\/\/bitfab.parts\/es\/","logo":{"@type":"ImageObject","inLanguage":"es","@id":"https:\/\/bitfab.parts\/es\/#\/schema\/logo\/image\/","url":"https:\/\/bitfab.parts\/wp-content\/uploads\/2023\/11\/cropped-rectangle_1000x500_without_background.png","contentUrl":"https:\/\/bitfab.parts\/wp-content\/uploads\/2023\/11\/cropped-rectangle_1000x500_without_background.png","width":1000,"height":369,"caption":"Bitfab Parts"},"image":{"@id":"https:\/\/bitfab.parts\/es\/#\/schema\/logo\/image\/"}}]}},"_links":{"self":[{"href":"https:\/\/bitfab.parts\/es\/wp-json\/wp\/v2\/product\/389805","targetHints":{"allow":["GET"]}}],"collection":[{"href":"https:\/\/bitfab.parts\/es\/wp-json\/wp\/v2\/product"}],"about":[{"href":"https:\/\/bitfab.parts\/es\/wp-json\/wp\/v2\/types\/product"}],"wp:featuredmedia":[{"embeddable":true,"href":"https:\/\/bitfab.parts\/es\/wp-json\/wp\/v2\/media\/389807"}],"wp:attachment":[{"href":"https:\/\/bitfab.parts\/es\/wp-json\/wp\/v2\/media?parent=389805"}],"wp:term":[{"taxonomy":"product_brand","embeddable":true,"href":"https:\/\/bitfab.parts\/es\/wp-json\/wp\/v2\/product_brand?post=389805"},{"taxonomy":"product_cat","embeddable":true,"href":"https:\/\/bitfab.parts\/es\/wp-json\/wp\/v2\/product_cat?post=389805"},{"taxonomy":"product_tag","embeddable":true,"href":"https:\/\/bitfab.parts\/es\/wp-json\/wp\/v2\/product_tag?post=389805"}],"curies":[{"name":"wp","href":"https:\/\/api.w.org\/{rel}","templated":true}]}}