{"id":389926,"date":"2024-02-01T19:02:26","date_gmt":"2024-02-01T19:02:26","guid":{"rendered":"https:\/\/bitfab.parts\/?post_type=product&#038;p=389926"},"modified":"2024-11-24T22:18:38","modified_gmt":"2024-11-24T21:18:38","slug":"tuerca-martillo-10mm-ranura-m8","status":"publish","type":"product","link":"https:\/\/bitfab.parts\/es\/producto\/tuerca-martillo-10mm-ranura-m8\/","title":{"rendered":"Tuerca martillo para ranura de 10 mm, rosca M8"},"content":{"rendered":"\n<p>Tuerca martillo en T para perfil de ranura de 10 mm (compatible con perfil tipo B de 40 mm u otros perfiles de ranura de 10 mm).<\/p>\n\n<p>Las tuercas martillo son tuercas de f\u00e1cil inserci\u00f3n, se pueden a\u00f1adir en cualquier punto de la ranura sin acceder a los extremos de la ranura (sin desmontar tu estructura ni colocar todas las tuercas de antemano).<\/p>\n\n<p>Una unidad, precio por unidad.<\/p>\n\n<ul class=\"wp-block-list\">\n<li><strong>Tipo de tuerca:<\/strong> Tuerca martillo para ranura en T<\/li>\n\n\n\n<li><strong>Ancho de ranura:<\/strong> ranura de 10 mm<\/li>\n\n\n\n<li><strong>Rosca:<\/strong> M8<\/li>\n\n\n\n<li><strong>Material:<\/strong> Acero<\/li>\n\n\n\n<li><strong>Acabado:<\/strong> Acero galvanizado<\/li>\n<\/ul>\n\n<h2 class=\"wp-block-heading\">Plano t\u00e9cnico<\/h2>\n\n<p>Puedes hacer clic en el plano para abrir el archivo PDF.<\/p>\n<div class=\"wp-block-image\">\n<figure class=\"aligncenter size-full\"><a href=\"https:\/\/bitfab.parts\/wp-content\/uploads\/2024\/02\/slot10-m8-hammer-nut-Drawing-v1.pdf\" target=\"_blank\" rel=\" noreferrer noopener\"><img loading=\"lazy\" decoding=\"async\" width=\"1055\" height=\"749\" src=\"https:\/\/bitfab.parts\/wp-content\/uploads\/2024\/02\/slot10-m8-hammer-nut-technical-drawing.png\" alt=\"\" class=\"wp-image-390943\" srcset=\"https:\/\/bitfab.parts\/wp-content\/uploads\/2024\/02\/slot10-m8-hammer-nut-technical-drawing.png 1055w, https:\/\/bitfab.parts\/wp-content\/uploads\/2024\/02\/slot10-m8-hammer-nut-technical-drawing-300x213.png 300w, https:\/\/bitfab.parts\/wp-content\/uploads\/2024\/02\/slot10-m8-hammer-nut-technical-drawing-1024x727.png 1024w, https:\/\/bitfab.parts\/wp-content\/uploads\/2024\/02\/slot10-m8-hammer-nut-technical-drawing-768x545.png 768w, https:\/\/bitfab.parts\/wp-content\/uploads\/2024\/02\/slot10-m8-hammer-nut-technical-drawing-500x355.png 500w\" sizes=\"auto, (max-width: 1055px) 100vw, 1055px\" \/><\/a><\/figure>\n<\/div>\n<h2 class=\"wp-block-heading\">Especificaciones t\u00e9cnicas<\/h2>\n\n<ul class=\"wp-block-list\">\n<li><strong>Masa:<\/strong> 5,6 gramos<\/li>\n<\/ul>\n\n<h2 class=\"wp-block-heading\">Modelos 3D<\/h2>\n\n<div class=\"wp-block-columns is-layout-flex wp-container-core-columns-is-layout-9d6595d7 wp-block-columns-is-layout-flex\">\n<div class=\"wp-block-column is-layout-flow wp-block-column-is-layout-flow\">\t\t\t<div class='wp-block-tdvb-td-viewer  align' id='tdvb3DViewerBlock-45c70311-8' data-attributes='{&quot;cId&quot;:&quot;45c70311-8&quot;,&quot;model&quot;:{&quot;id&quot;:390941,&quot;url&quot;:&quot;https:\\\/\\\/bitfab.parts\\\/wp-content\\\/uploads\\\/2024\\\/02\\\/slot10-m8-hammer-nut-v2.glb&quot;,&quot;alt&quot;:&quot;&quot;,&quot;title&quot;:&quot;slot10-m8-hammer-nut v2&quot;},&quot;loadingType&quot;:&quot;lazy&quot;,&quot;align&quot;:&quot;&quot;,&quot;alignment&quot;:&quot;center&quot;,&quot;sourceType&quot;:&quot;upload&quot;,&quot;modelLink&quot;:&quot;&quot;,&quot;width&quot;:&quot;100%&quot;,&quot;height&quot;:&quot;350px&quot;,&quot;isTouchMove&quot;:true,&quot;isZoom&quot;:true,&quot;gbBlockCondition&quot;:&quot;&quot;,&quot;gbBlockConditionInvert&quot;:false}'><\/div>\r\n\t\r\n\t\t\t<\/div>\n\n\n\n<div class=\"wp-block-column is-layout-flow wp-block-column-is-layout-flow\">\n<div class=\"wp-block-file\"><a id=\"wp-block-file--media-e5872555-15d2-468e-9774-bdca4bb2925b\" href=\"https:\/\/bitfab.parts\/wp-content\/uploads\/2024\/02\/slot10-m8-hammer-nut-v2.stl\" target=\"_blank\" rel=\"noreferrer noopener\">slot10-m8-hammer-nut v2.stl<\/a><a href=\"https:\/\/bitfab.parts\/wp-content\/uploads\/2024\/02\/slot10-m8-hammer-nut-v2.stl\" class=\"wp-block-file__button wp-element-button\" download=\"\" aria-describedby=\"wp-block-file--media-e5872555-15d2-468e-9774-bdca4bb2925b\">Descargar<\/a><\/div>\n\n\n\n<div class=\"wp-block-file\"><a id=\"wp-block-file--media-0adc1cfc-3e29-4f60-a5dd-9e4e88067310\" href=\"https:\/\/bitfab.parts\/wp-content\/uploads\/2024\/02\/slot10-m8-hammer-nut-v2.step\" target=\"_blank\" rel=\"noreferrer noopener\">slot10-m8-hammer-nut v2.step<\/a><a href=\"https:\/\/bitfab.parts\/wp-content\/uploads\/2024\/02\/slot10-m8-hammer-nut-v2.step\" class=\"wp-block-file__button wp-element-button\" download=\"\" aria-describedby=\"wp-block-file--media-0adc1cfc-3e29-4f60-a5dd-9e4e88067310\">Descargar<\/a><\/div>\n\n\n\n<div class=\"wp-block-file\"><a id=\"wp-block-file--media-a8251869-fd10-4def-ad6d-5fac0a09c02b\" href=\"https:\/\/bitfab.parts\/wp-content\/uploads\/2024\/02\/slot10-m8-hammer-nut-v2.f3d\" target=\"_blank\" rel=\"noreferrer noopener\">slot10-m8-hammer-nut v2.f3d<\/a><a href=\"https:\/\/bitfab.parts\/wp-content\/uploads\/2024\/02\/slot10-m8-hammer-nut-v2.f3d\" class=\"wp-block-file__button wp-element-button\" download=\"\" aria-describedby=\"wp-block-file--media-a8251869-fd10-4def-ad6d-5fac0a09c02b\">Descargar<\/a><\/div>\n<\/div>\n<\/div>\n","protected":false},"excerpt":{"rendered":"<p>Tuerca martillo en T para perfil de ranura de 10 mm (para perfil de 40 mm)<br \/> Rosca M8<br \/> Acero galvanizado<\/p>\n","protected":false},"featured_media":389842,"template":"","meta":[],"product_brand":[],"product_cat":[59],"product_tag":[],"class_list":{"0":"post-389926","1":"product","2":"type-product","3":"status-publish","4":"has-post-thumbnail","6":"product_cat-tornillos-y-tuercas-es","7":"sales-flash-overlay","8":"woocommerce-text-align-center","9":"woocommerce-image-align-center","10":"do-quantity-buttons","12":"first","13":"instock","14":"taxable","15":"shipping-taxable","16":"purchasable","17":"product-type-simple"},"yoast_head":"<!-- This site is optimized with the Yoast SEO plugin v27.2 - https:\/\/yoast.com\/product\/yoast-seo-wordpress\/ -->\n<title>Tuerca martillo para ranura de 10 mm, rosca M8 - Bitfab Parts<\/title>\n<meta name=\"robots\" content=\"index, follow, max-snippet:-1, max-image-preview:large, max-video-preview:-1\" \/>\n<link rel=\"canonical\" href=\"https:\/\/bitfab.parts\/es\/producto\/tuerca-martillo-10mm-ranura-m8\/\" \/>\n<meta property=\"og:locale\" content=\"es_ES\" \/>\n<meta property=\"og:type\" content=\"article\" \/>\n<meta property=\"og:title\" content=\"Tuerca martillo para ranura de 10 mm, rosca M8 - Bitfab Parts\" \/>\n<meta property=\"og:description\" content=\"Tuerca martillo en T para perfil de ranura de 10 mm (para perfil de 40 mm) Rosca M8 Acero galvanizado\" \/>\n<meta property=\"og:url\" content=\"https:\/\/bitfab.parts\/es\/producto\/tuerca-martillo-10mm-ranura-m8\/\" \/>\n<meta property=\"og:site_name\" content=\"Bitfab Parts\" \/>\n<meta property=\"article:modified_time\" content=\"2024-11-24T21:18:38+00:00\" \/>\n<meta property=\"og:image\" content=\"https:\/\/bitfab.parts\/wp-content\/uploads\/2023\/11\/Screenshot-2023-11-23-at-21.52.33.png\" \/>\n\t<meta property=\"og:image:width\" content=\"586\" \/>\n\t<meta property=\"og:image:height\" content=\"425\" \/>\n\t<meta property=\"og:image:type\" content=\"image\/png\" \/>\n<meta name=\"twitter:card\" content=\"summary_large_image\" \/>\n<meta name=\"twitter:label1\" content=\"Tiempo de lectura\" \/>\n\t<meta name=\"twitter:data1\" content=\"1 minuto\" \/>\n<script type=\"application\/ld+json\" class=\"yoast-schema-graph\">{\"@context\":\"https:\/\/schema.org\",\"@graph\":[{\"@type\":\"WebPage\",\"@id\":\"https:\/\/bitfab.parts\/es\/producto\/tuerca-martillo-10mm-ranura-m8\/\",\"url\":\"https:\/\/bitfab.parts\/es\/producto\/tuerca-martillo-10mm-ranura-m8\/\",\"name\":\"Tuerca martillo para ranura de 10 mm, rosca M8 - Bitfab Parts\",\"isPartOf\":{\"@id\":\"https:\/\/bitfab.parts\/es\/#website\"},\"primaryImageOfPage\":{\"@id\":\"https:\/\/bitfab.parts\/es\/producto\/tuerca-martillo-10mm-ranura-m8\/#primaryimage\"},\"image\":{\"@id\":\"https:\/\/bitfab.parts\/es\/producto\/tuerca-martillo-10mm-ranura-m8\/#primaryimage\"},\"thumbnailUrl\":\"https:\/\/bitfab.parts\/wp-content\/uploads\/2023\/11\/Screenshot-2023-11-23-at-21.52.33.png\",\"datePublished\":\"2024-02-01T19:02:26+00:00\",\"dateModified\":\"2024-11-24T21:18:38+00:00\",\"breadcrumb\":{\"@id\":\"https:\/\/bitfab.parts\/es\/producto\/tuerca-martillo-10mm-ranura-m8\/#breadcrumb\"},\"inLanguage\":\"es\",\"potentialAction\":[{\"@type\":\"ReadAction\",\"target\":[\"https:\/\/bitfab.parts\/es\/producto\/tuerca-martillo-10mm-ranura-m8\/\"]}]},{\"@type\":\"ImageObject\",\"inLanguage\":\"es\",\"@id\":\"https:\/\/bitfab.parts\/es\/producto\/tuerca-martillo-10mm-ranura-m8\/#primaryimage\",\"url\":\"https:\/\/bitfab.parts\/wp-content\/uploads\/2023\/11\/Screenshot-2023-11-23-at-21.52.33.png\",\"contentUrl\":\"https:\/\/bitfab.parts\/wp-content\/uploads\/2023\/11\/Screenshot-2023-11-23-at-21.52.33.png\",\"width\":586,\"height\":425},{\"@type\":\"BreadcrumbList\",\"@id\":\"https:\/\/bitfab.parts\/es\/producto\/tuerca-martillo-10mm-ranura-m8\/#breadcrumb\",\"itemListElement\":[{\"@type\":\"ListItem\",\"position\":1,\"name\":\"Home\",\"item\":\"https:\/\/bitfab.parts\/es\/\"},{\"@type\":\"ListItem\",\"position\":2,\"name\":\"Tienda\",\"item\":\"https:\/\/bitfab.parts\/es\/tienda\/\"},{\"@type\":\"ListItem\",\"position\":3,\"name\":\"Tuerca martillo para ranura de 10 mm, rosca M8\"}]},{\"@type\":\"WebSite\",\"@id\":\"https:\/\/bitfab.parts\/es\/#website\",\"url\":\"https:\/\/bitfab.parts\/es\/\",\"name\":\"Bitfab Parts\",\"description\":\"Perfil de aluminio cortado a medida\",\"publisher\":{\"@id\":\"https:\/\/bitfab.parts\/es\/#organization\"},\"potentialAction\":[{\"@type\":\"SearchAction\",\"target\":{\"@type\":\"EntryPoint\",\"urlTemplate\":\"https:\/\/bitfab.parts\/es\/?s={search_term_string}\"},\"query-input\":{\"@type\":\"PropertyValueSpecification\",\"valueRequired\":true,\"valueName\":\"search_term_string\"}}],\"inLanguage\":\"es\"},{\"@type\":\"Organization\",\"@id\":\"https:\/\/bitfab.parts\/es\/#organization\",\"name\":\"Bitfab Parts\",\"url\":\"https:\/\/bitfab.parts\/es\/\",\"logo\":{\"@type\":\"ImageObject\",\"inLanguage\":\"es\",\"@id\":\"https:\/\/bitfab.parts\/es\/#\/schema\/logo\/image\/\",\"url\":\"https:\/\/bitfab.parts\/wp-content\/uploads\/2023\/11\/cropped-rectangle_1000x500_without_background.png\",\"contentUrl\":\"https:\/\/bitfab.parts\/wp-content\/uploads\/2023\/11\/cropped-rectangle_1000x500_without_background.png\",\"width\":1000,\"height\":369,\"caption\":\"Bitfab Parts\"},\"image\":{\"@id\":\"https:\/\/bitfab.parts\/es\/#\/schema\/logo\/image\/\"}}]}<\/script>\n<!-- \/ Yoast SEO plugin. -->","yoast_head_json":{"title":"Tuerca martillo para ranura de 10 mm, rosca M8 - Bitfab Parts","robots":{"index":"index","follow":"follow","max-snippet":"max-snippet:-1","max-image-preview":"max-image-preview:large","max-video-preview":"max-video-preview:-1"},"canonical":"https:\/\/bitfab.parts\/es\/producto\/tuerca-martillo-10mm-ranura-m8\/","og_locale":"es_ES","og_type":"article","og_title":"Tuerca martillo para ranura de 10 mm, rosca M8 - Bitfab Parts","og_description":"Tuerca martillo en T para perfil de ranura de 10 mm (para perfil de 40 mm) Rosca M8 Acero galvanizado","og_url":"https:\/\/bitfab.parts\/es\/producto\/tuerca-martillo-10mm-ranura-m8\/","og_site_name":"Bitfab Parts","article_modified_time":"2024-11-24T21:18:38+00:00","og_image":[{"width":586,"height":425,"url":"https:\/\/bitfab.parts\/wp-content\/uploads\/2023\/11\/Screenshot-2023-11-23-at-21.52.33.png","type":"image\/png"}],"twitter_card":"summary_large_image","twitter_misc":{"Tiempo de lectura":"1 minuto"},"schema":{"@context":"https:\/\/schema.org","@graph":[{"@type":"WebPage","@id":"https:\/\/bitfab.parts\/es\/producto\/tuerca-martillo-10mm-ranura-m8\/","url":"https:\/\/bitfab.parts\/es\/producto\/tuerca-martillo-10mm-ranura-m8\/","name":"Tuerca martillo para ranura de 10 mm, rosca M8 - Bitfab Parts","isPartOf":{"@id":"https:\/\/bitfab.parts\/es\/#website"},"primaryImageOfPage":{"@id":"https:\/\/bitfab.parts\/es\/producto\/tuerca-martillo-10mm-ranura-m8\/#primaryimage"},"image":{"@id":"https:\/\/bitfab.parts\/es\/producto\/tuerca-martillo-10mm-ranura-m8\/#primaryimage"},"thumbnailUrl":"https:\/\/bitfab.parts\/wp-content\/uploads\/2023\/11\/Screenshot-2023-11-23-at-21.52.33.png","datePublished":"2024-02-01T19:02:26+00:00","dateModified":"2024-11-24T21:18:38+00:00","breadcrumb":{"@id":"https:\/\/bitfab.parts\/es\/producto\/tuerca-martillo-10mm-ranura-m8\/#breadcrumb"},"inLanguage":"es","potentialAction":[{"@type":"ReadAction","target":["https:\/\/bitfab.parts\/es\/producto\/tuerca-martillo-10mm-ranura-m8\/"]}]},{"@type":"ImageObject","inLanguage":"es","@id":"https:\/\/bitfab.parts\/es\/producto\/tuerca-martillo-10mm-ranura-m8\/#primaryimage","url":"https:\/\/bitfab.parts\/wp-content\/uploads\/2023\/11\/Screenshot-2023-11-23-at-21.52.33.png","contentUrl":"https:\/\/bitfab.parts\/wp-content\/uploads\/2023\/11\/Screenshot-2023-11-23-at-21.52.33.png","width":586,"height":425},{"@type":"BreadcrumbList","@id":"https:\/\/bitfab.parts\/es\/producto\/tuerca-martillo-10mm-ranura-m8\/#breadcrumb","itemListElement":[{"@type":"ListItem","position":1,"name":"Home","item":"https:\/\/bitfab.parts\/es\/"},{"@type":"ListItem","position":2,"name":"Tienda","item":"https:\/\/bitfab.parts\/es\/tienda\/"},{"@type":"ListItem","position":3,"name":"Tuerca martillo para ranura de 10 mm, rosca M8"}]},{"@type":"WebSite","@id":"https:\/\/bitfab.parts\/es\/#website","url":"https:\/\/bitfab.parts\/es\/","name":"Bitfab Parts","description":"Perfil de aluminio cortado a medida","publisher":{"@id":"https:\/\/bitfab.parts\/es\/#organization"},"potentialAction":[{"@type":"SearchAction","target":{"@type":"EntryPoint","urlTemplate":"https:\/\/bitfab.parts\/es\/?s={search_term_string}"},"query-input":{"@type":"PropertyValueSpecification","valueRequired":true,"valueName":"search_term_string"}}],"inLanguage":"es"},{"@type":"Organization","@id":"https:\/\/bitfab.parts\/es\/#organization","name":"Bitfab Parts","url":"https:\/\/bitfab.parts\/es\/","logo":{"@type":"ImageObject","inLanguage":"es","@id":"https:\/\/bitfab.parts\/es\/#\/schema\/logo\/image\/","url":"https:\/\/bitfab.parts\/wp-content\/uploads\/2023\/11\/cropped-rectangle_1000x500_without_background.png","contentUrl":"https:\/\/bitfab.parts\/wp-content\/uploads\/2023\/11\/cropped-rectangle_1000x500_without_background.png","width":1000,"height":369,"caption":"Bitfab Parts"},"image":{"@id":"https:\/\/bitfab.parts\/es\/#\/schema\/logo\/image\/"}}]}},"_links":{"self":[{"href":"https:\/\/bitfab.parts\/es\/wp-json\/wp\/v2\/product\/389926","targetHints":{"allow":["GET"]}}],"collection":[{"href":"https:\/\/bitfab.parts\/es\/wp-json\/wp\/v2\/product"}],"about":[{"href":"https:\/\/bitfab.parts\/es\/wp-json\/wp\/v2\/types\/product"}],"wp:featuredmedia":[{"embeddable":true,"href":"https:\/\/bitfab.parts\/es\/wp-json\/wp\/v2\/media\/389842"}],"wp:attachment":[{"href":"https:\/\/bitfab.parts\/es\/wp-json\/wp\/v2\/media?parent=389926"}],"wp:term":[{"taxonomy":"product_brand","embeddable":true,"href":"https:\/\/bitfab.parts\/es\/wp-json\/wp\/v2\/product_brand?post=389926"},{"taxonomy":"product_cat","embeddable":true,"href":"https:\/\/bitfab.parts\/es\/wp-json\/wp\/v2\/product_cat?post=389926"},{"taxonomy":"product_tag","embeddable":true,"href":"https:\/\/bitfab.parts\/es\/wp-json\/wp\/v2\/product_tag?post=389926"}],"curies":[{"name":"wp","href":"https:\/\/api.w.org\/{rel}","templated":true}]}}