{"id":391979,"date":"2025-09-03T20:27:38","date_gmt":"2025-09-03T19:27:38","guid":{"rendered":"https:\/\/bitfab.parts\/?post_type=product&#038;p=391979"},"modified":"2025-09-03T20:51:36","modified_gmt":"2025-09-03T19:51:36","slug":"tapa-para-perfil-tipo-b-de-30x30mm","status":"publish","type":"product","link":"https:\/\/bitfab.parts\/es\/producto\/tapa-para-perfil-tipo-b-de-30x30mm\/","title":{"rendered":"Tapa para perfil tipo B de 30x30mm"},"content":{"rendered":"\n<p>Los tapones protegen tus perfiles cubriendo los bordes afilados, dando a tu estructura un aspecto limpio y profesional. Se colocan f\u00e1cilmente a presi\u00f3n sin manos o con un mazo de goma. <\/p>\n\n\n\n<p>Recomendado para utilizar con nuestra serie de perfiles tipo B de 30 mm.<\/p>\n\n\n<div class=\"gb-container gb-container-a05cc930\">\n\n<p>Fabricados a demanda mediante impresi\u00f3n 3D en pl\u00e1stico ABS negro, con un acabado de alta calidad y una base texturizada. Colores personalizados disponibles bajo pedido, ponte en contacto con nosotros para m\u00e1s detalles. <\/p>\n\n<\/div>\n\n\n<p>Una unidad, precio por unidad.<\/p>\n\n\n\n<h2 class=\"wp-block-heading\">Especificaciones t\u00e9cnicas<\/h2>\n\n\n\n<ul class=\"wp-block-list\">\n<li><strong>Perfil compatible:<\/strong> 30x30mm perfil tipo B<\/li>\n\n\n\n<li><strong>Compatible con el tipo de perfil:<\/strong> Tipo B<\/li>\n\n\n\n<li><strong>Serie de perfil (tama\u00f1o):<\/strong> 30mm<\/li>\n\n\n\n<li><strong>Compatible con ancho de ranura:<\/strong> 8 mm<\/li>\n\n\n\n<li><strong>Dimensiones:<\/strong> 30x30x9mm<\/li>\n\n\n\n<li><strong>Material:<\/strong> Pl\u00e1stico ABS<\/li>\n\n\n\n<li><strong>Color:<\/strong> negro (contacta con nosotros si necesitas colores personalizados)<\/li>\n\n\n\n<li><strong>Acabado:<\/strong> impreso en 3D, base texturizada<\/li>\n\n\n\n<li><strong>Masa:<\/strong> 4 gramos<\/li>\n<\/ul>\n\n\n\n<h2 class=\"wp-block-heading\">Modelos 3D<\/h2>\n\n\n\n<div class=\"wp-block-columns is-layout-flex wp-container-core-columns-is-layout-9d6595d7 wp-block-columns-is-layout-flex\">\n<div class=\"wp-block-column is-layout-flow wp-block-column-is-layout-flow\">\t\t\t<div class='wp-block-tdvb-td-viewer  align' id='tdvb3DViewerBlock-d4822eea-a' data-attributes='{&quot;cId&quot;:&quot;d4822eea-a&quot;,&quot;model&quot;:{&quot;id&quot;:391983,&quot;url&quot;:&quot;https:\\\/\\\/bitfab.parts\\\/wp-content\\\/uploads\\\/2025\\\/09\\\/3030B-ECF-30x30mm-Type-B-end-cap-v6.glb&quot;,&quot;alt&quot;:&quot;&quot;,&quot;title&quot;:&quot;3030B-ECF 30x30mm Type-B end cap v6&quot;},&quot;loadingType&quot;:&quot;lazy&quot;,&quot;align&quot;:&quot;&quot;,&quot;alignment&quot;:&quot;center&quot;,&quot;sourceType&quot;:&quot;upload&quot;,&quot;modelLink&quot;:&quot;&quot;,&quot;width&quot;:&quot;100%&quot;,&quot;height&quot;:&quot;350px&quot;,&quot;isTouchMove&quot;:true,&quot;isZoom&quot;:true,&quot;gbBlockCondition&quot;:&quot;&quot;,&quot;gbBlockConditionInvert&quot;:false}'><\/div>\r\n\t\r\n\t\t\t<\/div>\n\n\n\n<div class=\"wp-block-column is-layout-flow wp-block-column-is-layout-flow\">\n<div class=\"wp-block-file\"><a id=\"wp-block-file--media-d3f324b5-9a96-4f95-82bf-8d329ec75e40\" href=\"https:\/\/bitfab.parts\/wp-content\/uploads\/2025\/09\/3030B-ECF-30x30mm-Type-B-end-cap-v6.stl\" target=\"_blank\" rel=\"noreferrer noopener\">3030B-ECF 30x30mm Tapa Tipo-B v6.stl<\/a><a href=\"https:\/\/bitfab.parts\/wp-content\/uploads\/2025\/09\/3030B-ECF-30x30mm-Type-B-end-cap-v6.stl\" class=\"wp-block-file__button wp-element-button\" download aria-describedby=\"wp-block-file--media-d3f324b5-9a96-4f95-82bf-8d329ec75e40\">Descargar<\/a><\/div>\n\n\n\n<div class=\"wp-block-file\"><a id=\"wp-block-file--media-c7699ff8-da0b-492e-bb57-dfe176bb864a\" href=\"https:\/\/bitfab.parts\/wp-content\/uploads\/2025\/09\/3030B-ECF-30x30mm-Type-B-end-cap-v6.step\" target=\"_blank\" rel=\"noreferrer noopener\">3030B-ECF 30x30mm Tapa final Tipo-B v6.step<\/a><a href=\"https:\/\/bitfab.parts\/wp-content\/uploads\/2025\/09\/3030B-ECF-30x30mm-Type-B-end-cap-v6.step\" class=\"wp-block-file__button wp-element-button\" download aria-describedby=\"wp-block-file--media-c7699ff8-da0b-492e-bb57-dfe176bb864a\">Descargar<\/a><\/div>\n\n\n\n<div class=\"wp-block-file\"><a id=\"wp-block-file--media-a4f95683-1e16-4f0d-94ef-faff541741f5\" href=\"https:\/\/bitfab.parts\/wp-content\/uploads\/2025\/09\/3030B-ECF-30x30mm-Type-B-end-cap-v6.f3z\" target=\"_blank\" rel=\"noreferrer noopener\">3030B-ECF 30x30mm Tapa final Tipo-B v6.f3z<\/a><a href=\"https:\/\/bitfab.parts\/wp-content\/uploads\/2025\/09\/3030B-ECF-30x30mm-Type-B-end-cap-v6.f3z\" class=\"wp-block-file__button wp-element-button\" download aria-describedby=\"wp-block-file--media-a4f95683-1e16-4f0d-94ef-faff541741f5\">Descargar<\/a><\/div>\n<\/div>\n<\/div>\n\n\n\n<h2 class=\"wp-block-heading\">Personaliza e imprime en 3D tus propias piezas<\/h2>\n\n\n\n<pre class=\"wp-block-verse\"><strong>S\u00ed, este accesorio es imprimible en 3D y puedes descargarte todos los archivos 3D.<\/strong><\/pre>\n\n\n\n<p>En Bitfab Parts, somos fabricantes como t\u00fa, y creemos en la fabricaci\u00f3n abierta. Por eso ofrecemos no s\u00f3lo los productos acabados, sino tambi\u00e9n los archivos 3D originales, los dibujos t\u00e9cnicos y los archivos fuente editables. Tanto si quieres retocar el dise\u00f1o, cambiar el color o remezclar completamente la pieza, eres libre de adaptarla a tus necesidades e imprimirla en tu propia impresora 3D.  <\/p>\n\n\n\n<p>Tienes pleno control sobre tus construcciones: personaliza, imprime y fabrica tus propios accesorios para ahorrar tiempo, reducir costes e impulsar la innovaci\u00f3n. Este enfoque abierto fomenta la colaboraci\u00f3n, la creatividad y la resoluci\u00f3n pr\u00e1ctica de problemas. Imprime t\u00fa mismo, experimenta libremente y contribuye a un ecosistema creciente de piezas inteligentes y adaptables.  <\/p>\n","protected":false},"excerpt":{"rendered":"<p>Tapa embellecedora para perfiles tipo B de 30x30mm<br \/>\nF\u00e1cil instalaci\u00f3n a presi\u00f3n<br \/>\nPl\u00e1stico ABS negro con base texturizada, colores personalizados disponibles bajo pedido.<\/p>\n","protected":false},"featured_media":392012,"template":"","meta":[],"product_brand":[],"product_cat":[160],"product_tag":[],"class_list":{"0":"post-391979","1":"product","2":"type-product","3":"status-publish","4":"has-post-thumbnail","6":"product_cat-tapas","7":"sales-flash-overlay","8":"woocommerce-text-align-center","9":"woocommerce-image-align-center","10":"do-quantity-buttons","12":"first","13":"instock","14":"taxable","15":"shipping-taxable","16":"purchasable","17":"product-type-simple"},"yoast_head":"<!-- This site is optimized with the Yoast SEO plugin v27.2 - https:\/\/yoast.com\/product\/yoast-seo-wordpress\/ -->\n<title>Tapa para perfil tipo B de 30x30mm - Bitfab Parts<\/title>\n<meta name=\"robots\" content=\"index, follow, max-snippet:-1, max-image-preview:large, max-video-preview:-1\" \/>\n<link rel=\"canonical\" href=\"https:\/\/bitfab.parts\/es\/producto\/tapa-para-perfil-tipo-b-de-30x30mm\/\" \/>\n<meta property=\"og:locale\" content=\"es_ES\" \/>\n<meta property=\"og:type\" content=\"article\" \/>\n<meta property=\"og:title\" content=\"Tapa para perfil tipo B de 30x30mm - Bitfab Parts\" \/>\n<meta property=\"og:description\" content=\"Tapa embellecedora para perfiles tipo B de 30x30mm F\u00e1cil instalaci\u00f3n a presi\u00f3n Pl\u00e1stico ABS negro con base texturizada, colores personalizados disponibles bajo pedido.\" \/>\n<meta property=\"og:url\" content=\"https:\/\/bitfab.parts\/es\/producto\/tapa-para-perfil-tipo-b-de-30x30mm\/\" \/>\n<meta property=\"og:site_name\" content=\"Bitfab Parts\" \/>\n<meta property=\"article:modified_time\" content=\"2025-09-03T19:51:36+00:00\" \/>\n<meta property=\"og:image\" content=\"https:\/\/bitfab.parts\/wp-content\/uploads\/2025\/09\/3030-EC-render-1024x683.png\" \/>\n\t<meta property=\"og:image:width\" content=\"1024\" \/>\n\t<meta property=\"og:image:height\" content=\"683\" \/>\n\t<meta property=\"og:image:type\" content=\"image\/png\" \/>\n<meta name=\"twitter:card\" content=\"summary_large_image\" \/>\n<meta name=\"twitter:label1\" content=\"Tiempo de lectura\" \/>\n\t<meta name=\"twitter:data1\" content=\"2 minutos\" \/>\n<script type=\"application\/ld+json\" class=\"yoast-schema-graph\">{\"@context\":\"https:\/\/schema.org\",\"@graph\":[{\"@type\":\"WebPage\",\"@id\":\"https:\/\/bitfab.parts\/es\/producto\/tapa-para-perfil-tipo-b-de-30x30mm\/\",\"url\":\"https:\/\/bitfab.parts\/es\/producto\/tapa-para-perfil-tipo-b-de-30x30mm\/\",\"name\":\"Tapa para perfil tipo B de 30x30mm - Bitfab Parts\",\"isPartOf\":{\"@id\":\"https:\/\/bitfab.parts\/es\/#website\"},\"primaryImageOfPage\":{\"@id\":\"https:\/\/bitfab.parts\/es\/producto\/tapa-para-perfil-tipo-b-de-30x30mm\/#primaryimage\"},\"image\":{\"@id\":\"https:\/\/bitfab.parts\/es\/producto\/tapa-para-perfil-tipo-b-de-30x30mm\/#primaryimage\"},\"thumbnailUrl\":\"https:\/\/bitfab.parts\/wp-content\/uploads\/2025\/09\/3030-EC-render.png\",\"datePublished\":\"2025-09-03T19:27:38+00:00\",\"dateModified\":\"2025-09-03T19:51:36+00:00\",\"breadcrumb\":{\"@id\":\"https:\/\/bitfab.parts\/es\/producto\/tapa-para-perfil-tipo-b-de-30x30mm\/#breadcrumb\"},\"inLanguage\":\"es\",\"potentialAction\":[{\"@type\":\"ReadAction\",\"target\":[\"https:\/\/bitfab.parts\/es\/producto\/tapa-para-perfil-tipo-b-de-30x30mm\/\"]}]},{\"@type\":\"ImageObject\",\"inLanguage\":\"es\",\"@id\":\"https:\/\/bitfab.parts\/es\/producto\/tapa-para-perfil-tipo-b-de-30x30mm\/#primaryimage\",\"url\":\"https:\/\/bitfab.parts\/wp-content\/uploads\/2025\/09\/3030-EC-render.png\",\"contentUrl\":\"https:\/\/bitfab.parts\/wp-content\/uploads\/2025\/09\/3030-EC-render.png\",\"width\":1080,\"height\":720},{\"@type\":\"BreadcrumbList\",\"@id\":\"https:\/\/bitfab.parts\/es\/producto\/tapa-para-perfil-tipo-b-de-30x30mm\/#breadcrumb\",\"itemListElement\":[{\"@type\":\"ListItem\",\"position\":1,\"name\":\"Home\",\"item\":\"https:\/\/bitfab.parts\/es\/\"},{\"@type\":\"ListItem\",\"position\":2,\"name\":\"Tienda\",\"item\":\"https:\/\/bitfab.parts\/es\/tienda\/\"},{\"@type\":\"ListItem\",\"position\":3,\"name\":\"Tapa para perfil tipo B de 30x30mm\"}]},{\"@type\":\"WebSite\",\"@id\":\"https:\/\/bitfab.parts\/es\/#website\",\"url\":\"https:\/\/bitfab.parts\/es\/\",\"name\":\"Bitfab Parts\",\"description\":\"Perfil de aluminio cortado a medida\",\"publisher\":{\"@id\":\"https:\/\/bitfab.parts\/es\/#organization\"},\"potentialAction\":[{\"@type\":\"SearchAction\",\"target\":{\"@type\":\"EntryPoint\",\"urlTemplate\":\"https:\/\/bitfab.parts\/es\/?s={search_term_string}\"},\"query-input\":{\"@type\":\"PropertyValueSpecification\",\"valueRequired\":true,\"valueName\":\"search_term_string\"}}],\"inLanguage\":\"es\"},{\"@type\":\"Organization\",\"@id\":\"https:\/\/bitfab.parts\/es\/#organization\",\"name\":\"Bitfab Parts\",\"url\":\"https:\/\/bitfab.parts\/es\/\",\"logo\":{\"@type\":\"ImageObject\",\"inLanguage\":\"es\",\"@id\":\"https:\/\/bitfab.parts\/es\/#\/schema\/logo\/image\/\",\"url\":\"https:\/\/bitfab.parts\/wp-content\/uploads\/2023\/11\/cropped-rectangle_1000x500_without_background.png\",\"contentUrl\":\"https:\/\/bitfab.parts\/wp-content\/uploads\/2023\/11\/cropped-rectangle_1000x500_without_background.png\",\"width\":1000,\"height\":369,\"caption\":\"Bitfab Parts\"},\"image\":{\"@id\":\"https:\/\/bitfab.parts\/es\/#\/schema\/logo\/image\/\"}}]}<\/script>\n<!-- \/ Yoast SEO plugin. -->","yoast_head_json":{"title":"Tapa para perfil tipo B de 30x30mm - Bitfab Parts","robots":{"index":"index","follow":"follow","max-snippet":"max-snippet:-1","max-image-preview":"max-image-preview:large","max-video-preview":"max-video-preview:-1"},"canonical":"https:\/\/bitfab.parts\/es\/producto\/tapa-para-perfil-tipo-b-de-30x30mm\/","og_locale":"es_ES","og_type":"article","og_title":"Tapa para perfil tipo B de 30x30mm - Bitfab Parts","og_description":"Tapa embellecedora para perfiles tipo B de 30x30mm F\u00e1cil instalaci\u00f3n a presi\u00f3n Pl\u00e1stico ABS negro con base texturizada, colores personalizados disponibles bajo pedido.","og_url":"https:\/\/bitfab.parts\/es\/producto\/tapa-para-perfil-tipo-b-de-30x30mm\/","og_site_name":"Bitfab Parts","article_modified_time":"2025-09-03T19:51:36+00:00","og_image":[{"width":1024,"height":683,"url":"https:\/\/bitfab.parts\/wp-content\/uploads\/2025\/09\/3030-EC-render-1024x683.png","type":"image\/png"}],"twitter_card":"summary_large_image","twitter_misc":{"Tiempo de lectura":"2 minutos"},"schema":{"@context":"https:\/\/schema.org","@graph":[{"@type":"WebPage","@id":"https:\/\/bitfab.parts\/es\/producto\/tapa-para-perfil-tipo-b-de-30x30mm\/","url":"https:\/\/bitfab.parts\/es\/producto\/tapa-para-perfil-tipo-b-de-30x30mm\/","name":"Tapa para perfil tipo B de 30x30mm - Bitfab Parts","isPartOf":{"@id":"https:\/\/bitfab.parts\/es\/#website"},"primaryImageOfPage":{"@id":"https:\/\/bitfab.parts\/es\/producto\/tapa-para-perfil-tipo-b-de-30x30mm\/#primaryimage"},"image":{"@id":"https:\/\/bitfab.parts\/es\/producto\/tapa-para-perfil-tipo-b-de-30x30mm\/#primaryimage"},"thumbnailUrl":"https:\/\/bitfab.parts\/wp-content\/uploads\/2025\/09\/3030-EC-render.png","datePublished":"2025-09-03T19:27:38+00:00","dateModified":"2025-09-03T19:51:36+00:00","breadcrumb":{"@id":"https:\/\/bitfab.parts\/es\/producto\/tapa-para-perfil-tipo-b-de-30x30mm\/#breadcrumb"},"inLanguage":"es","potentialAction":[{"@type":"ReadAction","target":["https:\/\/bitfab.parts\/es\/producto\/tapa-para-perfil-tipo-b-de-30x30mm\/"]}]},{"@type":"ImageObject","inLanguage":"es","@id":"https:\/\/bitfab.parts\/es\/producto\/tapa-para-perfil-tipo-b-de-30x30mm\/#primaryimage","url":"https:\/\/bitfab.parts\/wp-content\/uploads\/2025\/09\/3030-EC-render.png","contentUrl":"https:\/\/bitfab.parts\/wp-content\/uploads\/2025\/09\/3030-EC-render.png","width":1080,"height":720},{"@type":"BreadcrumbList","@id":"https:\/\/bitfab.parts\/es\/producto\/tapa-para-perfil-tipo-b-de-30x30mm\/#breadcrumb","itemListElement":[{"@type":"ListItem","position":1,"name":"Home","item":"https:\/\/bitfab.parts\/es\/"},{"@type":"ListItem","position":2,"name":"Tienda","item":"https:\/\/bitfab.parts\/es\/tienda\/"},{"@type":"ListItem","position":3,"name":"Tapa para perfil tipo B de 30x30mm"}]},{"@type":"WebSite","@id":"https:\/\/bitfab.parts\/es\/#website","url":"https:\/\/bitfab.parts\/es\/","name":"Bitfab Parts","description":"Perfil de aluminio cortado a medida","publisher":{"@id":"https:\/\/bitfab.parts\/es\/#organization"},"potentialAction":[{"@type":"SearchAction","target":{"@type":"EntryPoint","urlTemplate":"https:\/\/bitfab.parts\/es\/?s={search_term_string}"},"query-input":{"@type":"PropertyValueSpecification","valueRequired":true,"valueName":"search_term_string"}}],"inLanguage":"es"},{"@type":"Organization","@id":"https:\/\/bitfab.parts\/es\/#organization","name":"Bitfab Parts","url":"https:\/\/bitfab.parts\/es\/","logo":{"@type":"ImageObject","inLanguage":"es","@id":"https:\/\/bitfab.parts\/es\/#\/schema\/logo\/image\/","url":"https:\/\/bitfab.parts\/wp-content\/uploads\/2023\/11\/cropped-rectangle_1000x500_without_background.png","contentUrl":"https:\/\/bitfab.parts\/wp-content\/uploads\/2023\/11\/cropped-rectangle_1000x500_without_background.png","width":1000,"height":369,"caption":"Bitfab Parts"},"image":{"@id":"https:\/\/bitfab.parts\/es\/#\/schema\/logo\/image\/"}}]}},"_links":{"self":[{"href":"https:\/\/bitfab.parts\/es\/wp-json\/wp\/v2\/product\/391979","targetHints":{"allow":["GET"]}}],"collection":[{"href":"https:\/\/bitfab.parts\/es\/wp-json\/wp\/v2\/product"}],"about":[{"href":"https:\/\/bitfab.parts\/es\/wp-json\/wp\/v2\/types\/product"}],"wp:featuredmedia":[{"embeddable":true,"href":"https:\/\/bitfab.parts\/es\/wp-json\/wp\/v2\/media\/392012"}],"wp:attachment":[{"href":"https:\/\/bitfab.parts\/es\/wp-json\/wp\/v2\/media?parent=391979"}],"wp:term":[{"taxonomy":"product_brand","embeddable":true,"href":"https:\/\/bitfab.parts\/es\/wp-json\/wp\/v2\/product_brand?post=391979"},{"taxonomy":"product_cat","embeddable":true,"href":"https:\/\/bitfab.parts\/es\/wp-json\/wp\/v2\/product_cat?post=391979"},{"taxonomy":"product_tag","embeddable":true,"href":"https:\/\/bitfab.parts\/es\/wp-json\/wp\/v2\/product_tag?post=391979"}],"curies":[{"name":"wp","href":"https:\/\/api.w.org\/{rel}","templated":true}]}}