{"id":391003,"date":"2023-11-06T19:57:13","date_gmt":"2023-11-06T18:57:13","guid":{"rendered":"https:\/\/bitfab.parts\/contactez-nous\/"},"modified":"2024-12-29T11:40:49","modified_gmt":"2024-12-29T10:40:49","slug":"contactez-nous","status":"publish","type":"page","link":"https:\/\/bitfab.parts\/fr\/contactez-nous\/","title":{"rendered":"Contactez nous"},"content":{"rendered":"<div class=\"gb-container gb-container-5c6fa1aa\">\n<div class=\"gb-container gb-container-d5e7545c\">\n<div class=\"gb-grid-wrapper gb-grid-wrapper-de3ca214\">\n<div class=\"gb-grid-column gb-grid-column-7c31ed63\"><div class=\"gb-container gb-container-7c31ed63\">\n\n<h2 class=\"wp-block-heading\">De quoi avez-vous besoin ?<\/h2>\n\n\n\n<p>Nous pouvons vous aider dans votre projet ou dans votre commande.<\/p>\n\n\n\n<p>Faites-nous part de vos besoins en remplissant le formulaire de contact ou appelez-nous.<\/p>\n\n\n\n<p class=\"gb-headline gb-headline-7d9d48a3\"><span class=\"gb-icon\"><svg xmlns=\"http:\/\/www.w3.org\/2000\/svg\" aria-hidden=\"true\" role=\"img\" height=\"1em\" width=\"1em\" viewbox=\"0 0 512 512\"><path fill=\"currentColor\" d=\"M464 64H48C21.49 64 0 85.49 0 112v288c0 26.51 21.49 48 48 48h416c26.51 0 48-21.49 48-48V112c0-26.51-21.49-48-48-48zm0 48v40.805c-22.422 18.259-58.168 46.651-134.587 106.49-16.841 13.247-50.201 45.072-73.413 44.701-23.208.375-56.579-31.459-73.413-44.701C106.18 199.465 70.425 171.067 48 152.805V112h416zM48 400V214.398c22.914 18.251 55.409 43.862 104.938 82.646 21.857 17.205 60.134 55.186 103.062 54.955 42.717.231 80.509-37.199 103.053-54.947 49.528-38.783 82.032-64.401 104.947-82.653V400H48z\"><\/path><\/svg><\/span><span class=\"gb-headline-text\">info@bitfab.parts<\/span><\/p>\n\n\n<div class=\"gb-container gb-container-71b1812c\">\n\n<p class=\"gb-headline gb-headline-b1ade8b9\"><span class=\"gb-icon\"><svg xmlns=\"http:\/\/www.w3.org\/2000\/svg\" aria-hidden=\"true\" role=\"img\" height=\"1em\" width=\"1em\" viewbox=\"0 0 512 512\"><path fill=\"currentColor\" d=\"M493.4 24.6l-104-24c-11.3-2.6-22.9 3.3-27.5 13.9l-48 112c-4.2 9.8-1.4 21.3 6.9 28l60.6 49.6c-36 76.7-98.9 140.5-177.2 177.2l-49.6-60.6c-6.8-8.3-18.2-11.1-28-6.9l-112 48C3.9 366.5-2 378.1.6 389.4l24 104C27.1 504.2 36.7 512 48 512c256.1 0 464-207.5 464-464 0-11.2-7.7-20.9-18.6-23.4z\"><\/path><\/svg><\/span><span class=\"gb-headline-text\">+34 620 345 765<\/span><\/p>\n\n<\/div>\n\n\n<p class=\"gb-headline gb-headline-4f527d2f\"><span class=\"gb-icon\"><svg xmlns=\"http:\/\/www.w3.org\/2000\/svg\" viewbox=\"0 0 384 512\" width=\"1em\" height=\"1em\" aria-hidden=\"true\"><path d=\"M172.268 501.67C26.97 291.031 0 269.413 0 192 0 85.961 85.961 0 192 0s192 85.961 192 192c0 77.413-26.97 99.031-172.268 309.67-9.535 13.774-29.93 13.773-39.464 0zM192 272c44.183 0 80-35.817 80-80s-35.817-80-80-80-80 35.817-80 80 35.817 80 80 80z\" fill=\"currentColor\"><\/path><\/svg><\/span><span class=\"gb-headline-text\">Calle Pajaritos 12<br>28007 Madrid<br>Espagne<\/span><\/p>\n\n<\/div><\/div>\n\n<div class=\"gb-grid-column gb-grid-column-e2b76302\"><div class=\"gb-container gb-container-e2b76302\">\n<p class=\"wpcf7-contact-form-not-found\"><strong>Erreur\u00a0:<\/strong> Formulaire de contact non trouv\u00e9\u00a0!<\/p>\n\n<\/div><\/div>\n<\/div>\n<\/div>\n<\/div><div class=\"gb-container gb-container-43a84acc\">\n<div class=\"gb-container gb-container-5ad16e83\">\n<div class=\"gb-grid-wrapper gb-grid-wrapper-c334a5e2\">\n<div class=\"gb-grid-column gb-grid-column-1cf0a18a\"><div class=\"gb-container gb-container-1cf0a18a\">\n\n<h2 class=\"wp-block-heading\">Quelques-unes des questions les plus fr\u00e9quentes<\/h2>\n\n\n\n<p>Voici quelques-unes des questions les plus fr\u00e9quentes, au cas o\u00f9 vous souhaiteriez une r\u00e9ponse rapide.<\/p>\n\n<\/div><\/div>\n\n<div class=\"gb-grid-column gb-grid-column-f6cbe760\"><div class=\"gb-container gb-container-f6cbe760\">\n<div class=\"gb-container gb-container-dbcde980 gb-accordion\">\n<div class=\"gb-container gb-container-365cc1db gb-accordion__item gb-accordion__item-open\" data-transition=\"slide\">\n\n<button class=\"gb-button gb-button-0bca63f7 gb-accordion__toggle gb-block-is-current\" id=\"gb-accordion-toggle-0bca63f7\"><span class=\"gb-button-text\"><strong>O\u00f9 et quand puis-je r\u00e9cup\u00e9rer ma commande ?<\/strong><\/span><span class=\"gb-icon\"><svg xmlns=\"http:\/\/www.w3.org\/2000\/svg\" viewbox=\"0 0 448 512\" width=\"1em\" height=\"1em\" aria-hidden=\"true\" role=\"img\" class=\"gb-accordion__icon\"><path d=\"M207.029 381.476L12.686 187.132c-9.373-9.373-9.373-24.569 0-33.941l22.667-22.667c9.357-9.357 24.522-9.375 33.901-.04L224 284.505l154.745-154.021c9.379-9.335 24.544-9.317 33.901.04l22.667 22.667c9.373 9.373 9.373 24.569 0 33.941L240.971 381.476c-9.373 9.372-24.569 9.372-33.942 0z\" fill=\"currentColor\"><\/path><\/svg><svg xmlns=\"http:\/\/www.w3.org\/2000\/svg\" viewbox=\"0 0 448 512\" width=\"1em\" height=\"1em\" aria-hidden=\"true\" role=\"img\" class=\"gb-accordion__icon-open\"><path d=\"M240.971 130.524l194.343 194.343c9.373 9.373 9.373 24.569 0 33.941l-22.667 22.667c-9.357 9.357-24.522 9.375-33.901.04L224 227.495 69.255 381.516c-9.379 9.335-24.544 9.317-33.901-.04l-22.667-22.667c-9.373-9.373-9.373-24.569 0-33.941L207.03 130.525c9.372-9.373 24.568-9.373 33.941-.001z\" fill=\"currentColor\"><\/path><\/svg><\/span><\/button>\n\n\n<div id=\"gb-accordion-content-60d2f5c4\" class=\"gb-accordion__content\"><div class=\"gb-container gb-container-60d2f5c4\">\n\n<p>Les commandes peuvent \u00eatre retir\u00e9es physiquement dans nos bureaux \u00e0 Madrid.<\/p>\n\n\n\n<p>Une fois que nous avons pr\u00e9par\u00e9 votre commande (nous coupons toutes les commandes en une seule fois plusieurs fois par semaine), nous vous contacterons pour convenir d&rsquo;une date et d&rsquo;une heure d&rsquo;enl\u00e8vement.<\/p>\n\n\n\n<p>Si vous avez des doutes concernant l&rsquo;enl\u00e8vement de votre commande, les d\u00e9lais de livraison&#8230; contactez-nous pour que nous puissions discuter de vos besoins.<\/p>\n\n<\/div><\/div>\n<\/div>\n\n<div class=\"gb-container gb-container-3083fb7a gb-accordion__item\" data-transition=\"slide\">\n\n<button class=\"gb-button gb-button-c0e1bf2f gb-accordion__toggle\" id=\"gb-accordion-toggle-c0e1bf2f\"><span class=\"gb-button-text\"><strong>Combien de temps faut-il pour pr\u00e9parer la commande ? Et combien de temps dure l&rsquo;exp\u00e9dition ? <\/strong><\/span><span class=\"gb-icon\"><svg xmlns=\"http:\/\/www.w3.org\/2000\/svg\" viewbox=\"0 0 448 512\" width=\"1em\" height=\"1em\" aria-hidden=\"true\" role=\"img\" class=\"gb-accordion__icon\"><path d=\"M207.029 381.476L12.686 187.132c-9.373-9.373-9.373-24.569 0-33.941l22.667-22.667c9.357-9.357 24.522-9.375 33.901-.04L224 284.505l154.745-154.021c9.379-9.335 24.544-9.317 33.901.04l22.667 22.667c9.373 9.373 9.373 24.569 0 33.941L240.971 381.476c-9.373 9.372-24.569 9.372-33.942 0z\" fill=\"currentColor\"><\/path><\/svg><svg xmlns=\"http:\/\/www.w3.org\/2000\/svg\" viewbox=\"0 0 448 512\" width=\"1em\" height=\"1em\" aria-hidden=\"true\" role=\"img\" class=\"gb-accordion__icon-open\"><path d=\"M240.971 130.524l194.343 194.343c9.373 9.373 9.373 24.569 0 33.941l-22.667 22.667c-9.357 9.357-24.522 9.375-33.901.04L224 227.495 69.255 381.516c-9.379 9.335-24.544 9.317-33.901-.04l-22.667-22.667c-9.373-9.373-9.373-24.569 0-33.941L207.03 130.525c9.372-9.373 24.568-9.373 33.941-.001z\" fill=\"currentColor\"><\/path><\/svg><\/span><\/button>\n\n\n<div id=\"gb-accordion-content-77e8a9b3\" class=\"gb-accordion__content\"><div class=\"gb-container gb-container-77e8a9b3\">\n\n<p>Les commandes peuvent prendre jusqu&rsquo;\u00e0 10 jours naturels pour \u00eatre pr\u00e9par\u00e9es. Nous avons le profil en stock et coupons les commandes en lots plusieurs fois par semaine.<\/p>\n\n\n\n<p>Apr\u00e8s avoir d\u00e9coup\u00e9 votre profil\u00e9 en aluminium et pr\u00e9par\u00e9 vos articles, nous exp\u00e9dions votre commande. Le d\u00e9lai de livraison en Espagne est g\u00e9n\u00e9ralement de 24 ou 48 heures, il est plus long pour les commandes exp\u00e9di\u00e9es vers l&rsquo;Europe. <\/p>\n\n\n\n<p>Si vous avez des doutes concernant l&rsquo;enl\u00e8vement de votre commande, les d\u00e9lais de livraison&#8230; contactez-nous pour que nous puissions discuter de vos besoins.<\/p>\n\n<\/div><\/div>\n<\/div>\n\n<div class=\"gb-container gb-container-32f67604 gb-accordion__item\" data-transition=\"slide\">\n\n<button class=\"gb-button gb-button-8b0a1b1b gb-accordion__toggle\" id=\"gb-accordion-toggle-8b0a1b1b\"><span class=\"gb-button-text\"><strong>Proposez-vous des coupes et des longueurs sur mesure, d&rsquo;autres accessoires, d&rsquo;autres types de profil\u00e9s&#8230; ?<\/strong><\/span><span class=\"gb-icon\"><svg xmlns=\"http:\/\/www.w3.org\/2000\/svg\" viewbox=\"0 0 448 512\" width=\"1em\" height=\"1em\" aria-hidden=\"true\" role=\"img\" class=\"gb-accordion__icon\"><path d=\"M207.029 381.476L12.686 187.132c-9.373-9.373-9.373-24.569 0-33.941l22.667-22.667c9.357-9.357 24.522-9.375 33.901-.04L224 284.505l154.745-154.021c9.379-9.335 24.544-9.317 33.901.04l22.667 22.667c9.373 9.373 9.373 24.569 0 33.941L240.971 381.476c-9.373 9.372-24.569 9.372-33.942 0z\" fill=\"currentColor\"><\/path><\/svg><svg xmlns=\"http:\/\/www.w3.org\/2000\/svg\" viewbox=\"0 0 448 512\" width=\"1em\" height=\"1em\" aria-hidden=\"true\" role=\"img\" class=\"gb-accordion__icon-open\"><path d=\"M240.971 130.524l194.343 194.343c9.373 9.373 9.373 24.569 0 33.941l-22.667 22.667c-9.357 9.357-24.522 9.375-33.901.04L224 227.495 69.255 381.516c-9.379 9.335-24.544 9.317-33.901-.04l-22.667-22.667c-9.373-9.373-9.373-24.569 0-33.941L207.03 130.525c9.372-9.373 24.568-9.373 33.941-.001z\" fill=\"currentColor\"><\/path><\/svg><\/span><\/button>\n\n\n<div id=\"gb-accordion-content-1acbf1b9\" class=\"gb-accordion__content\"><div class=\"gb-container gb-container-1acbf1b9\">\n\n<p>Oui, nous avons plus d&rsquo;accessoires, de profils et de services personnalis\u00e9s pr\u00eats \u00e0 \u00eatre partag\u00e9s, mais nous n&rsquo;avons pas encore tout notre catalogue sur notre site web.<\/p>\n\n\n\n<p>Laissez-nous un message dans le formulaire de contact en nous demandant ce dont vous avez besoin et nous trouverons une solution pour vous.<\/p>\n\n<\/div><\/div>\n<\/div>\n\n<div class=\"gb-container gb-container-9a35d6ef gb-accordion__item\" data-transition=\"slide\">\n\n<button class=\"gb-button gb-button-68f1bb5b gb-accordion__toggle\" id=\"gb-accordion-toggle-68f1bb5b\"><span class=\"gb-button-text\"><strong>Pouvez-vous r\u00e9aliser des projets sur mesure ?<\/strong><\/span><span class=\"gb-icon\"><svg xmlns=\"http:\/\/www.w3.org\/2000\/svg\" viewbox=\"0 0 448 512\" width=\"1em\" height=\"1em\" aria-hidden=\"true\" role=\"img\" class=\"gb-accordion__icon\"><path d=\"M207.029 381.476L12.686 187.132c-9.373-9.373-9.373-24.569 0-33.941l22.667-22.667c9.357-9.357 24.522-9.375 33.901-.04L224 284.505l154.745-154.021c9.379-9.335 24.544-9.317 33.901.04l22.667 22.667c9.373 9.373 9.373 24.569 0 33.941L240.971 381.476c-9.373 9.372-24.569 9.372-33.942 0z\" fill=\"currentColor\"><\/path><\/svg><svg xmlns=\"http:\/\/www.w3.org\/2000\/svg\" viewbox=\"0 0 448 512\" width=\"1em\" height=\"1em\" aria-hidden=\"true\" role=\"img\" class=\"gb-accordion__icon-open\"><path d=\"M240.971 130.524l194.343 194.343c9.373 9.373 9.373 24.569 0 33.941l-22.667 22.667c-9.357 9.357-24.522 9.375-33.901.04L224 227.495 69.255 381.516c-9.379 9.335-24.544 9.317-33.901-.04l-22.667-22.667c-9.373-9.373-9.373-24.569 0-33.941L207.03 130.525c9.372-9.373 24.568-9.373 33.941-.001z\" fill=\"currentColor\"><\/path><\/svg><\/span><\/button>\n\n\n<div id=\"gb-accordion-content-09572f0d\" class=\"gb-accordion__content\"><div class=\"gb-container gb-container-09572f0d\">\n\n<p>Oui, nous avons la capacit\u00e9 de r\u00e9aliser des projets d&rsquo;ing\u00e9nierie, de CNC, de laser et d&rsquo;impression 3D en fonction de vos besoins. Vous pouvez donc nous contacter si vous avez besoin d&rsquo;autres services en plus du profil\u00e9 en aluminium.<\/p>\n\n<\/div><\/div>\n<\/div>\n<\/div>\n<\/div><\/div>\n<\/div>\n<\/div>\n<\/div>","protected":false},"excerpt":{"rendered":"","protected":false},"author":1,"featured_media":0,"parent":0,"menu_order":0,"comment_status":"closed","ping_status":"closed","template":"","meta":{"footnotes":""},"class_list":["post-391003","page","type-page","status-publish"],"yoast_head":"<!-- This site is optimized with the Yoast SEO plugin v27.2 - https:\/\/yoast.com\/product\/yoast-seo-wordpress\/ -->\n<title>Contactez nous - Bitfab Parts<\/title>\n<meta name=\"robots\" content=\"index, follow, max-snippet:-1, max-image-preview:large, max-video-preview:-1\" \/>\n<link rel=\"canonical\" href=\"https:\/\/bitfab.parts\/fr\/contactez-nous\/\" \/>\n<meta property=\"og:locale\" content=\"fr_FR\" \/>\n<meta property=\"og:type\" content=\"article\" \/>\n<meta property=\"og:title\" content=\"Contactez nous - Bitfab Parts\" \/>\n<meta property=\"og:url\" content=\"https:\/\/bitfab.parts\/fr\/contactez-nous\/\" \/>\n<meta property=\"og:site_name\" content=\"Bitfab Parts\" \/>\n<meta property=\"article:modified_time\" content=\"2024-12-29T10:40:49+00:00\" \/>\n<meta name=\"twitter:card\" content=\"summary_large_image\" \/>\n<meta name=\"twitter:label1\" content=\"Dur\u00e9e de lecture estim\u00e9e\" \/>\n\t<meta name=\"twitter:data1\" content=\"2 minutes\" \/>\n<script type=\"application\/ld+json\" class=\"yoast-schema-graph\">{\"@context\":\"https:\/\/schema.org\",\"@graph\":[{\"@type\":\"WebPage\",\"@id\":\"https:\/\/bitfab.parts\/fr\/contactez-nous\/\",\"url\":\"https:\/\/bitfab.parts\/fr\/contactez-nous\/\",\"name\":\"Contactez nous - Bitfab Parts\",\"isPartOf\":{\"@id\":\"https:\/\/bitfab.parts\/fr\/#website\"},\"datePublished\":\"2023-11-06T18:57:13+00:00\",\"dateModified\":\"2024-12-29T10:40:49+00:00\",\"breadcrumb\":{\"@id\":\"https:\/\/bitfab.parts\/fr\/contactez-nous\/#breadcrumb\"},\"inLanguage\":\"fr-FR\",\"potentialAction\":[{\"@type\":\"ReadAction\",\"target\":[\"https:\/\/bitfab.parts\/fr\/contactez-nous\/\"]}]},{\"@type\":\"BreadcrumbList\",\"@id\":\"https:\/\/bitfab.parts\/fr\/contactez-nous\/#breadcrumb\",\"itemListElement\":[{\"@type\":\"ListItem\",\"position\":1,\"name\":\"Home\",\"item\":\"https:\/\/bitfab.parts\/fr\/\"},{\"@type\":\"ListItem\",\"position\":2,\"name\":\"Contactez nous\"}]},{\"@type\":\"WebSite\",\"@id\":\"https:\/\/bitfab.parts\/fr\/#website\",\"url\":\"https:\/\/bitfab.parts\/fr\/\",\"name\":\"Bitfab Parts\",\"description\":\"Custom cut aluminum profile\",\"publisher\":{\"@id\":\"https:\/\/bitfab.parts\/fr\/#organization\"},\"potentialAction\":[{\"@type\":\"SearchAction\",\"target\":{\"@type\":\"EntryPoint\",\"urlTemplate\":\"https:\/\/bitfab.parts\/fr\/?s={search_term_string}\"},\"query-input\":{\"@type\":\"PropertyValueSpecification\",\"valueRequired\":true,\"valueName\":\"search_term_string\"}}],\"inLanguage\":\"fr-FR\"},{\"@type\":\"Organization\",\"@id\":\"https:\/\/bitfab.parts\/fr\/#organization\",\"name\":\"Bitfab Parts\",\"url\":\"https:\/\/bitfab.parts\/fr\/\",\"logo\":{\"@type\":\"ImageObject\",\"inLanguage\":\"fr-FR\",\"@id\":\"https:\/\/bitfab.parts\/fr\/#\/schema\/logo\/image\/\",\"url\":\"https:\/\/bitfab.parts\/wp-content\/uploads\/2023\/11\/cropped-rectangle_1000x500_without_background.png\",\"contentUrl\":\"https:\/\/bitfab.parts\/wp-content\/uploads\/2023\/11\/cropped-rectangle_1000x500_without_background.png\",\"width\":1000,\"height\":369,\"caption\":\"Bitfab Parts\"},\"image\":{\"@id\":\"https:\/\/bitfab.parts\/fr\/#\/schema\/logo\/image\/\"}}]}<\/script>\n<!-- \/ Yoast SEO plugin. -->","yoast_head_json":{"title":"Contactez nous - Bitfab Parts","robots":{"index":"index","follow":"follow","max-snippet":"max-snippet:-1","max-image-preview":"max-image-preview:large","max-video-preview":"max-video-preview:-1"},"canonical":"https:\/\/bitfab.parts\/fr\/contactez-nous\/","og_locale":"fr_FR","og_type":"article","og_title":"Contactez nous - Bitfab Parts","og_url":"https:\/\/bitfab.parts\/fr\/contactez-nous\/","og_site_name":"Bitfab Parts","article_modified_time":"2024-12-29T10:40:49+00:00","twitter_card":"summary_large_image","twitter_misc":{"Dur\u00e9e de lecture estim\u00e9e":"2 minutes"},"schema":{"@context":"https:\/\/schema.org","@graph":[{"@type":"WebPage","@id":"https:\/\/bitfab.parts\/fr\/contactez-nous\/","url":"https:\/\/bitfab.parts\/fr\/contactez-nous\/","name":"Contactez nous - Bitfab Parts","isPartOf":{"@id":"https:\/\/bitfab.parts\/fr\/#website"},"datePublished":"2023-11-06T18:57:13+00:00","dateModified":"2024-12-29T10:40:49+00:00","breadcrumb":{"@id":"https:\/\/bitfab.parts\/fr\/contactez-nous\/#breadcrumb"},"inLanguage":"fr-FR","potentialAction":[{"@type":"ReadAction","target":["https:\/\/bitfab.parts\/fr\/contactez-nous\/"]}]},{"@type":"BreadcrumbList","@id":"https:\/\/bitfab.parts\/fr\/contactez-nous\/#breadcrumb","itemListElement":[{"@type":"ListItem","position":1,"name":"Home","item":"https:\/\/bitfab.parts\/fr\/"},{"@type":"ListItem","position":2,"name":"Contactez nous"}]},{"@type":"WebSite","@id":"https:\/\/bitfab.parts\/fr\/#website","url":"https:\/\/bitfab.parts\/fr\/","name":"Bitfab Parts","description":"Custom cut aluminum profile","publisher":{"@id":"https:\/\/bitfab.parts\/fr\/#organization"},"potentialAction":[{"@type":"SearchAction","target":{"@type":"EntryPoint","urlTemplate":"https:\/\/bitfab.parts\/fr\/?s={search_term_string}"},"query-input":{"@type":"PropertyValueSpecification","valueRequired":true,"valueName":"search_term_string"}}],"inLanguage":"fr-FR"},{"@type":"Organization","@id":"https:\/\/bitfab.parts\/fr\/#organization","name":"Bitfab Parts","url":"https:\/\/bitfab.parts\/fr\/","logo":{"@type":"ImageObject","inLanguage":"fr-FR","@id":"https:\/\/bitfab.parts\/fr\/#\/schema\/logo\/image\/","url":"https:\/\/bitfab.parts\/wp-content\/uploads\/2023\/11\/cropped-rectangle_1000x500_without_background.png","contentUrl":"https:\/\/bitfab.parts\/wp-content\/uploads\/2023\/11\/cropped-rectangle_1000x500_without_background.png","width":1000,"height":369,"caption":"Bitfab Parts"},"image":{"@id":"https:\/\/bitfab.parts\/fr\/#\/schema\/logo\/image\/"}}]}},"_links":{"self":[{"href":"https:\/\/bitfab.parts\/fr\/wp-json\/wp\/v2\/pages\/391003","targetHints":{"allow":["GET"]}}],"collection":[{"href":"https:\/\/bitfab.parts\/fr\/wp-json\/wp\/v2\/pages"}],"about":[{"href":"https:\/\/bitfab.parts\/fr\/wp-json\/wp\/v2\/types\/page"}],"author":[{"embeddable":true,"href":"https:\/\/bitfab.parts\/fr\/wp-json\/wp\/v2\/users\/1"}],"replies":[{"embeddable":true,"href":"https:\/\/bitfab.parts\/fr\/wp-json\/wp\/v2\/comments?post=391003"}],"version-history":[{"count":1,"href":"https:\/\/bitfab.parts\/fr\/wp-json\/wp\/v2\/pages\/391003\/revisions"}],"predecessor-version":[{"id":391004,"href":"https:\/\/bitfab.parts\/fr\/wp-json\/wp\/v2\/pages\/391003\/revisions\/391004"}],"wp:attachment":[{"href":"https:\/\/bitfab.parts\/fr\/wp-json\/wp\/v2\/media?parent=391003"}],"curies":[{"name":"wp","href":"https:\/\/api.w.org\/{rel}","templated":true}]}}