{"id":391013,"date":"2024-01-07T20:16:51","date_gmt":"2024-01-07T19:16:51","guid":{"rendered":"https:\/\/bitfab.parts\/conditions-dutilisation\/"},"modified":"2025-06-21T19:39:26","modified_gmt":"2025-06-21T18:39:26","slug":"conditions-dutilisation","status":"publish","type":"page","link":"https:\/\/bitfab.parts\/fr\/conditions-dutilisation\/","title":{"rendered":"Conditions d&rsquo;utilisation"},"content":{"rendered":"\n<h2 class=\"wp-block-heading\">Exp\u00e9dition<\/h2>\n\n<p>Les options d&rsquo;exp\u00e9dition pour nos produits sont les suivantes :<\/p>\n\n<ul class=\"wp-block-list\">\n<li><strong>Exp\u00e9dition par courrier :<\/strong> Livraison dans les 24 heures suivant la fin de la production.<\/li>\n\n\n\n<li><strong>Enl\u00e8vement local :<\/strong> Les clients peuvent retirer leur commande localement sans frais d&rsquo;exp\u00e9dition en prenant rendez-vous \u00e0 l&rsquo;avance.<\/li>\n<\/ul>\n\n<p>Les options d&rsquo;exp\u00e9dition et les frais associ\u00e9s seront indiqu\u00e9s lors de la commande en fonction des d\u00e9tails de la commande et de l&rsquo;adresse de livraison.<\/p>\n\n<p>Veuillez noter que certains colis volumineux peuvent subir des retards de livraison dus \u00e0 la logistique du service de messagerie.<\/p>\n\n<p>Pour un enl\u00e8vement local, nous conviendrons d&rsquo;une heure d&rsquo;enl\u00e8vement pratique une fois que la commande aura \u00e9t\u00e9 marqu\u00e9e comme \u00e9tant termin\u00e9e.<\/p>\n\n<p><strong>Adresse d&rsquo;enl\u00e8vement locale :<\/strong><br\/>Piezas Bitfab<br\/>Calle Pajaritos 12<br\/>28007 Madrid, Espagne<\/p>\n\n<h2 class=\"wp-block-heading\">D\u00e9lai de traitement des commandes<\/h2>\n\n<p>Le traitement des commandes peut prendre jusqu&rsquo;\u00e0 <strong>7 jours ouvrables<\/strong>, en fonction de la disponibilit\u00e9 des stocks, de la demande et des conditions de production actuelles.<\/p>\n\n<h2 class=\"wp-block-heading\">Service de d\u00e9coupe sur mesure<\/h2>\n\n<p>Nous proposons des services de d\u00e9coupe gratuits pour tous nos profils en aluminium.<\/p>\n\n<p>La tol\u00e9rance de coupe est de \u00b1 1 mm.<\/p>\n\n<h2 class=\"wp-block-heading\">Modes de paiement<\/h2>\n\n<p>Nous acceptons plusieurs m\u00e9thodes de paiement, y compris :<\/p>\n\n<ul class=\"wp-block-list\">\n<li>Carte de cr\u00e9dit<\/li>\n\n\n\n<li>PayPal<\/li>\n\n\n\n<li>Virement bancaire<\/li>\n<\/ul>\n\n<p><strong>Conditions de paiement :<\/strong> Toutes les commandes doivent \u00eatre pay\u00e9es \u00e0 l&rsquo;avance avant le d\u00e9but de la production.<\/p>\n\n<h2 class=\"wp-block-heading\">Politique de retour et d&rsquo;annulation<\/h2>\n\n<h3 class=\"wp-block-heading\">Droit de r\u00e9tractation<\/h3>\n\n<p>Conform\u00e9ment \u00e0 la l\u00e9gislation en vigueur, vous avez le droit de renoncer \u00e0 votre achat dans un d\u00e9lai de <strong>14 jours calendaires<\/strong> \u00e0 compter de la r\u00e9ception de la commande, sans avoir \u00e0 vous justifier et sans p\u00e9nalit\u00e9.<\/p>\n\n<ul class=\"wp-block-list\">\n<li>Pour obtenir un remboursement complet, le produit doit \u00eatre retourn\u00e9 dans son emballage d&rsquo;origine, non ouvert et en parfait \u00e9tat.<\/li>\n\n\n\n<li>Si le produit a \u00e9t\u00e9 ouvert ou manipul\u00e9, nous \u00e9valuerons toute perte de valeur et ajusterons le remboursement en cons\u00e9quence.<\/li>\n\n\n\n<li>Le droit de r\u00e9tractation <strong>ne<\/strong> s&rsquo;applique <strong>pas<\/strong> aux produits personnalis\u00e9s ou d\u00e9coup\u00e9s sur mesure.<\/li>\n<\/ul>\n\n<h3 class=\"wp-block-heading\">Conditions de retour<\/h3>\n\n<p>Le produit doit \u00eatre retourn\u00e9 dans son \u00e9tat d&rsquo;origine, sans dommages, marques ou modifications.<\/p>\n\n<ul class=\"wp-block-list\">\n<li>Les retours doivent \u00eatre effectu\u00e9s dans un d\u00e9lai de 14 jours calendaires \u00e0 compter de la date \u00e0 laquelle vous avez fait part de votre intention de retourner le produit.<\/li>\n\n\n\n<li>Les frais de retour sont \u00e0 la charge du client.<\/li>\n\n\n\n<li>Pour demander un retour, veuillez contacter notre service client\u00e8le.<\/li>\n<\/ul>\n\n<h3 class=\"wp-block-heading\">Remboursements<\/h3>\n\n<ul class=\"wp-block-list\">\n<li>Les remboursements seront effectu\u00e9s en utilisant la m\u00eame m\u00e9thode de paiement que celle utilis\u00e9e pour l&rsquo;achat.<\/li>\n\n\n\n<li>Les remboursements peuvent prendre entre 48 et 72 heures pour les paiements par carte ou PayPal. Pour les virements bancaires, les remboursements peuvent prendre jusqu&rsquo;\u00e0 48 heures ouvrables. <\/li>\n<\/ul>\n","protected":false},"excerpt":{"rendered":"<p>Exp\u00e9dition Les options d&rsquo;exp\u00e9dition pour nos produits sont les suivantes : Les options d&rsquo;exp\u00e9dition et les frais associ\u00e9s seront indiqu\u00e9s lors de la commande en fonction des d\u00e9tails de la commande et de l&rsquo;adresse de livraison. Veuillez noter que certains colis volumineux peuvent subir des retards de livraison dus \u00e0 la logistique du service de &#8230; <a title=\"Conditions d&rsquo;utilisation\" class=\"read-more\" href=\"https:\/\/bitfab.parts\/fr\/conditions-dutilisation\/\" aria-label=\"En savoir plus sur Conditions d&rsquo;utilisation\">Lire plus<\/a><\/p>\n","protected":false},"author":1,"featured_media":0,"parent":0,"menu_order":0,"comment_status":"closed","ping_status":"closed","template":"","meta":{"footnotes":""},"class_list":["post-391013","page","type-page","status-publish"],"yoast_head":"<!-- This site is optimized with the Yoast SEO plugin v27.2 - https:\/\/yoast.com\/product\/yoast-seo-wordpress\/ -->\n<title>Conditions d&#039;utilisation - Bitfab Parts<\/title>\n<meta name=\"robots\" content=\"noindex, nofollow\" \/>\n<meta property=\"og:locale\" content=\"fr_FR\" \/>\n<meta property=\"og:type\" content=\"article\" \/>\n<meta property=\"og:title\" content=\"Conditions d&#039;utilisation - Bitfab Parts\" \/>\n<meta property=\"og:description\" content=\"Exp\u00e9dition Les options d&rsquo;exp\u00e9dition pour nos produits sont les suivantes : Les options d&rsquo;exp\u00e9dition et les frais associ\u00e9s seront indiqu\u00e9s lors de la commande en fonction des d\u00e9tails de la commande et de l&rsquo;adresse de livraison. Veuillez noter que certains colis volumineux peuvent subir des retards de livraison dus \u00e0 la logistique du service de ... Lire plus\" \/>\n<meta property=\"og:url\" content=\"https:\/\/bitfab.parts\/fr\/conditions-dutilisation\/\" \/>\n<meta property=\"og:site_name\" content=\"Bitfab Parts\" \/>\n<meta property=\"article:modified_time\" content=\"2025-06-21T18:39:26+00:00\" \/>\n<meta name=\"twitter:card\" content=\"summary_large_image\" \/>\n<meta name=\"twitter:label1\" content=\"Dur\u00e9e de lecture estim\u00e9e\" \/>\n\t<meta name=\"twitter:data1\" content=\"2 minutes\" \/>\n<script type=\"application\/ld+json\" class=\"yoast-schema-graph\">{\"@context\":\"https:\/\/schema.org\",\"@graph\":[{\"@type\":\"WebPage\",\"@id\":\"https:\/\/bitfab.parts\/fr\/conditions-dutilisation\/\",\"url\":\"https:\/\/bitfab.parts\/fr\/conditions-dutilisation\/\",\"name\":\"Conditions d'utilisation - Bitfab Parts\",\"isPartOf\":{\"@id\":\"https:\/\/bitfab.parts\/fr\/#website\"},\"datePublished\":\"2024-01-07T19:16:51+00:00\",\"dateModified\":\"2025-06-21T18:39:26+00:00\",\"breadcrumb\":{\"@id\":\"https:\/\/bitfab.parts\/fr\/conditions-dutilisation\/#breadcrumb\"},\"inLanguage\":\"fr-FR\",\"potentialAction\":[{\"@type\":\"ReadAction\",\"target\":[\"https:\/\/bitfab.parts\/fr\/conditions-dutilisation\/\"]}]},{\"@type\":\"BreadcrumbList\",\"@id\":\"https:\/\/bitfab.parts\/fr\/conditions-dutilisation\/#breadcrumb\",\"itemListElement\":[{\"@type\":\"ListItem\",\"position\":1,\"name\":\"Home\",\"item\":\"https:\/\/bitfab.parts\/fr\/\"},{\"@type\":\"ListItem\",\"position\":2,\"name\":\"Conditions d&#8217;utilisation\"}]},{\"@type\":\"WebSite\",\"@id\":\"https:\/\/bitfab.parts\/fr\/#website\",\"url\":\"https:\/\/bitfab.parts\/fr\/\",\"name\":\"Bitfab Parts\",\"description\":\"Custom cut aluminum profile\",\"publisher\":{\"@id\":\"https:\/\/bitfab.parts\/fr\/#organization\"},\"potentialAction\":[{\"@type\":\"SearchAction\",\"target\":{\"@type\":\"EntryPoint\",\"urlTemplate\":\"https:\/\/bitfab.parts\/fr\/?s={search_term_string}\"},\"query-input\":{\"@type\":\"PropertyValueSpecification\",\"valueRequired\":true,\"valueName\":\"search_term_string\"}}],\"inLanguage\":\"fr-FR\"},{\"@type\":\"Organization\",\"@id\":\"https:\/\/bitfab.parts\/fr\/#organization\",\"name\":\"Bitfab Parts\",\"url\":\"https:\/\/bitfab.parts\/fr\/\",\"logo\":{\"@type\":\"ImageObject\",\"inLanguage\":\"fr-FR\",\"@id\":\"https:\/\/bitfab.parts\/fr\/#\/schema\/logo\/image\/\",\"url\":\"https:\/\/bitfab.parts\/wp-content\/uploads\/2023\/11\/cropped-rectangle_1000x500_without_background.png\",\"contentUrl\":\"https:\/\/bitfab.parts\/wp-content\/uploads\/2023\/11\/cropped-rectangle_1000x500_without_background.png\",\"width\":1000,\"height\":369,\"caption\":\"Bitfab Parts\"},\"image\":{\"@id\":\"https:\/\/bitfab.parts\/fr\/#\/schema\/logo\/image\/\"}}]}<\/script>\n<!-- \/ Yoast SEO plugin. -->","yoast_head_json":{"title":"Conditions d'utilisation - Bitfab Parts","robots":{"index":"noindex","follow":"nofollow"},"og_locale":"fr_FR","og_type":"article","og_title":"Conditions d'utilisation - Bitfab Parts","og_description":"Exp\u00e9dition Les options d&rsquo;exp\u00e9dition pour nos produits sont les suivantes : Les options d&rsquo;exp\u00e9dition et les frais associ\u00e9s seront indiqu\u00e9s lors de la commande en fonction des d\u00e9tails de la commande et de l&rsquo;adresse de livraison. Veuillez noter que certains colis volumineux peuvent subir des retards de livraison dus \u00e0 la logistique du service de ... Lire plus","og_url":"https:\/\/bitfab.parts\/fr\/conditions-dutilisation\/","og_site_name":"Bitfab Parts","article_modified_time":"2025-06-21T18:39:26+00:00","twitter_card":"summary_large_image","twitter_misc":{"Dur\u00e9e de lecture estim\u00e9e":"2 minutes"},"schema":{"@context":"https:\/\/schema.org","@graph":[{"@type":"WebPage","@id":"https:\/\/bitfab.parts\/fr\/conditions-dutilisation\/","url":"https:\/\/bitfab.parts\/fr\/conditions-dutilisation\/","name":"Conditions d'utilisation - Bitfab Parts","isPartOf":{"@id":"https:\/\/bitfab.parts\/fr\/#website"},"datePublished":"2024-01-07T19:16:51+00:00","dateModified":"2025-06-21T18:39:26+00:00","breadcrumb":{"@id":"https:\/\/bitfab.parts\/fr\/conditions-dutilisation\/#breadcrumb"},"inLanguage":"fr-FR","potentialAction":[{"@type":"ReadAction","target":["https:\/\/bitfab.parts\/fr\/conditions-dutilisation\/"]}]},{"@type":"BreadcrumbList","@id":"https:\/\/bitfab.parts\/fr\/conditions-dutilisation\/#breadcrumb","itemListElement":[{"@type":"ListItem","position":1,"name":"Home","item":"https:\/\/bitfab.parts\/fr\/"},{"@type":"ListItem","position":2,"name":"Conditions d&#8217;utilisation"}]},{"@type":"WebSite","@id":"https:\/\/bitfab.parts\/fr\/#website","url":"https:\/\/bitfab.parts\/fr\/","name":"Bitfab Parts","description":"Custom cut aluminum profile","publisher":{"@id":"https:\/\/bitfab.parts\/fr\/#organization"},"potentialAction":[{"@type":"SearchAction","target":{"@type":"EntryPoint","urlTemplate":"https:\/\/bitfab.parts\/fr\/?s={search_term_string}"},"query-input":{"@type":"PropertyValueSpecification","valueRequired":true,"valueName":"search_term_string"}}],"inLanguage":"fr-FR"},{"@type":"Organization","@id":"https:\/\/bitfab.parts\/fr\/#organization","name":"Bitfab Parts","url":"https:\/\/bitfab.parts\/fr\/","logo":{"@type":"ImageObject","inLanguage":"fr-FR","@id":"https:\/\/bitfab.parts\/fr\/#\/schema\/logo\/image\/","url":"https:\/\/bitfab.parts\/wp-content\/uploads\/2023\/11\/cropped-rectangle_1000x500_without_background.png","contentUrl":"https:\/\/bitfab.parts\/wp-content\/uploads\/2023\/11\/cropped-rectangle_1000x500_without_background.png","width":1000,"height":369,"caption":"Bitfab Parts"},"image":{"@id":"https:\/\/bitfab.parts\/fr\/#\/schema\/logo\/image\/"}}]}},"_links":{"self":[{"href":"https:\/\/bitfab.parts\/fr\/wp-json\/wp\/v2\/pages\/391013","targetHints":{"allow":["GET"]}}],"collection":[{"href":"https:\/\/bitfab.parts\/fr\/wp-json\/wp\/v2\/pages"}],"about":[{"href":"https:\/\/bitfab.parts\/fr\/wp-json\/wp\/v2\/types\/page"}],"author":[{"embeddable":true,"href":"https:\/\/bitfab.parts\/fr\/wp-json\/wp\/v2\/users\/1"}],"replies":[{"embeddable":true,"href":"https:\/\/bitfab.parts\/fr\/wp-json\/wp\/v2\/comments?post=391013"}],"version-history":[{"count":2,"href":"https:\/\/bitfab.parts\/fr\/wp-json\/wp\/v2\/pages\/391013\/revisions"}],"predecessor-version":[{"id":391565,"href":"https:\/\/bitfab.parts\/fr\/wp-json\/wp\/v2\/pages\/391013\/revisions\/391565"}],"wp:attachment":[{"href":"https:\/\/bitfab.parts\/fr\/wp-json\/wp\/v2\/media?parent=391013"}],"curies":[{"name":"wp","href":"https:\/\/api.w.org\/{rel}","templated":true}]}}