{"id":391017,"date":"2024-01-07T19:52:07","date_gmt":"2024-01-07T18:52:07","guid":{"rendered":"https:\/\/bitfab.parts\/avis-juridique\/"},"modified":"2025-06-21T19:50:47","modified_gmt":"2025-06-21T18:50:47","slug":"avis-juridique","status":"publish","type":"page","link":"https:\/\/bitfab.parts\/fr\/avis-juridique\/","title":{"rendered":"Avis juridique"},"content":{"rendered":"\n<p>Cet avis l\u00e9gal r\u00e9git l&rsquo;utilisation du portail Internet BITFAB.PARTS et les relations avec la marque commerciale BITFAB, repr\u00e9sent\u00e9e par Diego Trapero Moreno (entrepreneur individuel) dont le si\u00e8ge social est situ\u00e9 Calle Campuzano 5 2B Madrid avec le NIF 05312825D et l&#8217;email de contact info@bitfab.parts (ci-apr\u00e8s \u00ab LA SOCIETE \u00bb).<\/p>\n\n<h2 class=\"wp-block-heading\">Politique en mati\u00e8re de cookies<\/h2>\n\n<p>Conform\u00e9ment aux dispositions de l&rsquo;article 22.2 de la loi sur les services de la soci\u00e9t\u00e9 de l&rsquo;information et le commerce \u00e9lectronique (ci-apr\u00e8s LSSICE), et conform\u00e9ment \u00e0 la directive europ\u00e9enne 2009\/136\/CE, LA SOCIETE vous informe que certains des services offerts par le site web utilisent des cookies.<\/p>\n\n<p>Dans les pr\u00e9sentes conditions d&rsquo;utilisation, vous serez clairement inform\u00e9 du type de cookies et de leur finalit\u00e9, mais si l&rsquo;utilisateur souhaite obtenir davantage d&rsquo;informations \u00e0 leur sujet, il peut envoyer un courrier \u00e9lectronique \u00e0 l&rsquo;adresse suivante : info@bitfab.io.<\/p>\n\n<p>Les cookies sont de petits fichiers stock\u00e9s sur l&rsquo;appareil que l&rsquo;utilisateur utilise pour naviguer sur Internet, et sont destin\u00e9s \u00e0 stocker des informations de diff\u00e9rentes natures : fr\u00e9quence des visites sur le site Internet de L&rsquo;ENTREPRISE, pr\u00e9f\u00e9rences de navigation, informations d&rsquo;int\u00e9r\u00eat pour l&rsquo;utilisateur, etc. Ces informations permettront \u00e0 l&rsquo;entreprise d&rsquo;am\u00e9liorer la qualit\u00e9 et la fonctionnalit\u00e9 du site bitfab.parts. <\/p>\n\n<p>Les cookies sont indispensables au bon fonctionnement d&rsquo;Internet et sont activ\u00e9s dans les param\u00e8tres du navigateur, ce qui permet d&rsquo;identifier et de r\u00e9soudre les \u00e9ventuelles erreurs de fonctionnement du site web. En fonction de la finalit\u00e9 du traitement des donn\u00e9es obtenues par le biais des cookies, ceux-ci peuvent \u00eatre trouv\u00e9s : <\/p>\n\n<ul class=\"wp-block-list\">\n<li>Cookies techniques : ils permettent \u00e0 l&rsquo;utilisateur de naviguer sur un site web, une plateforme ou une application et d&rsquo;utiliser les options ou les services qui y sont propos\u00e9s.<\/li>\n\n\n\n<li>Cookies de personnalisation : ils permettent \u00e0 l&rsquo;utilisateur d&rsquo;acc\u00e9der \u00e0 des services dont les caract\u00e9ristiques g\u00e9n\u00e9rales sont pr\u00e9d\u00e9finies en fonction d&rsquo;une s\u00e9rie de crit\u00e8res dans le terminal de l&rsquo;utilisateur.<\/li>\n\n\n\n<li>Cookies d&rsquo;analyse : ils permettent de suivre et d&rsquo;analyser le comportement des utilisateurs du site web auquel ils sont li\u00e9s. Ces donn\u00e9es sont utilis\u00e9es pour mesurer l&rsquo;activit\u00e9 des sites web, des applications ou des plateformes, et pour cr\u00e9er des profils de navigation. <\/li>\n\n\n\n<li>Cookies publicitaires : ils permettent de g\u00e9rer efficacement les espaces publicitaires, afin d&rsquo;obtenir un contenu publicitaire particuli\u00e8rement personnalis\u00e9 pour l&rsquo;utilisateur.<\/li>\n\n\n\n<li>Cookies de r\u00e9seaux sociaux externes : ils sont utilis\u00e9s pour que les visiteurs de ces plates-formes puissent interagir avec le contenu de celles-ci, g\u00e9n\u00e9r\u00e9 exclusivement pour les utilisateurs de ces r\u00e9seaux.<\/li>\n<\/ul>\n\n<p>En outre, LA COMPAGNIE vous informe qu&rsquo;elle utilise les types de cookies suivants :<\/p>\n\n<ul class=\"wp-block-list\">\n<li>Cookies propres : ils sont envoy\u00e9s \u00e0 l&rsquo;ordinateur de l&rsquo;Utilisateur et g\u00e9r\u00e9s exclusivement par LA COMPAGNIE, dans le but d&rsquo;am\u00e9liorer le fonctionnement du site Internet. Les informations collect\u00e9es sont utilis\u00e9es afin d&rsquo;am\u00e9liorer la qualit\u00e9 des services fournis, ainsi que l&rsquo;exp\u00e9rience v\u00e9cue par l&rsquo;Utilisateur lorsqu&rsquo;il visite le site Internet. Ces cookies resteront dans le navigateur de l&rsquo;Utilisateur le temps n\u00e9cessaire pour reconna\u00eetre l&rsquo;Utilisateur en tant que visiteur du site Internet et pour adapter le contenu aux pr\u00e9f\u00e9rences de l&rsquo;Utilisateur.  <\/li>\n\n\n\n<li>Cookies analytiques de tiers : le site utilise le service Google Analytics, fourni par Google Inc, une soci\u00e9t\u00e9 du Delaware dont le si\u00e8ge social est situ\u00e9 au 1600 Amphitheatre Parkway, Mountain View (California), CA 94043, \u00c9tats-Unis (ci-apr\u00e8s, Google). Les informations g\u00e9n\u00e9r\u00e9es par ces cookies concernant votre utilisation du site web seront transmises et stock\u00e9es par Google sur ses serveurs aux Etats-Unis. Google utilisera ces informations pour le compte de LA COMPAGNIE dans le but de suivre les habitudes d&rsquo;utilisation de l&rsquo;Utilisateur sur le site, de compiler des rapports d&rsquo;activit\u00e9 et de fournir des services li\u00e9s \u00e0 l&rsquo;activit\u00e9 sur le site. Google n&rsquo;associera pas l&rsquo;adresse IP de l&rsquo;Utilisateur \u00e0 toute autre donn\u00e9e d\u00e9tenue par l&rsquo;Utilisateur.<\/li>\n\n\n\n<li>Cookies provenant de r\u00e9seaux sociaux externes :\n<ul class=\"wp-block-list\">\n<li>Twitter : fournit des boutons et d&rsquo;autres fonctionnalit\u00e9s \u00e0 LA COMPAGNIE afin que l&rsquo;Utilisateur puisse partager des liens vers le site web sur son profil social. Les informations envoy\u00e9es en dehors de l&rsquo;Union europ\u00e9enne \u00e0 Twitter, relatives aux pages que vous avez visit\u00e9es ou aux int\u00e9r\u00eats que vous avez exprim\u00e9s, sont utilis\u00e9es par Twitter comme sp\u00e9cifi\u00e9 dans ses politiques de confidentialit\u00e9. <\/li>\n\n\n\n<li>Facebook : cela d\u00e9pend de vos conditions d&rsquo;utilisation et de vos politiques.<\/li>\n\n\n\n<li>Linkedin : d\u00e9pendra de ses conditions et politiques d&rsquo;utilisation.<\/li>\n<\/ul>\n<\/li>\n\n\n\n<li>L&rsquo;Utilisateur doit \u00eatre conscient d\u00e8s le d\u00e9part que la COMPAGNIE n&rsquo;est pas responsable du contenu, de l&rsquo;actualit\u00e9 et de l&rsquo;exactitude de la Politique de Cookies, de la Politique de Confidentialit\u00e9 ou des Termes et Conditions d&rsquo;Utilisation des tiers inclus dans les liens ci-dessus.<\/li>\n<\/ul>\n\n<p>L&rsquo;Utilisateur montrera son consentement \u00e0 LA COMPAGNIE concernant l&rsquo;utilisation des cookies susmentionn\u00e9s, en naviguant et en continuant sur le site web, sous les conditions d\u00e9crites dans cette Politique de Cookies.<\/p>\n\n<p>Dans le cas o\u00f9 l&rsquo;Utilisateur souhaite d\u00e9sactiver et bloquer les cookies, la SOCI\u00c9T\u00c9, conform\u00e9ment aux r\u00e9glementations l\u00e9gales en vigueur, fournit les informations n\u00e9cessaires qui permettront \u00e0 l&rsquo;Utilisateur de configurer le navigateur Internet pour maintenir la confidentialit\u00e9 et la s\u00e9curit\u00e9 en ce qui concerne ces fichiers. Pour cette raison, vous recevrez les informations n\u00e9cessaires et les liens vers les sites officiels d&rsquo;assistance technique des principaux navigateurs pour d\u00e9cider si vous souhaitez ou non accepter l&rsquo;utilisation de cookies. Cependant, l&rsquo;Utilisateur doit \u00eatre conscient que LA SOCIETE ne sera pas tenue responsable de toute d\u00e9ficience \u00e9ventuelle qu&rsquo;il pourrait subir dans son exp\u00e9rience de navigation sur le site Web, \u00e9tant donn\u00e9 que la d\u00e9sactivation ou le blocage de certains cookies peut provoquer des erreurs ou une mauvaise navigation.  <\/p>\n\n<ul class=\"wp-block-list\">\n<li>Microsoft Internet Explorer : cliquez sur l&rsquo;option de menu \u00ab Outils \u00bb, puis sur \u00ab Options Internet \u00bb, puis sur \u00ab Confidentialit\u00e9 \u00bb et enfin sur \u00ab Param\u00e8tres \u00bb. Lien utile. <\/li>\n\n\n\n<li>Firefox : allez dans le menu \u00ab Outils \u00bb, puis \u00ab Options \u00bb, puis \u00ab Vie priv\u00e9e \u00bb et enfin \u00ab Cookies \u00bb. Lien d&rsquo;int\u00e9r\u00eat. <\/li>\n\n\n\n<li>Google Chrome : vous devez aller dans la section \u00ab Options \u00bb, puis \u00ab Options avanc\u00e9es \u00bb et enfin \u00ab Vie priv\u00e9e \u00bb. Lien d&rsquo;int\u00e9r\u00eat. <\/li>\n\n\n\n<li>Opera : vous devez vous rendre dans l&rsquo;option \u00ab S\u00e9curit\u00e9 et confidentialit\u00e9 \u00bb, o\u00f9 vous trouverez les options de configuration du navigateur n\u00e9cessaires. Lien int\u00e9ressant. <\/li>\n<\/ul>\n\n<p>Enfin, il est possible que LA COMPAGNIE mette \u00e0 jour \u00e0 un moment donn\u00e9, et sans pr\u00e9avis, la Politique de Cookies du site web, auquel cas la date de mise \u00e0 jour des Termes et Conditions d&rsquo;Utilisation du site web serait modifi\u00e9e de la m\u00eame mani\u00e8re, de sorte que l&rsquo;Utilisateur puisse savoir \u00e0 quel moment ledit changement a eu lieu. L&rsquo;entr\u00e9e en vigueur de ces modifications sera d\u00e9termin\u00e9e par la date de mise \u00e0 jour susmentionn\u00e9e. <\/p>\n\n<h2 class=\"wp-block-heading\">Politique de confidentialit\u00e9<\/h2>\n\n<p>Conform\u00e9ment \u00e0 l&rsquo;article 5 de la loi organique 15\/1999, du 13 d\u00e9cembre, sur la protection des donn\u00e9es \u00e0 caract\u00e8re personnel, l&rsquo;utilisateur est inform\u00e9 de l&rsquo;inclusion de ses donn\u00e9es dans le fichier \u00ab Contacts, clients et utilisateurs \u00bb, propri\u00e9t\u00e9 de Bitfab, dont l&rsquo;objectif est de g\u00e9rer l&rsquo;agenda des contacts de l&rsquo;entreprise, ainsi que de communiquer des actions commerciales et des actions d&rsquo;int\u00e9r\u00eat pour l&rsquo;utilisateur. Vous pouvez exercer vos droits d&rsquo;acc\u00e8s, de rectification, d&rsquo;annulation et d&rsquo;opposition, dans les termes \u00e9tablis par la l\u00e9gislation en vigueur, en envoyant un courrier \u00e9lectronique \u00e0 Bitfab, C\/ Pajaritos 12 (Madrid) C.P. 28007, ou en envoyant un courrier \u00e9lectronique \u00e0 info@bitfab.io en indiquant \u00ab Droits ARCO \u00bb dans l&rsquo;objet du message. <\/p>\n\n<p>En cas d&rsquo;exercice des Droits ARCO par l&rsquo;Utilisateur, dans la notification envoy\u00e9e \u00e0 LA COMPAGNIE, \u00e0 la fois \u00e0 l&rsquo;adresse fournie et \u00e0 l&rsquo;adresse e-mail, il\/elle doit joindre une photocopie de sa carte d&rsquo;identit\u00e9 ou d&rsquo;un document d&rsquo;identification ayant une valeur probante similaire, ou un type reconnu de certificat \u00e9lectronique, qui permet sa validation sans frais, pour signer la communication.<\/p>\n\n<p>Cette politique de confidentialit\u00e9 se r\u00e9f\u00e8re au site Internet de la COMPAGNIE, et non aux politiques de tiers apparaissant sur le site Internet ou le blog, ou exploitant des sites Internet qui contiennent des liens vers le site Internet de la COMPAGNIE, pour lesquels la COMPAGNIE n&rsquo;est pas responsable des cons\u00e9quences possibles de l&rsquo;activit\u00e9 de l&rsquo;Utilisateur dans le cadre de ces politiques.<\/p>\n\n<p>Le traitement que la COMPAGNIE effectue sur les donn\u00e9es personnelles collect\u00e9es aupr\u00e8s des Utilisateurs se fera exclusivement dans le but indiqu\u00e9 dans la clause d?information pr\u00e9c\u00e9dente, c?est-\u00e0-dire pour pouvoir ex\u00e9cuter de mani\u00e8re satisfaisante la relation contractuelle qui est conclue entre l?Utilisateur et la COMPAGNIE par le biais des Termes et Conditions d?utilisation. Entre autres, les objectifs suivants : <\/p>\n\n<ul class=\"wp-block-list\">\n<li>R\u00e9pondez \u00e0 leurs questions et \u00e0 leurs demandes.<\/li>\n\n\n\n<li>Fournir des informations sur les services offerts par LA SOCI\u00c9T\u00c9 sur son site Web, ainsi que sur des \u00e9v\u00e9nements de diverses natures ou des mises \u00e0 jour sur Actualidad Jur\u00eddica.<\/li>\n\n\n\n<li>Pour vous informer des modifications qui peuvent \u00eatre apport\u00e9es aux pr\u00e9sentes conditions d&rsquo;utilisation.<\/li>\n\n\n\n<li>Personnaliser l&rsquo;exp\u00e9rience de l&rsquo;utilisateur lors de son activit\u00e9 sur le site web en lui pr\u00e9sentant un contenu personnalis\u00e9.<\/li>\n\n\n\n<li>Permettre \u00e0 l&rsquo;utilisateur d&rsquo;interagir et de participer au contenu interactif offert par le site web.<\/li>\n<\/ul>\n\n<p>Les informations relatives \u00e0 l&rsquo;utilisateur seront conserv\u00e9es pendant la p\u00e9riode n\u00e9cessaire \u00e0 la r\u00e9alisation des objectifs \u00e9nonc\u00e9s dans la pr\u00e9sente politique de protection de la vie priv\u00e9e, \u00e0 moins qu&rsquo;une p\u00e9riode plus longue ne soit requise, ou qu&rsquo;elle ne soit autoris\u00e9e ou exig\u00e9e par la loi.<\/p>\n\n<p>Enfin, LA COMPAGNIE recommande \u00e0 l&rsquo;Utilisateur de s&rsquo;abstenir d&rsquo;envoyer des informations personnelles sensibles (telles que les croyances religieuses, la race, les donn\u00e9es de sant\u00e9, etc.), \u00e9tant donn\u00e9 qu&rsquo;elles ne seront \u00e0 aucun moment demand\u00e9es par le site Internet, \u00e0 moins qu&rsquo;elles ne soient n\u00e9cessaires \u00e0 la bonne ex\u00e9cution de la pr\u00e9sente relation contractuelle.<\/p>\n\n<p>Les moyens par lesquels LA COMPAGNIE peut collecter des donn\u00e9es personnelles aupr\u00e8s des Utilisateurs sont les suivants :<\/p>\n\n<ul class=\"wp-block-list\">\n<li>Formulaires de contact et courrier \u00e9lectronique : La COMPAGNIE met \u00e0 la disposition de l&rsquo;Utilisateur des formulaires de contact concernant certains services fournis sur le site Internet. Les donn\u00e9es personnelles que l&rsquo;Utilisateur consent \u00e0 fournir par lesdits moyens de contact seront trait\u00e9es automatiquement et incorpor\u00e9es dans le fichier correspondant, dont LA COMPAGNIE est responsable. L?objectif de cette collecte de donn\u00e9es, et le traitement qui en d\u00e9coule, est de r\u00e9soudre la question ou le service demand\u00e9, que l?Utilisateur a voulu que la COMPAGNIE g\u00e8re, par le biais d?une telle communication.  <\/li>\n\n\n\n<li>R\u00e9seaux sociaux : L&rsquo;ENTREPRISE a des profils sur les principaux r\u00e9seaux sociaux (Twitter, Facebook, LinkedIn), chacune des plateformes ou r\u00e9seaux sociaux \u00e9tant responsable du traitement de ces donn\u00e9es en ce qui concerne les adeptes ou abonn\u00e9s que ces profils ont dans chaque cas. Le traitement de donn\u00e9es effectu\u00e9 sera celui que le r\u00e9seau social lui-m\u00eame permet aux profils d&rsquo;entreprise d&rsquo;effectuer, entre autres, pour informer sur leurs activit\u00e9s, s\u00e9minaires, publications, offres ou m\u00eame pour fournir des services \u00e0 des clients potentiels. Et dans tous les cas, en respectant les conditions d&rsquo;utilisation de chacune des plateformes ou r\u00e9seaux sociaux.  <\/li>\n\n\n\n<li>Bulletins, Newsletters ou e-mail : parmi d&rsquo;autres services, LA COMPAGNIE offre aux Utilisateurs la possibilit\u00e9 de s&rsquo;abonner \u00e0 une newsletter concernant les activit\u00e9s, les publications ou les pr\u00e9sentations que LA COMPAGNIE pr\u00e9voit de r\u00e9aliser. Cet envoi sera automatique et gratuit pour l&rsquo;Utilisateur, qui pourra se d\u00e9sabonner \u00e0 tout moment. <\/li>\n\n\n\n<li>Actions promotionnelles : les donn\u00e9es que l&rsquo;Utilisateur consent \u00e0 envoyer \u00e0 LA SOCI\u00c9T\u00c9 parce qu&rsquo;il\/elle est int\u00e9ress\u00e9(e) \u00e0 participer \u00e0 ces \u00e9v\u00e9nements, seront trait\u00e9es exclusivement dans le but indiqu\u00e9 dans chaque action.<\/li>\n\n\n\n<li>Emploi, bourses, stages : L&rsquo;ENTREPRISE met \u00e0 la disposition des personnes int\u00e9ress\u00e9es \u00e0 acc\u00e9der \u00e0 une offre d&#8217;emploi ou de formation\/stages\/bourses d&rsquo;\u00e9tudes une s\u00e9rie de m\u00e9canismes de contact sur le site web, par cons\u00e9quent, seules les communications effectu\u00e9es par le biais de ces moyens seront valoris\u00e9es. Les demandes seront \u00e9galement prises en compte si elles proviennent des moyens disponibles dans les zones d&#8217;emploi et de stage des sites web de l&rsquo;universit\u00e9. Les candidatures qui ne respectent pas ces canaux de contact fournis par L&rsquo;ENTREPRISE seront rejet\u00e9es et d\u00e9truites d\u00e8s leur r\u00e9ception. De m\u00eame, le candidat \u00e0 la candidature donnera son consentement \u00e0 ce que L&rsquo;ENTREPRISE analyse les informations envoy\u00e9es dans sa candidature, lors de l&rsquo;entretien d&#8217;embauche, dans les profils sociaux des r\u00e9seaux professionnels ou les informations directement accessibles par le biais des moteurs de recherche, afin d&rsquo;\u00e9valuer efficacement la candidature. Dans le cas o\u00f9 le candidat n&rsquo;est pas s\u00e9lectionn\u00e9, et sauf opposition expresse du candidat, LA COMPAGNIE conservera le CV pour l&rsquo;\u00e9valuer dans le cadre d&rsquo;offres futures.    <\/li>\n\n\n\n<li>Cookies : il s&rsquo;agit de fichiers cr\u00e9\u00e9s dans le navigateur de l&rsquo;Utilisateur pour enregistrer son activit\u00e9 sur le site web de l&rsquo;ENTREPRISE, et pour rendre la navigation aussi efficace et personnalis\u00e9e que possible par rapport aux habitudes exprim\u00e9es par l&rsquo;Utilisateur. Types de cookies install\u00e9s (techniques), nom des cookies, objectif, politiques sp\u00e9cifiques des entit\u00e9s dont nous installons les cookies. <\/li>\n<\/ul>\n","protected":false},"excerpt":{"rendered":"<p>Cet avis l\u00e9gal r\u00e9git l&rsquo;utilisation du portail Internet BITFAB.PARTS et les relations avec la marque commerciale BITFAB, repr\u00e9sent\u00e9e par Diego Trapero Moreno (entrepreneur individuel) dont le si\u00e8ge social est situ\u00e9 Calle Campuzano 5 2B Madrid avec le NIF 05312825D et l&#8217;email de contact info@bitfab.parts (ci-apr\u00e8s \u00ab LA SOCIETE \u00bb). Politique en mati\u00e8re de cookies Conform\u00e9ment &#8230; <a title=\"Avis juridique\" class=\"read-more\" href=\"https:\/\/bitfab.parts\/fr\/avis-juridique\/\" aria-label=\"En savoir plus sur Avis juridique\">Lire plus<\/a><\/p>\n","protected":false},"author":1,"featured_media":0,"parent":0,"menu_order":0,"comment_status":"closed","ping_status":"closed","template":"","meta":{"footnotes":""},"class_list":["post-391017","page","type-page","status-publish"],"yoast_head":"<!-- This site is optimized with the Yoast SEO plugin v27.2 - https:\/\/yoast.com\/product\/yoast-seo-wordpress\/ -->\n<title>Avis juridique - Bitfab Parts<\/title>\n<meta name=\"robots\" content=\"noindex, nofollow\" \/>\n<meta property=\"og:locale\" content=\"fr_FR\" \/>\n<meta property=\"og:type\" content=\"article\" \/>\n<meta property=\"og:title\" content=\"Avis juridique - Bitfab Parts\" \/>\n<meta property=\"og:description\" content=\"Cet avis l\u00e9gal r\u00e9git l&rsquo;utilisation du portail Internet BITFAB.PARTS et les relations avec la marque commerciale BITFAB, repr\u00e9sent\u00e9e par Diego Trapero Moreno (entrepreneur individuel) dont le si\u00e8ge social est situ\u00e9 Calle Campuzano 5 2B Madrid avec le NIF 05312825D et l&#8217;email de contact info@bitfab.parts (ci-apr\u00e8s \u00ab LA SOCIETE \u00bb). Politique en mati\u00e8re de cookies Conform\u00e9ment ... Lire plus\" \/>\n<meta property=\"og:url\" content=\"https:\/\/bitfab.parts\/fr\/avis-juridique\/\" \/>\n<meta property=\"og:site_name\" content=\"Bitfab Parts\" \/>\n<meta property=\"article:modified_time\" content=\"2025-06-21T18:50:47+00:00\" \/>\n<meta name=\"twitter:card\" content=\"summary_large_image\" \/>\n<meta name=\"twitter:label1\" content=\"Dur\u00e9e de lecture estim\u00e9e\" \/>\n\t<meta name=\"twitter:data1\" content=\"11 minutes\" \/>\n<script type=\"application\/ld+json\" class=\"yoast-schema-graph\">{\"@context\":\"https:\/\/schema.org\",\"@graph\":[{\"@type\":\"WebPage\",\"@id\":\"https:\/\/bitfab.parts\/fr\/avis-juridique\/\",\"url\":\"https:\/\/bitfab.parts\/fr\/avis-juridique\/\",\"name\":\"Avis juridique - Bitfab Parts\",\"isPartOf\":{\"@id\":\"https:\/\/bitfab.parts\/fr\/#website\"},\"datePublished\":\"2024-01-07T18:52:07+00:00\",\"dateModified\":\"2025-06-21T18:50:47+00:00\",\"breadcrumb\":{\"@id\":\"https:\/\/bitfab.parts\/fr\/avis-juridique\/#breadcrumb\"},\"inLanguage\":\"fr-FR\",\"potentialAction\":[{\"@type\":\"ReadAction\",\"target\":[\"https:\/\/bitfab.parts\/fr\/avis-juridique\/\"]}]},{\"@type\":\"BreadcrumbList\",\"@id\":\"https:\/\/bitfab.parts\/fr\/avis-juridique\/#breadcrumb\",\"itemListElement\":[{\"@type\":\"ListItem\",\"position\":1,\"name\":\"Home\",\"item\":\"https:\/\/bitfab.parts\/fr\/\"},{\"@type\":\"ListItem\",\"position\":2,\"name\":\"Avis juridique\"}]},{\"@type\":\"WebSite\",\"@id\":\"https:\/\/bitfab.parts\/fr\/#website\",\"url\":\"https:\/\/bitfab.parts\/fr\/\",\"name\":\"Bitfab Parts\",\"description\":\"Custom cut aluminum profile\",\"publisher\":{\"@id\":\"https:\/\/bitfab.parts\/fr\/#organization\"},\"potentialAction\":[{\"@type\":\"SearchAction\",\"target\":{\"@type\":\"EntryPoint\",\"urlTemplate\":\"https:\/\/bitfab.parts\/fr\/?s={search_term_string}\"},\"query-input\":{\"@type\":\"PropertyValueSpecification\",\"valueRequired\":true,\"valueName\":\"search_term_string\"}}],\"inLanguage\":\"fr-FR\"},{\"@type\":\"Organization\",\"@id\":\"https:\/\/bitfab.parts\/fr\/#organization\",\"name\":\"Bitfab Parts\",\"url\":\"https:\/\/bitfab.parts\/fr\/\",\"logo\":{\"@type\":\"ImageObject\",\"inLanguage\":\"fr-FR\",\"@id\":\"https:\/\/bitfab.parts\/fr\/#\/schema\/logo\/image\/\",\"url\":\"https:\/\/bitfab.parts\/wp-content\/uploads\/2023\/11\/cropped-rectangle_1000x500_without_background.png\",\"contentUrl\":\"https:\/\/bitfab.parts\/wp-content\/uploads\/2023\/11\/cropped-rectangle_1000x500_without_background.png\",\"width\":1000,\"height\":369,\"caption\":\"Bitfab Parts\"},\"image\":{\"@id\":\"https:\/\/bitfab.parts\/fr\/#\/schema\/logo\/image\/\"}}]}<\/script>\n<!-- \/ Yoast SEO plugin. -->","yoast_head_json":{"title":"Avis juridique - Bitfab Parts","robots":{"index":"noindex","follow":"nofollow"},"og_locale":"fr_FR","og_type":"article","og_title":"Avis juridique - Bitfab Parts","og_description":"Cet avis l\u00e9gal r\u00e9git l&rsquo;utilisation du portail Internet BITFAB.PARTS et les relations avec la marque commerciale BITFAB, repr\u00e9sent\u00e9e par Diego Trapero Moreno (entrepreneur individuel) dont le si\u00e8ge social est situ\u00e9 Calle Campuzano 5 2B Madrid avec le NIF 05312825D et l&#8217;email de contact info@bitfab.parts (ci-apr\u00e8s \u00ab LA SOCIETE \u00bb). Politique en mati\u00e8re de cookies Conform\u00e9ment ... Lire plus","og_url":"https:\/\/bitfab.parts\/fr\/avis-juridique\/","og_site_name":"Bitfab Parts","article_modified_time":"2025-06-21T18:50:47+00:00","twitter_card":"summary_large_image","twitter_misc":{"Dur\u00e9e de lecture estim\u00e9e":"11 minutes"},"schema":{"@context":"https:\/\/schema.org","@graph":[{"@type":"WebPage","@id":"https:\/\/bitfab.parts\/fr\/avis-juridique\/","url":"https:\/\/bitfab.parts\/fr\/avis-juridique\/","name":"Avis juridique - Bitfab Parts","isPartOf":{"@id":"https:\/\/bitfab.parts\/fr\/#website"},"datePublished":"2024-01-07T18:52:07+00:00","dateModified":"2025-06-21T18:50:47+00:00","breadcrumb":{"@id":"https:\/\/bitfab.parts\/fr\/avis-juridique\/#breadcrumb"},"inLanguage":"fr-FR","potentialAction":[{"@type":"ReadAction","target":["https:\/\/bitfab.parts\/fr\/avis-juridique\/"]}]},{"@type":"BreadcrumbList","@id":"https:\/\/bitfab.parts\/fr\/avis-juridique\/#breadcrumb","itemListElement":[{"@type":"ListItem","position":1,"name":"Home","item":"https:\/\/bitfab.parts\/fr\/"},{"@type":"ListItem","position":2,"name":"Avis juridique"}]},{"@type":"WebSite","@id":"https:\/\/bitfab.parts\/fr\/#website","url":"https:\/\/bitfab.parts\/fr\/","name":"Bitfab Parts","description":"Custom cut aluminum profile","publisher":{"@id":"https:\/\/bitfab.parts\/fr\/#organization"},"potentialAction":[{"@type":"SearchAction","target":{"@type":"EntryPoint","urlTemplate":"https:\/\/bitfab.parts\/fr\/?s={search_term_string}"},"query-input":{"@type":"PropertyValueSpecification","valueRequired":true,"valueName":"search_term_string"}}],"inLanguage":"fr-FR"},{"@type":"Organization","@id":"https:\/\/bitfab.parts\/fr\/#organization","name":"Bitfab Parts","url":"https:\/\/bitfab.parts\/fr\/","logo":{"@type":"ImageObject","inLanguage":"fr-FR","@id":"https:\/\/bitfab.parts\/fr\/#\/schema\/logo\/image\/","url":"https:\/\/bitfab.parts\/wp-content\/uploads\/2023\/11\/cropped-rectangle_1000x500_without_background.png","contentUrl":"https:\/\/bitfab.parts\/wp-content\/uploads\/2023\/11\/cropped-rectangle_1000x500_without_background.png","width":1000,"height":369,"caption":"Bitfab Parts"},"image":{"@id":"https:\/\/bitfab.parts\/fr\/#\/schema\/logo\/image\/"}}]}},"_links":{"self":[{"href":"https:\/\/bitfab.parts\/fr\/wp-json\/wp\/v2\/pages\/391017","targetHints":{"allow":["GET"]}}],"collection":[{"href":"https:\/\/bitfab.parts\/fr\/wp-json\/wp\/v2\/pages"}],"about":[{"href":"https:\/\/bitfab.parts\/fr\/wp-json\/wp\/v2\/types\/page"}],"author":[{"embeddable":true,"href":"https:\/\/bitfab.parts\/fr\/wp-json\/wp\/v2\/users\/1"}],"replies":[{"embeddable":true,"href":"https:\/\/bitfab.parts\/fr\/wp-json\/wp\/v2\/comments?post=391017"}],"version-history":[{"count":2,"href":"https:\/\/bitfab.parts\/fr\/wp-json\/wp\/v2\/pages\/391017\/revisions"}],"predecessor-version":[{"id":391572,"href":"https:\/\/bitfab.parts\/fr\/wp-json\/wp\/v2\/pages\/391017\/revisions\/391572"}],"wp:attachment":[{"href":"https:\/\/bitfab.parts\/fr\/wp-json\/wp\/v2\/media?parent=391017"}],"curies":[{"name":"wp","href":"https:\/\/api.w.org\/{rel}","templated":true}]}}