{"id":391117,"date":"2023-11-23T19:19:03","date_gmt":"2023-11-23T18:19:03","guid":{"rendered":"https:\/\/bitfab.parts\/product\/profile-en-aluminium-30x30-type-b\/"},"modified":"2024-12-29T12:04:48","modified_gmt":"2024-12-29T11:04:48","slug":"profile-en-aluminium-30x30-type-b","status":"publish","type":"product","link":"https:\/\/bitfab.parts\/fr\/produit\/profile-en-aluminium-30x30-type-b\/","title":{"rendered":"Profil\u00e9 en aluminium 30&#215;30 Type B"},"content":{"rendered":"\n<p>Notre extrusion d&rsquo;aluminium de la s\u00e9rie 30 mm est un profil\u00e9 polyvalent de taille moyenne, parfait pour la construction de cadres de machines, d&rsquo;\u00e9tablis et de structures.<\/p>\n\n<ul class=\"wp-block-list\">\n<li><strong>Dimensions :<\/strong> 30&#215;30 mm<\/li>\n\n\n\n<li><strong>Type de profil :<\/strong> Type B, type T-Slot<\/li>\n\n\n\n<li><strong>S\u00e9rie de profil\u00e9s (taille) :<\/strong> 30mm<\/li>\n\n\n\n<li><strong>Largeur de la fente :<\/strong> 8 mm<\/li>\n\n\n\n<li><strong>Noyau :<\/strong> Pr\u00eat pour le filetage M8 (le profil\u00e9 est fourni non filet\u00e9)<\/li>\n\n\n\n<li><strong>Mat\u00e9riau :<\/strong> Aluminium (alliage 6060-T5)<\/li>\n\n\n\n<li><strong>Finition :<\/strong> Aluminium anodis\u00e9, argent<\/li>\n\n\n\n<li><strong>Type de fente :<\/strong> Standard (ouvert)<\/li>\n\n\n\n<li><strong>Nombre d&#8217;emplacements ouverts :<\/strong> 4<\/li>\n<\/ul>\n\n<h2 class=\"wp-block-heading\">R\u00e9f\u00e9rence rapide pour la s\u00e9rie de type B 30mm<\/h2>\n\n<div class=\"wp-block-columns is-layout-flex wp-container-core-columns-is-layout-9d6595d7 wp-block-columns-is-layout-flex\">\n<div class=\"wp-block-column is-layout-flow wp-block-column-is-layout-flow\"><div class=\"wp-block-image\">\n<figure class=\"aligncenter size-full is-resized\"><img loading=\"lazy\" decoding=\"async\" width=\"359\" height=\"432\" src=\"https:\/\/bitfab.parts\/wp-content\/uploads\/2023\/11\/3030-series-drawing-1.png\" alt=\"\" class=\"wp-image-390758\" style=\"width:auto;height:250px\" srcset=\"https:\/\/bitfab.parts\/wp-content\/uploads\/2023\/11\/3030-series-drawing-1.png 359w, https:\/\/bitfab.parts\/wp-content\/uploads\/2023\/11\/3030-series-drawing-1-249x300.png 249w\" sizes=\"auto, (max-width: 359px) 100vw, 359px\" \/><\/figure>\n<\/div>\n\n\n<h3 class=\"wp-block-heading\">S\u00e9rie 30mm<\/h3>\n\n\n\n<p>Ce profil\u00e9 appartient \u00e0 la s\u00e9rie 30mm, disponible dans des tailles telles que 30x30mm, 30x60mm, et plus encore.<\/p>\n<\/div>\n\n\n\n<div class=\"wp-block-column is-layout-flow wp-block-column-is-layout-flow\"><div class=\"wp-block-image\">\n<figure class=\"aligncenter size-full is-resized\"><img loading=\"lazy\" decoding=\"async\" width=\"359\" height=\"432\" src=\"https:\/\/bitfab.parts\/wp-content\/uploads\/2023\/11\/3030-8-slot-drawing.png\" alt=\"\" class=\"wp-image-390754\" style=\"width:auto;height:250px\" srcset=\"https:\/\/bitfab.parts\/wp-content\/uploads\/2023\/11\/3030-8-slot-drawing.png 359w, https:\/\/bitfab.parts\/wp-content\/uploads\/2023\/11\/3030-8-slot-drawing-249x300.png 249w\" sizes=\"auto, (max-width: 359px) 100vw, 359px\" \/><\/figure>\n<\/div>\n\n\n<h3 class=\"wp-block-heading\">Fente de 8 mm<\/h3>\n\n\n\n<p>Ce profil a une taille de fente de 8 mm, il est donc compatible avec nos accessoires \u00e0 fente de 8 mm.<\/p>\n<\/div>\n\n\n\n<div class=\"wp-block-column is-layout-flow wp-block-column-is-layout-flow\"><div class=\"wp-block-image\">\n<figure class=\"aligncenter size-full is-resized\"><img loading=\"lazy\" decoding=\"async\" width=\"359\" height=\"432\" src=\"https:\/\/bitfab.parts\/wp-content\/uploads\/2023\/11\/3030-m8-tap-drawing.png\" alt=\"\" class=\"wp-image-390756\" style=\"width:auto;height:250px\" srcset=\"https:\/\/bitfab.parts\/wp-content\/uploads\/2023\/11\/3030-m8-tap-drawing.png 359w, https:\/\/bitfab.parts\/wp-content\/uploads\/2023\/11\/3030-m8-tap-drawing-249x300.png 249w\" sizes=\"auto, (max-width: 359px) 100vw, 359px\" \/><\/figure>\n<\/div>\n\n\n<h3 class=\"wp-block-heading\">Filet M8<\/h3>\n\n\n\n<p>Le noyau du profil\u00e9 est con\u00e7u pour \u00eatre filet\u00e9 \u00e0 l&rsquo;aide d&rsquo;un robinet M8.<\/p>\n\n\n\n<p>Veuillez noter que le profil\u00e9 est livr\u00e9 non filet\u00e9, vous devrez donc le fileter vous-m\u00eame \u00e0 l&rsquo;aide d&rsquo;un taraud.<\/p>\n<\/div>\n<\/div>\n\n<h2 class=\"wp-block-heading\">Dessin technique<\/h2>\n\n<p>Vous pouvez cliquer sur le dessin pour ouvrir le fichier PDF.<\/p>\n<div class=\"wp-block-image\">\n<figure class=\"aligncenter size-full\"><a href=\"https:\/\/bitfab.parts\/wp-content\/uploads\/2023\/11\/3030B-30x30mm-Type-B-Profile-Drawing-v1.pdf\" target=\"_blank\" rel=\"noreferrer noopener\"><img loading=\"lazy\" decoding=\"async\" width=\"1046\" height=\"749\" src=\"https:\/\/bitfab.parts\/wp-content\/uploads\/2023\/11\/3030B-technical-drawing-preview.png\" alt=\"\" class=\"wp-image-390760\" srcset=\"https:\/\/bitfab.parts\/wp-content\/uploads\/2023\/11\/3030B-technical-drawing-preview.png 1046w, https:\/\/bitfab.parts\/wp-content\/uploads\/2023\/11\/3030B-technical-drawing-preview-300x215.png 300w, https:\/\/bitfab.parts\/wp-content\/uploads\/2023\/11\/3030B-technical-drawing-preview-1024x733.png 1024w, https:\/\/bitfab.parts\/wp-content\/uploads\/2023\/11\/3030B-technical-drawing-preview-768x550.png 768w, https:\/\/bitfab.parts\/wp-content\/uploads\/2023\/11\/3030B-technical-drawing-preview-500x358.png 500w\" sizes=\"auto, (max-width: 1046px) 100vw, 1046px\" \/><\/a><\/figure>\n<\/div>\n<h2 class=\"wp-block-heading\">Sp\u00e9cifications techniques<\/h2>\n\n<ul class=\"wp-block-list\">\n<li><strong>Masse :<\/strong> 0,86 kg\/m<\/li>\n\n\n\n<li><strong>Module d&rsquo;\u00e9lasticit\u00e9 :<\/strong> 6,95 x<sup>1010<\/sup> Pa (69,5 GPa)<\/li>\n\n\n\n<li><strong>Surface de la section :<\/strong> 3,193 x <sup>10-4m2<\/sup> (319,<sup>2mm2<\/sup>)<\/li>\n\n\n\n<li><strong>Moment d&rsquo;inertie Ix :<\/strong> 2,858 x <sup>10-8m4<\/sup><\/li>\n\n\n\n<li><strong>Moment d&rsquo;inertie Iy :<\/strong> 2,858 x <sup>10-8m4<\/sup><\/li>\n\n\n\n<li><strong>Module d&rsquo;\u00e9lasticit\u00e9 de la section Wx :<\/strong> 1,905 x <sup>10-6m3<\/sup><\/li>\n\n\n\n<li><strong>Module d&rsquo;\u00e9lasticit\u00e9 Wy :<\/strong> 1,905 x <sup>10-6m3<\/sup><\/li>\n<\/ul>\n\n<h2 class=\"wp-block-heading\">Mod\u00e8les 3D<\/h2>\n\n<div class=\"wp-block-columns is-layout-flex wp-container-core-columns-is-layout-9d6595d7 wp-block-columns-is-layout-flex\">\n<div class=\"wp-block-column is-layout-flow wp-block-column-is-layout-flow\">\t\t\t<div class='wp-block-tdvb-td-viewer  align' id='tdvb3DViewerBlock-0075c5e2-2' data-attributes='{&quot;cId&quot;:&quot;0075c5e2-2&quot;,&quot;model&quot;:{&quot;id&quot;:390774,&quot;url&quot;:&quot;https:\\\/\\\/bitfab.parts\\\/wp-content\\\/uploads\\\/2023\\\/11\\\/3030B-30x30mm-Type-B-Profile.glb&quot;,&quot;alt&quot;:&quot;&quot;,&quot;title&quot;:&quot;3030B 30x30mm Type-B Profile&quot;},&quot;align&quot;:&quot;&quot;,&quot;alignment&quot;:&quot;center&quot;,&quot;sourceType&quot;:&quot;upload&quot;,&quot;modelLink&quot;:&quot;&quot;,&quot;width&quot;:&quot;100%&quot;,&quot;height&quot;:&quot;350px&quot;,&quot;isTouchMove&quot;:true,&quot;isZoom&quot;:true,&quot;loadingType&quot;:&quot;auto&quot;,&quot;gbBlockCondition&quot;:&quot;&quot;,&quot;gbBlockConditionInvert&quot;:false}'><\/div>\r\n\t\r\n\t\t\t<\/div>\n\n\n\n<div class=\"wp-block-column is-layout-flow wp-block-column-is-layout-flow\">\n<div class=\"wp-block-file\"><a id=\"wp-block-file--media-6481dffc-df1b-4a7e-8bd1-10b03bc4ea37\" href=\"https:\/\/bitfab.parts\/wp-content\/uploads\/2023\/11\/3030B-30x30mm-Type-B-Profile-v5.stl\">3030B 30x30mm Profil Type-B v5.stl<\/a><a href=\"https:\/\/bitfab.parts\/wp-content\/uploads\/2023\/11\/3030B-30x30mm-Type-B-Profile-v5.stl\" class=\"wp-block-file__button wp-element-button\" download=\"\" aria-describedby=\"wp-block-file--media-6481dffc-df1b-4a7e-8bd1-10b03bc4ea37\">T\u00e9l\u00e9charger<\/a><\/div>\n\n\n\n<div class=\"wp-block-file\"><a id=\"wp-block-file--media-0892711f-da8f-4bbd-b4ea-d2d43f04c716\" href=\"https:\/\/bitfab.parts\/wp-content\/uploads\/2023\/11\/3030B-30x30mm-Type-B-Profile-v5.step\">3030B 30x30mm Profil Type-B v5.step<\/a><a href=\"https:\/\/bitfab.parts\/wp-content\/uploads\/2023\/11\/3030B-30x30mm-Type-B-Profile-v5.step\" class=\"wp-block-file__button wp-element-button\" download=\"\" aria-describedby=\"wp-block-file--media-0892711f-da8f-4bbd-b4ea-d2d43f04c716\">T\u00e9l\u00e9charger<\/a><\/div>\n\n\n\n<div class=\"wp-block-file\"><a id=\"wp-block-file--media-58996071-3cd8-4d5c-9f2c-7813e2d9d9fe\" href=\"https:\/\/bitfab.parts\/wp-content\/uploads\/2023\/11\/3030B-30x30mm-Type-B-Profile-v5.f3z\">3030B 30x30mm Profil Type-B v5.f3z<\/a><a href=\"https:\/\/bitfab.parts\/wp-content\/uploads\/2023\/11\/3030B-30x30mm-Type-B-Profile-v5.f3z\" class=\"wp-block-file__button wp-element-button\" download=\"\" aria-describedby=\"wp-block-file--media-58996071-3cd8-4d5c-9f2c-7813e2d9d9fe\">T\u00e9l\u00e9charger<\/a><\/div>\n<\/div>\n<\/div>\n","protected":false},"excerpt":{"rendered":"<p>Profil\u00e9 aluminium de type B 30x30mm<br \/>\nFente de 8mm<br \/>\nNoyau filet\u00e9 M8<br \/>\nFinition aluminium anodis\u00e9<\/p>\n","protected":false},"featured_media":391118,"template":"","meta":[],"product_brand":[],"product_cat":[115],"product_tag":[],"class_list":{"0":"post-391117","1":"product","2":"type-product","3":"status-publish","4":"has-post-thumbnail","6":"product_cat-profile-en-aluminium","7":"sales-flash-overlay","8":"woocommerce-text-align-center","9":"woocommerce-image-align-center","10":"do-quantity-buttons","12":"first","13":"instock","14":"taxable","15":"shipping-taxable","16":"purchasable","17":"product-type-simple"},"yoast_head":"<!-- This site is optimized with the Yoast SEO plugin v27.2 - https:\/\/yoast.com\/product\/yoast-seo-wordpress\/ -->\n<title>Profil\u00e9 en aluminium 30x30 Type B - Bitfab Parts<\/title>\n<meta name=\"robots\" content=\"index, follow, max-snippet:-1, max-image-preview:large, max-video-preview:-1\" \/>\n<link rel=\"canonical\" href=\"https:\/\/bitfab.parts\/fr\/produit\/profile-en-aluminium-30x30-type-b\/\" \/>\n<meta property=\"og:locale\" content=\"fr_FR\" \/>\n<meta property=\"og:type\" content=\"article\" \/>\n<meta property=\"og:title\" content=\"Profil\u00e9 en aluminium 30x30 Type B - Bitfab Parts\" \/>\n<meta property=\"og:description\" content=\"Profil\u00e9 aluminium de type B 30x30mm Fente de 8mm Noyau filet\u00e9 M8 Finition aluminium anodis\u00e9\" \/>\n<meta property=\"og:url\" content=\"https:\/\/bitfab.parts\/fr\/produit\/profile-en-aluminium-30x30-type-b\/\" \/>\n<meta property=\"og:site_name\" content=\"Bitfab Parts\" \/>\n<meta property=\"article:modified_time\" content=\"2024-12-29T11:04:48+00:00\" \/>\n<meta property=\"og:image\" content=\"https:\/\/bitfab.parts\/wp-content\/uploads\/2023\/11\/3030-B-profile.png\" \/>\n\t<meta property=\"og:image:width\" content=\"628\" \/>\n\t<meta property=\"og:image:height\" content=\"495\" \/>\n\t<meta property=\"og:image:type\" content=\"image\/png\" \/>\n<meta name=\"twitter:card\" content=\"summary_large_image\" \/>\n<meta name=\"twitter:label1\" content=\"Dur\u00e9e de lecture estim\u00e9e\" \/>\n\t<meta name=\"twitter:data1\" content=\"1 minute\" \/>\n<script type=\"application\/ld+json\" class=\"yoast-schema-graph\">{\"@context\":\"https:\/\/schema.org\",\"@graph\":[{\"@type\":\"WebPage\",\"@id\":\"https:\/\/bitfab.parts\/fr\/produit\/profile-en-aluminium-30x30-type-b\/\",\"url\":\"https:\/\/bitfab.parts\/fr\/produit\/profile-en-aluminium-30x30-type-b\/\",\"name\":\"Profil\u00e9 en aluminium 30x30 Type B - Bitfab Parts\",\"isPartOf\":{\"@id\":\"https:\/\/bitfab.parts\/fr\/#website\"},\"primaryImageOfPage\":{\"@id\":\"https:\/\/bitfab.parts\/fr\/produit\/profile-en-aluminium-30x30-type-b\/#primaryimage\"},\"image\":{\"@id\":\"https:\/\/bitfab.parts\/fr\/produit\/profile-en-aluminium-30x30-type-b\/#primaryimage\"},\"thumbnailUrl\":\"https:\/\/bitfab.parts\/wp-content\/uploads\/2023\/11\/3030-B-profile.png\",\"datePublished\":\"2023-11-23T18:19:03+00:00\",\"dateModified\":\"2024-12-29T11:04:48+00:00\",\"breadcrumb\":{\"@id\":\"https:\/\/bitfab.parts\/fr\/produit\/profile-en-aluminium-30x30-type-b\/#breadcrumb\"},\"inLanguage\":\"fr-FR\",\"potentialAction\":[{\"@type\":\"ReadAction\",\"target\":[\"https:\/\/bitfab.parts\/fr\/produit\/profile-en-aluminium-30x30-type-b\/\"]}]},{\"@type\":\"ImageObject\",\"inLanguage\":\"fr-FR\",\"@id\":\"https:\/\/bitfab.parts\/fr\/produit\/profile-en-aluminium-30x30-type-b\/#primaryimage\",\"url\":\"https:\/\/bitfab.parts\/wp-content\/uploads\/2023\/11\/3030-B-profile.png\",\"contentUrl\":\"https:\/\/bitfab.parts\/wp-content\/uploads\/2023\/11\/3030-B-profile.png\",\"width\":628,\"height\":495},{\"@type\":\"BreadcrumbList\",\"@id\":\"https:\/\/bitfab.parts\/fr\/produit\/profile-en-aluminium-30x30-type-b\/#breadcrumb\",\"itemListElement\":[{\"@type\":\"ListItem\",\"position\":1,\"name\":\"Home\",\"item\":\"https:\/\/bitfab.parts\/fr\/\"},{\"@type\":\"ListItem\",\"position\":2,\"name\":\"Boutique\",\"item\":\"https:\/\/bitfab.parts\/store\/\"},{\"@type\":\"ListItem\",\"position\":3,\"name\":\"Profil\u00e9 en aluminium 30&#215;30 Type B\"}]},{\"@type\":\"WebSite\",\"@id\":\"https:\/\/bitfab.parts\/fr\/#website\",\"url\":\"https:\/\/bitfab.parts\/fr\/\",\"name\":\"Bitfab Parts\",\"description\":\"Custom cut aluminum profile\",\"publisher\":{\"@id\":\"https:\/\/bitfab.parts\/fr\/#organization\"},\"potentialAction\":[{\"@type\":\"SearchAction\",\"target\":{\"@type\":\"EntryPoint\",\"urlTemplate\":\"https:\/\/bitfab.parts\/fr\/?s={search_term_string}\"},\"query-input\":{\"@type\":\"PropertyValueSpecification\",\"valueRequired\":true,\"valueName\":\"search_term_string\"}}],\"inLanguage\":\"fr-FR\"},{\"@type\":\"Organization\",\"@id\":\"https:\/\/bitfab.parts\/fr\/#organization\",\"name\":\"Bitfab Parts\",\"url\":\"https:\/\/bitfab.parts\/fr\/\",\"logo\":{\"@type\":\"ImageObject\",\"inLanguage\":\"fr-FR\",\"@id\":\"https:\/\/bitfab.parts\/fr\/#\/schema\/logo\/image\/\",\"url\":\"https:\/\/bitfab.parts\/wp-content\/uploads\/2023\/11\/cropped-rectangle_1000x500_without_background.png\",\"contentUrl\":\"https:\/\/bitfab.parts\/wp-content\/uploads\/2023\/11\/cropped-rectangle_1000x500_without_background.png\",\"width\":1000,\"height\":369,\"caption\":\"Bitfab Parts\"},\"image\":{\"@id\":\"https:\/\/bitfab.parts\/fr\/#\/schema\/logo\/image\/\"}}]}<\/script>\n<!-- \/ Yoast SEO plugin. -->","yoast_head_json":{"title":"Profil\u00e9 en aluminium 30x30 Type B - Bitfab Parts","robots":{"index":"index","follow":"follow","max-snippet":"max-snippet:-1","max-image-preview":"max-image-preview:large","max-video-preview":"max-video-preview:-1"},"canonical":"https:\/\/bitfab.parts\/fr\/produit\/profile-en-aluminium-30x30-type-b\/","og_locale":"fr_FR","og_type":"article","og_title":"Profil\u00e9 en aluminium 30x30 Type B - Bitfab Parts","og_description":"Profil\u00e9 aluminium de type B 30x30mm Fente de 8mm Noyau filet\u00e9 M8 Finition aluminium anodis\u00e9","og_url":"https:\/\/bitfab.parts\/fr\/produit\/profile-en-aluminium-30x30-type-b\/","og_site_name":"Bitfab Parts","article_modified_time":"2024-12-29T11:04:48+00:00","og_image":[{"width":628,"height":495,"url":"https:\/\/bitfab.parts\/wp-content\/uploads\/2023\/11\/3030-B-profile.png","type":"image\/png"}],"twitter_card":"summary_large_image","twitter_misc":{"Dur\u00e9e de lecture estim\u00e9e":"1 minute"},"schema":{"@context":"https:\/\/schema.org","@graph":[{"@type":"WebPage","@id":"https:\/\/bitfab.parts\/fr\/produit\/profile-en-aluminium-30x30-type-b\/","url":"https:\/\/bitfab.parts\/fr\/produit\/profile-en-aluminium-30x30-type-b\/","name":"Profil\u00e9 en aluminium 30x30 Type B - Bitfab Parts","isPartOf":{"@id":"https:\/\/bitfab.parts\/fr\/#website"},"primaryImageOfPage":{"@id":"https:\/\/bitfab.parts\/fr\/produit\/profile-en-aluminium-30x30-type-b\/#primaryimage"},"image":{"@id":"https:\/\/bitfab.parts\/fr\/produit\/profile-en-aluminium-30x30-type-b\/#primaryimage"},"thumbnailUrl":"https:\/\/bitfab.parts\/wp-content\/uploads\/2023\/11\/3030-B-profile.png","datePublished":"2023-11-23T18:19:03+00:00","dateModified":"2024-12-29T11:04:48+00:00","breadcrumb":{"@id":"https:\/\/bitfab.parts\/fr\/produit\/profile-en-aluminium-30x30-type-b\/#breadcrumb"},"inLanguage":"fr-FR","potentialAction":[{"@type":"ReadAction","target":["https:\/\/bitfab.parts\/fr\/produit\/profile-en-aluminium-30x30-type-b\/"]}]},{"@type":"ImageObject","inLanguage":"fr-FR","@id":"https:\/\/bitfab.parts\/fr\/produit\/profile-en-aluminium-30x30-type-b\/#primaryimage","url":"https:\/\/bitfab.parts\/wp-content\/uploads\/2023\/11\/3030-B-profile.png","contentUrl":"https:\/\/bitfab.parts\/wp-content\/uploads\/2023\/11\/3030-B-profile.png","width":628,"height":495},{"@type":"BreadcrumbList","@id":"https:\/\/bitfab.parts\/fr\/produit\/profile-en-aluminium-30x30-type-b\/#breadcrumb","itemListElement":[{"@type":"ListItem","position":1,"name":"Home","item":"https:\/\/bitfab.parts\/fr\/"},{"@type":"ListItem","position":2,"name":"Boutique","item":"https:\/\/bitfab.parts\/store\/"},{"@type":"ListItem","position":3,"name":"Profil\u00e9 en aluminium 30&#215;30 Type B"}]},{"@type":"WebSite","@id":"https:\/\/bitfab.parts\/fr\/#website","url":"https:\/\/bitfab.parts\/fr\/","name":"Bitfab Parts","description":"Custom cut aluminum profile","publisher":{"@id":"https:\/\/bitfab.parts\/fr\/#organization"},"potentialAction":[{"@type":"SearchAction","target":{"@type":"EntryPoint","urlTemplate":"https:\/\/bitfab.parts\/fr\/?s={search_term_string}"},"query-input":{"@type":"PropertyValueSpecification","valueRequired":true,"valueName":"search_term_string"}}],"inLanguage":"fr-FR"},{"@type":"Organization","@id":"https:\/\/bitfab.parts\/fr\/#organization","name":"Bitfab Parts","url":"https:\/\/bitfab.parts\/fr\/","logo":{"@type":"ImageObject","inLanguage":"fr-FR","@id":"https:\/\/bitfab.parts\/fr\/#\/schema\/logo\/image\/","url":"https:\/\/bitfab.parts\/wp-content\/uploads\/2023\/11\/cropped-rectangle_1000x500_without_background.png","contentUrl":"https:\/\/bitfab.parts\/wp-content\/uploads\/2023\/11\/cropped-rectangle_1000x500_without_background.png","width":1000,"height":369,"caption":"Bitfab Parts"},"image":{"@id":"https:\/\/bitfab.parts\/fr\/#\/schema\/logo\/image\/"}}]}},"_links":{"self":[{"href":"https:\/\/bitfab.parts\/fr\/wp-json\/wp\/v2\/product\/391117","targetHints":{"allow":["GET"]}}],"collection":[{"href":"https:\/\/bitfab.parts\/fr\/wp-json\/wp\/v2\/product"}],"about":[{"href":"https:\/\/bitfab.parts\/fr\/wp-json\/wp\/v2\/types\/product"}],"wp:featuredmedia":[{"embeddable":true,"href":"https:\/\/bitfab.parts\/fr\/wp-json\/wp\/v2\/media\/391118"}],"wp:attachment":[{"href":"https:\/\/bitfab.parts\/fr\/wp-json\/wp\/v2\/media?parent=391117"}],"wp:term":[{"taxonomy":"product_brand","embeddable":true,"href":"https:\/\/bitfab.parts\/fr\/wp-json\/wp\/v2\/product_brand?post=391117"},{"taxonomy":"product_cat","embeddable":true,"href":"https:\/\/bitfab.parts\/fr\/wp-json\/wp\/v2\/product_cat?post=391117"},{"taxonomy":"product_tag","embeddable":true,"href":"https:\/\/bitfab.parts\/fr\/wp-json\/wp\/v2\/product_tag?post=391117"}],"curies":[{"name":"wp","href":"https:\/\/api.w.org\/{rel}","templated":true}]}}