{"id":391138,"date":"2023-11-06T19:37:47","date_gmt":"2023-11-06T19:37:47","guid":{"rendered":"https:\/\/bitfab.parts\/product\/profile-en-aluminium-20x40-v-slot\/"},"modified":"2025-02-24T10:16:16","modified_gmt":"2025-02-24T09:16:16","slug":"profile-en-aluminium-20x40-v-slot","status":"publish","type":"product","link":"https:\/\/bitfab.parts\/fr\/produit\/profile-en-aluminium-20x40-v-slot\/","title":{"rendered":"Profil\u00e9 en aluminium 20&#215;40 V-Slot"},"content":{"rendered":"\n<p>Le profil\u00e9 d&rsquo;extrusion d&rsquo;aluminium V-Slot combine le mouvement lin\u00e9aire avec un syst\u00e8me structurel modulaire. Ce profil\u00e9 est compatible avec les accessoires V-Slot, les roues, etc. <\/p>\n\n<ul class=\"wp-block-list\">\n<li><strong>Dimensions :<\/strong> 20&#215;40 mm<\/li>\n\n\n\n<li><strong>Type de profil :<\/strong> Emplacement en V<\/li>\n\n\n\n<li><strong>S\u00e9rie de profil\u00e9s (taille) :<\/strong> 20mm<\/li>\n\n\n\n<li><strong>Largeur de la fente :<\/strong> 6 mm<\/li>\n\n\n\n<li><strong>Noyau :<\/strong> Pr\u00eat pour le filetage M5 (le profil\u00e9 est fourni non filet\u00e9)<\/li>\n\n\n\n<li><strong>Mat\u00e9riau :<\/strong> Aluminium (alliage 6060-T5)<\/li>\n\n\n\n<li><strong>Finition :<\/strong> Aluminium anodis\u00e9, argent<\/li>\n\n\n\n<li><strong>Type de fente :<\/strong> Standard (ouvert)<\/li>\n\n\n\n<li><strong>Nombre d&#8217;emplacements ouverts :<\/strong> 6<\/li>\n<\/ul>\n\n<h2 class=\"wp-block-heading\">R\u00e9f\u00e9rence rapide pour la s\u00e9rie V-Slot 20mm<\/h2>\n\n<div class=\"wp-block-columns is-layout-flex wp-container-core-columns-is-layout-9d6595d7 wp-block-columns-is-layout-flex\">\n<div class=\"wp-block-column is-layout-flow wp-block-column-is-layout-flow\"><div class=\"wp-block-image\">\n<figure class=\"aligncenter size-full\"><img loading=\"lazy\" decoding=\"async\" width=\"256\" height=\"256\" src=\"https:\/\/bitfab.parts\/wp-content\/uploads\/2023\/11\/2020V-size.png\" alt=\"\" class=\"wp-image-390291\" srcset=\"https:\/\/bitfab.parts\/wp-content\/uploads\/2023\/11\/2020V-size.png 256w, https:\/\/bitfab.parts\/wp-content\/uploads\/2023\/11\/2020V-size-150x150.png 150w, https:\/\/bitfab.parts\/wp-content\/uploads\/2023\/11\/2020V-size-100x100.png 100w\" sizes=\"auto, (max-width: 256px) 100vw, 256px\" \/><\/figure>\n<\/div>\n\n\n<h3 class=\"wp-block-heading\">S\u00e9rie 20mm<\/h3>\n\n\n\n<p>Ce profil\u00e9 appartient \u00e0 la s\u00e9rie 20mm, disponible dans des tailles telles que 20x20mm, 20x40mm, etc.<\/p>\n<\/div>\n\n\n\n<div class=\"wp-block-column is-layout-flow wp-block-column-is-layout-flow\"><div class=\"wp-block-image\">\n<figure class=\"aligncenter size-full\"><img loading=\"lazy\" decoding=\"async\" width=\"256\" height=\"256\" src=\"https:\/\/bitfab.parts\/wp-content\/uploads\/2023\/11\/2020V-slot6.png\" alt=\"\" class=\"wp-image-390293\" srcset=\"https:\/\/bitfab.parts\/wp-content\/uploads\/2023\/11\/2020V-slot6.png 256w, https:\/\/bitfab.parts\/wp-content\/uploads\/2023\/11\/2020V-slot6-150x150.png 150w, https:\/\/bitfab.parts\/wp-content\/uploads\/2023\/11\/2020V-slot6-100x100.png 100w\" sizes=\"auto, (max-width: 256px) 100vw, 256px\" \/><\/figure>\n<\/div>\n\n\n<h3 class=\"wp-block-heading\">Fente de 6 mm<\/h3>\n\n\n\n<p>Ce profil a une taille de fente de 6 mm, il est donc compatible avec nos accessoires \u00e0 fente de 6 mm.<\/p>\n<\/div>\n\n\n\n<div class=\"wp-block-column is-layout-flow wp-block-column-is-layout-flow\"><div class=\"wp-block-image\">\n<figure class=\"aligncenter size-full\"><img loading=\"lazy\" decoding=\"async\" width=\"256\" height=\"256\" src=\"https:\/\/bitfab.parts\/wp-content\/uploads\/2023\/11\/2020V-m5tap-1.png\" alt=\"\" class=\"wp-image-390296\" srcset=\"https:\/\/bitfab.parts\/wp-content\/uploads\/2023\/11\/2020V-m5tap-1.png 256w, https:\/\/bitfab.parts\/wp-content\/uploads\/2023\/11\/2020V-m5tap-1-150x150.png 150w, https:\/\/bitfab.parts\/wp-content\/uploads\/2023\/11\/2020V-m5tap-1-100x100.png 100w\" sizes=\"auto, (max-width: 256px) 100vw, 256px\" \/><\/figure>\n<\/div>\n\n\n<h3 class=\"wp-block-heading\">Filet M5<\/h3>\n\n\n\n<p>Le noyau du profil\u00e9 est con\u00e7u pour \u00eatre filet\u00e9 \u00e0 l&rsquo;aide d&rsquo;un taraud M5.<\/p>\n\n\n\n<p>Veuillez noter que le profil\u00e9 est livr\u00e9 non filet\u00e9, vous devrez donc le fileter vous-m\u00eame \u00e0 l&rsquo;aide d&rsquo;un taraud.<\/p>\n<\/div>\n<\/div>\n\n<h2 class=\"wp-block-heading\">Dessin technique<\/h2>\n\n<p>Vous pouvez cliquer sur le dessin pour ouvrir le fichier PDF.<\/p>\n<div class=\"wp-block-image\">\n<figure class=\"aligncenter size-full\"><a href=\"https:\/\/bitfab.parts\/wp-content\/uploads\/2023\/11\/2040V-20x40mm-V-Slot-Profile-Drawing-v1.pdf\" target=\"_blank\" rel=\"noreferrer noopener\"><img loading=\"lazy\" decoding=\"async\" width=\"1065\" height=\"753\" src=\"https:\/\/bitfab.parts\/wp-content\/uploads\/2023\/11\/2040V-technical-drawing-preview-1.png\" alt=\"\" class=\"wp-image-390384\" srcset=\"https:\/\/bitfab.parts\/wp-content\/uploads\/2023\/11\/2040V-technical-drawing-preview-1.png 1065w, https:\/\/bitfab.parts\/wp-content\/uploads\/2023\/11\/2040V-technical-drawing-preview-1-300x212.png 300w, https:\/\/bitfab.parts\/wp-content\/uploads\/2023\/11\/2040V-technical-drawing-preview-1-1024x724.png 1024w, https:\/\/bitfab.parts\/wp-content\/uploads\/2023\/11\/2040V-technical-drawing-preview-1-768x543.png 768w, https:\/\/bitfab.parts\/wp-content\/uploads\/2023\/11\/2040V-technical-drawing-preview-1-500x354.png 500w\" sizes=\"auto, (max-width: 1065px) 100vw, 1065px\" \/><\/a><\/figure>\n<\/div>\n<h2 class=\"wp-block-heading\">Sp\u00e9cifications techniques<\/h2>\n\n<ul class=\"wp-block-list\">\n<li><strong>Masse :<\/strong> 0,80 kg\/m<\/li>\n\n\n\n<li><strong>Module d&rsquo;\u00e9lasticit\u00e9 :<\/strong> 69,5 GPa (6,95 x<sup>1010<\/sup> Pa)<\/li>\n\n\n\n<li><strong>Moment d&rsquo;inertie Ix :<\/strong> 1,21 x <sup>10-8m4<\/sup><\/li>\n\n\n\n<li><strong>Moment d&rsquo;inertie Iy :<\/strong> 4,75 x <sup>10-8m4<\/sup><\/li>\n<\/ul>\n\n<h2 class=\"wp-block-heading\">Mod\u00e8les 3D<\/h2>\n\n<div class=\"wp-block-columns is-layout-flex wp-container-core-columns-is-layout-9d6595d7 wp-block-columns-is-layout-flex\">\n<div class=\"wp-block-column is-layout-flow wp-block-column-is-layout-flow\">\t\t\t<div class='wp-block-tdvb-td-viewer  align' id='tdvb3DViewerBlock-11357a06-5' data-attributes='{&quot;cId&quot;:&quot;11357a06-5&quot;,&quot;model&quot;:{&quot;id&quot;:390399,&quot;url&quot;:&quot;https:\\\/\\\/bitfab.parts\\\/wp-content\\\/uploads\\\/2023\\\/11\\\/2040V-20x40mm-V-Slot-Profile-v5.glb&quot;,&quot;alt&quot;:&quot;&quot;,&quot;title&quot;:&quot;2040V 20x40mm V-Slot Profile v5&quot;},&quot;loadingType&quot;:&quot;lazy&quot;,&quot;align&quot;:&quot;&quot;,&quot;alignment&quot;:&quot;center&quot;,&quot;sourceType&quot;:&quot;upload&quot;,&quot;modelLink&quot;:&quot;&quot;,&quot;width&quot;:&quot;100%&quot;,&quot;height&quot;:&quot;350px&quot;,&quot;isTouchMove&quot;:true,&quot;isZoom&quot;:true,&quot;gbBlockCondition&quot;:&quot;&quot;,&quot;gbBlockConditionInvert&quot;:false}'><\/div>\r\n\t\r\n\t\t\t<\/div>\n\n\n\n<div class=\"wp-block-column is-layout-flow wp-block-column-is-layout-flow\">\n<div class=\"wp-block-file\"><a id=\"wp-block-file--media-d7601513-2382-43bf-b575-1be3ac6075e6\" href=\"https:\/\/bitfab.parts\/wp-content\/uploads\/2023\/11\/2040V-20x40mm-V-Slot-Profile-v5.stl\" target=\"_blank\" rel=\"noreferrer noopener\">2040V 20x40mm V-Slot Profile v5.stl<\/a><a href=\"https:\/\/bitfab.parts\/wp-content\/uploads\/2023\/11\/2040V-20x40mm-V-Slot-Profile-v5.stl\" class=\"wp-block-file__button wp-element-button\" download=\"\" aria-describedby=\"wp-block-file--media-d7601513-2382-43bf-b575-1be3ac6075e6\">T\u00e9l\u00e9charger<\/a><\/div>\n\n\n\n<div class=\"wp-block-file\"><a id=\"wp-block-file--media-54de0c31-b2c6-4ccc-9a23-f6210923c2d4\" href=\"https:\/\/bitfab.parts\/wp-content\/uploads\/2023\/11\/2040V-20x40mm-V-Slot-Profile-v5.step\" target=\"_blank\" rel=\"noreferrer noopener\">2040V 20x40mm V-Slot Profile v5.step<\/a><a href=\"https:\/\/bitfab.parts\/wp-content\/uploads\/2023\/11\/2040V-20x40mm-V-Slot-Profile-v5.step\" class=\"wp-block-file__button wp-element-button\" download=\"\" aria-describedby=\"wp-block-file--media-54de0c31-b2c6-4ccc-9a23-f6210923c2d4\">T\u00e9l\u00e9charger<\/a><\/div>\n\n\n\n<div class=\"wp-block-file\"><a id=\"wp-block-file--media-f15d8ceb-f76a-4887-9eeb-50e9c2496fe2\" href=\"https:\/\/bitfab.parts\/wp-content\/uploads\/2023\/11\/2040V-20x40mm-V-Slot-Profile-v5.f3z\" target=\"_blank\" rel=\"noreferrer noopener\">2040V 20x40mm Profil V-Slot v5.f3z<\/a><a href=\"https:\/\/bitfab.parts\/wp-content\/uploads\/2023\/11\/2040V-20x40mm-V-Slot-Profile-v5.f3z\" class=\"wp-block-file__button wp-element-button\" download=\"\" aria-describedby=\"wp-block-file--media-f15d8ceb-f76a-4887-9eeb-50e9c2496fe2\">T\u00e9l\u00e9charger<\/a><\/div>\n<\/div>\n<\/div>\n\n<h2 class=\"wp-block-heading\">Exemples d&rsquo;utilisation<\/h2>\n\n<p>Ce profil\u00e9 peut \u00eatre raccord\u00e9 \u00e0 l&rsquo;aide de supports en aluminium, d&rsquo;\u00e9crous marteaux (compatibles avec les fentes de 6 mm) et de boulons (boulons \u00e0 t\u00eate ronde M5x8 ISO 7380 recommand\u00e9s).<\/p>\n\n<div class=\"wp-block-columns is-layout-flex wp-container-core-columns-is-layout-9d6595d7 wp-block-columns-is-layout-flex\">\n<div class=\"wp-block-column is-layout-flow wp-block-column-is-layout-flow\">\n<figure class=\"wp-block-image size-full is-resized\"><img loading=\"lazy\" decoding=\"async\" width=\"618\" height=\"605\" src=\"https:\/\/bitfab.parts\/wp-content\/uploads\/2023\/11\/2020V-2040V-bracket-example.png\" alt=\"\" class=\"wp-image-390402\" style=\"width:554px;height:auto\" srcset=\"https:\/\/bitfab.parts\/wp-content\/uploads\/2023\/11\/2020V-2040V-bracket-example.png 618w, https:\/\/bitfab.parts\/wp-content\/uploads\/2023\/11\/2020V-2040V-bracket-example-300x294.png 300w, https:\/\/bitfab.parts\/wp-content\/uploads\/2023\/11\/2020V-2040V-bracket-example-500x489.png 500w\" sizes=\"auto, (max-width: 618px) 100vw, 618px\" \/><\/figure>\n<\/div>\n\n\n\n<div class=\"wp-block-column is-layout-flow wp-block-column-is-layout-flow\">\n<div data-block-name=\"woocommerce\/single-product\" data-product-id=\"389860\" data-wp-context=\"{&quot;productId&quot;:389860,&quot;variationId&quot;:null}\" data-wp-interactive=\"woocommerce\/single-product\" class=\"wp-block-woocommerce-single-product\">\n<div class=\"wp-block-columns is-layout-flex wp-container-core-columns-is-layout-9d6595d7 wp-block-columns-is-layout-flex\">\n<div class=\"wp-block-column is-layout-flow wp-block-column-is-layout-flow\"><div data-block-name=\"woocommerce\/product-image\" data-is-descendent-of-single-product-block=\"true\" data-show-sale-badge=\"false\" class=\"wc-block-components-product-image wc-block-grid__product-image wc-block-components-product-image--aspect-ratio-auto wp-block-woocommerce-product-image\"><a href=\"https:\/\/bitfab.parts\/product\/bracket-20mm-slot-6\/\" style=\"\" data-wp-on--click=\"woocommerce\/product-collection::actions.viewProduct\"><img loading=\"lazy\" decoding=\"async\" width=\"500\" height=\"479\" src=\"https:\/\/bitfab.parts\/wp-content\/uploads\/2023\/11\/Screenshot-2023-11-23-at-22.10.50-500x479.png\" class=\"attachment-woocommerce_single size-woocommerce_single\" alt=\"Bracket 20mm slot 6\" data-testid=\"product-image\" data-image-id=\"389861\" style=\"object-fit:cover;\" srcset=\"https:\/\/bitfab.parts\/wp-content\/uploads\/2023\/11\/Screenshot-2023-11-23-at-22.10.50-500x479.png 500w, https:\/\/bitfab.parts\/wp-content\/uploads\/2023\/11\/Screenshot-2023-11-23-at-22.10.50-300x288.png 300w, https:\/\/bitfab.parts\/wp-content\/uploads\/2023\/11\/Screenshot-2023-11-23-at-22.10.50.png 552w\" sizes=\"auto, (max-width: 500px) 100vw, 500px\" \/><div class=\"wc-block-components-product-image__inner-container\"><\/div><\/a><\/div><\/div>\n\n\n\n<div class=\"wp-block-column is-layout-flow wp-block-column-is-layout-flow\"><h3 class=\"wp-block-post-title\"><a href=\"https:\/\/bitfab.parts\/product\/bracket-20mm-slot-6\/\" target=\"_self\" >Bracket 20mm slot 6<\/a><\/h3>\n\n<div class=\"wp-block-post-excerpt\"><p class=\"wp-block-post-excerpt__excerpt\">90 degrees bracket for 20mm aluminum extrusion For 6mm slot aluminum profiles (compatible with 20mm V-Slot) Material is cast aluminum <\/p><\/div><\/div>\n<\/div>\n<\/div>\n\n\n\n<div data-block-name=\"woocommerce\/single-product\" data-product-id=\"389840\" data-wp-context=\"{&quot;productId&quot;:389840,&quot;variationId&quot;:null}\" data-wp-interactive=\"woocommerce\/single-product\" class=\"wp-block-woocommerce-single-product\">\n<div class=\"wp-block-columns is-layout-flex wp-container-core-columns-is-layout-9d6595d7 wp-block-columns-is-layout-flex\">\n<div class=\"wp-block-column is-layout-flow wp-block-column-is-layout-flow\"><div data-block-name=\"woocommerce\/product-image\" data-is-descendent-of-single-product-block=\"true\" data-show-sale-badge=\"false\" class=\"wc-block-components-product-image wc-block-grid__product-image wc-block-components-product-image--aspect-ratio-auto wp-block-woocommerce-product-image\"><a href=\"https:\/\/bitfab.parts\/product\/hammer-nut-6mm-slot-m5\/\" style=\"\" data-wp-on--click=\"woocommerce\/product-collection::actions.viewProduct\"><img loading=\"lazy\" decoding=\"async\" width=\"500\" height=\"363\" src=\"https:\/\/bitfab.parts\/wp-content\/uploads\/2023\/11\/Screenshot-2023-11-23-at-21.52.33-500x363.png\" class=\"attachment-woocommerce_single size-woocommerce_single\" alt=\"Hammer nut for 6mm slot, M5 thread\" data-testid=\"product-image\" data-image-id=\"389841\" style=\"object-fit:cover;\" srcset=\"https:\/\/bitfab.parts\/wp-content\/uploads\/2023\/11\/Screenshot-2023-11-23-at-21.52.33-500x363.png 500w, https:\/\/bitfab.parts\/wp-content\/uploads\/2023\/11\/Screenshot-2023-11-23-at-21.52.33-300x218.png 300w, https:\/\/bitfab.parts\/wp-content\/uploads\/2023\/11\/Screenshot-2023-11-23-at-21.52.33.png 586w\" sizes=\"auto, (max-width: 500px) 100vw, 500px\" \/><div class=\"wc-block-components-product-image__inner-container\"><\/div><\/a><\/div><\/div>\n\n\n\n<div class=\"wp-block-column is-layout-flow wp-block-column-is-layout-flow\"><h3 class=\"wp-block-post-title\"><a href=\"https:\/\/bitfab.parts\/product\/hammer-nut-6mm-slot-m5\/\" target=\"_self\" >Hammer nut for 6mm slot, M5 thread<\/a><\/h3>\n\n<div class=\"wp-block-post-excerpt\"><p class=\"wp-block-post-excerpt__excerpt\">Hammer T-nut for 6mm slot profile (for 20mm V-Slot profile) M5 thread Galvanized steel <\/p><\/div><\/div>\n<\/div>\n<\/div>\n<\/div>\n<\/div>\n","protected":false},"excerpt":{"rendered":"<p>Profil\u00e9 en V en aluminium 20&#215;40 mm<br \/>\nFente de 6mm<br \/>\nNoyau filet\u00e9 M5<br \/>\nFinition aluminium anodis\u00e9<\/p>\n","protected":false},"featured_media":391925,"template":"","meta":[],"product_brand":[],"product_cat":[115],"product_tag":[],"class_list":{"0":"post-391138","1":"product","2":"type-product","3":"status-publish","4":"has-post-thumbnail","6":"product_cat-profile-en-aluminium","7":"sales-flash-overlay","8":"woocommerce-text-align-center","9":"woocommerce-image-align-center","10":"do-quantity-buttons","12":"first","13":"instock","14":"taxable","15":"shipping-taxable","16":"purchasable","17":"product-type-simple"},"yoast_head":"<!-- This site is optimized with the Yoast SEO plugin v27.2 - https:\/\/yoast.com\/product\/yoast-seo-wordpress\/ -->\n<title>Profil\u00e9 en aluminium 20x40 V-Slot - Bitfab Parts<\/title>\n<meta name=\"robots\" content=\"index, follow, max-snippet:-1, max-image-preview:large, max-video-preview:-1\" \/>\n<link rel=\"canonical\" href=\"https:\/\/bitfab.parts\/fr\/produit\/profile-en-aluminium-20x40-v-slot\/\" \/>\n<meta property=\"og:locale\" content=\"fr_FR\" \/>\n<meta property=\"og:type\" content=\"article\" \/>\n<meta property=\"og:title\" content=\"Profil\u00e9 en aluminium 20x40 V-Slot - Bitfab Parts\" \/>\n<meta property=\"og:description\" content=\"Profil\u00e9 en V en aluminium 20x40 mm Fente de 6mm Noyau filet\u00e9 M5 Finition aluminium anodis\u00e9\" \/>\n<meta property=\"og:url\" content=\"https:\/\/bitfab.parts\/fr\/produit\/profile-en-aluminium-20x40-v-slot\/\" \/>\n<meta property=\"og:site_name\" content=\"Bitfab Parts\" \/>\n<meta property=\"article:modified_time\" content=\"2025-02-24T09:16:16+00:00\" \/>\n<meta property=\"og:image\" content=\"https:\/\/bitfab.parts\/wp-content\/uploads\/2023\/11\/2040V-B-Aluminum-profile-V-Slot-20x40mm-Silver-2-1024x683.png\" \/>\n\t<meta property=\"og:image:width\" content=\"1024\" \/>\n\t<meta property=\"og:image:height\" content=\"683\" \/>\n\t<meta property=\"og:image:type\" content=\"image\/png\" \/>\n<meta name=\"twitter:card\" content=\"summary_large_image\" \/>\n<meta name=\"twitter:label1\" content=\"Dur\u00e9e de lecture estim\u00e9e\" \/>\n\t<meta name=\"twitter:data1\" content=\"1 minute\" \/>\n<script type=\"application\/ld+json\" class=\"yoast-schema-graph\">{\"@context\":\"https:\/\/schema.org\",\"@graph\":[{\"@type\":\"WebPage\",\"@id\":\"https:\/\/bitfab.parts\/fr\/produit\/profile-en-aluminium-20x40-v-slot\/\",\"url\":\"https:\/\/bitfab.parts\/fr\/produit\/profile-en-aluminium-20x40-v-slot\/\",\"name\":\"Profil\u00e9 en aluminium 20x40 V-Slot - Bitfab Parts\",\"isPartOf\":{\"@id\":\"https:\/\/bitfab.parts\/fr\/#website\"},\"primaryImageOfPage\":{\"@id\":\"https:\/\/bitfab.parts\/fr\/produit\/profile-en-aluminium-20x40-v-slot\/#primaryimage\"},\"image\":{\"@id\":\"https:\/\/bitfab.parts\/fr\/produit\/profile-en-aluminium-20x40-v-slot\/#primaryimage\"},\"thumbnailUrl\":\"https:\/\/bitfab.parts\/wp-content\/uploads\/2023\/11\/2040V-B-Aluminum-profile-V-Slot-20x40mm-Silver-2.png\",\"datePublished\":\"2023-11-06T19:37:47+00:00\",\"dateModified\":\"2025-02-24T09:16:16+00:00\",\"breadcrumb\":{\"@id\":\"https:\/\/bitfab.parts\/fr\/produit\/profile-en-aluminium-20x40-v-slot\/#breadcrumb\"},\"inLanguage\":\"fr-FR\",\"potentialAction\":[{\"@type\":\"ReadAction\",\"target\":[\"https:\/\/bitfab.parts\/fr\/produit\/profile-en-aluminium-20x40-v-slot\/\"]}]},{\"@type\":\"ImageObject\",\"inLanguage\":\"fr-FR\",\"@id\":\"https:\/\/bitfab.parts\/fr\/produit\/profile-en-aluminium-20x40-v-slot\/#primaryimage\",\"url\":\"https:\/\/bitfab.parts\/wp-content\/uploads\/2023\/11\/2040V-B-Aluminum-profile-V-Slot-20x40mm-Silver-2.png\",\"contentUrl\":\"https:\/\/bitfab.parts\/wp-content\/uploads\/2023\/11\/2040V-B-Aluminum-profile-V-Slot-20x40mm-Silver-2.png\",\"width\":1080,\"height\":720},{\"@type\":\"BreadcrumbList\",\"@id\":\"https:\/\/bitfab.parts\/fr\/produit\/profile-en-aluminium-20x40-v-slot\/#breadcrumb\",\"itemListElement\":[{\"@type\":\"ListItem\",\"position\":1,\"name\":\"Home\",\"item\":\"https:\/\/bitfab.parts\/fr\/\"},{\"@type\":\"ListItem\",\"position\":2,\"name\":\"Boutique\",\"item\":\"https:\/\/bitfab.parts\/store\/\"},{\"@type\":\"ListItem\",\"position\":3,\"name\":\"Profil\u00e9 en aluminium 20&#215;40 V-Slot\"}]},{\"@type\":\"WebSite\",\"@id\":\"https:\/\/bitfab.parts\/fr\/#website\",\"url\":\"https:\/\/bitfab.parts\/fr\/\",\"name\":\"Bitfab Parts\",\"description\":\"Custom cut aluminum profile\",\"publisher\":{\"@id\":\"https:\/\/bitfab.parts\/fr\/#organization\"},\"potentialAction\":[{\"@type\":\"SearchAction\",\"target\":{\"@type\":\"EntryPoint\",\"urlTemplate\":\"https:\/\/bitfab.parts\/fr\/?s={search_term_string}\"},\"query-input\":{\"@type\":\"PropertyValueSpecification\",\"valueRequired\":true,\"valueName\":\"search_term_string\"}}],\"inLanguage\":\"fr-FR\"},{\"@type\":\"Organization\",\"@id\":\"https:\/\/bitfab.parts\/fr\/#organization\",\"name\":\"Bitfab Parts\",\"url\":\"https:\/\/bitfab.parts\/fr\/\",\"logo\":{\"@type\":\"ImageObject\",\"inLanguage\":\"fr-FR\",\"@id\":\"https:\/\/bitfab.parts\/fr\/#\/schema\/logo\/image\/\",\"url\":\"https:\/\/bitfab.parts\/wp-content\/uploads\/2023\/11\/cropped-rectangle_1000x500_without_background.png\",\"contentUrl\":\"https:\/\/bitfab.parts\/wp-content\/uploads\/2023\/11\/cropped-rectangle_1000x500_without_background.png\",\"width\":1000,\"height\":369,\"caption\":\"Bitfab Parts\"},\"image\":{\"@id\":\"https:\/\/bitfab.parts\/fr\/#\/schema\/logo\/image\/\"}}]}<\/script>\n<!-- \/ Yoast SEO plugin. -->","yoast_head_json":{"title":"Profil\u00e9 en aluminium 20x40 V-Slot - Bitfab Parts","robots":{"index":"index","follow":"follow","max-snippet":"max-snippet:-1","max-image-preview":"max-image-preview:large","max-video-preview":"max-video-preview:-1"},"canonical":"https:\/\/bitfab.parts\/fr\/produit\/profile-en-aluminium-20x40-v-slot\/","og_locale":"fr_FR","og_type":"article","og_title":"Profil\u00e9 en aluminium 20x40 V-Slot - Bitfab Parts","og_description":"Profil\u00e9 en V en aluminium 20x40 mm Fente de 6mm Noyau filet\u00e9 M5 Finition aluminium anodis\u00e9","og_url":"https:\/\/bitfab.parts\/fr\/produit\/profile-en-aluminium-20x40-v-slot\/","og_site_name":"Bitfab Parts","article_modified_time":"2025-02-24T09:16:16+00:00","og_image":[{"width":1024,"height":683,"url":"https:\/\/bitfab.parts\/wp-content\/uploads\/2023\/11\/2040V-B-Aluminum-profile-V-Slot-20x40mm-Silver-2-1024x683.png","type":"image\/png"}],"twitter_card":"summary_large_image","twitter_misc":{"Dur\u00e9e de lecture estim\u00e9e":"1 minute"},"schema":{"@context":"https:\/\/schema.org","@graph":[{"@type":"WebPage","@id":"https:\/\/bitfab.parts\/fr\/produit\/profile-en-aluminium-20x40-v-slot\/","url":"https:\/\/bitfab.parts\/fr\/produit\/profile-en-aluminium-20x40-v-slot\/","name":"Profil\u00e9 en aluminium 20x40 V-Slot - Bitfab Parts","isPartOf":{"@id":"https:\/\/bitfab.parts\/fr\/#website"},"primaryImageOfPage":{"@id":"https:\/\/bitfab.parts\/fr\/produit\/profile-en-aluminium-20x40-v-slot\/#primaryimage"},"image":{"@id":"https:\/\/bitfab.parts\/fr\/produit\/profile-en-aluminium-20x40-v-slot\/#primaryimage"},"thumbnailUrl":"https:\/\/bitfab.parts\/wp-content\/uploads\/2023\/11\/2040V-B-Aluminum-profile-V-Slot-20x40mm-Silver-2.png","datePublished":"2023-11-06T19:37:47+00:00","dateModified":"2025-02-24T09:16:16+00:00","breadcrumb":{"@id":"https:\/\/bitfab.parts\/fr\/produit\/profile-en-aluminium-20x40-v-slot\/#breadcrumb"},"inLanguage":"fr-FR","potentialAction":[{"@type":"ReadAction","target":["https:\/\/bitfab.parts\/fr\/produit\/profile-en-aluminium-20x40-v-slot\/"]}]},{"@type":"ImageObject","inLanguage":"fr-FR","@id":"https:\/\/bitfab.parts\/fr\/produit\/profile-en-aluminium-20x40-v-slot\/#primaryimage","url":"https:\/\/bitfab.parts\/wp-content\/uploads\/2023\/11\/2040V-B-Aluminum-profile-V-Slot-20x40mm-Silver-2.png","contentUrl":"https:\/\/bitfab.parts\/wp-content\/uploads\/2023\/11\/2040V-B-Aluminum-profile-V-Slot-20x40mm-Silver-2.png","width":1080,"height":720},{"@type":"BreadcrumbList","@id":"https:\/\/bitfab.parts\/fr\/produit\/profile-en-aluminium-20x40-v-slot\/#breadcrumb","itemListElement":[{"@type":"ListItem","position":1,"name":"Home","item":"https:\/\/bitfab.parts\/fr\/"},{"@type":"ListItem","position":2,"name":"Boutique","item":"https:\/\/bitfab.parts\/store\/"},{"@type":"ListItem","position":3,"name":"Profil\u00e9 en aluminium 20&#215;40 V-Slot"}]},{"@type":"WebSite","@id":"https:\/\/bitfab.parts\/fr\/#website","url":"https:\/\/bitfab.parts\/fr\/","name":"Bitfab Parts","description":"Custom cut aluminum profile","publisher":{"@id":"https:\/\/bitfab.parts\/fr\/#organization"},"potentialAction":[{"@type":"SearchAction","target":{"@type":"EntryPoint","urlTemplate":"https:\/\/bitfab.parts\/fr\/?s={search_term_string}"},"query-input":{"@type":"PropertyValueSpecification","valueRequired":true,"valueName":"search_term_string"}}],"inLanguage":"fr-FR"},{"@type":"Organization","@id":"https:\/\/bitfab.parts\/fr\/#organization","name":"Bitfab Parts","url":"https:\/\/bitfab.parts\/fr\/","logo":{"@type":"ImageObject","inLanguage":"fr-FR","@id":"https:\/\/bitfab.parts\/fr\/#\/schema\/logo\/image\/","url":"https:\/\/bitfab.parts\/wp-content\/uploads\/2023\/11\/cropped-rectangle_1000x500_without_background.png","contentUrl":"https:\/\/bitfab.parts\/wp-content\/uploads\/2023\/11\/cropped-rectangle_1000x500_without_background.png","width":1000,"height":369,"caption":"Bitfab Parts"},"image":{"@id":"https:\/\/bitfab.parts\/fr\/#\/schema\/logo\/image\/"}}]}},"_links":{"self":[{"href":"https:\/\/bitfab.parts\/fr\/wp-json\/wp\/v2\/product\/391138","targetHints":{"allow":["GET"]}}],"collection":[{"href":"https:\/\/bitfab.parts\/fr\/wp-json\/wp\/v2\/product"}],"about":[{"href":"https:\/\/bitfab.parts\/fr\/wp-json\/wp\/v2\/types\/product"}],"wp:featuredmedia":[{"embeddable":true,"href":"https:\/\/bitfab.parts\/fr\/wp-json\/wp\/v2\/media\/391925"}],"wp:attachment":[{"href":"https:\/\/bitfab.parts\/fr\/wp-json\/wp\/v2\/media?parent=391138"}],"wp:term":[{"taxonomy":"product_brand","embeddable":true,"href":"https:\/\/bitfab.parts\/fr\/wp-json\/wp\/v2\/product_brand?post=391138"},{"taxonomy":"product_cat","embeddable":true,"href":"https:\/\/bitfab.parts\/fr\/wp-json\/wp\/v2\/product_cat?post=391138"},{"taxonomy":"product_tag","embeddable":true,"href":"https:\/\/bitfab.parts\/fr\/wp-json\/wp\/v2\/product_tag?post=391138"}],"curies":[{"name":"wp","href":"https:\/\/api.w.org\/{rel}","templated":true}]}}