{"id":391148,"date":"2023-11-23T19:49:29","date_gmt":"2023-11-23T18:49:29","guid":{"rendered":"https:\/\/bitfab.parts\/product\/profile-daluminium-40x40-type-b\/"},"modified":"2024-12-29T12:08:10","modified_gmt":"2024-12-29T11:08:10","slug":"profile-daluminium-40x40-type-b","status":"publish","type":"product","link":"https:\/\/bitfab.parts\/fr\/produit\/profile-daluminium-40x40-type-b\/","title":{"rendered":"Profil\u00e9 en aluminium 40&#215;40 Type B"},"content":{"rendered":"\n<p>Notre extrusion d&rsquo;aluminium de la s\u00e9rie 40 mm est un profil\u00e9 robuste et polyvalent, parfait pour la construction de structures industrielles, d&rsquo;\u00e9tablis et de cadres de machines.<\/p>\n\n<ul class=\"wp-block-list\">\n<li><strong>Dimensions :<\/strong> 40&#215;40 mm<\/li>\n\n\n\n<li><strong>Type de profil :<\/strong> Type B, type T-Slot<\/li>\n\n\n\n<li><strong>S\u00e9rie de profil\u00e9s (taille) :<\/strong> 40mm<\/li>\n\n\n\n<li><strong>Largeur de la fente :<\/strong> 10 mm<\/li>\n\n\n\n<li><strong>Noyau :<\/strong> Pr\u00eat pour le filetage M12 (le profil\u00e9 est fourni non filet\u00e9)<\/li>\n\n\n\n<li><strong>Mat\u00e9riau :<\/strong> Aluminium (alliage 6060-T5)<\/li>\n\n\n\n<li><strong>Finition :<\/strong> Aluminium anodis\u00e9, argent<\/li>\n\n\n\n<li><strong>Type de fente :<\/strong> Standard (ouvert)<\/li>\n\n\n\n<li><strong>Nombre d&#8217;emplacements ouverts :<\/strong> 4<\/li>\n<\/ul>\n\n<h2 class=\"wp-block-heading\">R\u00e9f\u00e9rence rapide pour la s\u00e9rie B-type 40mm<\/h2>\n\n<div class=\"wp-block-columns is-layout-flex wp-container-core-columns-is-layout-9d6595d7 wp-block-columns-is-layout-flex\">\n<div class=\"wp-block-column is-layout-flow wp-block-column-is-layout-flow\"><div class=\"wp-block-image\">\n<figure class=\"aligncenter size-full is-resized\"><img loading=\"lazy\" decoding=\"async\" width=\"412\" height=\"526\" src=\"https:\/\/bitfab.parts\/wp-content\/uploads\/2023\/11\/4040B-series-drawing.png\" alt=\"\" class=\"wp-image-390697\" style=\"width:auto;height:250px\" srcset=\"https:\/\/bitfab.parts\/wp-content\/uploads\/2023\/11\/4040B-series-drawing.png 412w, https:\/\/bitfab.parts\/wp-content\/uploads\/2023\/11\/4040B-series-drawing-235x300.png 235w\" sizes=\"auto, (max-width: 412px) 100vw, 412px\" \/><\/figure>\n<\/div>\n\n\n<h3 class=\"wp-block-heading\">S\u00e9rie 40mm<\/h3>\n\n\n\n<p>Ce profil\u00e9 appartient \u00e0 la s\u00e9rie 40mm, disponible dans des tailles telles que 40x40mm, 40x80mm, etc.<\/p>\n<\/div>\n\n\n\n<div class=\"wp-block-column is-layout-flow wp-block-column-is-layout-flow\"><div class=\"wp-block-image\">\n<figure class=\"aligncenter size-full is-resized\"><img loading=\"lazy\" decoding=\"async\" width=\"297\" height=\"371\" src=\"https:\/\/bitfab.parts\/wp-content\/uploads\/2023\/11\/4040B-10mm-slot.png\" alt=\"\" class=\"wp-image-390693\" style=\"width:auto;height:250px\" srcset=\"https:\/\/bitfab.parts\/wp-content\/uploads\/2023\/11\/4040B-10mm-slot.png 297w, https:\/\/bitfab.parts\/wp-content\/uploads\/2023\/11\/4040B-10mm-slot-240x300.png 240w\" sizes=\"auto, (max-width: 297px) 100vw, 297px\" \/><\/figure>\n<\/div>\n\n\n<h3 class=\"wp-block-heading\">Fente de 10 mm<\/h3>\n\n\n\n<p>Ce profil a une taille de fente de 10 mm, il est donc compatible avec nos accessoires \u00e0 fente de 10 mm.<\/p>\n<\/div>\n\n\n\n<div class=\"wp-block-column is-layout-flow wp-block-column-is-layout-flow\"><div class=\"wp-block-image\">\n<figure class=\"aligncenter size-full is-resized\"><img loading=\"lazy\" decoding=\"async\" width=\"286\" height=\"358\" src=\"https:\/\/bitfab.parts\/wp-content\/uploads\/2023\/11\/4040B-M12-tap.png\" alt=\"\" class=\"wp-image-390695\" style=\"width:auto;height:250px\" srcset=\"https:\/\/bitfab.parts\/wp-content\/uploads\/2023\/11\/4040B-M12-tap.png 286w, https:\/\/bitfab.parts\/wp-content\/uploads\/2023\/11\/4040B-M12-tap-240x300.png 240w\" sizes=\"auto, (max-width: 286px) 100vw, 286px\" \/><\/figure>\n<\/div>\n\n\n<h3 class=\"wp-block-heading\">Filet M12<\/h3>\n\n\n\n<p>Le noyau du profil\u00e9 est con\u00e7u pour \u00eatre filet\u00e9 \u00e0 l&rsquo;aide d&rsquo;un robinet M12.<\/p>\n\n\n\n<p>Veuillez noter que le profil\u00e9 est livr\u00e9 non filet\u00e9, vous devrez donc le fileter vous-m\u00eame \u00e0 l&rsquo;aide d&rsquo;un taraud.<\/p>\n<\/div>\n<\/div>\n\n<h2 class=\"wp-block-heading\">Dessin technique<\/h2>\n\n<p>Vous pouvez cliquer sur le dessin pour ouvrir le fichier PDF.<\/p>\n<div class=\"wp-block-image\">\n<figure class=\"aligncenter size-full\"><a href=\"https:\/\/bitfab.parts\/wp-content\/uploads\/2023\/11\/4040B-40x40mm-Type-B-Profile-Drawing-v3.pdf\"><img loading=\"lazy\" decoding=\"async\" width=\"1101\" height=\"787\" src=\"https:\/\/bitfab.parts\/wp-content\/uploads\/2023\/11\/4040B-technical-drawing-preview.png\" alt=\"\" class=\"wp-image-390701\" srcset=\"https:\/\/bitfab.parts\/wp-content\/uploads\/2023\/11\/4040B-technical-drawing-preview.png 1101w, https:\/\/bitfab.parts\/wp-content\/uploads\/2023\/11\/4040B-technical-drawing-preview-300x214.png 300w, https:\/\/bitfab.parts\/wp-content\/uploads\/2023\/11\/4040B-technical-drawing-preview-1024x732.png 1024w, https:\/\/bitfab.parts\/wp-content\/uploads\/2023\/11\/4040B-technical-drawing-preview-768x549.png 768w, https:\/\/bitfab.parts\/wp-content\/uploads\/2023\/11\/4040B-technical-drawing-preview-500x357.png 500w\" sizes=\"auto, (max-width: 1101px) 100vw, 1101px\" \/><\/a><\/figure>\n<\/div>\n<h2 class=\"wp-block-heading\">Sp\u00e9cifications techniques<\/h2>\n\n<ul class=\"wp-block-list\">\n<li><strong>Masse :<\/strong> 1,78 kg\/m<\/li>\n\n\n\n<li><strong>Module d&rsquo;\u00e9lasticit\u00e9 :<\/strong> 6,95 x<sup>1010<\/sup> Pa (69,5 GPa)<\/li>\n\n\n\n<li><strong>Surface de la section :<\/strong> 6,584 x <sup>10-4m2<\/sup> (658,<sup>4mm2<\/sup>)<\/li>\n\n\n\n<li><strong>Moment d&rsquo;inertie Ix :<\/strong> 1,056 x <sup>10-7m4<\/sup><\/li>\n\n\n\n<li><strong>Moment d&rsquo;inertie Iy :<\/strong> 1,056 x <sup>10-7m4<\/sup><\/li>\n\n\n\n<li><strong>Module d&rsquo;\u00e9lasticit\u00e9 Wx :<\/strong> 5,281 x <sup>10-6m3<\/sup><\/li>\n\n\n\n<li><strong>Module d&rsquo;\u00e9lasticit\u00e9 Wy :<\/strong> 5,281 x <sup>10-6m3<\/sup><\/li>\n<\/ul>\n\n<h2 class=\"wp-block-heading\">Mod\u00e8les 3D<\/h2>\n\n<div class=\"wp-block-columns is-layout-flex wp-container-core-columns-is-layout-9d6595d7 wp-block-columns-is-layout-flex\">\n<div class=\"wp-block-column is-layout-flow wp-block-column-is-layout-flow\">\t\t\t<div class='wp-block-tdvb-td-viewer  align' id='tdvb3DViewerBlock-ceca4fee-b' data-attributes='{&quot;cId&quot;:&quot;ceca4fee-b&quot;,&quot;model&quot;:{&quot;id&quot;:390711,&quot;url&quot;:&quot;https:\\\/\\\/bitfab.parts\\\/wp-content\\\/uploads\\\/2023\\\/11\\\/4040B-40x40mm-Type-B-Profile-v5.glb&quot;,&quot;alt&quot;:&quot;&quot;,&quot;title&quot;:&quot;4040B 40x40mm Type-B Profile v5&quot;},&quot;align&quot;:&quot;&quot;,&quot;alignment&quot;:&quot;center&quot;,&quot;sourceType&quot;:&quot;upload&quot;,&quot;modelLink&quot;:&quot;&quot;,&quot;width&quot;:&quot;100%&quot;,&quot;height&quot;:&quot;350px&quot;,&quot;isTouchMove&quot;:true,&quot;isZoom&quot;:true,&quot;loadingType&quot;:&quot;auto&quot;,&quot;gbBlockCondition&quot;:&quot;&quot;,&quot;gbBlockConditionInvert&quot;:false}'><\/div>\r\n\t\r\n\t\t\t<\/div>\n\n\n\n<div class=\"wp-block-column is-layout-flow wp-block-column-is-layout-flow\">\n<div class=\"wp-block-file\"><a id=\"wp-block-file--media-00846152-39b4-4eb9-889e-6204fe4b7c71\" href=\"https:\/\/bitfab.parts\/wp-content\/uploads\/2023\/11\/4040B-40x40mm-Type-B-Profile-v5.stl\">4040B 40x40mm Profil Type-B v5.stl<\/a><a href=\"https:\/\/bitfab.parts\/wp-content\/uploads\/2023\/11\/4040B-40x40mm-Type-B-Profile-v5.stl\" class=\"wp-block-file__button wp-element-button\" download=\"\" aria-describedby=\"wp-block-file--media-00846152-39b4-4eb9-889e-6204fe4b7c71\">T\u00e9l\u00e9charger<\/a><\/div>\n\n\n\n<div class=\"wp-block-file\"><a id=\"wp-block-file--media-c6473aad-b161-4a2e-a69b-d26b277f49b2\" href=\"https:\/\/bitfab.parts\/wp-content\/uploads\/2023\/11\/4040B-40x40mm-Type-B-Profile-v5.step\">4040B 40x40mm Profil Type-B v5.step<\/a><a href=\"https:\/\/bitfab.parts\/wp-content\/uploads\/2023\/11\/4040B-40x40mm-Type-B-Profile-v5.step\" class=\"wp-block-file__button wp-element-button\" download=\"\" aria-describedby=\"wp-block-file--media-c6473aad-b161-4a2e-a69b-d26b277f49b2\">T\u00e9l\u00e9charger<\/a><\/div>\n\n\n\n<div class=\"wp-block-file\"><a id=\"wp-block-file--media-e862818c-7821-4dcb-b885-efe9abc7f8ba\" href=\"https:\/\/bitfab.parts\/wp-content\/uploads\/2023\/11\/4040B-40x40mm-Type-B-Profile-v5.f3z\">4040B 40x40mm Profil Type-B v5.f3z<\/a><a href=\"https:\/\/bitfab.parts\/wp-content\/uploads\/2023\/11\/4040B-40x40mm-Type-B-Profile-v5.f3z\" class=\"wp-block-file__button wp-element-button\" download=\"\" aria-describedby=\"wp-block-file--media-e862818c-7821-4dcb-b885-efe9abc7f8ba\">T\u00e9l\u00e9charger<\/a><\/div>\n<\/div>\n<\/div>\n","protected":false},"excerpt":{"rendered":"<p>Profil\u00e9 aluminium de type B 40x40mm<br \/> Fente de 10mm<br \/> Noyau filet\u00e9 M12<br \/> Finition aluminium anodis\u00e9<\/p>\n","protected":false},"featured_media":391149,"template":"","meta":[],"product_brand":[],"product_cat":[115],"product_tag":[],"class_list":{"0":"post-391148","1":"product","2":"type-product","3":"status-publish","4":"has-post-thumbnail","6":"product_cat-profile-en-aluminium","7":"sales-flash-overlay","8":"woocommerce-text-align-center","9":"woocommerce-image-align-center","10":"do-quantity-buttons","12":"first","13":"outofstock","14":"taxable","15":"shipping-taxable","16":"purchasable","17":"product-type-simple"},"yoast_head":"<!-- This site is optimized with the Yoast SEO plugin v27.2 - https:\/\/yoast.com\/product\/yoast-seo-wordpress\/ -->\n<title>Profil\u00e9 en aluminium 40x40 Type B - Bitfab Parts<\/title>\n<meta name=\"robots\" content=\"index, follow, max-snippet:-1, max-image-preview:large, max-video-preview:-1\" \/>\n<link rel=\"canonical\" href=\"https:\/\/bitfab.parts\/fr\/produit\/profile-daluminium-40x40-type-b\/\" \/>\n<meta property=\"og:locale\" content=\"fr_FR\" \/>\n<meta property=\"og:type\" content=\"article\" \/>\n<meta property=\"og:title\" content=\"Profil\u00e9 en aluminium 40x40 Type B - Bitfab Parts\" \/>\n<meta property=\"og:description\" content=\"Profil\u00e9 aluminium de type B 40x40mm Fente de 10mm Noyau filet\u00e9 M12 Finition aluminium anodis\u00e9\" \/>\n<meta property=\"og:url\" content=\"https:\/\/bitfab.parts\/fr\/produit\/profile-daluminium-40x40-type-b\/\" \/>\n<meta property=\"og:site_name\" content=\"Bitfab Parts\" \/>\n<meta property=\"article:modified_time\" content=\"2024-12-29T11:08:10+00:00\" \/>\n<meta property=\"og:image\" content=\"https:\/\/bitfab.parts\/wp-content\/uploads\/2023\/11\/4040-B-profile.png\" \/>\n\t<meta property=\"og:image:width\" content=\"623\" \/>\n\t<meta property=\"og:image:height\" content=\"512\" \/>\n\t<meta property=\"og:image:type\" content=\"image\/png\" \/>\n<meta name=\"twitter:card\" content=\"summary_large_image\" \/>\n<meta name=\"twitter:label1\" content=\"Dur\u00e9e de lecture estim\u00e9e\" \/>\n\t<meta name=\"twitter:data1\" content=\"1 minute\" \/>\n<script type=\"application\/ld+json\" class=\"yoast-schema-graph\">{\"@context\":\"https:\/\/schema.org\",\"@graph\":[{\"@type\":\"WebPage\",\"@id\":\"https:\/\/bitfab.parts\/fr\/produit\/profile-daluminium-40x40-type-b\/\",\"url\":\"https:\/\/bitfab.parts\/fr\/produit\/profile-daluminium-40x40-type-b\/\",\"name\":\"Profil\u00e9 en aluminium 40x40 Type B - Bitfab Parts\",\"isPartOf\":{\"@id\":\"https:\/\/bitfab.parts\/fr\/#website\"},\"primaryImageOfPage\":{\"@id\":\"https:\/\/bitfab.parts\/fr\/produit\/profile-daluminium-40x40-type-b\/#primaryimage\"},\"image\":{\"@id\":\"https:\/\/bitfab.parts\/fr\/produit\/profile-daluminium-40x40-type-b\/#primaryimage\"},\"thumbnailUrl\":\"https:\/\/bitfab.parts\/wp-content\/uploads\/2023\/11\/4040-B-profile.png\",\"datePublished\":\"2023-11-23T18:49:29+00:00\",\"dateModified\":\"2024-12-29T11:08:10+00:00\",\"breadcrumb\":{\"@id\":\"https:\/\/bitfab.parts\/fr\/produit\/profile-daluminium-40x40-type-b\/#breadcrumb\"},\"inLanguage\":\"fr-FR\",\"potentialAction\":[{\"@type\":\"ReadAction\",\"target\":[\"https:\/\/bitfab.parts\/fr\/produit\/profile-daluminium-40x40-type-b\/\"]}]},{\"@type\":\"ImageObject\",\"inLanguage\":\"fr-FR\",\"@id\":\"https:\/\/bitfab.parts\/fr\/produit\/profile-daluminium-40x40-type-b\/#primaryimage\",\"url\":\"https:\/\/bitfab.parts\/wp-content\/uploads\/2023\/11\/4040-B-profile.png\",\"contentUrl\":\"https:\/\/bitfab.parts\/wp-content\/uploads\/2023\/11\/4040-B-profile.png\",\"width\":623,\"height\":512},{\"@type\":\"BreadcrumbList\",\"@id\":\"https:\/\/bitfab.parts\/fr\/produit\/profile-daluminium-40x40-type-b\/#breadcrumb\",\"itemListElement\":[{\"@type\":\"ListItem\",\"position\":1,\"name\":\"Home\",\"item\":\"https:\/\/bitfab.parts\/fr\/\"},{\"@type\":\"ListItem\",\"position\":2,\"name\":\"Boutique\",\"item\":\"https:\/\/bitfab.parts\/store\/\"},{\"@type\":\"ListItem\",\"position\":3,\"name\":\"Profil\u00e9 en aluminium 40&#215;40 Type B\"}]},{\"@type\":\"WebSite\",\"@id\":\"https:\/\/bitfab.parts\/fr\/#website\",\"url\":\"https:\/\/bitfab.parts\/fr\/\",\"name\":\"Bitfab Parts\",\"description\":\"Custom cut aluminum profile\",\"publisher\":{\"@id\":\"https:\/\/bitfab.parts\/fr\/#organization\"},\"potentialAction\":[{\"@type\":\"SearchAction\",\"target\":{\"@type\":\"EntryPoint\",\"urlTemplate\":\"https:\/\/bitfab.parts\/fr\/?s={search_term_string}\"},\"query-input\":{\"@type\":\"PropertyValueSpecification\",\"valueRequired\":true,\"valueName\":\"search_term_string\"}}],\"inLanguage\":\"fr-FR\"},{\"@type\":\"Organization\",\"@id\":\"https:\/\/bitfab.parts\/fr\/#organization\",\"name\":\"Bitfab Parts\",\"url\":\"https:\/\/bitfab.parts\/fr\/\",\"logo\":{\"@type\":\"ImageObject\",\"inLanguage\":\"fr-FR\",\"@id\":\"https:\/\/bitfab.parts\/fr\/#\/schema\/logo\/image\/\",\"url\":\"https:\/\/bitfab.parts\/wp-content\/uploads\/2023\/11\/cropped-rectangle_1000x500_without_background.png\",\"contentUrl\":\"https:\/\/bitfab.parts\/wp-content\/uploads\/2023\/11\/cropped-rectangle_1000x500_without_background.png\",\"width\":1000,\"height\":369,\"caption\":\"Bitfab Parts\"},\"image\":{\"@id\":\"https:\/\/bitfab.parts\/fr\/#\/schema\/logo\/image\/\"}}]}<\/script>\n<!-- \/ Yoast SEO plugin. -->","yoast_head_json":{"title":"Profil\u00e9 en aluminium 40x40 Type B - Bitfab Parts","robots":{"index":"index","follow":"follow","max-snippet":"max-snippet:-1","max-image-preview":"max-image-preview:large","max-video-preview":"max-video-preview:-1"},"canonical":"https:\/\/bitfab.parts\/fr\/produit\/profile-daluminium-40x40-type-b\/","og_locale":"fr_FR","og_type":"article","og_title":"Profil\u00e9 en aluminium 40x40 Type B - Bitfab Parts","og_description":"Profil\u00e9 aluminium de type B 40x40mm Fente de 10mm Noyau filet\u00e9 M12 Finition aluminium anodis\u00e9","og_url":"https:\/\/bitfab.parts\/fr\/produit\/profile-daluminium-40x40-type-b\/","og_site_name":"Bitfab Parts","article_modified_time":"2024-12-29T11:08:10+00:00","og_image":[{"width":623,"height":512,"url":"https:\/\/bitfab.parts\/wp-content\/uploads\/2023\/11\/4040-B-profile.png","type":"image\/png"}],"twitter_card":"summary_large_image","twitter_misc":{"Dur\u00e9e de lecture estim\u00e9e":"1 minute"},"schema":{"@context":"https:\/\/schema.org","@graph":[{"@type":"WebPage","@id":"https:\/\/bitfab.parts\/fr\/produit\/profile-daluminium-40x40-type-b\/","url":"https:\/\/bitfab.parts\/fr\/produit\/profile-daluminium-40x40-type-b\/","name":"Profil\u00e9 en aluminium 40x40 Type B - Bitfab Parts","isPartOf":{"@id":"https:\/\/bitfab.parts\/fr\/#website"},"primaryImageOfPage":{"@id":"https:\/\/bitfab.parts\/fr\/produit\/profile-daluminium-40x40-type-b\/#primaryimage"},"image":{"@id":"https:\/\/bitfab.parts\/fr\/produit\/profile-daluminium-40x40-type-b\/#primaryimage"},"thumbnailUrl":"https:\/\/bitfab.parts\/wp-content\/uploads\/2023\/11\/4040-B-profile.png","datePublished":"2023-11-23T18:49:29+00:00","dateModified":"2024-12-29T11:08:10+00:00","breadcrumb":{"@id":"https:\/\/bitfab.parts\/fr\/produit\/profile-daluminium-40x40-type-b\/#breadcrumb"},"inLanguage":"fr-FR","potentialAction":[{"@type":"ReadAction","target":["https:\/\/bitfab.parts\/fr\/produit\/profile-daluminium-40x40-type-b\/"]}]},{"@type":"ImageObject","inLanguage":"fr-FR","@id":"https:\/\/bitfab.parts\/fr\/produit\/profile-daluminium-40x40-type-b\/#primaryimage","url":"https:\/\/bitfab.parts\/wp-content\/uploads\/2023\/11\/4040-B-profile.png","contentUrl":"https:\/\/bitfab.parts\/wp-content\/uploads\/2023\/11\/4040-B-profile.png","width":623,"height":512},{"@type":"BreadcrumbList","@id":"https:\/\/bitfab.parts\/fr\/produit\/profile-daluminium-40x40-type-b\/#breadcrumb","itemListElement":[{"@type":"ListItem","position":1,"name":"Home","item":"https:\/\/bitfab.parts\/fr\/"},{"@type":"ListItem","position":2,"name":"Boutique","item":"https:\/\/bitfab.parts\/store\/"},{"@type":"ListItem","position":3,"name":"Profil\u00e9 en aluminium 40&#215;40 Type B"}]},{"@type":"WebSite","@id":"https:\/\/bitfab.parts\/fr\/#website","url":"https:\/\/bitfab.parts\/fr\/","name":"Bitfab Parts","description":"Custom cut aluminum profile","publisher":{"@id":"https:\/\/bitfab.parts\/fr\/#organization"},"potentialAction":[{"@type":"SearchAction","target":{"@type":"EntryPoint","urlTemplate":"https:\/\/bitfab.parts\/fr\/?s={search_term_string}"},"query-input":{"@type":"PropertyValueSpecification","valueRequired":true,"valueName":"search_term_string"}}],"inLanguage":"fr-FR"},{"@type":"Organization","@id":"https:\/\/bitfab.parts\/fr\/#organization","name":"Bitfab Parts","url":"https:\/\/bitfab.parts\/fr\/","logo":{"@type":"ImageObject","inLanguage":"fr-FR","@id":"https:\/\/bitfab.parts\/fr\/#\/schema\/logo\/image\/","url":"https:\/\/bitfab.parts\/wp-content\/uploads\/2023\/11\/cropped-rectangle_1000x500_without_background.png","contentUrl":"https:\/\/bitfab.parts\/wp-content\/uploads\/2023\/11\/cropped-rectangle_1000x500_without_background.png","width":1000,"height":369,"caption":"Bitfab Parts"},"image":{"@id":"https:\/\/bitfab.parts\/fr\/#\/schema\/logo\/image\/"}}]}},"_links":{"self":[{"href":"https:\/\/bitfab.parts\/fr\/wp-json\/wp\/v2\/product\/391148","targetHints":{"allow":["GET"]}}],"collection":[{"href":"https:\/\/bitfab.parts\/fr\/wp-json\/wp\/v2\/product"}],"about":[{"href":"https:\/\/bitfab.parts\/fr\/wp-json\/wp\/v2\/types\/product"}],"wp:featuredmedia":[{"embeddable":true,"href":"https:\/\/bitfab.parts\/fr\/wp-json\/wp\/v2\/media\/391149"}],"wp:attachment":[{"href":"https:\/\/bitfab.parts\/fr\/wp-json\/wp\/v2\/media?parent=391148"}],"wp:term":[{"taxonomy":"product_brand","embeddable":true,"href":"https:\/\/bitfab.parts\/fr\/wp-json\/wp\/v2\/product_brand?post=391148"},{"taxonomy":"product_cat","embeddable":true,"href":"https:\/\/bitfab.parts\/fr\/wp-json\/wp\/v2\/product_cat?post=391148"},{"taxonomy":"product_tag","embeddable":true,"href":"https:\/\/bitfab.parts\/fr\/wp-json\/wp\/v2\/product_tag?post=391148"}],"curies":[{"name":"wp","href":"https:\/\/api.w.org\/{rel}","templated":true}]}}