{"id":391230,"date":"2023-11-23T20:57:38","date_gmt":"2023-11-23T19:57:38","guid":{"rendered":"https:\/\/bitfab.parts\/product\/ecrou-marteau-pour-fente-de-6-mm-filetage-m5\/"},"modified":"2024-12-29T12:20:21","modified_gmt":"2024-12-29T11:20:21","slug":"ecrou-marteau-pour-fente-de-6-mm-filetage-m5","status":"publish","type":"product","link":"https:\/\/bitfab.parts\/fr\/produit\/ecrou-marteau-pour-fente-de-6-mm-filetage-m5\/","title":{"rendered":"Ecrou marteau pour fente de 6 mm, filetage M5"},"content":{"rendered":"\n<p>Ecrou en T \u00e0 frapper M5 pour profil\u00e9 \u00e0 fente de 6 mm (compatible avec le profil\u00e9 \u00e0 fente en V de 20 mm ou d&rsquo;autres profil\u00e9s \u00e0 fente de 6 mm).<\/p>\n\n<p>Les \u00e9crous marteaux sont des \u00e9crous \u00e0 ins\u00e9rer, ils peuvent \u00eatre ajout\u00e9s n&rsquo;importe o\u00f9 le long de la fente sans avoir acc\u00e8s aux extr\u00e9mit\u00e9s de la fente (sans avoir \u00e0 d\u00e9monter votre structure ou \u00e0 placer tous les \u00e9crous \u00e0 l&rsquo;avance).<\/p>\n\n<p>Une unit\u00e9, prix par unit\u00e9.<\/p>\n\n<ul class=\"wp-block-list\">\n<li><strong>Type d&rsquo;\u00e9crou :<\/strong> \u00c9crou \u00e0 marteau \u00e0 rainure en T<\/li>\n\n\n\n<li><strong>Largeur de la fente :<\/strong> 6 mm<\/li>\n\n\n\n<li><strong>Fil de discussion :<\/strong> M5<\/li>\n\n\n\n<li><strong>Mat\u00e9riau :<\/strong> Acier<\/li>\n\n\n\n<li><strong>Finition :<\/strong> Acier galvanis\u00e9<\/li>\n<\/ul>\n\n<h2 class=\"wp-block-heading\">Dessin technique<\/h2>\n\n<p>Vous pouvez cliquer sur le dessin pour ouvrir le fichier PDF.<\/p>\n<div class=\"wp-block-image\">\n<figure class=\"aligncenter size-full\"><a href=\"https:\/\/bitfab.parts\/wp-content\/uploads\/2023\/11\/slot6-m5-hammer-nut-Drawing-v3.pdf\" target=\"_blank\" rel=\" noreferrer noopener\"><img loading=\"lazy\" decoding=\"async\" width=\"1052\" height=\"743\" src=\"https:\/\/bitfab.parts\/wp-content\/uploads\/2023\/11\/slot6-m5-hammer-nut-technical-drawing-preview.png\" alt=\"\" class=\"wp-image-390917\" srcset=\"https:\/\/bitfab.parts\/wp-content\/uploads\/2023\/11\/slot6-m5-hammer-nut-technical-drawing-preview.png 1052w, https:\/\/bitfab.parts\/wp-content\/uploads\/2023\/11\/slot6-m5-hammer-nut-technical-drawing-preview-300x212.png 300w, https:\/\/bitfab.parts\/wp-content\/uploads\/2023\/11\/slot6-m5-hammer-nut-technical-drawing-preview-1024x723.png 1024w, https:\/\/bitfab.parts\/wp-content\/uploads\/2023\/11\/slot6-m5-hammer-nut-technical-drawing-preview-768x542.png 768w, https:\/\/bitfab.parts\/wp-content\/uploads\/2023\/11\/slot6-m5-hammer-nut-technical-drawing-preview-500x353.png 500w\" sizes=\"auto, (max-width: 1052px) 100vw, 1052px\" \/><\/a><\/figure>\n<\/div>\n<h2 class=\"wp-block-heading\">Sp\u00e9cifications techniques<\/h2>\n\n<ul class=\"wp-block-list\">\n<li><strong>Masse :<\/strong> 0,9 grammes<\/li>\n<\/ul>\n\n<h2 class=\"wp-block-heading\">Mod\u00e8les 3D<\/h2>\n\n<div class=\"wp-block-columns is-layout-flex wp-container-core-columns-is-layout-9d6595d7 wp-block-columns-is-layout-flex\">\n<div class=\"wp-block-column is-layout-flow wp-block-column-is-layout-flow\">\t\t\t<div class='wp-block-tdvb-td-viewer  align' id='tdvb3DViewerBlock-3e8ce6c5-1' data-attributes='{&quot;cId&quot;:&quot;3e8ce6c5-1&quot;,&quot;model&quot;:{&quot;id&quot;:390910,&quot;url&quot;:&quot;https:\\\/\\\/bitfab.parts\\\/wp-content\\\/uploads\\\/2023\\\/11\\\/slot6-m5-hammer-nut-v4.glb&quot;,&quot;alt&quot;:&quot;&quot;,&quot;title&quot;:&quot;slot6-m5-hammer-nut v4&quot;},&quot;loadingType&quot;:&quot;lazy&quot;,&quot;align&quot;:&quot;&quot;,&quot;alignment&quot;:&quot;center&quot;,&quot;sourceType&quot;:&quot;upload&quot;,&quot;modelLink&quot;:&quot;&quot;,&quot;width&quot;:&quot;100%&quot;,&quot;height&quot;:&quot;350px&quot;,&quot;isTouchMove&quot;:true,&quot;isZoom&quot;:true,&quot;gbBlockCondition&quot;:&quot;&quot;,&quot;gbBlockConditionInvert&quot;:false}'><\/div>\r\n\t\r\n\t\t\t<\/div>\n\n\n\n<div class=\"wp-block-column is-layout-flow wp-block-column-is-layout-flow\">\n<div class=\"wp-block-file\"><a id=\"wp-block-file--media-7f9b836c-e3c6-44c6-ba07-da37ccabd375\" href=\"https:\/\/bitfab.parts\/wp-content\/uploads\/2023\/11\/slot6-m5-hammer-nut-v4.stl\" target=\"_blank\" rel=\"noreferrer noopener\">slot6-m5-hammer-nut v4.stl<\/a><a href=\"https:\/\/bitfab.parts\/wp-content\/uploads\/2023\/11\/slot6-m5-hammer-nut-v4.stl\" class=\"wp-block-file__button wp-element-button\" download=\"\" aria-describedby=\"wp-block-file--media-7f9b836c-e3c6-44c6-ba07-da37ccabd375\">T\u00e9l\u00e9charger<\/a><\/div>\n\n\n\n<div class=\"wp-block-file\"><a id=\"wp-block-file--media-69a6da59-5688-4570-9900-eb9325de4df0\" href=\"https:\/\/bitfab.parts\/wp-content\/uploads\/2023\/11\/slot6-m5-hammer-nut-v4.step\" target=\"_blank\" rel=\"noreferrer noopener\">slot6-m5-hammer-nut v4.step<\/a><a href=\"https:\/\/bitfab.parts\/wp-content\/uploads\/2023\/11\/slot6-m5-hammer-nut-v4.step\" class=\"wp-block-file__button wp-element-button\" download=\"\" aria-describedby=\"wp-block-file--media-69a6da59-5688-4570-9900-eb9325de4df0\">T\u00e9l\u00e9charger<\/a><\/div>\n\n\n\n<div class=\"wp-block-file\"><a id=\"wp-block-file--media-c71482c1-d164-4bd6-9913-6358444fdd93\" href=\"https:\/\/bitfab.parts\/wp-content\/uploads\/2023\/11\/slot6-m5-hammer-nut-v4.f3d\" target=\"_blank\" rel=\"noreferrer noopener\">slot6-m5-hammer-nut v4.f3d<\/a><a href=\"https:\/\/bitfab.parts\/wp-content\/uploads\/2023\/11\/slot6-m5-hammer-nut-v4.f3d\" class=\"wp-block-file__button wp-element-button\" download=\"\" aria-describedby=\"wp-block-file--media-c71482c1-d164-4bd6-9913-6358444fdd93\">T\u00e9l\u00e9charger<\/a><\/div>\n<\/div>\n<\/div>\n","protected":false},"excerpt":{"rendered":"<p>Ecrou en T pour profil\u00e9 \u00e0 fente de 6 mm (pour profil\u00e9 \u00e0 fente en V de 20 mm)<br \/> Filetage M5<br \/> Acier galvanis\u00e9<\/p>\n","protected":false},"featured_media":391231,"template":"","meta":[],"product_brand":[],"product_cat":[148],"product_tag":[],"class_list":{"0":"post-391230","1":"product","2":"type-product","3":"status-publish","4":"has-post-thumbnail","6":"product_cat-ecrous-et-boulons","7":"sales-flash-overlay","8":"woocommerce-text-align-center","9":"woocommerce-image-align-center","10":"do-quantity-buttons","12":"first","13":"instock","14":"taxable","15":"shipping-taxable","16":"purchasable","17":"product-type-simple"},"yoast_head":"<!-- This site is optimized with the Yoast SEO plugin v27.2 - https:\/\/yoast.com\/product\/yoast-seo-wordpress\/ -->\n<title>Ecrou marteau pour fente de 6 mm, filetage M5 - Bitfab Parts<\/title>\n<meta name=\"robots\" content=\"index, follow, max-snippet:-1, max-image-preview:large, max-video-preview:-1\" \/>\n<link rel=\"canonical\" href=\"https:\/\/bitfab.parts\/fr\/produit\/ecrou-marteau-pour-fente-de-6-mm-filetage-m5\/\" \/>\n<meta property=\"og:locale\" content=\"fr_FR\" \/>\n<meta property=\"og:type\" content=\"article\" \/>\n<meta property=\"og:title\" content=\"Ecrou marteau pour fente de 6 mm, filetage M5 - Bitfab Parts\" \/>\n<meta property=\"og:description\" content=\"Ecrou en T pour profil\u00e9 \u00e0 fente de 6 mm (pour profil\u00e9 \u00e0 fente en V de 20 mm) Filetage M5 Acier galvanis\u00e9\" \/>\n<meta property=\"og:url\" content=\"https:\/\/bitfab.parts\/fr\/produit\/ecrou-marteau-pour-fente-de-6-mm-filetage-m5\/\" \/>\n<meta property=\"og:site_name\" content=\"Bitfab Parts\" \/>\n<meta property=\"article:modified_time\" content=\"2024-12-29T11:20:21+00:00\" \/>\n<meta property=\"og:image\" content=\"https:\/\/bitfab.parts\/wp-content\/uploads\/2023\/11\/Screenshot-2023-11-23-at-21.52.33.png\" \/>\n\t<meta property=\"og:image:width\" content=\"586\" \/>\n\t<meta property=\"og:image:height\" content=\"425\" \/>\n\t<meta property=\"og:image:type\" content=\"image\/png\" \/>\n<meta name=\"twitter:card\" content=\"summary_large_image\" \/>\n<meta name=\"twitter:label1\" content=\"Dur\u00e9e de lecture estim\u00e9e\" \/>\n\t<meta name=\"twitter:data1\" content=\"1 minute\" \/>\n<script type=\"application\/ld+json\" class=\"yoast-schema-graph\">{\"@context\":\"https:\/\/schema.org\",\"@graph\":[{\"@type\":\"WebPage\",\"@id\":\"https:\/\/bitfab.parts\/fr\/produit\/ecrou-marteau-pour-fente-de-6-mm-filetage-m5\/\",\"url\":\"https:\/\/bitfab.parts\/fr\/produit\/ecrou-marteau-pour-fente-de-6-mm-filetage-m5\/\",\"name\":\"Ecrou marteau pour fente de 6 mm, filetage M5 - Bitfab Parts\",\"isPartOf\":{\"@id\":\"https:\/\/bitfab.parts\/fr\/#website\"},\"primaryImageOfPage\":{\"@id\":\"https:\/\/bitfab.parts\/fr\/produit\/ecrou-marteau-pour-fente-de-6-mm-filetage-m5\/#primaryimage\"},\"image\":{\"@id\":\"https:\/\/bitfab.parts\/fr\/produit\/ecrou-marteau-pour-fente-de-6-mm-filetage-m5\/#primaryimage\"},\"thumbnailUrl\":\"https:\/\/bitfab.parts\/wp-content\/uploads\/2023\/11\/Screenshot-2023-11-23-at-21.52.33.png\",\"datePublished\":\"2023-11-23T19:57:38+00:00\",\"dateModified\":\"2024-12-29T11:20:21+00:00\",\"breadcrumb\":{\"@id\":\"https:\/\/bitfab.parts\/fr\/produit\/ecrou-marteau-pour-fente-de-6-mm-filetage-m5\/#breadcrumb\"},\"inLanguage\":\"fr-FR\",\"potentialAction\":[{\"@type\":\"ReadAction\",\"target\":[\"https:\/\/bitfab.parts\/fr\/produit\/ecrou-marteau-pour-fente-de-6-mm-filetage-m5\/\"]}]},{\"@type\":\"ImageObject\",\"inLanguage\":\"fr-FR\",\"@id\":\"https:\/\/bitfab.parts\/fr\/produit\/ecrou-marteau-pour-fente-de-6-mm-filetage-m5\/#primaryimage\",\"url\":\"https:\/\/bitfab.parts\/wp-content\/uploads\/2023\/11\/Screenshot-2023-11-23-at-21.52.33.png\",\"contentUrl\":\"https:\/\/bitfab.parts\/wp-content\/uploads\/2023\/11\/Screenshot-2023-11-23-at-21.52.33.png\",\"width\":586,\"height\":425},{\"@type\":\"BreadcrumbList\",\"@id\":\"https:\/\/bitfab.parts\/fr\/produit\/ecrou-marteau-pour-fente-de-6-mm-filetage-m5\/#breadcrumb\",\"itemListElement\":[{\"@type\":\"ListItem\",\"position\":1,\"name\":\"Home\",\"item\":\"https:\/\/bitfab.parts\/fr\/\"},{\"@type\":\"ListItem\",\"position\":2,\"name\":\"Boutique\",\"item\":\"https:\/\/bitfab.parts\/store\/\"},{\"@type\":\"ListItem\",\"position\":3,\"name\":\"Ecrou marteau pour fente de 6 mm, filetage M5\"}]},{\"@type\":\"WebSite\",\"@id\":\"https:\/\/bitfab.parts\/fr\/#website\",\"url\":\"https:\/\/bitfab.parts\/fr\/\",\"name\":\"Bitfab Parts\",\"description\":\"Custom cut aluminum profile\",\"publisher\":{\"@id\":\"https:\/\/bitfab.parts\/fr\/#organization\"},\"potentialAction\":[{\"@type\":\"SearchAction\",\"target\":{\"@type\":\"EntryPoint\",\"urlTemplate\":\"https:\/\/bitfab.parts\/fr\/?s={search_term_string}\"},\"query-input\":{\"@type\":\"PropertyValueSpecification\",\"valueRequired\":true,\"valueName\":\"search_term_string\"}}],\"inLanguage\":\"fr-FR\"},{\"@type\":\"Organization\",\"@id\":\"https:\/\/bitfab.parts\/fr\/#organization\",\"name\":\"Bitfab Parts\",\"url\":\"https:\/\/bitfab.parts\/fr\/\",\"logo\":{\"@type\":\"ImageObject\",\"inLanguage\":\"fr-FR\",\"@id\":\"https:\/\/bitfab.parts\/fr\/#\/schema\/logo\/image\/\",\"url\":\"https:\/\/bitfab.parts\/wp-content\/uploads\/2023\/11\/cropped-rectangle_1000x500_without_background.png\",\"contentUrl\":\"https:\/\/bitfab.parts\/wp-content\/uploads\/2023\/11\/cropped-rectangle_1000x500_without_background.png\",\"width\":1000,\"height\":369,\"caption\":\"Bitfab Parts\"},\"image\":{\"@id\":\"https:\/\/bitfab.parts\/fr\/#\/schema\/logo\/image\/\"}}]}<\/script>\n<!-- \/ Yoast SEO plugin. -->","yoast_head_json":{"title":"Ecrou marteau pour fente de 6 mm, filetage M5 - Bitfab Parts","robots":{"index":"index","follow":"follow","max-snippet":"max-snippet:-1","max-image-preview":"max-image-preview:large","max-video-preview":"max-video-preview:-1"},"canonical":"https:\/\/bitfab.parts\/fr\/produit\/ecrou-marteau-pour-fente-de-6-mm-filetage-m5\/","og_locale":"fr_FR","og_type":"article","og_title":"Ecrou marteau pour fente de 6 mm, filetage M5 - Bitfab Parts","og_description":"Ecrou en T pour profil\u00e9 \u00e0 fente de 6 mm (pour profil\u00e9 \u00e0 fente en V de 20 mm) Filetage M5 Acier galvanis\u00e9","og_url":"https:\/\/bitfab.parts\/fr\/produit\/ecrou-marteau-pour-fente-de-6-mm-filetage-m5\/","og_site_name":"Bitfab Parts","article_modified_time":"2024-12-29T11:20:21+00:00","og_image":[{"width":586,"height":425,"url":"https:\/\/bitfab.parts\/wp-content\/uploads\/2023\/11\/Screenshot-2023-11-23-at-21.52.33.png","type":"image\/png"}],"twitter_card":"summary_large_image","twitter_misc":{"Dur\u00e9e de lecture estim\u00e9e":"1 minute"},"schema":{"@context":"https:\/\/schema.org","@graph":[{"@type":"WebPage","@id":"https:\/\/bitfab.parts\/fr\/produit\/ecrou-marteau-pour-fente-de-6-mm-filetage-m5\/","url":"https:\/\/bitfab.parts\/fr\/produit\/ecrou-marteau-pour-fente-de-6-mm-filetage-m5\/","name":"Ecrou marteau pour fente de 6 mm, filetage M5 - Bitfab Parts","isPartOf":{"@id":"https:\/\/bitfab.parts\/fr\/#website"},"primaryImageOfPage":{"@id":"https:\/\/bitfab.parts\/fr\/produit\/ecrou-marteau-pour-fente-de-6-mm-filetage-m5\/#primaryimage"},"image":{"@id":"https:\/\/bitfab.parts\/fr\/produit\/ecrou-marteau-pour-fente-de-6-mm-filetage-m5\/#primaryimage"},"thumbnailUrl":"https:\/\/bitfab.parts\/wp-content\/uploads\/2023\/11\/Screenshot-2023-11-23-at-21.52.33.png","datePublished":"2023-11-23T19:57:38+00:00","dateModified":"2024-12-29T11:20:21+00:00","breadcrumb":{"@id":"https:\/\/bitfab.parts\/fr\/produit\/ecrou-marteau-pour-fente-de-6-mm-filetage-m5\/#breadcrumb"},"inLanguage":"fr-FR","potentialAction":[{"@type":"ReadAction","target":["https:\/\/bitfab.parts\/fr\/produit\/ecrou-marteau-pour-fente-de-6-mm-filetage-m5\/"]}]},{"@type":"ImageObject","inLanguage":"fr-FR","@id":"https:\/\/bitfab.parts\/fr\/produit\/ecrou-marteau-pour-fente-de-6-mm-filetage-m5\/#primaryimage","url":"https:\/\/bitfab.parts\/wp-content\/uploads\/2023\/11\/Screenshot-2023-11-23-at-21.52.33.png","contentUrl":"https:\/\/bitfab.parts\/wp-content\/uploads\/2023\/11\/Screenshot-2023-11-23-at-21.52.33.png","width":586,"height":425},{"@type":"BreadcrumbList","@id":"https:\/\/bitfab.parts\/fr\/produit\/ecrou-marteau-pour-fente-de-6-mm-filetage-m5\/#breadcrumb","itemListElement":[{"@type":"ListItem","position":1,"name":"Home","item":"https:\/\/bitfab.parts\/fr\/"},{"@type":"ListItem","position":2,"name":"Boutique","item":"https:\/\/bitfab.parts\/store\/"},{"@type":"ListItem","position":3,"name":"Ecrou marteau pour fente de 6 mm, filetage M5"}]},{"@type":"WebSite","@id":"https:\/\/bitfab.parts\/fr\/#website","url":"https:\/\/bitfab.parts\/fr\/","name":"Bitfab Parts","description":"Custom cut aluminum profile","publisher":{"@id":"https:\/\/bitfab.parts\/fr\/#organization"},"potentialAction":[{"@type":"SearchAction","target":{"@type":"EntryPoint","urlTemplate":"https:\/\/bitfab.parts\/fr\/?s={search_term_string}"},"query-input":{"@type":"PropertyValueSpecification","valueRequired":true,"valueName":"search_term_string"}}],"inLanguage":"fr-FR"},{"@type":"Organization","@id":"https:\/\/bitfab.parts\/fr\/#organization","name":"Bitfab Parts","url":"https:\/\/bitfab.parts\/fr\/","logo":{"@type":"ImageObject","inLanguage":"fr-FR","@id":"https:\/\/bitfab.parts\/fr\/#\/schema\/logo\/image\/","url":"https:\/\/bitfab.parts\/wp-content\/uploads\/2023\/11\/cropped-rectangle_1000x500_without_background.png","contentUrl":"https:\/\/bitfab.parts\/wp-content\/uploads\/2023\/11\/cropped-rectangle_1000x500_without_background.png","width":1000,"height":369,"caption":"Bitfab Parts"},"image":{"@id":"https:\/\/bitfab.parts\/fr\/#\/schema\/logo\/image\/"}}]}},"_links":{"self":[{"href":"https:\/\/bitfab.parts\/fr\/wp-json\/wp\/v2\/product\/391230","targetHints":{"allow":["GET"]}}],"collection":[{"href":"https:\/\/bitfab.parts\/fr\/wp-json\/wp\/v2\/product"}],"about":[{"href":"https:\/\/bitfab.parts\/fr\/wp-json\/wp\/v2\/types\/product"}],"wp:featuredmedia":[{"embeddable":true,"href":"https:\/\/bitfab.parts\/fr\/wp-json\/wp\/v2\/media\/391231"}],"wp:attachment":[{"href":"https:\/\/bitfab.parts\/fr\/wp-json\/wp\/v2\/media?parent=391230"}],"wp:term":[{"taxonomy":"product_brand","embeddable":true,"href":"https:\/\/bitfab.parts\/fr\/wp-json\/wp\/v2\/product_brand?post=391230"},{"taxonomy":"product_cat","embeddable":true,"href":"https:\/\/bitfab.parts\/fr\/wp-json\/wp\/v2\/product_cat?post=391230"},{"taxonomy":"product_tag","embeddable":true,"href":"https:\/\/bitfab.parts\/fr\/wp-json\/wp\/v2\/product_tag?post=391230"}],"curies":[{"name":"wp","href":"https:\/\/api.w.org\/{rel}","templated":true}]}}