{"id":391238,"date":"2024-02-01T18:59:56","date_gmt":"2024-02-01T17:59:56","guid":{"rendered":"https:\/\/bitfab.parts\/product\/ecrou-marteau-pour-fente-de-8mm-filetage-m6\/"},"modified":"2024-12-29T12:20:21","modified_gmt":"2024-12-29T11:20:21","slug":"ecrou-marteau-pour-fente-de-8mm-filetage-m6","status":"publish","type":"product","link":"https:\/\/bitfab.parts\/fr\/produit\/ecrou-marteau-pour-fente-de-8mm-filetage-m6\/","title":{"rendered":"Ecrou marteau pour fente de 8mm, filetage M6"},"content":{"rendered":"\n<p>Ecrou en T \u00e0 frapper M6 pour profil\u00e9 \u00e0 fente de 8 mm (compatible avec le profil\u00e9 de type B de 30 mm ou d&rsquo;autres profil\u00e9s \u00e0 fente de 8 mm).<\/p>\n\n<p>Les \u00e9crous marteaux sont des \u00e9crous \u00e0 ins\u00e9rer, ils peuvent \u00eatre ajout\u00e9s n&rsquo;importe o\u00f9 le long de la fente sans avoir acc\u00e8s aux extr\u00e9mit\u00e9s de la fente (sans avoir \u00e0 d\u00e9monter votre structure ou \u00e0 placer tous les \u00e9crous \u00e0 l&rsquo;avance).<\/p>\n\n<p>Une unit\u00e9, prix par unit\u00e9.<\/p>\n\n<ul class=\"wp-block-list\">\n<li><strong>Type d&rsquo;\u00e9crou :<\/strong> \u00c9crou \u00e0 marteau \u00e0 rainure en T<\/li>\n\n\n\n<li><strong>Largeur de la fente :<\/strong> 8 mm<\/li>\n\n\n\n<li><strong>Fil :<\/strong> M6<\/li>\n\n\n\n<li><strong>Mat\u00e9riau :<\/strong> Acier<\/li>\n\n\n\n<li><strong>Finition :<\/strong> Acier galvanis\u00e9<\/li>\n<\/ul>\n\n<h2 class=\"wp-block-heading\">Dessin technique<\/h2>\n\n<p>Vous pouvez cliquer sur le dessin pour ouvrir le fichier PDF.<\/p>\n<div class=\"wp-block-image\">\n<figure class=\"aligncenter size-full\"><a href=\"https:\/\/bitfab.parts\/wp-content\/uploads\/2024\/02\/slot8-m6-hammer-nut-Drawing-v1.pdf\" target=\"_blank\" rel=\" noreferrer noopener\"><img loading=\"lazy\" decoding=\"async\" width=\"1058\" height=\"753\" src=\"https:\/\/bitfab.parts\/wp-content\/uploads\/2024\/02\/slot8-m6-hammer-nut-technical-drawing.png\" alt=\"\" class=\"wp-image-390925\" srcset=\"https:\/\/bitfab.parts\/wp-content\/uploads\/2024\/02\/slot8-m6-hammer-nut-technical-drawing.png 1058w, https:\/\/bitfab.parts\/wp-content\/uploads\/2024\/02\/slot8-m6-hammer-nut-technical-drawing-300x214.png 300w, https:\/\/bitfab.parts\/wp-content\/uploads\/2024\/02\/slot8-m6-hammer-nut-technical-drawing-1024x729.png 1024w, https:\/\/bitfab.parts\/wp-content\/uploads\/2024\/02\/slot8-m6-hammer-nut-technical-drawing-768x547.png 768w, https:\/\/bitfab.parts\/wp-content\/uploads\/2024\/02\/slot8-m6-hammer-nut-technical-drawing-500x356.png 500w\" sizes=\"auto, (max-width: 1058px) 100vw, 1058px\" \/><\/a><\/figure>\n<\/div>\n<h2 class=\"wp-block-heading\">Sp\u00e9cifications techniques<\/h2>\n\n<ul class=\"wp-block-list\">\n<li><strong>Masse :<\/strong> 3,1 grammes<\/li>\n<\/ul>\n\n<h2 class=\"wp-block-heading\">Mod\u00e8les 3D<\/h2>\n\n<div class=\"wp-block-columns is-layout-flex wp-container-core-columns-is-layout-9d6595d7 wp-block-columns-is-layout-flex\">\n<div class=\"wp-block-column is-layout-flow wp-block-column-is-layout-flow\">\t\t\t<div class='wp-block-tdvb-td-viewer  align' id='tdvb3DViewerBlock-a929bbc2-7' data-attributes='{&quot;cId&quot;:&quot;a929bbc2-7&quot;,&quot;model&quot;:{&quot;id&quot;:390921,&quot;url&quot;:&quot;https:\\\/\\\/bitfab.parts\\\/wp-content\\\/uploads\\\/2024\\\/02\\\/slot8-m6-hammer-nut-v3.glb&quot;,&quot;alt&quot;:&quot;&quot;,&quot;title&quot;:&quot;slot8-m6-hammer-nut v3&quot;},&quot;loadingType&quot;:&quot;lazy&quot;,&quot;align&quot;:&quot;&quot;,&quot;alignment&quot;:&quot;center&quot;,&quot;sourceType&quot;:&quot;upload&quot;,&quot;modelLink&quot;:&quot;&quot;,&quot;width&quot;:&quot;100%&quot;,&quot;height&quot;:&quot;350px&quot;,&quot;isTouchMove&quot;:true,&quot;isZoom&quot;:true,&quot;gbBlockCondition&quot;:&quot;&quot;,&quot;gbBlockConditionInvert&quot;:false}'><\/div>\r\n\t\r\n\t\t\t<\/div>\n\n\n\n<div class=\"wp-block-column is-layout-flow wp-block-column-is-layout-flow\">\n<div class=\"wp-block-file\"><a id=\"wp-block-file--media-1d8954a3-ff3b-4b11-b4b4-e3a4cd783d23\" href=\"https:\/\/bitfab.parts\/wp-content\/uploads\/2024\/02\/slot8-m6-hammer-nut-v3.stl\" target=\"_blank\" rel=\"noreferrer noopener\">slot8-m6-hammer-nut v3.stl<\/a><a href=\"https:\/\/bitfab.parts\/wp-content\/uploads\/2024\/02\/slot8-m6-hammer-nut-v3.stl\" class=\"wp-block-file__button wp-element-button\" download=\"\" aria-describedby=\"wp-block-file--media-1d8954a3-ff3b-4b11-b4b4-e3a4cd783d23\">T\u00e9l\u00e9charger<\/a><\/div>\n\n\n\n<div class=\"wp-block-file\"><a id=\"wp-block-file--media-9736144d-2cc6-4fda-bd67-5e341e168650\" href=\"https:\/\/bitfab.parts\/wp-content\/uploads\/2024\/02\/slot8-m6-hammer-nut-v3.step\" target=\"_blank\" rel=\"noreferrer noopener\">slot8-m6-\u00e9crou \u00e0 frapper v3.step<\/a><a href=\"https:\/\/bitfab.parts\/wp-content\/uploads\/2024\/02\/slot8-m6-hammer-nut-v3.step\" class=\"wp-block-file__button wp-element-button\" download=\"\" aria-describedby=\"wp-block-file--media-9736144d-2cc6-4fda-bd67-5e341e168650\">T\u00e9l\u00e9charger<\/a><\/div>\n\n\n\n<div class=\"wp-block-file\"><a id=\"wp-block-file--media-8dbdbdfd-5117-4ba1-94bc-0238fa051c5f\" href=\"https:\/\/bitfab.parts\/wp-content\/uploads\/2024\/02\/slot8-m6-hammer-nut-v3.f3d\" target=\"_blank\" rel=\"noreferrer noopener\">slot8-m6-\u00e9crou \u00e0 frapper v3.f3d<\/a><a href=\"https:\/\/bitfab.parts\/wp-content\/uploads\/2024\/02\/slot8-m6-hammer-nut-v3.f3d\" class=\"wp-block-file__button wp-element-button\" download=\"\" aria-describedby=\"wp-block-file--media-8dbdbdfd-5117-4ba1-94bc-0238fa051c5f\">T\u00e9l\u00e9charger<\/a><\/div>\n<\/div>\n<\/div>\n","protected":false},"excerpt":{"rendered":"<p>\u00c9crou en T pour profil\u00e9 \u00e0 fente de 8 mm (pour profil\u00e9 de 30 mm)<br \/> Filet M6<br \/> Acier galvanis\u00e9<\/p>\n","protected":false},"featured_media":391231,"template":"","meta":[],"product_brand":[],"product_cat":[148],"product_tag":[],"class_list":{"0":"post-391238","1":"product","2":"type-product","3":"status-publish","4":"has-post-thumbnail","6":"product_cat-ecrous-et-boulons","7":"sales-flash-overlay","8":"woocommerce-text-align-center","9":"woocommerce-image-align-center","10":"do-quantity-buttons","12":"first","13":"instock","14":"taxable","15":"shipping-taxable","16":"purchasable","17":"product-type-simple"},"yoast_head":"<!-- This site is optimized with the Yoast SEO plugin v27.2 - https:\/\/yoast.com\/product\/yoast-seo-wordpress\/ -->\n<title>Ecrou marteau pour fente de 8mm, filetage M6 - Bitfab Parts<\/title>\n<meta name=\"robots\" content=\"index, follow, max-snippet:-1, max-image-preview:large, max-video-preview:-1\" \/>\n<link rel=\"canonical\" href=\"https:\/\/bitfab.parts\/fr\/produit\/ecrou-marteau-pour-fente-de-8mm-filetage-m6\/\" \/>\n<meta property=\"og:locale\" content=\"fr_FR\" \/>\n<meta property=\"og:type\" content=\"article\" \/>\n<meta property=\"og:title\" content=\"Ecrou marteau pour fente de 8mm, filetage M6 - Bitfab Parts\" \/>\n<meta property=\"og:description\" content=\"\u00c9crou en T pour profil\u00e9 \u00e0 fente de 8 mm (pour profil\u00e9 de 30 mm) Filet M6 Acier galvanis\u00e9\" \/>\n<meta property=\"og:url\" content=\"https:\/\/bitfab.parts\/fr\/produit\/ecrou-marteau-pour-fente-de-8mm-filetage-m6\/\" \/>\n<meta property=\"og:site_name\" content=\"Bitfab Parts\" \/>\n<meta property=\"article:modified_time\" content=\"2024-12-29T11:20:21+00:00\" \/>\n<meta property=\"og:image\" content=\"https:\/\/bitfab.parts\/wp-content\/uploads\/2023\/11\/Screenshot-2023-11-23-at-21.52.33.png\" \/>\n\t<meta property=\"og:image:width\" content=\"586\" \/>\n\t<meta property=\"og:image:height\" content=\"425\" \/>\n\t<meta property=\"og:image:type\" content=\"image\/png\" \/>\n<meta name=\"twitter:card\" content=\"summary_large_image\" \/>\n<meta name=\"twitter:label1\" content=\"Dur\u00e9e de lecture estim\u00e9e\" \/>\n\t<meta name=\"twitter:data1\" content=\"1 minute\" \/>\n<script type=\"application\/ld+json\" class=\"yoast-schema-graph\">{\"@context\":\"https:\/\/schema.org\",\"@graph\":[{\"@type\":\"WebPage\",\"@id\":\"https:\/\/bitfab.parts\/fr\/produit\/ecrou-marteau-pour-fente-de-8mm-filetage-m6\/\",\"url\":\"https:\/\/bitfab.parts\/fr\/produit\/ecrou-marteau-pour-fente-de-8mm-filetage-m6\/\",\"name\":\"Ecrou marteau pour fente de 8mm, filetage M6 - Bitfab Parts\",\"isPartOf\":{\"@id\":\"https:\/\/bitfab.parts\/fr\/#website\"},\"primaryImageOfPage\":{\"@id\":\"https:\/\/bitfab.parts\/fr\/produit\/ecrou-marteau-pour-fente-de-8mm-filetage-m6\/#primaryimage\"},\"image\":{\"@id\":\"https:\/\/bitfab.parts\/fr\/produit\/ecrou-marteau-pour-fente-de-8mm-filetage-m6\/#primaryimage\"},\"thumbnailUrl\":\"https:\/\/bitfab.parts\/wp-content\/uploads\/2023\/11\/Screenshot-2023-11-23-at-21.52.33.png\",\"datePublished\":\"2024-02-01T17:59:56+00:00\",\"dateModified\":\"2024-12-29T11:20:21+00:00\",\"breadcrumb\":{\"@id\":\"https:\/\/bitfab.parts\/fr\/produit\/ecrou-marteau-pour-fente-de-8mm-filetage-m6\/#breadcrumb\"},\"inLanguage\":\"fr-FR\",\"potentialAction\":[{\"@type\":\"ReadAction\",\"target\":[\"https:\/\/bitfab.parts\/fr\/produit\/ecrou-marteau-pour-fente-de-8mm-filetage-m6\/\"]}]},{\"@type\":\"ImageObject\",\"inLanguage\":\"fr-FR\",\"@id\":\"https:\/\/bitfab.parts\/fr\/produit\/ecrou-marteau-pour-fente-de-8mm-filetage-m6\/#primaryimage\",\"url\":\"https:\/\/bitfab.parts\/wp-content\/uploads\/2023\/11\/Screenshot-2023-11-23-at-21.52.33.png\",\"contentUrl\":\"https:\/\/bitfab.parts\/wp-content\/uploads\/2023\/11\/Screenshot-2023-11-23-at-21.52.33.png\",\"width\":586,\"height\":425},{\"@type\":\"BreadcrumbList\",\"@id\":\"https:\/\/bitfab.parts\/fr\/produit\/ecrou-marteau-pour-fente-de-8mm-filetage-m6\/#breadcrumb\",\"itemListElement\":[{\"@type\":\"ListItem\",\"position\":1,\"name\":\"Home\",\"item\":\"https:\/\/bitfab.parts\/fr\/\"},{\"@type\":\"ListItem\",\"position\":2,\"name\":\"Boutique\",\"item\":\"https:\/\/bitfab.parts\/store\/\"},{\"@type\":\"ListItem\",\"position\":3,\"name\":\"Ecrou marteau pour fente de 8mm, filetage M6\"}]},{\"@type\":\"WebSite\",\"@id\":\"https:\/\/bitfab.parts\/fr\/#website\",\"url\":\"https:\/\/bitfab.parts\/fr\/\",\"name\":\"Bitfab Parts\",\"description\":\"Custom cut aluminum profile\",\"publisher\":{\"@id\":\"https:\/\/bitfab.parts\/fr\/#organization\"},\"potentialAction\":[{\"@type\":\"SearchAction\",\"target\":{\"@type\":\"EntryPoint\",\"urlTemplate\":\"https:\/\/bitfab.parts\/fr\/?s={search_term_string}\"},\"query-input\":{\"@type\":\"PropertyValueSpecification\",\"valueRequired\":true,\"valueName\":\"search_term_string\"}}],\"inLanguage\":\"fr-FR\"},{\"@type\":\"Organization\",\"@id\":\"https:\/\/bitfab.parts\/fr\/#organization\",\"name\":\"Bitfab Parts\",\"url\":\"https:\/\/bitfab.parts\/fr\/\",\"logo\":{\"@type\":\"ImageObject\",\"inLanguage\":\"fr-FR\",\"@id\":\"https:\/\/bitfab.parts\/fr\/#\/schema\/logo\/image\/\",\"url\":\"https:\/\/bitfab.parts\/wp-content\/uploads\/2023\/11\/cropped-rectangle_1000x500_without_background.png\",\"contentUrl\":\"https:\/\/bitfab.parts\/wp-content\/uploads\/2023\/11\/cropped-rectangle_1000x500_without_background.png\",\"width\":1000,\"height\":369,\"caption\":\"Bitfab Parts\"},\"image\":{\"@id\":\"https:\/\/bitfab.parts\/fr\/#\/schema\/logo\/image\/\"}}]}<\/script>\n<!-- \/ Yoast SEO plugin. -->","yoast_head_json":{"title":"Ecrou marteau pour fente de 8mm, filetage M6 - Bitfab Parts","robots":{"index":"index","follow":"follow","max-snippet":"max-snippet:-1","max-image-preview":"max-image-preview:large","max-video-preview":"max-video-preview:-1"},"canonical":"https:\/\/bitfab.parts\/fr\/produit\/ecrou-marteau-pour-fente-de-8mm-filetage-m6\/","og_locale":"fr_FR","og_type":"article","og_title":"Ecrou marteau pour fente de 8mm, filetage M6 - Bitfab Parts","og_description":"\u00c9crou en T pour profil\u00e9 \u00e0 fente de 8 mm (pour profil\u00e9 de 30 mm) Filet M6 Acier galvanis\u00e9","og_url":"https:\/\/bitfab.parts\/fr\/produit\/ecrou-marteau-pour-fente-de-8mm-filetage-m6\/","og_site_name":"Bitfab Parts","article_modified_time":"2024-12-29T11:20:21+00:00","og_image":[{"width":586,"height":425,"url":"https:\/\/bitfab.parts\/wp-content\/uploads\/2023\/11\/Screenshot-2023-11-23-at-21.52.33.png","type":"image\/png"}],"twitter_card":"summary_large_image","twitter_misc":{"Dur\u00e9e de lecture estim\u00e9e":"1 minute"},"schema":{"@context":"https:\/\/schema.org","@graph":[{"@type":"WebPage","@id":"https:\/\/bitfab.parts\/fr\/produit\/ecrou-marteau-pour-fente-de-8mm-filetage-m6\/","url":"https:\/\/bitfab.parts\/fr\/produit\/ecrou-marteau-pour-fente-de-8mm-filetage-m6\/","name":"Ecrou marteau pour fente de 8mm, filetage M6 - Bitfab Parts","isPartOf":{"@id":"https:\/\/bitfab.parts\/fr\/#website"},"primaryImageOfPage":{"@id":"https:\/\/bitfab.parts\/fr\/produit\/ecrou-marteau-pour-fente-de-8mm-filetage-m6\/#primaryimage"},"image":{"@id":"https:\/\/bitfab.parts\/fr\/produit\/ecrou-marteau-pour-fente-de-8mm-filetage-m6\/#primaryimage"},"thumbnailUrl":"https:\/\/bitfab.parts\/wp-content\/uploads\/2023\/11\/Screenshot-2023-11-23-at-21.52.33.png","datePublished":"2024-02-01T17:59:56+00:00","dateModified":"2024-12-29T11:20:21+00:00","breadcrumb":{"@id":"https:\/\/bitfab.parts\/fr\/produit\/ecrou-marteau-pour-fente-de-8mm-filetage-m6\/#breadcrumb"},"inLanguage":"fr-FR","potentialAction":[{"@type":"ReadAction","target":["https:\/\/bitfab.parts\/fr\/produit\/ecrou-marteau-pour-fente-de-8mm-filetage-m6\/"]}]},{"@type":"ImageObject","inLanguage":"fr-FR","@id":"https:\/\/bitfab.parts\/fr\/produit\/ecrou-marteau-pour-fente-de-8mm-filetage-m6\/#primaryimage","url":"https:\/\/bitfab.parts\/wp-content\/uploads\/2023\/11\/Screenshot-2023-11-23-at-21.52.33.png","contentUrl":"https:\/\/bitfab.parts\/wp-content\/uploads\/2023\/11\/Screenshot-2023-11-23-at-21.52.33.png","width":586,"height":425},{"@type":"BreadcrumbList","@id":"https:\/\/bitfab.parts\/fr\/produit\/ecrou-marteau-pour-fente-de-8mm-filetage-m6\/#breadcrumb","itemListElement":[{"@type":"ListItem","position":1,"name":"Home","item":"https:\/\/bitfab.parts\/fr\/"},{"@type":"ListItem","position":2,"name":"Boutique","item":"https:\/\/bitfab.parts\/store\/"},{"@type":"ListItem","position":3,"name":"Ecrou marteau pour fente de 8mm, filetage M6"}]},{"@type":"WebSite","@id":"https:\/\/bitfab.parts\/fr\/#website","url":"https:\/\/bitfab.parts\/fr\/","name":"Bitfab Parts","description":"Custom cut aluminum profile","publisher":{"@id":"https:\/\/bitfab.parts\/fr\/#organization"},"potentialAction":[{"@type":"SearchAction","target":{"@type":"EntryPoint","urlTemplate":"https:\/\/bitfab.parts\/fr\/?s={search_term_string}"},"query-input":{"@type":"PropertyValueSpecification","valueRequired":true,"valueName":"search_term_string"}}],"inLanguage":"fr-FR"},{"@type":"Organization","@id":"https:\/\/bitfab.parts\/fr\/#organization","name":"Bitfab Parts","url":"https:\/\/bitfab.parts\/fr\/","logo":{"@type":"ImageObject","inLanguage":"fr-FR","@id":"https:\/\/bitfab.parts\/fr\/#\/schema\/logo\/image\/","url":"https:\/\/bitfab.parts\/wp-content\/uploads\/2023\/11\/cropped-rectangle_1000x500_without_background.png","contentUrl":"https:\/\/bitfab.parts\/wp-content\/uploads\/2023\/11\/cropped-rectangle_1000x500_without_background.png","width":1000,"height":369,"caption":"Bitfab Parts"},"image":{"@id":"https:\/\/bitfab.parts\/fr\/#\/schema\/logo\/image\/"}}]}},"_links":{"self":[{"href":"https:\/\/bitfab.parts\/fr\/wp-json\/wp\/v2\/product\/391238","targetHints":{"allow":["GET"]}}],"collection":[{"href":"https:\/\/bitfab.parts\/fr\/wp-json\/wp\/v2\/product"}],"about":[{"href":"https:\/\/bitfab.parts\/fr\/wp-json\/wp\/v2\/types\/product"}],"wp:featuredmedia":[{"embeddable":true,"href":"https:\/\/bitfab.parts\/fr\/wp-json\/wp\/v2\/media\/391231"}],"wp:attachment":[{"href":"https:\/\/bitfab.parts\/fr\/wp-json\/wp\/v2\/media?parent=391238"}],"wp:term":[{"taxonomy":"product_brand","embeddable":true,"href":"https:\/\/bitfab.parts\/fr\/wp-json\/wp\/v2\/product_brand?post=391238"},{"taxonomy":"product_cat","embeddable":true,"href":"https:\/\/bitfab.parts\/fr\/wp-json\/wp\/v2\/product_cat?post=391238"},{"taxonomy":"product_tag","embeddable":true,"href":"https:\/\/bitfab.parts\/fr\/wp-json\/wp\/v2\/product_tag?post=391238"}],"curies":[{"name":"wp","href":"https:\/\/api.w.org\/{rel}","templated":true}]}}