{"id":391258,"date":"2023-11-23T21:19:10","date_gmt":"2023-11-23T20:19:10","guid":{"rendered":"https:\/\/bitfab.parts\/product\/support-20mm-slot-6\/"},"modified":"2024-12-29T12:21:24","modified_gmt":"2024-12-29T11:21:24","slug":"support-20mm-slot-6","status":"publish","type":"product","link":"https:\/\/bitfab.parts\/fr\/produit\/support-20mm-slot-6\/","title":{"rendered":"Support 20mm slot 6"},"content":{"rendered":"\n<p>Support pour r\u00e9aliser des connexions \u00e0 90 degr\u00e9s dans un profil\u00e9 d&rsquo;aluminium extrud\u00e9.<\/p>\n\n<p>Recommand\u00e9 pour une utilisation avec notre profil\u00e9 de 20 mm de la s\u00e9rie V-Slot ou d&rsquo;autres profil\u00e9s de 20 mm.<\/p>\n\n<p>Une unit\u00e9, prix par unit\u00e9.<\/p>\n\n<h2 class=\"wp-block-heading\">Sp\u00e9cifications techniques<\/h2>\n\n<ul class=\"wp-block-list\">\n<li><strong>Taille :<\/strong> 20x20x17mm<\/li>\n\n\n\n<li><strong>Trous :<\/strong> 6 mm (pour utilisation avec du mat\u00e9riel jusqu&rsquo;\u00e0 M6)<\/li>\n\n\n\n<li><strong>Mat\u00e9riau :<\/strong> fonte d&rsquo;aluminium<\/li>\n<\/ul>\n<h2>Dessins techniques<\/h2>\n<p>Vous pouvez cliquer sur le dessin pour ouvrir le fichier PDF.<\/p>\n<p><a href=\"https:\/\/bitfab.parts\/wp-content\/uploads\/2023\/11\/2020-corner-Drawing-v3.pdf\"><img loading=\"lazy\" decoding=\"async\" class=\"aligncenter size-large wp-image-390272\" src=\"https:\/\/bitfab.parts\/wp-content\/uploads\/2023\/11\/2020-corner-drawing-preview-1-1024x751.png\" alt=\"\" width=\"1024\" height=\"751\" srcset=\"https:\/\/bitfab.parts\/wp-content\/uploads\/2023\/11\/2020-corner-drawing-preview-1-1024x751.png 1024w, https:\/\/bitfab.parts\/wp-content\/uploads\/2023\/11\/2020-corner-drawing-preview-1-300x220.png 300w, https:\/\/bitfab.parts\/wp-content\/uploads\/2023\/11\/2020-corner-drawing-preview-1-768x563.png 768w, https:\/\/bitfab.parts\/wp-content\/uploads\/2023\/11\/2020-corner-drawing-preview-1-500x367.png 500w, https:\/\/bitfab.parts\/wp-content\/uploads\/2023\/11\/2020-corner-drawing-preview-1.png 1149w\" sizes=\"auto, (max-width: 1024px) 100vw, 1024px\" \/><\/a><\/p>\n<h2>Mod\u00e8les 3D<\/h2>\n<ul>\n<li>Fichier STL : <a href=\"https:\/\/bitfab.parts\/wp-content\/uploads\/2024\/09\/2020-bracket-v1.stl\">2020 bracket v1.stl<\/a><\/li>\n<li>Fichier STEP : <a href=\"https:\/\/bitfab.parts\/wp-content\/uploads\/2024\/09\/2020-bracket-v1.step\">2020 bracket v1.step<\/a><\/li>\n<li>Fichier Fusion 360 : <a href=\"https:\/\/bitfab.parts\/wp-content\/uploads\/2024\/09\/2020-bracket-v1.f3d\">2020 bracket v1.f3d<\/a><\/li>\n<\/ul>\n\t\t\t<div class='wp-block-tdvb-td-viewer  align' id='tdvb3DViewerBlock-6779e4b3-6' data-attributes='{&quot;cId&quot;:&quot;6779e4b3-6&quot;,&quot;model&quot;:{&quot;id&quot;:390269,&quot;url&quot;:&quot;https:\\\/\\\/bitfab.parts\\\/wp-content\\\/uploads\\\/2023\\\/11\\\/2020-bracket-v1.glb&quot;,&quot;alt&quot;:&quot;&quot;,&quot;title&quot;:&quot;2020 bracket v1&quot;},&quot;align&quot;:&quot;&quot;,&quot;alignment&quot;:&quot;center&quot;,&quot;sourceType&quot;:&quot;upload&quot;,&quot;modelLink&quot;:&quot;&quot;,&quot;width&quot;:&quot;100%&quot;,&quot;height&quot;:&quot;350px&quot;,&quot;isTouchMove&quot;:true,&quot;isZoom&quot;:true,&quot;loadingType&quot;:&quot;auto&quot;,&quot;gbBlockCondition&quot;:&quot;&quot;,&quot;gbBlockConditionInvert&quot;:false}'><\/div>\r\n\t\r\n\t\t\t","protected":false},"excerpt":{"rendered":"<p>Support \u00e0 90 degr\u00e9s pour extrusion d&rsquo;aluminium de 20mm<br \/> Pour profil\u00e9s d&rsquo;aluminium \u00e0 fente de 6mm (compatible avec la fente en V de 20mm)<br \/> Mat\u00e9riau : aluminium moul\u00e9<\/p>\n","protected":false},"featured_media":391259,"template":"","meta":[],"product_brand":[],"product_cat":[151],"product_tag":[],"class_list":{"0":"post-391258","1":"product","2":"type-product","3":"status-publish","4":"has-post-thumbnail","6":"product_cat-connecteurs","7":"sales-flash-overlay","8":"woocommerce-text-align-center","9":"woocommerce-image-align-center","10":"do-quantity-buttons","12":"first","13":"instock","14":"taxable","15":"shipping-taxable","16":"purchasable","17":"product-type-simple"},"yoast_head":"<!-- This site is optimized with the Yoast SEO plugin v27.2 - https:\/\/yoast.com\/product\/yoast-seo-wordpress\/ -->\n<title>Support 20mm slot 6 - Bitfab Parts<\/title>\n<meta name=\"robots\" content=\"index, follow, max-snippet:-1, max-image-preview:large, max-video-preview:-1\" \/>\n<link rel=\"canonical\" href=\"https:\/\/bitfab.parts\/fr\/produit\/support-20mm-slot-6\/\" \/>\n<meta property=\"og:locale\" content=\"fr_FR\" \/>\n<meta property=\"og:type\" content=\"article\" \/>\n<meta property=\"og:title\" content=\"Support 20mm slot 6 - Bitfab Parts\" \/>\n<meta property=\"og:description\" content=\"Support \u00e0 90 degr\u00e9s pour extrusion d&#039;aluminium de 20mm Pour profil\u00e9s d&#039;aluminium \u00e0 fente de 6mm (compatible avec la fente en V de 20mm) Mat\u00e9riau : aluminium moul\u00e9\" \/>\n<meta property=\"og:url\" content=\"https:\/\/bitfab.parts\/fr\/produit\/support-20mm-slot-6\/\" \/>\n<meta property=\"og:site_name\" content=\"Bitfab Parts\" \/>\n<meta property=\"article:modified_time\" content=\"2024-12-29T11:21:24+00:00\" \/>\n<meta property=\"og:image\" content=\"https:\/\/bitfab.parts\/wp-content\/uploads\/2023\/11\/Screenshot-2023-11-23-at-22.10.50.png\" \/>\n\t<meta property=\"og:image:width\" content=\"552\" \/>\n\t<meta property=\"og:image:height\" content=\"529\" \/>\n\t<meta property=\"og:image:type\" content=\"image\/png\" \/>\n<meta name=\"twitter:card\" content=\"summary_large_image\" \/>\n<script type=\"application\/ld+json\" class=\"yoast-schema-graph\">{\"@context\":\"https:\/\/schema.org\",\"@graph\":[{\"@type\":\"WebPage\",\"@id\":\"https:\/\/bitfab.parts\/fr\/produit\/support-20mm-slot-6\/\",\"url\":\"https:\/\/bitfab.parts\/fr\/produit\/support-20mm-slot-6\/\",\"name\":\"Support 20mm slot 6 - Bitfab Parts\",\"isPartOf\":{\"@id\":\"https:\/\/bitfab.parts\/fr\/#website\"},\"primaryImageOfPage\":{\"@id\":\"https:\/\/bitfab.parts\/fr\/produit\/support-20mm-slot-6\/#primaryimage\"},\"image\":{\"@id\":\"https:\/\/bitfab.parts\/fr\/produit\/support-20mm-slot-6\/#primaryimage\"},\"thumbnailUrl\":\"https:\/\/bitfab.parts\/wp-content\/uploads\/2023\/11\/Screenshot-2023-11-23-at-22.10.50.png\",\"datePublished\":\"2023-11-23T20:19:10+00:00\",\"dateModified\":\"2024-12-29T11:21:24+00:00\",\"breadcrumb\":{\"@id\":\"https:\/\/bitfab.parts\/fr\/produit\/support-20mm-slot-6\/#breadcrumb\"},\"inLanguage\":\"fr-FR\",\"potentialAction\":[{\"@type\":\"ReadAction\",\"target\":[\"https:\/\/bitfab.parts\/fr\/produit\/support-20mm-slot-6\/\"]}]},{\"@type\":\"ImageObject\",\"inLanguage\":\"fr-FR\",\"@id\":\"https:\/\/bitfab.parts\/fr\/produit\/support-20mm-slot-6\/#primaryimage\",\"url\":\"https:\/\/bitfab.parts\/wp-content\/uploads\/2023\/11\/Screenshot-2023-11-23-at-22.10.50.png\",\"contentUrl\":\"https:\/\/bitfab.parts\/wp-content\/uploads\/2023\/11\/Screenshot-2023-11-23-at-22.10.50.png\",\"width\":552,\"height\":529},{\"@type\":\"BreadcrumbList\",\"@id\":\"https:\/\/bitfab.parts\/fr\/produit\/support-20mm-slot-6\/#breadcrumb\",\"itemListElement\":[{\"@type\":\"ListItem\",\"position\":1,\"name\":\"Home\",\"item\":\"https:\/\/bitfab.parts\/fr\/\"},{\"@type\":\"ListItem\",\"position\":2,\"name\":\"Boutique\",\"item\":\"https:\/\/bitfab.parts\/store\/\"},{\"@type\":\"ListItem\",\"position\":3,\"name\":\"Support 20mm slot 6\"}]},{\"@type\":\"WebSite\",\"@id\":\"https:\/\/bitfab.parts\/fr\/#website\",\"url\":\"https:\/\/bitfab.parts\/fr\/\",\"name\":\"Bitfab Parts\",\"description\":\"Custom cut aluminum profile\",\"publisher\":{\"@id\":\"https:\/\/bitfab.parts\/fr\/#organization\"},\"potentialAction\":[{\"@type\":\"SearchAction\",\"target\":{\"@type\":\"EntryPoint\",\"urlTemplate\":\"https:\/\/bitfab.parts\/fr\/?s={search_term_string}\"},\"query-input\":{\"@type\":\"PropertyValueSpecification\",\"valueRequired\":true,\"valueName\":\"search_term_string\"}}],\"inLanguage\":\"fr-FR\"},{\"@type\":\"Organization\",\"@id\":\"https:\/\/bitfab.parts\/fr\/#organization\",\"name\":\"Bitfab Parts\",\"url\":\"https:\/\/bitfab.parts\/fr\/\",\"logo\":{\"@type\":\"ImageObject\",\"inLanguage\":\"fr-FR\",\"@id\":\"https:\/\/bitfab.parts\/fr\/#\/schema\/logo\/image\/\",\"url\":\"https:\/\/bitfab.parts\/wp-content\/uploads\/2023\/11\/cropped-rectangle_1000x500_without_background.png\",\"contentUrl\":\"https:\/\/bitfab.parts\/wp-content\/uploads\/2023\/11\/cropped-rectangle_1000x500_without_background.png\",\"width\":1000,\"height\":369,\"caption\":\"Bitfab Parts\"},\"image\":{\"@id\":\"https:\/\/bitfab.parts\/fr\/#\/schema\/logo\/image\/\"}}]}<\/script>\n<!-- \/ Yoast SEO plugin. -->","yoast_head_json":{"title":"Support 20mm slot 6 - Bitfab Parts","robots":{"index":"index","follow":"follow","max-snippet":"max-snippet:-1","max-image-preview":"max-image-preview:large","max-video-preview":"max-video-preview:-1"},"canonical":"https:\/\/bitfab.parts\/fr\/produit\/support-20mm-slot-6\/","og_locale":"fr_FR","og_type":"article","og_title":"Support 20mm slot 6 - Bitfab Parts","og_description":"Support \u00e0 90 degr\u00e9s pour extrusion d'aluminium de 20mm Pour profil\u00e9s d'aluminium \u00e0 fente de 6mm (compatible avec la fente en V de 20mm) Mat\u00e9riau : aluminium moul\u00e9","og_url":"https:\/\/bitfab.parts\/fr\/produit\/support-20mm-slot-6\/","og_site_name":"Bitfab Parts","article_modified_time":"2024-12-29T11:21:24+00:00","og_image":[{"width":552,"height":529,"url":"https:\/\/bitfab.parts\/wp-content\/uploads\/2023\/11\/Screenshot-2023-11-23-at-22.10.50.png","type":"image\/png"}],"twitter_card":"summary_large_image","schema":{"@context":"https:\/\/schema.org","@graph":[{"@type":"WebPage","@id":"https:\/\/bitfab.parts\/fr\/produit\/support-20mm-slot-6\/","url":"https:\/\/bitfab.parts\/fr\/produit\/support-20mm-slot-6\/","name":"Support 20mm slot 6 - Bitfab Parts","isPartOf":{"@id":"https:\/\/bitfab.parts\/fr\/#website"},"primaryImageOfPage":{"@id":"https:\/\/bitfab.parts\/fr\/produit\/support-20mm-slot-6\/#primaryimage"},"image":{"@id":"https:\/\/bitfab.parts\/fr\/produit\/support-20mm-slot-6\/#primaryimage"},"thumbnailUrl":"https:\/\/bitfab.parts\/wp-content\/uploads\/2023\/11\/Screenshot-2023-11-23-at-22.10.50.png","datePublished":"2023-11-23T20:19:10+00:00","dateModified":"2024-12-29T11:21:24+00:00","breadcrumb":{"@id":"https:\/\/bitfab.parts\/fr\/produit\/support-20mm-slot-6\/#breadcrumb"},"inLanguage":"fr-FR","potentialAction":[{"@type":"ReadAction","target":["https:\/\/bitfab.parts\/fr\/produit\/support-20mm-slot-6\/"]}]},{"@type":"ImageObject","inLanguage":"fr-FR","@id":"https:\/\/bitfab.parts\/fr\/produit\/support-20mm-slot-6\/#primaryimage","url":"https:\/\/bitfab.parts\/wp-content\/uploads\/2023\/11\/Screenshot-2023-11-23-at-22.10.50.png","contentUrl":"https:\/\/bitfab.parts\/wp-content\/uploads\/2023\/11\/Screenshot-2023-11-23-at-22.10.50.png","width":552,"height":529},{"@type":"BreadcrumbList","@id":"https:\/\/bitfab.parts\/fr\/produit\/support-20mm-slot-6\/#breadcrumb","itemListElement":[{"@type":"ListItem","position":1,"name":"Home","item":"https:\/\/bitfab.parts\/fr\/"},{"@type":"ListItem","position":2,"name":"Boutique","item":"https:\/\/bitfab.parts\/store\/"},{"@type":"ListItem","position":3,"name":"Support 20mm slot 6"}]},{"@type":"WebSite","@id":"https:\/\/bitfab.parts\/fr\/#website","url":"https:\/\/bitfab.parts\/fr\/","name":"Bitfab Parts","description":"Custom cut aluminum profile","publisher":{"@id":"https:\/\/bitfab.parts\/fr\/#organization"},"potentialAction":[{"@type":"SearchAction","target":{"@type":"EntryPoint","urlTemplate":"https:\/\/bitfab.parts\/fr\/?s={search_term_string}"},"query-input":{"@type":"PropertyValueSpecification","valueRequired":true,"valueName":"search_term_string"}}],"inLanguage":"fr-FR"},{"@type":"Organization","@id":"https:\/\/bitfab.parts\/fr\/#organization","name":"Bitfab Parts","url":"https:\/\/bitfab.parts\/fr\/","logo":{"@type":"ImageObject","inLanguage":"fr-FR","@id":"https:\/\/bitfab.parts\/fr\/#\/schema\/logo\/image\/","url":"https:\/\/bitfab.parts\/wp-content\/uploads\/2023\/11\/cropped-rectangle_1000x500_without_background.png","contentUrl":"https:\/\/bitfab.parts\/wp-content\/uploads\/2023\/11\/cropped-rectangle_1000x500_without_background.png","width":1000,"height":369,"caption":"Bitfab Parts"},"image":{"@id":"https:\/\/bitfab.parts\/fr\/#\/schema\/logo\/image\/"}}]}},"_links":{"self":[{"href":"https:\/\/bitfab.parts\/fr\/wp-json\/wp\/v2\/product\/391258","targetHints":{"allow":["GET"]}}],"collection":[{"href":"https:\/\/bitfab.parts\/fr\/wp-json\/wp\/v2\/product"}],"about":[{"href":"https:\/\/bitfab.parts\/fr\/wp-json\/wp\/v2\/types\/product"}],"wp:featuredmedia":[{"embeddable":true,"href":"https:\/\/bitfab.parts\/fr\/wp-json\/wp\/v2\/media\/391259"}],"wp:attachment":[{"href":"https:\/\/bitfab.parts\/fr\/wp-json\/wp\/v2\/media?parent=391258"}],"wp:term":[{"taxonomy":"product_brand","embeddable":true,"href":"https:\/\/bitfab.parts\/fr\/wp-json\/wp\/v2\/product_brand?post=391258"},{"taxonomy":"product_cat","embeddable":true,"href":"https:\/\/bitfab.parts\/fr\/wp-json\/wp\/v2\/product_cat?post=391258"},{"taxonomy":"product_tag","embeddable":true,"href":"https:\/\/bitfab.parts\/fr\/wp-json\/wp\/v2\/product_tag?post=391258"}],"curies":[{"name":"wp","href":"https:\/\/api.w.org\/{rel}","templated":true}]}}