{"id":391308,"date":"2024-01-24T20:00:39","date_gmt":"2024-01-24T19:00:39","guid":{"rendered":"https:\/\/bitfab.parts\/product\/support-30mm-slot-8\/"},"modified":"2024-12-29T12:26:42","modified_gmt":"2024-12-29T11:26:42","slug":"support-30mm-slot-8","status":"publish","type":"product","link":"https:\/\/bitfab.parts\/fr\/produit\/support-30mm-slot-8\/","title":{"rendered":"Support 30mm slot 8"},"content":{"rendered":"\n<p>Support pour r\u00e9aliser des connexions \u00e0 90 degr\u00e9s dans un profil\u00e9 d&rsquo;aluminium extrud\u00e9.<\/p>\n\n<p>Recommand\u00e9 pour une utilisation avec notre profil\u00e9 de 30 mm de la s\u00e9rie B ou d&rsquo;autres types de profil\u00e9s de 30 mm.<\/p>\n\n<p>Une unit\u00e9, prix par unit\u00e9.<\/p>\n\n<h2 class=\"wp-block-heading\">Sp\u00e9cifications techniques<\/h2>\n\n<ul class=\"wp-block-list\">\n<li><strong>Taille :<\/strong> 35x35x28mm<\/li>\n\n\n\n<li><strong>Trous :<\/strong> 6,7 mm (pour utilisation avec du mat\u00e9riel jusqu&rsquo;\u00e0 M6)<\/li>\n\n\n\n<li><strong>Mat\u00e9riau :<\/strong> fonte d&rsquo;aluminium<\/li>\n<\/ul>\n\n<p><\/p>\n","protected":false},"excerpt":{"rendered":"<p>Support \u00e0 90 degr\u00e9s pour extrusion d&rsquo;aluminium de 30 mm<br \/> Pour profil\u00e9s d&rsquo;aluminium \u00e0 fente de 8 mm (compatible avec les profil\u00e9s de 30 mm)<br \/> Mat\u00e9riau : aluminium moul\u00e9<\/p>\n","protected":false},"featured_media":391256,"template":"","meta":[],"product_brand":[],"product_cat":[151],"product_tag":[],"class_list":{"0":"post-391308","1":"product","2":"type-product","3":"status-publish","4":"has-post-thumbnail","6":"product_cat-connecteurs","7":"sales-flash-overlay","8":"woocommerce-text-align-center","9":"woocommerce-image-align-center","10":"do-quantity-buttons","12":"first","13":"instock","14":"taxable","15":"shipping-taxable","16":"purchasable","17":"product-type-simple"},"yoast_head":"<!-- This site is optimized with the Yoast SEO plugin v27.2 - https:\/\/yoast.com\/product\/yoast-seo-wordpress\/ -->\n<title>Support 30mm slot 8 - Bitfab Parts<\/title>\n<meta name=\"robots\" content=\"index, follow, max-snippet:-1, max-image-preview:large, max-video-preview:-1\" \/>\n<link rel=\"canonical\" href=\"https:\/\/bitfab.parts\/fr\/produit\/support-30mm-slot-8\/\" \/>\n<meta property=\"og:locale\" content=\"fr_FR\" \/>\n<meta property=\"og:type\" content=\"article\" \/>\n<meta property=\"og:title\" content=\"Support 30mm slot 8 - Bitfab Parts\" \/>\n<meta property=\"og:description\" content=\"Support \u00e0 90 degr\u00e9s pour extrusion d&#039;aluminium de 30 mm Pour profil\u00e9s d&#039;aluminium \u00e0 fente de 8 mm (compatible avec les profil\u00e9s de 30 mm) Mat\u00e9riau : aluminium moul\u00e9\" \/>\n<meta property=\"og:url\" content=\"https:\/\/bitfab.parts\/fr\/produit\/support-30mm-slot-8\/\" \/>\n<meta property=\"og:site_name\" content=\"Bitfab Parts\" \/>\n<meta property=\"article:modified_time\" content=\"2024-12-29T11:26:42+00:00\" \/>\n<meta property=\"og:image\" content=\"https:\/\/bitfab.parts\/wp-content\/uploads\/2024\/01\/3030-bracket.png\" \/>\n\t<meta property=\"og:image:width\" content=\"557\" \/>\n\t<meta property=\"og:image:height\" content=\"488\" \/>\n\t<meta property=\"og:image:type\" content=\"image\/png\" \/>\n<meta name=\"twitter:card\" content=\"summary_large_image\" \/>\n<script type=\"application\/ld+json\" class=\"yoast-schema-graph\">{\"@context\":\"https:\/\/schema.org\",\"@graph\":[{\"@type\":\"WebPage\",\"@id\":\"https:\/\/bitfab.parts\/fr\/produit\/support-30mm-slot-8\/\",\"url\":\"https:\/\/bitfab.parts\/fr\/produit\/support-30mm-slot-8\/\",\"name\":\"Support 30mm slot 8 - Bitfab Parts\",\"isPartOf\":{\"@id\":\"https:\/\/bitfab.parts\/fr\/#website\"},\"primaryImageOfPage\":{\"@id\":\"https:\/\/bitfab.parts\/fr\/produit\/support-30mm-slot-8\/#primaryimage\"},\"image\":{\"@id\":\"https:\/\/bitfab.parts\/fr\/produit\/support-30mm-slot-8\/#primaryimage\"},\"thumbnailUrl\":\"https:\/\/bitfab.parts\/wp-content\/uploads\/2024\/01\/3030-bracket.png\",\"datePublished\":\"2024-01-24T19:00:39+00:00\",\"dateModified\":\"2024-12-29T11:26:42+00:00\",\"breadcrumb\":{\"@id\":\"https:\/\/bitfab.parts\/fr\/produit\/support-30mm-slot-8\/#breadcrumb\"},\"inLanguage\":\"fr-FR\",\"potentialAction\":[{\"@type\":\"ReadAction\",\"target\":[\"https:\/\/bitfab.parts\/fr\/produit\/support-30mm-slot-8\/\"]}]},{\"@type\":\"ImageObject\",\"inLanguage\":\"fr-FR\",\"@id\":\"https:\/\/bitfab.parts\/fr\/produit\/support-30mm-slot-8\/#primaryimage\",\"url\":\"https:\/\/bitfab.parts\/wp-content\/uploads\/2024\/01\/3030-bracket.png\",\"contentUrl\":\"https:\/\/bitfab.parts\/wp-content\/uploads\/2024\/01\/3030-bracket.png\",\"width\":557,\"height\":488},{\"@type\":\"BreadcrumbList\",\"@id\":\"https:\/\/bitfab.parts\/fr\/produit\/support-30mm-slot-8\/#breadcrumb\",\"itemListElement\":[{\"@type\":\"ListItem\",\"position\":1,\"name\":\"Home\",\"item\":\"https:\/\/bitfab.parts\/fr\/\"},{\"@type\":\"ListItem\",\"position\":2,\"name\":\"Boutique\",\"item\":\"https:\/\/bitfab.parts\/store\/\"},{\"@type\":\"ListItem\",\"position\":3,\"name\":\"Support 30mm slot 8\"}]},{\"@type\":\"WebSite\",\"@id\":\"https:\/\/bitfab.parts\/fr\/#website\",\"url\":\"https:\/\/bitfab.parts\/fr\/\",\"name\":\"Bitfab Parts\",\"description\":\"Custom cut aluminum profile\",\"publisher\":{\"@id\":\"https:\/\/bitfab.parts\/fr\/#organization\"},\"potentialAction\":[{\"@type\":\"SearchAction\",\"target\":{\"@type\":\"EntryPoint\",\"urlTemplate\":\"https:\/\/bitfab.parts\/fr\/?s={search_term_string}\"},\"query-input\":{\"@type\":\"PropertyValueSpecification\",\"valueRequired\":true,\"valueName\":\"search_term_string\"}}],\"inLanguage\":\"fr-FR\"},{\"@type\":\"Organization\",\"@id\":\"https:\/\/bitfab.parts\/fr\/#organization\",\"name\":\"Bitfab Parts\",\"url\":\"https:\/\/bitfab.parts\/fr\/\",\"logo\":{\"@type\":\"ImageObject\",\"inLanguage\":\"fr-FR\",\"@id\":\"https:\/\/bitfab.parts\/fr\/#\/schema\/logo\/image\/\",\"url\":\"https:\/\/bitfab.parts\/wp-content\/uploads\/2023\/11\/cropped-rectangle_1000x500_without_background.png\",\"contentUrl\":\"https:\/\/bitfab.parts\/wp-content\/uploads\/2023\/11\/cropped-rectangle_1000x500_without_background.png\",\"width\":1000,\"height\":369,\"caption\":\"Bitfab Parts\"},\"image\":{\"@id\":\"https:\/\/bitfab.parts\/fr\/#\/schema\/logo\/image\/\"}}]}<\/script>\n<!-- \/ Yoast SEO plugin. -->","yoast_head_json":{"title":"Support 30mm slot 8 - Bitfab Parts","robots":{"index":"index","follow":"follow","max-snippet":"max-snippet:-1","max-image-preview":"max-image-preview:large","max-video-preview":"max-video-preview:-1"},"canonical":"https:\/\/bitfab.parts\/fr\/produit\/support-30mm-slot-8\/","og_locale":"fr_FR","og_type":"article","og_title":"Support 30mm slot 8 - Bitfab Parts","og_description":"Support \u00e0 90 degr\u00e9s pour extrusion d'aluminium de 30 mm Pour profil\u00e9s d'aluminium \u00e0 fente de 8 mm (compatible avec les profil\u00e9s de 30 mm) Mat\u00e9riau : aluminium moul\u00e9","og_url":"https:\/\/bitfab.parts\/fr\/produit\/support-30mm-slot-8\/","og_site_name":"Bitfab Parts","article_modified_time":"2024-12-29T11:26:42+00:00","og_image":[{"width":557,"height":488,"url":"https:\/\/bitfab.parts\/wp-content\/uploads\/2024\/01\/3030-bracket.png","type":"image\/png"}],"twitter_card":"summary_large_image","schema":{"@context":"https:\/\/schema.org","@graph":[{"@type":"WebPage","@id":"https:\/\/bitfab.parts\/fr\/produit\/support-30mm-slot-8\/","url":"https:\/\/bitfab.parts\/fr\/produit\/support-30mm-slot-8\/","name":"Support 30mm slot 8 - Bitfab Parts","isPartOf":{"@id":"https:\/\/bitfab.parts\/fr\/#website"},"primaryImageOfPage":{"@id":"https:\/\/bitfab.parts\/fr\/produit\/support-30mm-slot-8\/#primaryimage"},"image":{"@id":"https:\/\/bitfab.parts\/fr\/produit\/support-30mm-slot-8\/#primaryimage"},"thumbnailUrl":"https:\/\/bitfab.parts\/wp-content\/uploads\/2024\/01\/3030-bracket.png","datePublished":"2024-01-24T19:00:39+00:00","dateModified":"2024-12-29T11:26:42+00:00","breadcrumb":{"@id":"https:\/\/bitfab.parts\/fr\/produit\/support-30mm-slot-8\/#breadcrumb"},"inLanguage":"fr-FR","potentialAction":[{"@type":"ReadAction","target":["https:\/\/bitfab.parts\/fr\/produit\/support-30mm-slot-8\/"]}]},{"@type":"ImageObject","inLanguage":"fr-FR","@id":"https:\/\/bitfab.parts\/fr\/produit\/support-30mm-slot-8\/#primaryimage","url":"https:\/\/bitfab.parts\/wp-content\/uploads\/2024\/01\/3030-bracket.png","contentUrl":"https:\/\/bitfab.parts\/wp-content\/uploads\/2024\/01\/3030-bracket.png","width":557,"height":488},{"@type":"BreadcrumbList","@id":"https:\/\/bitfab.parts\/fr\/produit\/support-30mm-slot-8\/#breadcrumb","itemListElement":[{"@type":"ListItem","position":1,"name":"Home","item":"https:\/\/bitfab.parts\/fr\/"},{"@type":"ListItem","position":2,"name":"Boutique","item":"https:\/\/bitfab.parts\/store\/"},{"@type":"ListItem","position":3,"name":"Support 30mm slot 8"}]},{"@type":"WebSite","@id":"https:\/\/bitfab.parts\/fr\/#website","url":"https:\/\/bitfab.parts\/fr\/","name":"Bitfab Parts","description":"Custom cut aluminum profile","publisher":{"@id":"https:\/\/bitfab.parts\/fr\/#organization"},"potentialAction":[{"@type":"SearchAction","target":{"@type":"EntryPoint","urlTemplate":"https:\/\/bitfab.parts\/fr\/?s={search_term_string}"},"query-input":{"@type":"PropertyValueSpecification","valueRequired":true,"valueName":"search_term_string"}}],"inLanguage":"fr-FR"},{"@type":"Organization","@id":"https:\/\/bitfab.parts\/fr\/#organization","name":"Bitfab Parts","url":"https:\/\/bitfab.parts\/fr\/","logo":{"@type":"ImageObject","inLanguage":"fr-FR","@id":"https:\/\/bitfab.parts\/fr\/#\/schema\/logo\/image\/","url":"https:\/\/bitfab.parts\/wp-content\/uploads\/2023\/11\/cropped-rectangle_1000x500_without_background.png","contentUrl":"https:\/\/bitfab.parts\/wp-content\/uploads\/2023\/11\/cropped-rectangle_1000x500_without_background.png","width":1000,"height":369,"caption":"Bitfab Parts"},"image":{"@id":"https:\/\/bitfab.parts\/fr\/#\/schema\/logo\/image\/"}}]}},"_links":{"self":[{"href":"https:\/\/bitfab.parts\/fr\/wp-json\/wp\/v2\/product\/391308","targetHints":{"allow":["GET"]}}],"collection":[{"href":"https:\/\/bitfab.parts\/fr\/wp-json\/wp\/v2\/product"}],"about":[{"href":"https:\/\/bitfab.parts\/fr\/wp-json\/wp\/v2\/types\/product"}],"wp:featuredmedia":[{"embeddable":true,"href":"https:\/\/bitfab.parts\/fr\/wp-json\/wp\/v2\/media\/391256"}],"wp:attachment":[{"href":"https:\/\/bitfab.parts\/fr\/wp-json\/wp\/v2\/media?parent=391308"}],"wp:term":[{"taxonomy":"product_brand","embeddable":true,"href":"https:\/\/bitfab.parts\/fr\/wp-json\/wp\/v2\/product_brand?post=391308"},{"taxonomy":"product_cat","embeddable":true,"href":"https:\/\/bitfab.parts\/fr\/wp-json\/wp\/v2\/product_cat?post=391308"},{"taxonomy":"product_tag","embeddable":true,"href":"https:\/\/bitfab.parts\/fr\/wp-json\/wp\/v2\/product_tag?post=391308"}],"curies":[{"name":"wp","href":"https:\/\/api.w.org\/{rel}","templated":true}]}}