{"id":391321,"date":"2024-02-29T17:35:06","date_gmt":"2024-02-29T16:35:06","guid":{"rendered":"https:\/\/bitfab.parts\/product\/connecteur-droit-fente-en-v\/"},"modified":"2024-02-29T17:35:06","modified_gmt":"2024-02-29T16:35:06","slug":"connecteur-droit-fente-en-v","status":"publish","type":"product","link":"https:\/\/bitfab.parts\/fr\/produit\/connecteur-droit-fente-en-v\/","title":{"rendered":"Connecteur droit Fente en V"},"content":{"rendered":"","protected":false},"excerpt":{"rendered":"<p>Connecteur droit pour profil\u00e9 VSlot<br \/>\nAssembler deux profil\u00e9s bout \u00e0 bout<\/p>\n","protected":false},"featured_media":391322,"template":"","meta":[],"product_brand":[],"product_cat":[151],"product_tag":[],"class_list":{"0":"post-391321","1":"product","2":"type-product","3":"status-publish","4":"has-post-thumbnail","6":"product_cat-connecteurs","7":"sales-flash-overlay","8":"woocommerce-text-align-center","9":"woocommerce-image-align-center","10":"do-quantity-buttons","12":"first","13":"instock","14":"taxable","15":"shipping-taxable","16":"purchasable","17":"product-type-simple"},"yoast_head":"<!-- This site is optimized with the Yoast SEO plugin v27.2 - https:\/\/yoast.com\/product\/yoast-seo-wordpress\/ -->\n<title>Connecteur droit Fente en V - Bitfab Parts<\/title>\n<meta name=\"robots\" content=\"index, follow, max-snippet:-1, max-image-preview:large, max-video-preview:-1\" \/>\n<link rel=\"canonical\" href=\"https:\/\/bitfab.parts\/fr\/produit\/connecteur-droit-fente-en-v\/\" \/>\n<meta property=\"og:locale\" content=\"fr_FR\" \/>\n<meta property=\"og:type\" content=\"article\" \/>\n<meta property=\"og:title\" content=\"Connecteur droit Fente en V - Bitfab Parts\" \/>\n<meta property=\"og:description\" content=\"Connecteur droit pour profil\u00e9 VSlot Assembler deux profil\u00e9s bout \u00e0 bout\" \/>\n<meta property=\"og:url\" content=\"https:\/\/bitfab.parts\/fr\/produit\/connecteur-droit-fente-en-v\/\" \/>\n<meta property=\"og:site_name\" content=\"Bitfab Parts\" \/>\n<meta property=\"og:image\" content=\"https:\/\/bitfab.parts\/wp-content\/uploads\/2024\/02\/end-connector.png\" \/>\n\t<meta property=\"og:image:width\" content=\"636\" \/>\n\t<meta property=\"og:image:height\" content=\"442\" \/>\n\t<meta property=\"og:image:type\" content=\"image\/png\" \/>\n<meta name=\"twitter:card\" content=\"summary_large_image\" \/>\n<script type=\"application\/ld+json\" class=\"yoast-schema-graph\">{\"@context\":\"https:\/\/schema.org\",\"@graph\":[{\"@type\":\"WebPage\",\"@id\":\"https:\/\/bitfab.parts\/fr\/produit\/connecteur-droit-fente-en-v\/\",\"url\":\"https:\/\/bitfab.parts\/fr\/produit\/connecteur-droit-fente-en-v\/\",\"name\":\"Connecteur droit Fente en V - Bitfab Parts\",\"isPartOf\":{\"@id\":\"https:\/\/bitfab.parts\/fr\/#website\"},\"primaryImageOfPage\":{\"@id\":\"https:\/\/bitfab.parts\/fr\/produit\/connecteur-droit-fente-en-v\/#primaryimage\"},\"image\":{\"@id\":\"https:\/\/bitfab.parts\/fr\/produit\/connecteur-droit-fente-en-v\/#primaryimage\"},\"thumbnailUrl\":\"https:\/\/bitfab.parts\/wp-content\/uploads\/2024\/02\/end-connector.png\",\"datePublished\":\"2024-02-29T16:35:06+00:00\",\"breadcrumb\":{\"@id\":\"https:\/\/bitfab.parts\/fr\/produit\/connecteur-droit-fente-en-v\/#breadcrumb\"},\"inLanguage\":\"fr-FR\",\"potentialAction\":[{\"@type\":\"ReadAction\",\"target\":[\"https:\/\/bitfab.parts\/fr\/produit\/connecteur-droit-fente-en-v\/\"]}]},{\"@type\":\"ImageObject\",\"inLanguage\":\"fr-FR\",\"@id\":\"https:\/\/bitfab.parts\/fr\/produit\/connecteur-droit-fente-en-v\/#primaryimage\",\"url\":\"https:\/\/bitfab.parts\/wp-content\/uploads\/2024\/02\/end-connector.png\",\"contentUrl\":\"https:\/\/bitfab.parts\/wp-content\/uploads\/2024\/02\/end-connector.png\",\"width\":636,\"height\":442},{\"@type\":\"BreadcrumbList\",\"@id\":\"https:\/\/bitfab.parts\/fr\/produit\/connecteur-droit-fente-en-v\/#breadcrumb\",\"itemListElement\":[{\"@type\":\"ListItem\",\"position\":1,\"name\":\"Home\",\"item\":\"https:\/\/bitfab.parts\/fr\/\"},{\"@type\":\"ListItem\",\"position\":2,\"name\":\"Boutique\",\"item\":\"https:\/\/bitfab.parts\/store\/\"},{\"@type\":\"ListItem\",\"position\":3,\"name\":\"Connecteur droit Fente en V\"}]},{\"@type\":\"WebSite\",\"@id\":\"https:\/\/bitfab.parts\/fr\/#website\",\"url\":\"https:\/\/bitfab.parts\/fr\/\",\"name\":\"Bitfab Parts\",\"description\":\"Custom cut aluminum profile\",\"publisher\":{\"@id\":\"https:\/\/bitfab.parts\/fr\/#organization\"},\"potentialAction\":[{\"@type\":\"SearchAction\",\"target\":{\"@type\":\"EntryPoint\",\"urlTemplate\":\"https:\/\/bitfab.parts\/fr\/?s={search_term_string}\"},\"query-input\":{\"@type\":\"PropertyValueSpecification\",\"valueRequired\":true,\"valueName\":\"search_term_string\"}}],\"inLanguage\":\"fr-FR\"},{\"@type\":\"Organization\",\"@id\":\"https:\/\/bitfab.parts\/fr\/#organization\",\"name\":\"Bitfab Parts\",\"url\":\"https:\/\/bitfab.parts\/fr\/\",\"logo\":{\"@type\":\"ImageObject\",\"inLanguage\":\"fr-FR\",\"@id\":\"https:\/\/bitfab.parts\/fr\/#\/schema\/logo\/image\/\",\"url\":\"https:\/\/bitfab.parts\/wp-content\/uploads\/2023\/11\/cropped-rectangle_1000x500_without_background.png\",\"contentUrl\":\"https:\/\/bitfab.parts\/wp-content\/uploads\/2023\/11\/cropped-rectangle_1000x500_without_background.png\",\"width\":1000,\"height\":369,\"caption\":\"Bitfab Parts\"},\"image\":{\"@id\":\"https:\/\/bitfab.parts\/fr\/#\/schema\/logo\/image\/\"}}]}<\/script>\n<!-- \/ Yoast SEO plugin. -->","yoast_head_json":{"title":"Connecteur droit Fente en V - Bitfab Parts","robots":{"index":"index","follow":"follow","max-snippet":"max-snippet:-1","max-image-preview":"max-image-preview:large","max-video-preview":"max-video-preview:-1"},"canonical":"https:\/\/bitfab.parts\/fr\/produit\/connecteur-droit-fente-en-v\/","og_locale":"fr_FR","og_type":"article","og_title":"Connecteur droit Fente en V - Bitfab Parts","og_description":"Connecteur droit pour profil\u00e9 VSlot Assembler deux profil\u00e9s bout \u00e0 bout","og_url":"https:\/\/bitfab.parts\/fr\/produit\/connecteur-droit-fente-en-v\/","og_site_name":"Bitfab Parts","og_image":[{"width":636,"height":442,"url":"https:\/\/bitfab.parts\/wp-content\/uploads\/2024\/02\/end-connector.png","type":"image\/png"}],"twitter_card":"summary_large_image","schema":{"@context":"https:\/\/schema.org","@graph":[{"@type":"WebPage","@id":"https:\/\/bitfab.parts\/fr\/produit\/connecteur-droit-fente-en-v\/","url":"https:\/\/bitfab.parts\/fr\/produit\/connecteur-droit-fente-en-v\/","name":"Connecteur droit Fente en V - Bitfab Parts","isPartOf":{"@id":"https:\/\/bitfab.parts\/fr\/#website"},"primaryImageOfPage":{"@id":"https:\/\/bitfab.parts\/fr\/produit\/connecteur-droit-fente-en-v\/#primaryimage"},"image":{"@id":"https:\/\/bitfab.parts\/fr\/produit\/connecteur-droit-fente-en-v\/#primaryimage"},"thumbnailUrl":"https:\/\/bitfab.parts\/wp-content\/uploads\/2024\/02\/end-connector.png","datePublished":"2024-02-29T16:35:06+00:00","breadcrumb":{"@id":"https:\/\/bitfab.parts\/fr\/produit\/connecteur-droit-fente-en-v\/#breadcrumb"},"inLanguage":"fr-FR","potentialAction":[{"@type":"ReadAction","target":["https:\/\/bitfab.parts\/fr\/produit\/connecteur-droit-fente-en-v\/"]}]},{"@type":"ImageObject","inLanguage":"fr-FR","@id":"https:\/\/bitfab.parts\/fr\/produit\/connecteur-droit-fente-en-v\/#primaryimage","url":"https:\/\/bitfab.parts\/wp-content\/uploads\/2024\/02\/end-connector.png","contentUrl":"https:\/\/bitfab.parts\/wp-content\/uploads\/2024\/02\/end-connector.png","width":636,"height":442},{"@type":"BreadcrumbList","@id":"https:\/\/bitfab.parts\/fr\/produit\/connecteur-droit-fente-en-v\/#breadcrumb","itemListElement":[{"@type":"ListItem","position":1,"name":"Home","item":"https:\/\/bitfab.parts\/fr\/"},{"@type":"ListItem","position":2,"name":"Boutique","item":"https:\/\/bitfab.parts\/store\/"},{"@type":"ListItem","position":3,"name":"Connecteur droit Fente en V"}]},{"@type":"WebSite","@id":"https:\/\/bitfab.parts\/fr\/#website","url":"https:\/\/bitfab.parts\/fr\/","name":"Bitfab Parts","description":"Custom cut aluminum profile","publisher":{"@id":"https:\/\/bitfab.parts\/fr\/#organization"},"potentialAction":[{"@type":"SearchAction","target":{"@type":"EntryPoint","urlTemplate":"https:\/\/bitfab.parts\/fr\/?s={search_term_string}"},"query-input":{"@type":"PropertyValueSpecification","valueRequired":true,"valueName":"search_term_string"}}],"inLanguage":"fr-FR"},{"@type":"Organization","@id":"https:\/\/bitfab.parts\/fr\/#organization","name":"Bitfab Parts","url":"https:\/\/bitfab.parts\/fr\/","logo":{"@type":"ImageObject","inLanguage":"fr-FR","@id":"https:\/\/bitfab.parts\/fr\/#\/schema\/logo\/image\/","url":"https:\/\/bitfab.parts\/wp-content\/uploads\/2023\/11\/cropped-rectangle_1000x500_without_background.png","contentUrl":"https:\/\/bitfab.parts\/wp-content\/uploads\/2023\/11\/cropped-rectangle_1000x500_without_background.png","width":1000,"height":369,"caption":"Bitfab Parts"},"image":{"@id":"https:\/\/bitfab.parts\/fr\/#\/schema\/logo\/image\/"}}]}},"_links":{"self":[{"href":"https:\/\/bitfab.parts\/fr\/wp-json\/wp\/v2\/product\/391321","targetHints":{"allow":["GET"]}}],"collection":[{"href":"https:\/\/bitfab.parts\/fr\/wp-json\/wp\/v2\/product"}],"about":[{"href":"https:\/\/bitfab.parts\/fr\/wp-json\/wp\/v2\/types\/product"}],"wp:featuredmedia":[{"embeddable":true,"href":"https:\/\/bitfab.parts\/fr\/wp-json\/wp\/v2\/media\/391322"}],"wp:attachment":[{"href":"https:\/\/bitfab.parts\/fr\/wp-json\/wp\/v2\/media?parent=391321"}],"wp:term":[{"taxonomy":"product_brand","embeddable":true,"href":"https:\/\/bitfab.parts\/fr\/wp-json\/wp\/v2\/product_brand?post=391321"},{"taxonomy":"product_cat","embeddable":true,"href":"https:\/\/bitfab.parts\/fr\/wp-json\/wp\/v2\/product_cat?post=391321"},{"taxonomy":"product_tag","embeddable":true,"href":"https:\/\/bitfab.parts\/fr\/wp-json\/wp\/v2\/product_tag?post=391321"}],"curies":[{"name":"wp","href":"https:\/\/api.w.org\/{rel}","templated":true}]}}