{"id":391980,"date":"2025-09-03T20:27:38","date_gmt":"2025-09-03T19:27:38","guid":{"rendered":"https:\/\/bitfab.parts\/?post_type=product&#038;p=391980"},"modified":"2025-11-22T22:02:40","modified_gmt":"2025-11-22T21:02:40","slug":"tapa-para-perfil-tipo-b-de-30x30mm","status":"publish","type":"product","link":"https:\/\/bitfab.parts\/fr\/produit\/tapa-para-perfil-tipo-b-de-30x30mm\/","title":{"rendered":"Couvercle pour profil\u00e9 de type B 30x30mm"},"content":{"rendered":"\n<p>Les capuchons prot\u00e8gent vos profil\u00e9s en couvrant les ar\u00eates vives, donnant \u00e0 votre structure un aspect propre et professionnel. Ils s&#8217;embo\u00eetent facilement \u00e0 mains nues ou \u00e0 l&rsquo;aide d&rsquo;un maillet en caoutchouc.   <\/p>\n\n<p>Recommand\u00e9 pour une utilisation avec notre s\u00e9rie de profil\u00e9s de type B de 30 mm.<\/p>\n<div class=\"gb-container gb-container-a05cc930\">\n\n<p>Fabriqu\u00e9 sur commande par impression 3D en plastique ABS noir, avec une finition de haute qualit\u00e9 et une base textur\u00e9e. Couleurs personnalis\u00e9es disponibles sur demande, veuillez nous contacter pour plus de d\u00e9tails.   <\/p>\n\n<\/div>\n<p>Une unit\u00e9, prix par unit\u00e9.<\/p>\n\n<h2 class=\"wp-block-heading\">Sp\u00e9cifications techniques<\/h2>\n\n<ul class=\"wp-block-list\">\n<li>Profil\u00e9 <strong>compatible :<\/strong> profil\u00e9 30x30mm type B<\/li>\n\n\n\n<li><strong>Compatible avec le type de profil :<\/strong> Type B<\/li>\n\n\n\n<li><strong>S\u00e9rie de profil\u00e9s (taille) :<\/strong> 30mm<\/li>\n\n\n\n<li><strong>Compatible avec la largeur de la fente :<\/strong> 8 mm<\/li>\n\n\n\n<li><strong>Dimensions :<\/strong> 30x30x9mm<\/li>\n\n\n\n<li><strong>Mat\u00e9riau :<\/strong> plastique ABS<\/li>\n\n\n\n<li><strong>Couleur :<\/strong> noir (contactez-nous si vous avez besoin de couleurs personnalis\u00e9es)<\/li>\n\n\n\n<li><strong>Finition :<\/strong> base textur\u00e9e imprim\u00e9e en 3D<\/li>\n\n\n\n<li><strong>Masse :<\/strong> 4 grammes<\/li>\n<\/ul>\n\n<h2 class=\"wp-block-heading\">Mod\u00e8les 3D<\/h2>\n\n<div class=\"wp-block-columns is-layout-flex wp-container-core-columns-is-layout-9d6595d7 wp-block-columns-is-layout-flex\">\n<div class=\"wp-block-column is-layout-flow wp-block-column-is-layout-flow\">\t\t\t<div class='wp-block-tdvb-td-viewer  align' id='tdvb3DViewerBlock-d4822eea-a' data-attributes='{&quot;cId&quot;:&quot;d4822eea-a&quot;,&quot;model&quot;:{&quot;id&quot;:391983,&quot;url&quot;:&quot;https:\\\/\\\/bitfab.parts\\\/wp-content\\\/uploads\\\/2025\\\/09\\\/3030B-ECF-30x30mm-Type-B-end-cap-v6.glb&quot;,&quot;alt&quot;:&quot;&quot;,&quot;title&quot;:&quot;3030B-ECF 30x30mm Type-B end cap v6&quot;},&quot;loadingType&quot;:&quot;lazy&quot;,&quot;align&quot;:&quot;&quot;,&quot;alignment&quot;:&quot;center&quot;,&quot;sourceType&quot;:&quot;upload&quot;,&quot;modelLink&quot;:&quot;&quot;,&quot;width&quot;:&quot;100%&quot;,&quot;height&quot;:&quot;350px&quot;,&quot;isTouchMove&quot;:true,&quot;isZoom&quot;:true,&quot;gbBlockCondition&quot;:&quot;&quot;,&quot;gbBlockConditionInvert&quot;:false}'><\/div>\r\n\t\r\n\t\t\t<\/div>\n\n\n\n<div class=\"wp-block-column is-layout-flow wp-block-column-is-layout-flow\">\n<div class=\"wp-block-file\"><a id=\"wp-block-file--media-d3f324b5-9a96-4f95-82bf-8d329ec75e40\" href=\"https:\/\/bitfab.parts\/wp-content\/uploads\/2025\/09\/3030B-ECF-30x30mm-Type-B-end-cap-v6.stl\" target=\"_blank\" rel=\"noreferrer noopener\">3030B-ECF 30x30mm Couverture Type-B v6.stl<\/a><a href=\"https:\/\/bitfab.parts\/wp-content\/uploads\/2025\/09\/3030B-ECF-30x30mm-Type-B-end-cap-v6.stl\" class=\"wp-block-file__button wp-element-button\" download=\"\" aria-describedby=\"wp-block-file--media-d3f324b5-9a96-4f95-82bf-8d329ec75e40\">T\u00e9l\u00e9charger<\/a><\/div>\n\n\n\n<div class=\"wp-block-file\"><a id=\"wp-block-file--media-c7699ff8-da0b-492e-bb57-dfe176bb864a\" href=\"https:\/\/bitfab.parts\/wp-content\/uploads\/2025\/09\/3030B-ECF-30x30mm-Type-B-end-cap-v6.step\" target=\"_blank\" rel=\"noreferrer noopener\">3030B-ECF 30x30mm Embout Type-B v6.step<\/a><a href=\"https:\/\/bitfab.parts\/wp-content\/uploads\/2025\/09\/3030B-ECF-30x30mm-Type-B-end-cap-v6.step\" class=\"wp-block-file__button wp-element-button\" download=\"\" aria-describedby=\"wp-block-file--media-c7699ff8-da0b-492e-bb57-dfe176bb864a\">T\u00e9l\u00e9charger<\/a><\/div>\n\n\n\n<div class=\"wp-block-file\"><a id=\"wp-block-file--media-a4f95683-1e16-4f0d-94ef-faff541741f5\" href=\"https:\/\/bitfab.parts\/wp-content\/uploads\/2025\/09\/3030B-ECF-30x30mm-Type-B-end-cap-v6.f3z\" target=\"_blank\" rel=\"noreferrer noopener\">3030B-ECF 30x30mm End Cap Type-B v6.f3z<\/a><a href=\"https:\/\/bitfab.parts\/wp-content\/uploads\/2025\/09\/3030B-ECF-30x30mm-Type-B-end-cap-v6.f3z\" class=\"wp-block-file__button wp-element-button\" download=\"\" aria-describedby=\"wp-block-file--media-a4f95683-1e16-4f0d-94ef-faff541741f5\">T\u00e9l\u00e9charger<\/a><\/div>\n<\/div>\n<\/div>\n\n<h2 class=\"wp-block-heading\">Personnalisez et imprimez en 3D vos propres pi\u00e8ces<\/h2>\n\n<pre class=\"wp-block-verse\"><strong>Oui, cet accessoire est imprimable en 3D et vous pouvez t\u00e9l\u00e9charger tous les fichiers 3D.<\/strong><\/pre>\n\n<p>Chez Bitfab Parts, nous sommes des fabricants comme vous, et nous croyons en la fabrication ouverte. C&rsquo;est pourquoi nous proposons non seulement les produits finis, mais aussi les fichiers 3D originaux, les dessins techniques et les fichiers sources modifiables. Que vous souhaitiez modifier le design, changer la couleur ou remixer compl\u00e8tement la pi\u00e8ce, vous \u00eates libre de l&rsquo;adapter \u00e0 vos besoins et de l&rsquo;imprimer sur votre propre imprimante 3D.    <\/p>\n\n<p>Vous avez le contr\u00f4le total de vos constructions : personnalisez, imprimez et fabriquez vos propres accessoires pour gagner du temps, r\u00e9duire les co\u00fbts et favoriser l&rsquo;innovation. Cette approche ouverte favorise la collaboration, la cr\u00e9ativit\u00e9 et la r\u00e9solution pratique des probl\u00e8mes. Imprimez vous-m\u00eame, exp\u00e9rimentez librement et contribuez \u00e0 un \u00e9cosyst\u00e8me croissant de pi\u00e8ces intelligentes et adaptables.    <\/p>\n","protected":false},"excerpt":{"rendered":"<p>Cache pour profil\u00e9s de type B 30x30mm<br \/>\nInstallation facile par encliquetage<br \/>\nPlastique ABS noir avec base textur\u00e9e, couleurs personnalis\u00e9es disponibles sur demande.<\/p>\n","protected":false},"featured_media":392009,"template":"","meta":[],"product_brand":[],"product_cat":[161],"product_tag":[],"class_list":{"0":"post-391980","1":"product","2":"type-product","3":"status-publish","4":"has-post-thumbnail","6":"product_cat-embouts","7":"sales-flash-overlay","8":"woocommerce-text-align-center","9":"woocommerce-image-align-center","10":"do-quantity-buttons","12":"first","13":"instock","14":"taxable","15":"shipping-taxable","16":"purchasable","17":"product-type-simple"},"yoast_head":"<!-- This site is optimized with the Yoast SEO plugin v27.2 - https:\/\/yoast.com\/product\/yoast-seo-wordpress\/ -->\n<title>Couvercle pour profil\u00e9 de type B 30x30mm - Bitfab Parts<\/title>\n<meta name=\"robots\" content=\"index, follow, max-snippet:-1, max-image-preview:large, max-video-preview:-1\" \/>\n<link rel=\"canonical\" href=\"https:\/\/bitfab.parts\/fr\/produit\/tapa-para-perfil-tipo-b-de-30x30mm\/\" \/>\n<meta property=\"og:locale\" content=\"fr_FR\" \/>\n<meta property=\"og:type\" content=\"article\" \/>\n<meta property=\"og:title\" content=\"Couvercle pour profil\u00e9 de type B 30x30mm - Bitfab Parts\" \/>\n<meta property=\"og:description\" content=\"Cache pour profil\u00e9s de type B 30x30mm Installation facile par encliquetage Plastique ABS noir avec base textur\u00e9e, couleurs personnalis\u00e9es disponibles sur demande.\" \/>\n<meta property=\"og:url\" content=\"https:\/\/bitfab.parts\/fr\/produit\/tapa-para-perfil-tipo-b-de-30x30mm\/\" \/>\n<meta property=\"og:site_name\" content=\"Bitfab Parts\" \/>\n<meta property=\"article:modified_time\" content=\"2025-11-22T21:02:40+00:00\" \/>\n<meta property=\"og:image\" content=\"https:\/\/bitfab.parts\/wp-content\/uploads\/2025\/09\/3030-EC-render-1024x683.png\" \/>\n\t<meta property=\"og:image:width\" content=\"1024\" \/>\n\t<meta property=\"og:image:height\" content=\"683\" \/>\n\t<meta property=\"og:image:type\" content=\"image\/png\" \/>\n<meta name=\"twitter:card\" content=\"summary_large_image\" \/>\n<meta name=\"twitter:label1\" content=\"Dur\u00e9e de lecture estim\u00e9e\" \/>\n\t<meta name=\"twitter:data1\" content=\"2 minutes\" \/>\n<script type=\"application\/ld+json\" class=\"yoast-schema-graph\">{\"@context\":\"https:\/\/schema.org\",\"@graph\":[{\"@type\":\"WebPage\",\"@id\":\"https:\/\/bitfab.parts\/fr\/produit\/tapa-para-perfil-tipo-b-de-30x30mm\/\",\"url\":\"https:\/\/bitfab.parts\/fr\/produit\/tapa-para-perfil-tipo-b-de-30x30mm\/\",\"name\":\"Couvercle pour profil\u00e9 de type B 30x30mm - Bitfab Parts\",\"isPartOf\":{\"@id\":\"https:\/\/bitfab.parts\/fr\/#website\"},\"primaryImageOfPage\":{\"@id\":\"https:\/\/bitfab.parts\/fr\/produit\/tapa-para-perfil-tipo-b-de-30x30mm\/#primaryimage\"},\"image\":{\"@id\":\"https:\/\/bitfab.parts\/fr\/produit\/tapa-para-perfil-tipo-b-de-30x30mm\/#primaryimage\"},\"thumbnailUrl\":\"https:\/\/bitfab.parts\/wp-content\/uploads\/2025\/09\/3030-EC-render.png\",\"datePublished\":\"2025-09-03T19:27:38+00:00\",\"dateModified\":\"2025-11-22T21:02:40+00:00\",\"breadcrumb\":{\"@id\":\"https:\/\/bitfab.parts\/fr\/produit\/tapa-para-perfil-tipo-b-de-30x30mm\/#breadcrumb\"},\"inLanguage\":\"fr-FR\",\"potentialAction\":[{\"@type\":\"ReadAction\",\"target\":[\"https:\/\/bitfab.parts\/fr\/produit\/tapa-para-perfil-tipo-b-de-30x30mm\/\"]}]},{\"@type\":\"ImageObject\",\"inLanguage\":\"fr-FR\",\"@id\":\"https:\/\/bitfab.parts\/fr\/produit\/tapa-para-perfil-tipo-b-de-30x30mm\/#primaryimage\",\"url\":\"https:\/\/bitfab.parts\/wp-content\/uploads\/2025\/09\/3030-EC-render.png\",\"contentUrl\":\"https:\/\/bitfab.parts\/wp-content\/uploads\/2025\/09\/3030-EC-render.png\",\"width\":1080,\"height\":720},{\"@type\":\"BreadcrumbList\",\"@id\":\"https:\/\/bitfab.parts\/fr\/produit\/tapa-para-perfil-tipo-b-de-30x30mm\/#breadcrumb\",\"itemListElement\":[{\"@type\":\"ListItem\",\"position\":1,\"name\":\"Home\",\"item\":\"https:\/\/bitfab.parts\/fr\/\"},{\"@type\":\"ListItem\",\"position\":2,\"name\":\"Boutique\",\"item\":\"https:\/\/bitfab.parts\/store\/\"},{\"@type\":\"ListItem\",\"position\":3,\"name\":\"Couvercle pour profil\u00e9 de type B 30x30mm\"}]},{\"@type\":\"WebSite\",\"@id\":\"https:\/\/bitfab.parts\/fr\/#website\",\"url\":\"https:\/\/bitfab.parts\/fr\/\",\"name\":\"Bitfab Parts\",\"description\":\"Custom cut aluminum profile\",\"publisher\":{\"@id\":\"https:\/\/bitfab.parts\/fr\/#organization\"},\"potentialAction\":[{\"@type\":\"SearchAction\",\"target\":{\"@type\":\"EntryPoint\",\"urlTemplate\":\"https:\/\/bitfab.parts\/fr\/?s={search_term_string}\"},\"query-input\":{\"@type\":\"PropertyValueSpecification\",\"valueRequired\":true,\"valueName\":\"search_term_string\"}}],\"inLanguage\":\"fr-FR\"},{\"@type\":\"Organization\",\"@id\":\"https:\/\/bitfab.parts\/fr\/#organization\",\"name\":\"Bitfab Parts\",\"url\":\"https:\/\/bitfab.parts\/fr\/\",\"logo\":{\"@type\":\"ImageObject\",\"inLanguage\":\"fr-FR\",\"@id\":\"https:\/\/bitfab.parts\/fr\/#\/schema\/logo\/image\/\",\"url\":\"https:\/\/bitfab.parts\/wp-content\/uploads\/2023\/11\/cropped-rectangle_1000x500_without_background.png\",\"contentUrl\":\"https:\/\/bitfab.parts\/wp-content\/uploads\/2023\/11\/cropped-rectangle_1000x500_without_background.png\",\"width\":1000,\"height\":369,\"caption\":\"Bitfab Parts\"},\"image\":{\"@id\":\"https:\/\/bitfab.parts\/fr\/#\/schema\/logo\/image\/\"}}]}<\/script>\n<!-- \/ Yoast SEO plugin. -->","yoast_head_json":{"title":"Couvercle pour profil\u00e9 de type B 30x30mm - Bitfab Parts","robots":{"index":"index","follow":"follow","max-snippet":"max-snippet:-1","max-image-preview":"max-image-preview:large","max-video-preview":"max-video-preview:-1"},"canonical":"https:\/\/bitfab.parts\/fr\/produit\/tapa-para-perfil-tipo-b-de-30x30mm\/","og_locale":"fr_FR","og_type":"article","og_title":"Couvercle pour profil\u00e9 de type B 30x30mm - Bitfab Parts","og_description":"Cache pour profil\u00e9s de type B 30x30mm Installation facile par encliquetage Plastique ABS noir avec base textur\u00e9e, couleurs personnalis\u00e9es disponibles sur demande.","og_url":"https:\/\/bitfab.parts\/fr\/produit\/tapa-para-perfil-tipo-b-de-30x30mm\/","og_site_name":"Bitfab Parts","article_modified_time":"2025-11-22T21:02:40+00:00","og_image":[{"width":1024,"height":683,"url":"https:\/\/bitfab.parts\/wp-content\/uploads\/2025\/09\/3030-EC-render-1024x683.png","type":"image\/png"}],"twitter_card":"summary_large_image","twitter_misc":{"Dur\u00e9e de lecture estim\u00e9e":"2 minutes"},"schema":{"@context":"https:\/\/schema.org","@graph":[{"@type":"WebPage","@id":"https:\/\/bitfab.parts\/fr\/produit\/tapa-para-perfil-tipo-b-de-30x30mm\/","url":"https:\/\/bitfab.parts\/fr\/produit\/tapa-para-perfil-tipo-b-de-30x30mm\/","name":"Couvercle pour profil\u00e9 de type B 30x30mm - Bitfab Parts","isPartOf":{"@id":"https:\/\/bitfab.parts\/fr\/#website"},"primaryImageOfPage":{"@id":"https:\/\/bitfab.parts\/fr\/produit\/tapa-para-perfil-tipo-b-de-30x30mm\/#primaryimage"},"image":{"@id":"https:\/\/bitfab.parts\/fr\/produit\/tapa-para-perfil-tipo-b-de-30x30mm\/#primaryimage"},"thumbnailUrl":"https:\/\/bitfab.parts\/wp-content\/uploads\/2025\/09\/3030-EC-render.png","datePublished":"2025-09-03T19:27:38+00:00","dateModified":"2025-11-22T21:02:40+00:00","breadcrumb":{"@id":"https:\/\/bitfab.parts\/fr\/produit\/tapa-para-perfil-tipo-b-de-30x30mm\/#breadcrumb"},"inLanguage":"fr-FR","potentialAction":[{"@type":"ReadAction","target":["https:\/\/bitfab.parts\/fr\/produit\/tapa-para-perfil-tipo-b-de-30x30mm\/"]}]},{"@type":"ImageObject","inLanguage":"fr-FR","@id":"https:\/\/bitfab.parts\/fr\/produit\/tapa-para-perfil-tipo-b-de-30x30mm\/#primaryimage","url":"https:\/\/bitfab.parts\/wp-content\/uploads\/2025\/09\/3030-EC-render.png","contentUrl":"https:\/\/bitfab.parts\/wp-content\/uploads\/2025\/09\/3030-EC-render.png","width":1080,"height":720},{"@type":"BreadcrumbList","@id":"https:\/\/bitfab.parts\/fr\/produit\/tapa-para-perfil-tipo-b-de-30x30mm\/#breadcrumb","itemListElement":[{"@type":"ListItem","position":1,"name":"Home","item":"https:\/\/bitfab.parts\/fr\/"},{"@type":"ListItem","position":2,"name":"Boutique","item":"https:\/\/bitfab.parts\/store\/"},{"@type":"ListItem","position":3,"name":"Couvercle pour profil\u00e9 de type B 30x30mm"}]},{"@type":"WebSite","@id":"https:\/\/bitfab.parts\/fr\/#website","url":"https:\/\/bitfab.parts\/fr\/","name":"Bitfab Parts","description":"Custom cut aluminum profile","publisher":{"@id":"https:\/\/bitfab.parts\/fr\/#organization"},"potentialAction":[{"@type":"SearchAction","target":{"@type":"EntryPoint","urlTemplate":"https:\/\/bitfab.parts\/fr\/?s={search_term_string}"},"query-input":{"@type":"PropertyValueSpecification","valueRequired":true,"valueName":"search_term_string"}}],"inLanguage":"fr-FR"},{"@type":"Organization","@id":"https:\/\/bitfab.parts\/fr\/#organization","name":"Bitfab Parts","url":"https:\/\/bitfab.parts\/fr\/","logo":{"@type":"ImageObject","inLanguage":"fr-FR","@id":"https:\/\/bitfab.parts\/fr\/#\/schema\/logo\/image\/","url":"https:\/\/bitfab.parts\/wp-content\/uploads\/2023\/11\/cropped-rectangle_1000x500_without_background.png","contentUrl":"https:\/\/bitfab.parts\/wp-content\/uploads\/2023\/11\/cropped-rectangle_1000x500_without_background.png","width":1000,"height":369,"caption":"Bitfab Parts"},"image":{"@id":"https:\/\/bitfab.parts\/fr\/#\/schema\/logo\/image\/"}}]}},"_links":{"self":[{"href":"https:\/\/bitfab.parts\/fr\/wp-json\/wp\/v2\/product\/391980","targetHints":{"allow":["GET"]}}],"collection":[{"href":"https:\/\/bitfab.parts\/fr\/wp-json\/wp\/v2\/product"}],"about":[{"href":"https:\/\/bitfab.parts\/fr\/wp-json\/wp\/v2\/types\/product"}],"wp:featuredmedia":[{"embeddable":true,"href":"https:\/\/bitfab.parts\/fr\/wp-json\/wp\/v2\/media\/392009"}],"wp:attachment":[{"href":"https:\/\/bitfab.parts\/fr\/wp-json\/wp\/v2\/media?parent=391980"}],"wp:term":[{"taxonomy":"product_brand","embeddable":true,"href":"https:\/\/bitfab.parts\/fr\/wp-json\/wp\/v2\/product_brand?post=391980"},{"taxonomy":"product_cat","embeddable":true,"href":"https:\/\/bitfab.parts\/fr\/wp-json\/wp\/v2\/product_cat?post=391980"},{"taxonomy":"product_tag","embeddable":true,"href":"https:\/\/bitfab.parts\/fr\/wp-json\/wp\/v2\/product_tag?post=391980"}],"curies":[{"name":"wp","href":"https:\/\/api.w.org\/{rel}","templated":true}]}}