{"id":392015,"date":"2025-09-03T20:40:52","date_gmt":"2025-09-03T19:40:52","guid":{"rendered":"https:\/\/bitfab.parts\/?post_type=product&#038;p=392015"},"modified":"2025-09-03T20:45:29","modified_gmt":"2025-09-03T19:45:29","slug":"capuchon-dextremite-pour-profile-en-v-20x20mm-copy-copy","status":"publish","type":"product","link":"https:\/\/bitfab.parts\/fr\/produit\/capuchon-dextremite-pour-profile-en-v-20x20mm-copy-copy\/","title":{"rendered":"Capuchon d&rsquo;extr\u00e9mit\u00e9 pour profil\u00e9 en V 20x20mm (Copy) (Copy)"},"content":{"rendered":"\n<p>Les embouts prot\u00e8gent vos profil\u00e9s en couvrant les ar\u00eates vives, donnant \u00e0 votre structure un aspect propre et professionnel. Ils s&#8217;embo\u00eetent facilement et sans outil. <\/p>\n\n<p>Recommand\u00e9 pour une utilisation avec notre s\u00e9rie de profil\u00e9s 20mm V-Slot.<\/p>\n<div class=\"gb-container gb-container-a05cc930\">\n\n<p>Fabriqu\u00e9 sur commande par impression 3D en plastique ABS noir, avec une finition de haute qualit\u00e9 et une base textur\u00e9e. Des couleurs personnalis\u00e9es sont disponibles sur demande, veuillez nous contacter pour plus de d\u00e9tails. <\/p>\n\n<\/div>\n<p>Une unit\u00e9, prix par unit\u00e9.<\/p>\n\n<h2 class=\"wp-block-heading\">Sp\u00e9cifications techniques<\/h2>\n\n<ul class=\"wp-block-list\">\n<li><strong>Compatible avec le type de profil :<\/strong> V-Slot<\/li>\n\n\n\n<li><strong>S\u00e9rie de profil\u00e9s (taille) :<\/strong> 20mm<\/li>\n\n\n\n<li><strong>Compatible avec la largeur de la fente :<\/strong> 6mm<\/li>\n\n\n\n<li><strong>Dimensions :<\/strong> 20x20x9mm<\/li>\n\n\n\n<li><strong>Mat\u00e9riau :<\/strong> Plastique ABS<\/li>\n\n\n\n<li><strong>Couleur :<\/strong> noir (contactez-nous si vous avez besoin de couleurs personnalis\u00e9es)<\/li>\n\n\n\n<li><strong>Finition :<\/strong> base textur\u00e9e imprim\u00e9e en 3D<\/li>\n\n\n\n<li><strong>Masse :<\/strong> 2 grammes<\/li>\n<\/ul>\n","protected":false},"excerpt":{"rendered":"<p>Embout pour profil\u00e9s 20x20mm V-Slot<br \/>\nInstallation facile, sans outil<br \/>\nPlastique ABS noir avec une base textur\u00e9e, couleurs personnalis\u00e9es disponibles sur demande.<\/p>\n","protected":false},"featured_media":392034,"template":"","meta":[],"product_brand":[],"product_cat":[161],"product_tag":[],"class_list":{"0":"post-392015","1":"product","2":"type-product","3":"status-publish","4":"has-post-thumbnail","6":"product_cat-embouts","7":"sales-flash-overlay","8":"woocommerce-text-align-center","9":"woocommerce-image-align-center","10":"do-quantity-buttons","12":"first","13":"instock","14":"taxable","15":"shipping-taxable","16":"purchasable","17":"product-type-simple"},"yoast_head":"<!-- This site is optimized with the Yoast SEO plugin v27.2 - https:\/\/yoast.com\/product\/yoast-seo-wordpress\/ -->\n<title>Capuchon d&#039;extr\u00e9mit\u00e9 pour profil\u00e9 en V 20x20mm (Copy) (Copy) - Bitfab Parts<\/title>\n<meta name=\"robots\" content=\"index, follow, max-snippet:-1, max-image-preview:large, max-video-preview:-1\" \/>\n<link rel=\"canonical\" href=\"https:\/\/bitfab.parts\/fr\/produit\/capuchon-dextremite-pour-profile-en-v-20x20mm-copy-copy\/\" \/>\n<meta property=\"og:locale\" content=\"fr_FR\" \/>\n<meta property=\"og:type\" content=\"article\" \/>\n<meta property=\"og:title\" content=\"Capuchon d&#039;extr\u00e9mit\u00e9 pour profil\u00e9 en V 20x20mm (Copy) (Copy) - Bitfab Parts\" \/>\n<meta property=\"og:description\" content=\"Embout pour profil\u00e9s 20x20mm V-Slot Installation facile, sans outil Plastique ABS noir avec une base textur\u00e9e, couleurs personnalis\u00e9es disponibles sur demande.\" \/>\n<meta property=\"og:url\" content=\"https:\/\/bitfab.parts\/fr\/produit\/capuchon-dextremite-pour-profile-en-v-20x20mm-copy-copy\/\" \/>\n<meta property=\"og:site_name\" content=\"Bitfab Parts\" \/>\n<meta property=\"article:modified_time\" content=\"2025-09-03T19:45:29+00:00\" \/>\n<meta property=\"og:image\" content=\"https:\/\/bitfab.parts\/wp-content\/uploads\/2025\/09\/3060-EC-render-1024x683.png\" \/>\n\t<meta property=\"og:image:width\" content=\"1024\" \/>\n\t<meta property=\"og:image:height\" content=\"683\" \/>\n\t<meta property=\"og:image:type\" content=\"image\/png\" \/>\n<meta name=\"twitter:card\" content=\"summary_large_image\" \/>\n<meta name=\"twitter:label1\" content=\"Dur\u00e9e de lecture estim\u00e9e\" \/>\n\t<meta name=\"twitter:data1\" content=\"1 minute\" \/>\n<script type=\"application\/ld+json\" class=\"yoast-schema-graph\">{\"@context\":\"https:\/\/schema.org\",\"@graph\":[{\"@type\":\"WebPage\",\"@id\":\"https:\/\/bitfab.parts\/fr\/produit\/capuchon-dextremite-pour-profile-en-v-20x20mm-copy-copy\/\",\"url\":\"https:\/\/bitfab.parts\/fr\/produit\/capuchon-dextremite-pour-profile-en-v-20x20mm-copy-copy\/\",\"name\":\"Capuchon d'extr\u00e9mit\u00e9 pour profil\u00e9 en V 20x20mm (Copy) (Copy) - Bitfab Parts\",\"isPartOf\":{\"@id\":\"https:\/\/bitfab.parts\/fr\/#website\"},\"primaryImageOfPage\":{\"@id\":\"https:\/\/bitfab.parts\/fr\/produit\/capuchon-dextremite-pour-profile-en-v-20x20mm-copy-copy\/#primaryimage\"},\"image\":{\"@id\":\"https:\/\/bitfab.parts\/fr\/produit\/capuchon-dextremite-pour-profile-en-v-20x20mm-copy-copy\/#primaryimage\"},\"thumbnailUrl\":\"https:\/\/bitfab.parts\/wp-content\/uploads\/2025\/09\/3060-EC-render.png\",\"datePublished\":\"2025-09-03T19:40:52+00:00\",\"dateModified\":\"2025-09-03T19:45:29+00:00\",\"breadcrumb\":{\"@id\":\"https:\/\/bitfab.parts\/fr\/produit\/capuchon-dextremite-pour-profile-en-v-20x20mm-copy-copy\/#breadcrumb\"},\"inLanguage\":\"fr-FR\",\"potentialAction\":[{\"@type\":\"ReadAction\",\"target\":[\"https:\/\/bitfab.parts\/fr\/produit\/capuchon-dextremite-pour-profile-en-v-20x20mm-copy-copy\/\"]}]},{\"@type\":\"ImageObject\",\"inLanguage\":\"fr-FR\",\"@id\":\"https:\/\/bitfab.parts\/fr\/produit\/capuchon-dextremite-pour-profile-en-v-20x20mm-copy-copy\/#primaryimage\",\"url\":\"https:\/\/bitfab.parts\/wp-content\/uploads\/2025\/09\/3060-EC-render.png\",\"contentUrl\":\"https:\/\/bitfab.parts\/wp-content\/uploads\/2025\/09\/3060-EC-render.png\",\"width\":1080,\"height\":720},{\"@type\":\"BreadcrumbList\",\"@id\":\"https:\/\/bitfab.parts\/fr\/produit\/capuchon-dextremite-pour-profile-en-v-20x20mm-copy-copy\/#breadcrumb\",\"itemListElement\":[{\"@type\":\"ListItem\",\"position\":1,\"name\":\"Home\",\"item\":\"https:\/\/bitfab.parts\/fr\/\"},{\"@type\":\"ListItem\",\"position\":2,\"name\":\"Boutique\",\"item\":\"https:\/\/bitfab.parts\/store\/\"},{\"@type\":\"ListItem\",\"position\":3,\"name\":\"Capuchon d&rsquo;extr\u00e9mit\u00e9 pour profil\u00e9 en V 20x20mm (Copy) (Copy)\"}]},{\"@type\":\"WebSite\",\"@id\":\"https:\/\/bitfab.parts\/fr\/#website\",\"url\":\"https:\/\/bitfab.parts\/fr\/\",\"name\":\"Bitfab Parts\",\"description\":\"Custom cut aluminum profile\",\"publisher\":{\"@id\":\"https:\/\/bitfab.parts\/fr\/#organization\"},\"potentialAction\":[{\"@type\":\"SearchAction\",\"target\":{\"@type\":\"EntryPoint\",\"urlTemplate\":\"https:\/\/bitfab.parts\/fr\/?s={search_term_string}\"},\"query-input\":{\"@type\":\"PropertyValueSpecification\",\"valueRequired\":true,\"valueName\":\"search_term_string\"}}],\"inLanguage\":\"fr-FR\"},{\"@type\":\"Organization\",\"@id\":\"https:\/\/bitfab.parts\/fr\/#organization\",\"name\":\"Bitfab Parts\",\"url\":\"https:\/\/bitfab.parts\/fr\/\",\"logo\":{\"@type\":\"ImageObject\",\"inLanguage\":\"fr-FR\",\"@id\":\"https:\/\/bitfab.parts\/fr\/#\/schema\/logo\/image\/\",\"url\":\"https:\/\/bitfab.parts\/wp-content\/uploads\/2023\/11\/cropped-rectangle_1000x500_without_background.png\",\"contentUrl\":\"https:\/\/bitfab.parts\/wp-content\/uploads\/2023\/11\/cropped-rectangle_1000x500_without_background.png\",\"width\":1000,\"height\":369,\"caption\":\"Bitfab Parts\"},\"image\":{\"@id\":\"https:\/\/bitfab.parts\/fr\/#\/schema\/logo\/image\/\"}}]}<\/script>\n<!-- \/ Yoast SEO plugin. -->","yoast_head_json":{"title":"Capuchon d'extr\u00e9mit\u00e9 pour profil\u00e9 en V 20x20mm (Copy) (Copy) - Bitfab Parts","robots":{"index":"index","follow":"follow","max-snippet":"max-snippet:-1","max-image-preview":"max-image-preview:large","max-video-preview":"max-video-preview:-1"},"canonical":"https:\/\/bitfab.parts\/fr\/produit\/capuchon-dextremite-pour-profile-en-v-20x20mm-copy-copy\/","og_locale":"fr_FR","og_type":"article","og_title":"Capuchon d'extr\u00e9mit\u00e9 pour profil\u00e9 en V 20x20mm (Copy) (Copy) - Bitfab Parts","og_description":"Embout pour profil\u00e9s 20x20mm V-Slot Installation facile, sans outil Plastique ABS noir avec une base textur\u00e9e, couleurs personnalis\u00e9es disponibles sur demande.","og_url":"https:\/\/bitfab.parts\/fr\/produit\/capuchon-dextremite-pour-profile-en-v-20x20mm-copy-copy\/","og_site_name":"Bitfab Parts","article_modified_time":"2025-09-03T19:45:29+00:00","og_image":[{"width":1024,"height":683,"url":"https:\/\/bitfab.parts\/wp-content\/uploads\/2025\/09\/3060-EC-render-1024x683.png","type":"image\/png"}],"twitter_card":"summary_large_image","twitter_misc":{"Dur\u00e9e de lecture estim\u00e9e":"1 minute"},"schema":{"@context":"https:\/\/schema.org","@graph":[{"@type":"WebPage","@id":"https:\/\/bitfab.parts\/fr\/produit\/capuchon-dextremite-pour-profile-en-v-20x20mm-copy-copy\/","url":"https:\/\/bitfab.parts\/fr\/produit\/capuchon-dextremite-pour-profile-en-v-20x20mm-copy-copy\/","name":"Capuchon d'extr\u00e9mit\u00e9 pour profil\u00e9 en V 20x20mm (Copy) (Copy) - Bitfab Parts","isPartOf":{"@id":"https:\/\/bitfab.parts\/fr\/#website"},"primaryImageOfPage":{"@id":"https:\/\/bitfab.parts\/fr\/produit\/capuchon-dextremite-pour-profile-en-v-20x20mm-copy-copy\/#primaryimage"},"image":{"@id":"https:\/\/bitfab.parts\/fr\/produit\/capuchon-dextremite-pour-profile-en-v-20x20mm-copy-copy\/#primaryimage"},"thumbnailUrl":"https:\/\/bitfab.parts\/wp-content\/uploads\/2025\/09\/3060-EC-render.png","datePublished":"2025-09-03T19:40:52+00:00","dateModified":"2025-09-03T19:45:29+00:00","breadcrumb":{"@id":"https:\/\/bitfab.parts\/fr\/produit\/capuchon-dextremite-pour-profile-en-v-20x20mm-copy-copy\/#breadcrumb"},"inLanguage":"fr-FR","potentialAction":[{"@type":"ReadAction","target":["https:\/\/bitfab.parts\/fr\/produit\/capuchon-dextremite-pour-profile-en-v-20x20mm-copy-copy\/"]}]},{"@type":"ImageObject","inLanguage":"fr-FR","@id":"https:\/\/bitfab.parts\/fr\/produit\/capuchon-dextremite-pour-profile-en-v-20x20mm-copy-copy\/#primaryimage","url":"https:\/\/bitfab.parts\/wp-content\/uploads\/2025\/09\/3060-EC-render.png","contentUrl":"https:\/\/bitfab.parts\/wp-content\/uploads\/2025\/09\/3060-EC-render.png","width":1080,"height":720},{"@type":"BreadcrumbList","@id":"https:\/\/bitfab.parts\/fr\/produit\/capuchon-dextremite-pour-profile-en-v-20x20mm-copy-copy\/#breadcrumb","itemListElement":[{"@type":"ListItem","position":1,"name":"Home","item":"https:\/\/bitfab.parts\/fr\/"},{"@type":"ListItem","position":2,"name":"Boutique","item":"https:\/\/bitfab.parts\/store\/"},{"@type":"ListItem","position":3,"name":"Capuchon d&rsquo;extr\u00e9mit\u00e9 pour profil\u00e9 en V 20x20mm (Copy) (Copy)"}]},{"@type":"WebSite","@id":"https:\/\/bitfab.parts\/fr\/#website","url":"https:\/\/bitfab.parts\/fr\/","name":"Bitfab Parts","description":"Custom cut aluminum profile","publisher":{"@id":"https:\/\/bitfab.parts\/fr\/#organization"},"potentialAction":[{"@type":"SearchAction","target":{"@type":"EntryPoint","urlTemplate":"https:\/\/bitfab.parts\/fr\/?s={search_term_string}"},"query-input":{"@type":"PropertyValueSpecification","valueRequired":true,"valueName":"search_term_string"}}],"inLanguage":"fr-FR"},{"@type":"Organization","@id":"https:\/\/bitfab.parts\/fr\/#organization","name":"Bitfab Parts","url":"https:\/\/bitfab.parts\/fr\/","logo":{"@type":"ImageObject","inLanguage":"fr-FR","@id":"https:\/\/bitfab.parts\/fr\/#\/schema\/logo\/image\/","url":"https:\/\/bitfab.parts\/wp-content\/uploads\/2023\/11\/cropped-rectangle_1000x500_without_background.png","contentUrl":"https:\/\/bitfab.parts\/wp-content\/uploads\/2023\/11\/cropped-rectangle_1000x500_without_background.png","width":1000,"height":369,"caption":"Bitfab Parts"},"image":{"@id":"https:\/\/bitfab.parts\/fr\/#\/schema\/logo\/image\/"}}]}},"_links":{"self":[{"href":"https:\/\/bitfab.parts\/fr\/wp-json\/wp\/v2\/product\/392015","targetHints":{"allow":["GET"]}}],"collection":[{"href":"https:\/\/bitfab.parts\/fr\/wp-json\/wp\/v2\/product"}],"about":[{"href":"https:\/\/bitfab.parts\/fr\/wp-json\/wp\/v2\/types\/product"}],"wp:featuredmedia":[{"embeddable":true,"href":"https:\/\/bitfab.parts\/fr\/wp-json\/wp\/v2\/media\/392034"}],"wp:attachment":[{"href":"https:\/\/bitfab.parts\/fr\/wp-json\/wp\/v2\/media?parent=392015"}],"wp:term":[{"taxonomy":"product_brand","embeddable":true,"href":"https:\/\/bitfab.parts\/fr\/wp-json\/wp\/v2\/product_brand?post=392015"},{"taxonomy":"product_cat","embeddable":true,"href":"https:\/\/bitfab.parts\/fr\/wp-json\/wp\/v2\/product_cat?post=392015"},{"taxonomy":"product_tag","embeddable":true,"href":"https:\/\/bitfab.parts\/fr\/wp-json\/wp\/v2\/product_tag?post=392015"}],"curies":[{"name":"wp","href":"https:\/\/api.w.org\/{rel}","templated":true}]}}