{"id":391633,"date":"2024-01-07T19:52:07","date_gmt":"2024-01-07T18:52:07","guid":{"rendered":"https:\/\/bitfab.parts\/avviso-legale\/"},"modified":"2025-07-04T09:38:25","modified_gmt":"2025-07-04T08:38:25","slug":"avviso-legale","status":"publish","type":"page","link":"https:\/\/bitfab.parts\/it\/avviso-legale\/","title":{"rendered":"Avviso legale"},"content":{"rendered":"\n<p>Il presente avviso legale regola l&#8217;utilizzo del portale Internet BITFAB.PARTS e il rapporto con il marchio BITFAB, rappresentato da Diego Trapero Moreno (imprenditore individuale) con sede legale in Calle Campuzano 5 2B Madrid con NIF 05312825D e contatto e-mail info@bitfab.parts (di seguito &#8220;L&#8217;AZIENDA&#8221;).<\/p>\n\n<h2 class=\"wp-block-heading\">Informativa sui cookie<\/h2>\n\n<p>In conformit\u00e0 con le disposizioni dell&#8217;articolo 22.2 della Legge sui Servizi della Societ\u00e0 dell&#8217;Informazione e del Commercio Elettronico (di seguito LSSICE), e in conformit\u00e0 con la Direttiva Europea 2009\/136\/CE, LA SOCIET\u00c0 ti informa che alcuni dei servizi offerti dal sito web utilizzano i cookie.<\/p>\n\n<p>In questi Termini e Condizioni d&#8217;Uso, l&#8217;Utente sar\u00e0 chiaramente informato sul tipo di cookie e sullo scopo a cui sono destinati, ma nel caso in cui l&#8217;Utente desideri ottenere maggiori informazioni in merito, pu\u00f2 inviare un&#8217;e-mail al seguente indirizzo: info@bitfab.io.<\/p>\n\n<p>I cookie sono piccoli file memorizzati nel dispositivo che l&#8217;Utente utilizza per navigare in Internet e hanno lo scopo di memorizzare informazioni di vario tipo: frequenza delle visite al sito web dell&#8217;AZIENDA, preferenze di navigazione, informazioni di interesse per l&#8217;Utente, ecc. Queste informazioni consentono all&#8217;azienda di migliorare la qualit\u00e0 e la funzionalit\u00e0 del sito web bitfab.parts. <\/p>\n\n<p>I cookie sono essenziali per il corretto funzionamento di Internet e vengono abilitati nelle impostazioni del browser, aiutando a identificare e risolvere eventuali malfunzionamenti del sito web. A seconda dello scopo per cui vengono elaborati i dati ottenuti tramite i cookie, \u00e8 possibile trovare: <\/p>\n\n<ul class=\"wp-block-list\">\n<li>Cookie tecnici: consentono all&#8217;utente di navigare all&#8217;interno di un sito web, di una piattaforma o di un&#8217;applicazione e di utilizzare le opzioni o i servizi offerti.<\/li>\n\n\n\n<li>Cookie di personalizzazione: consentono all&#8217;Utente di accedere a servizi che hanno caratteristiche generali predefinite in base a una serie di criteri nel terminale dell&#8217;Utente.<\/li>\n\n\n\n<li>Cookie analitici: consentono di monitorare e analizzare il comportamento degli utenti del sito web a cui sono collegati. Questi dati vengono utilizzati per misurare l&#8217;attivit\u00e0 di siti web, applicazioni o piattaforme e per l&#8217;elaborazione di profili di navigazione. <\/li>\n\n\n\n<li>Cookie pubblicitari: consentono di gestire efficacemente gli spazi pubblicitari, in modo da ottenere contenuti pubblicitari appositamente personalizzati per l&#8217;Utente.<\/li>\n\n\n\n<li>Cookie di social network esterni: vengono utilizzati affinch\u00e9 i visitatori di queste piattaforme possano interagire con i contenuti delle stesse, generati esclusivamente per gli utenti di tali network.<\/li>\n<\/ul>\n\n<p>La SOCIET\u00c0 informa inoltre che utilizza i seguenti tipi di cookie:<\/p>\n\n<ul class=\"wp-block-list\">\n<li>Cookie propri: sono inviati al computer dell&#8217;Utente e gestiti esclusivamente da THE COMPANY, al fine di migliorare il funzionamento del sito web. Le informazioni raccolte vengono utilizzate per migliorare la qualit\u00e0 dei servizi forniti e l&#8217;esperienza che l&#8217;Utente vive quando visita il sito web. Questi cookie rimarranno nel browser dell&#8217;Utente per il tempo necessario a riconoscere l&#8217;Utente come visitatore del sito web e ad adattare i contenuti alle sue preferenze.  <\/li>\n\n\n\n<li>Cookie analitici di terze parti: il sito web utilizza il servizio Google Analytics, fornito da Google Inc, una societ\u00e0 del Delaware con sede principale a 1600 Amphitheatre Parkway, Mountain View (California), CA 94043, Stati Uniti (di seguito, Google). Le informazioni generate da questi cookie sull&#8217;utilizzo del sito web da parte dell&#8217;utente vengono trasmesse e memorizzate da Google sui suoi server negli Stati Uniti. Google utilizzer\u00e0 queste informazioni per conto della SOCIET\u00c0 allo scopo di tracciare le abitudini di utilizzo del sito web da parte dell&#8217;Utente, compilare rapporti sulle attivit\u00e0 e fornire servizi relativi alle attivit\u00e0 sul sito web. Google non assocer\u00e0 l&#8217;indirizzo IP dell&#8217;Utente a nessun altro dato posseduto dall&#8217;Utente.   <\/li>\n\n\n\n<li>Cookie di social network esterni:\n<ul class=\"wp-block-list\">\n<li>Twitter: fornisce pulsanti e altre funzionalit\u00e0 alla SOCIET\u00c0 affinch\u00e9 l&#8217;Utente possa condividere i link al sito web sul proprio profilo sociale. Le informazioni inviate a Twitter al di fuori dell&#8217;Unione Europea, relative alle pagine che l&#8217;Utente ha visitato o agli interessi che ha espresso, vengono utilizzate da Twitter come specificato nelle sue politiche sulla privacy. <\/li>\n\n\n\n<li>Facebook: dipende dai termini e dalle condizioni e dalle politiche di utilizzo.<\/li>\n\n\n\n<li>Linkedin: dipende dai termini e dalle condizioni e dalle politiche di utilizzo.<\/li>\n<\/ul>\n<\/li>\n\n\n\n<li>L&#8217;Utente deve essere consapevole fin dall&#8217;inizio che LA SOCIET\u00c0 non \u00e8 responsabile del contenuto, dell&#8217;attualit\u00e0 e dell&#8217;accuratezza della Politica sui Cookies, dell&#8217;Informativa sulla Privacy o dei Termini e Condizioni d&#8217;Uso di terzi inclusi nei suddetti link.<\/li>\n<\/ul>\n\n<p>L&#8217;Utente manifester\u00e0 il proprio consenso alla SOCIET\u00c0 in merito all&#8217;utilizzo dei suddetti cookie, navigando e continuando a visitare il sito web, alle condizioni descritte nella presente Politica sui cookie.<\/p>\n\n<p>Nel caso in cui l&#8217;Utente desideri disabilitare e bloccare i cookie, la SOCIET\u00c0, in conformit\u00e0 con la normativa vigente, fornisce le informazioni necessarie che consentiranno all&#8217;Utente di configurare il browser Internet per mantenere la privacy e la sicurezza rispetto a tali file. Per questo motivo, di seguito verranno fornite le informazioni necessarie e i link ai siti ufficiali di supporto dei principali browser per decidere se accettare o meno l&#8217;uso dei cookie. Tuttavia, l&#8217;Utente deve essere consapevole che LA SOCIET\u00c0 non sar\u00e0 responsabile di eventuali carenze che l&#8217;Utente potrebbe subire durante la navigazione del sito web, dal momento che la disattivazione o il blocco di alcuni cookie potrebbe causare errori o una cattiva navigazione.  <\/p>\n\n<ul class=\"wp-block-list\">\n<li>Microsoft Internet Explorer: clicca sull&#8217;opzione di menu &#8220;Strumenti&#8221;, poi &#8220;Opzioni Internet&#8221;, quindi &#8220;Privacy&#8221; e infine &#8220;Impostazioni&#8221;. Link di interesse. <\/li>\n\n\n\n<li>Firefox: devi andare nel menu &#8220;Strumenti&#8221;, poi &#8220;Opzioni&#8221;, poi &#8220;Privacy&#8221; e infine &#8220;Cookie&#8221;. Link di interesse. <\/li>\n\n\n\n<li>Google Chrome: dovrai andare nella sezione &#8220;Opzioni&#8221;, poi &#8220;Opzioni avanzate&#8221; e infine &#8220;Privacy&#8221;. Link di interesse. <\/li>\n\n\n\n<li>Opera: devi accedere all&#8217;opzione &#8220;Sicurezza e privacy&#8221;, dove troverai le opzioni di configurazione del browser necessarie. Link di interesse. <\/li>\n<\/ul>\n\n<p>Infine, \u00e8 possibile che LA SOCIET\u00c0 aggiorni in un certo momento, e senza preavviso, la Politica sui Cookies del sito web, nel qual caso la data di aggiornamento dei Termini e Condizioni d&#8217;Uso del sito web verrebbe modificata allo stesso modo, in modo che l&#8217;Utente possa sapere quando \u00e8 avvenuta tale modifica. La data di entrata in vigore di tali modifiche sar\u00e0 determinata dalla suddetta data di aggiornamento. <\/p>\n\n<h2 class=\"wp-block-heading\">Informativa sulla privacy<\/h2>\n\n<p>Ai sensi dell&#8217;articolo 5 della Legge 15\/1999 del 13 dicembre sulla Protezione dei Dati Personali, l&#8217;Utente viene informato dell&#8217;inserimento dei suoi dati nell&#8217;archivio &#8220;Contatti, Clienti e Utenti&#8221;, di cui \u00e8 titolare Bitfab, e il cui scopo \u00e8 quello di gestire l&#8217;agenda dei contatti dell&#8217;azienda, nonch\u00e9 di comunicare azioni commerciali e di interesse per l&#8217;Utente. Puoi esercitare i tuoi diritti di accesso, rettifica, cancellazione e opposizione, nei termini stabiliti dalla normativa vigente, inviando un&#8217;e-mail a Bitfab, C\/ Pajaritos 12 (Madrid) C.P. 28007, oppure inviando un&#8217;e-mail a info@bitfab.io indicando &#8220;Diritti ARCO&#8221; nell&#8217;oggetto del messaggio. <\/p>\n\n<p>In caso di esercizio dei Diritti ARCO da parte dell&#8217;Utente, nella comunicazione inviata alla SOCIET\u00c0, sia all&#8217;indirizzo offerto che all&#8217;indirizzo di posta elettronica, l&#8217;Utente dovr\u00e0 allegare una fotocopia della propria carta d&#8217;identit\u00e0 o di un documento di riconoscimento con analogo valore probatorio, oppure un certificato elettronico di tipo riconosciuto, che ne consenta la convalida gratuita, per firmare la comunicazione.<\/p>\n\n<p>La presente Informativa sulla privacy si riferisce al sito web della SOCIET\u00c0, non alle politiche relative a terzi che appaiono sul sito web o sul blog, o che operano su siti web che contengono link alla pagina della SOCIET\u00c0, per i quali la SOCIET\u00c0 non \u00e8 responsabile delle possibili conseguenze derivanti dall&#8217;attivit\u00e0 che l&#8217;Utente svolge in base a tali politiche.<\/p>\n\n<p>Il trattamento che LA SOCIET\u00c0 effettua sui dati personali raccolti dagli Utenti avverr\u00e0 esclusivamente per le finalit\u00e0 indicate nella precedente informativa, ovvero per poter svolgere in modo soddisfacente il rapporto contrattuale che si sta sottoscrivendo tra l&#8217;Utente e LA SOCIET\u00c0 per mezzo dei Termini e Condizioni d&#8217;uso. Tra gli altri, i seguenti scopi: <\/p>\n\n<ul class=\"wp-block-list\">\n<li>Rispondere alle tue domande e richieste.<\/li>\n\n\n\n<li>Fornire informazioni sui servizi offerti da LA SOCIET\u00c0 sul suo sito web, nonch\u00e9 su eventi di diversa natura o sugli aggiornamenti di Actualidad Jur\u00eddica.<\/li>\n\n\n\n<li>Comunicare le informazioni relative alle modifiche che possono essere apportate ai presenti Termini e Condizioni d&#8217;uso.<\/li>\n\n\n\n<li>Per personalizzare l&#8217;esperienza dell&#8217;Utente in relazione alla sua attivit\u00e0 sul sito web, presentando contenuti personalizzati.<\/li>\n\n\n\n<li>Per consentire all&#8217;Utente di interagire e partecipare ai contenuti interattivi offerti dal sito web.<\/li>\n<\/ul>\n\n<p>A loro volta, le informazioni dell&#8217;Utente saranno conservate per il periodo necessario a soddisfare gli scopi indicati nella presente Informativa sulla privacy, a meno che non sia richiesto un periodo pi\u00f9 lungo o sia consentito o richiesto dalla legge.<\/p>\n\n<p>Infine, LA SOCIET\u00c0 raccomanda all&#8217;Utente di astenersi dall&#8217;inviare dati personali sensibili (quali credo religioso, razza, dati sanitari, ecc.), in quanto non saranno mai richiesti dal sito web, a meno che non siano necessari per il corretto completamento del rapporto contrattuale.<\/p>\n\n<p>Le modalit\u00e0 con cui LA SOCIET\u00c0 pu\u00f2 raccogliere i dati personali degli Utenti sono:<\/p>\n\n<ul class=\"wp-block-list\">\n<li>Moduli di contatto ed e-mail: LA SOCIET\u00c0 mette a disposizione dell&#8217;Utente moduli di contatto in relazione a determinati servizi forniti sul sito web. I dati personali che l&#8217;Utente acconsente a fornire attraverso tali modalit\u00e0 di contatto saranno trattati in modo automatizzato e incorporati nel file corrispondente, di cui LA SOCIET\u00c0 \u00e8 responsabile. Lo scopo di questa raccolta di dati e del conseguente trattamento \u00e8 quello di risolvere la domanda o il servizio richiesto, che l&#8217;Utente ha inteso far gestire alla SOCIET\u00c0 attraverso tale comunicazione.  <\/li>\n\n\n\n<li>Social network: L&#8217;AZIENDA ha profili nei principali social network (Twitter, Facebook, LinkedIn), essendo responsabile del trattamento di tali dati ciascuna delle piattaforme o dei social network in relazione ai follower o agli iscritti che tali profili hanno in ciascun caso. Il trattamento dei dati che verr\u00e0 effettuato sar\u00e0 quello che il social network stesso consente ai profili aziendali di effettuare, tra l&#8217;altro, per informare sulle proprie attivit\u00e0, seminari, pubblicazioni, offerte o anche fornire servizi a potenziali clienti. In ogni caso, rispettando i Termini e le Condizioni d&#8217;uso di ciascuna piattaforma o social network.  <\/li>\n\n\n\n<li>Bollettini, newsletter o e-mail: tra gli altri servizi, la SOCIET\u00c0 offre agli Utenti la possibilit\u00e0 di iscriversi a una newsletter relativa ad attivit\u00e0, pubblicazioni o presentazioni che la SOCIET\u00c0 intende realizzare. Tale invio sar\u00e0 automatico e gratuito per l&#8217;Utente, che potr\u00e0 cancellarsi in qualsiasi momento. <\/li>\n\n\n\n<li>Azioni promozionali: i dati che l&#8217;Utente acconsente di inviare alla SOCIET\u00c0 perch\u00e9 interessato a partecipare a tali eventi, saranno trattati esclusivamente per le finalit\u00e0 indicate in ciascuna azione.<\/li>\n\n\n\n<li>Offerte di lavoro, borse di studio, stage: L&#8217;AZIENDA mette a disposizione di chi \u00e8 interessato ad accedere a un&#8217;offerta di lavoro o di formazione\/tirocinio\/borse di studio una serie di meccanismi di contatto sul sito web; pertanto, saranno prese in considerazione solo le comunicazioni che sono state praticate attraverso questi mezzi. Saranno prese in considerazione anche le richieste che provengono dai mezzi di comunicazione disponibili nelle aree di lavoro e tirocinio dei siti web universitari. Le richieste che non hanno rispettato questi canali di contatto arbitrati da THE COMPANY, saranno rifiutate e distrutte nel momento stesso in cui vengono ricevute. Allo stesso modo, il candidato alla candidatura dar\u00e0 il suo consenso affinch\u00e9 LA SOCIET\u00c0 analizzi le informazioni presentate nella sua candidatura, nel colloquio di lavoro, nei profili sociali delle reti professionali o quelle informazioni direttamente accessibili attraverso i motori di ricerca, al fine di ottenere una valutazione efficace della candidatura. Nel caso in cui il candidato non venga selezionato, e a meno che non si opponga espressamente, LA SOCIET\u00c0 conserver\u00e0 il Cv per valutarlo in caso di offerte future.    <\/li>\n\n\n\n<li>Cookie: si tratta di file creati nel browser dell&#8217;Utente per registrare la sua attivit\u00e0 sul sito web dell&#8217;AZIENDA e per rendere la navigazione il pi\u00f9 efficace e personalizzata possibile rispetto alle abitudini espresse dall&#8217;Utente. Tipi di cookie installati (tecnici), nome dei cookie, finalit\u00e0, politiche specifiche delle entit\u00e0 di cui installiamo i cookie. <\/li>\n<\/ul>\n","protected":false},"excerpt":{"rendered":"<p>Il presente avviso legale regola l&#8217;utilizzo del portale Internet BITFAB.PARTS e il rapporto con il marchio BITFAB, rappresentato da Diego Trapero Moreno (imprenditore individuale) con sede legale in Calle Campuzano 5 2B Madrid con NIF 05312825D e contatto e-mail info@bitfab.parts (di seguito &#8220;L&#8217;AZIENDA&#8221;). Informativa sui cookie In conformit\u00e0 con le disposizioni dell&#8217;articolo 22.2 della Legge &#8230; <a title=\"Avviso legale\" class=\"read-more\" href=\"https:\/\/bitfab.parts\/it\/avviso-legale\/\" aria-label=\"Per saperne di pi\u00f9 su Avviso legale\">Leggi tutto<\/a><\/p>\n","protected":false},"author":1,"featured_media":0,"parent":0,"menu_order":0,"comment_status":"closed","ping_status":"closed","template":"","meta":{"footnotes":""},"class_list":["post-391633","page","type-page","status-publish"],"yoast_head":"<!-- This site is optimized with the Yoast SEO plugin v27.2 - https:\/\/yoast.com\/product\/yoast-seo-wordpress\/ -->\n<title>Avviso legale - Bitfab Parts<\/title>\n<meta name=\"robots\" content=\"noindex, nofollow\" \/>\n<meta property=\"og:locale\" content=\"it_IT\" \/>\n<meta property=\"og:type\" content=\"article\" \/>\n<meta property=\"og:title\" content=\"Avviso legale - Bitfab Parts\" \/>\n<meta property=\"og:description\" content=\"Il presente avviso legale regola l&#8217;utilizzo del portale Internet BITFAB.PARTS e il rapporto con il marchio BITFAB, rappresentato da Diego Trapero Moreno (imprenditore individuale) con sede legale in Calle Campuzano 5 2B Madrid con NIF 05312825D e contatto e-mail info@bitfab.parts (di seguito &#8220;L&#8217;AZIENDA&#8221;). Informativa sui cookie In conformit\u00e0 con le disposizioni dell&#8217;articolo 22.2 della Legge ... Leggi tutto\" \/>\n<meta property=\"og:url\" content=\"https:\/\/bitfab.parts\/it\/avviso-legale\/\" \/>\n<meta property=\"og:site_name\" content=\"Bitfab Parts\" \/>\n<meta property=\"article:modified_time\" content=\"2025-07-04T08:38:25+00:00\" \/>\n<meta name=\"twitter:card\" content=\"summary_large_image\" \/>\n<meta name=\"twitter:label1\" content=\"Tempo di lettura stimato\" \/>\n\t<meta name=\"twitter:data1\" content=\"9 minuti\" \/>\n<script type=\"application\/ld+json\" class=\"yoast-schema-graph\">{\"@context\":\"https:\/\/schema.org\",\"@graph\":[{\"@type\":\"WebPage\",\"@id\":\"https:\/\/bitfab.parts\/it\/avviso-legale\/\",\"url\":\"https:\/\/bitfab.parts\/it\/avviso-legale\/\",\"name\":\"Avviso legale - Bitfab Parts\",\"isPartOf\":{\"@id\":\"https:\/\/bitfab.parts\/it\/#website\"},\"datePublished\":\"2024-01-07T18:52:07+00:00\",\"dateModified\":\"2025-07-04T08:38:25+00:00\",\"breadcrumb\":{\"@id\":\"https:\/\/bitfab.parts\/it\/avviso-legale\/#breadcrumb\"},\"inLanguage\":\"it-IT\",\"potentialAction\":[{\"@type\":\"ReadAction\",\"target\":[\"https:\/\/bitfab.parts\/it\/avviso-legale\/\"]}]},{\"@type\":\"BreadcrumbList\",\"@id\":\"https:\/\/bitfab.parts\/it\/avviso-legale\/#breadcrumb\",\"itemListElement\":[{\"@type\":\"ListItem\",\"position\":1,\"name\":\"Home\",\"item\":\"https:\/\/bitfab.parts\/it\/\"},{\"@type\":\"ListItem\",\"position\":2,\"name\":\"Avviso legale\"}]},{\"@type\":\"WebSite\",\"@id\":\"https:\/\/bitfab.parts\/it\/#website\",\"url\":\"https:\/\/bitfab.parts\/it\/\",\"name\":\"Bitfab Parts\",\"description\":\"Custom cut aluminum profile\",\"publisher\":{\"@id\":\"https:\/\/bitfab.parts\/it\/#organization\"},\"potentialAction\":[{\"@type\":\"SearchAction\",\"target\":{\"@type\":\"EntryPoint\",\"urlTemplate\":\"https:\/\/bitfab.parts\/it\/?s={search_term_string}\"},\"query-input\":{\"@type\":\"PropertyValueSpecification\",\"valueRequired\":true,\"valueName\":\"search_term_string\"}}],\"inLanguage\":\"it-IT\"},{\"@type\":\"Organization\",\"@id\":\"https:\/\/bitfab.parts\/it\/#organization\",\"name\":\"Bitfab Parts\",\"url\":\"https:\/\/bitfab.parts\/it\/\",\"logo\":{\"@type\":\"ImageObject\",\"inLanguage\":\"it-IT\",\"@id\":\"https:\/\/bitfab.parts\/it\/#\/schema\/logo\/image\/\",\"url\":\"https:\/\/bitfab.parts\/wp-content\/uploads\/2023\/11\/cropped-rectangle_1000x500_without_background.png\",\"contentUrl\":\"https:\/\/bitfab.parts\/wp-content\/uploads\/2023\/11\/cropped-rectangle_1000x500_without_background.png\",\"width\":1000,\"height\":369,\"caption\":\"Bitfab Parts\"},\"image\":{\"@id\":\"https:\/\/bitfab.parts\/it\/#\/schema\/logo\/image\/\"}}]}<\/script>\n<!-- \/ Yoast SEO plugin. -->","yoast_head_json":{"title":"Avviso legale - Bitfab Parts","robots":{"index":"noindex","follow":"nofollow"},"og_locale":"it_IT","og_type":"article","og_title":"Avviso legale - Bitfab Parts","og_description":"Il presente avviso legale regola l&#8217;utilizzo del portale Internet BITFAB.PARTS e il rapporto con il marchio BITFAB, rappresentato da Diego Trapero Moreno (imprenditore individuale) con sede legale in Calle Campuzano 5 2B Madrid con NIF 05312825D e contatto e-mail info@bitfab.parts (di seguito &#8220;L&#8217;AZIENDA&#8221;). Informativa sui cookie In conformit\u00e0 con le disposizioni dell&#8217;articolo 22.2 della Legge ... Leggi tutto","og_url":"https:\/\/bitfab.parts\/it\/avviso-legale\/","og_site_name":"Bitfab Parts","article_modified_time":"2025-07-04T08:38:25+00:00","twitter_card":"summary_large_image","twitter_misc":{"Tempo di lettura stimato":"9 minuti"},"schema":{"@context":"https:\/\/schema.org","@graph":[{"@type":"WebPage","@id":"https:\/\/bitfab.parts\/it\/avviso-legale\/","url":"https:\/\/bitfab.parts\/it\/avviso-legale\/","name":"Avviso legale - Bitfab Parts","isPartOf":{"@id":"https:\/\/bitfab.parts\/it\/#website"},"datePublished":"2024-01-07T18:52:07+00:00","dateModified":"2025-07-04T08:38:25+00:00","breadcrumb":{"@id":"https:\/\/bitfab.parts\/it\/avviso-legale\/#breadcrumb"},"inLanguage":"it-IT","potentialAction":[{"@type":"ReadAction","target":["https:\/\/bitfab.parts\/it\/avviso-legale\/"]}]},{"@type":"BreadcrumbList","@id":"https:\/\/bitfab.parts\/it\/avviso-legale\/#breadcrumb","itemListElement":[{"@type":"ListItem","position":1,"name":"Home","item":"https:\/\/bitfab.parts\/it\/"},{"@type":"ListItem","position":2,"name":"Avviso legale"}]},{"@type":"WebSite","@id":"https:\/\/bitfab.parts\/it\/#website","url":"https:\/\/bitfab.parts\/it\/","name":"Bitfab Parts","description":"Custom cut aluminum profile","publisher":{"@id":"https:\/\/bitfab.parts\/it\/#organization"},"potentialAction":[{"@type":"SearchAction","target":{"@type":"EntryPoint","urlTemplate":"https:\/\/bitfab.parts\/it\/?s={search_term_string}"},"query-input":{"@type":"PropertyValueSpecification","valueRequired":true,"valueName":"search_term_string"}}],"inLanguage":"it-IT"},{"@type":"Organization","@id":"https:\/\/bitfab.parts\/it\/#organization","name":"Bitfab Parts","url":"https:\/\/bitfab.parts\/it\/","logo":{"@type":"ImageObject","inLanguage":"it-IT","@id":"https:\/\/bitfab.parts\/it\/#\/schema\/logo\/image\/","url":"https:\/\/bitfab.parts\/wp-content\/uploads\/2023\/11\/cropped-rectangle_1000x500_without_background.png","contentUrl":"https:\/\/bitfab.parts\/wp-content\/uploads\/2023\/11\/cropped-rectangle_1000x500_without_background.png","width":1000,"height":369,"caption":"Bitfab Parts"},"image":{"@id":"https:\/\/bitfab.parts\/it\/#\/schema\/logo\/image\/"}}]}},"_links":{"self":[{"href":"https:\/\/bitfab.parts\/it\/wp-json\/wp\/v2\/pages\/391633","targetHints":{"allow":["GET"]}}],"collection":[{"href":"https:\/\/bitfab.parts\/it\/wp-json\/wp\/v2\/pages"}],"about":[{"href":"https:\/\/bitfab.parts\/it\/wp-json\/wp\/v2\/types\/page"}],"author":[{"embeddable":true,"href":"https:\/\/bitfab.parts\/it\/wp-json\/wp\/v2\/users\/1"}],"replies":[{"embeddable":true,"href":"https:\/\/bitfab.parts\/it\/wp-json\/wp\/v2\/comments?post=391633"}],"version-history":[{"count":1,"href":"https:\/\/bitfab.parts\/it\/wp-json\/wp\/v2\/pages\/391633\/revisions"}],"predecessor-version":[{"id":391634,"href":"https:\/\/bitfab.parts\/it\/wp-json\/wp\/v2\/pages\/391633\/revisions\/391634"}],"wp:attachment":[{"href":"https:\/\/bitfab.parts\/it\/wp-json\/wp\/v2\/media?parent=391633"}],"curies":[{"name":"wp","href":"https:\/\/api.w.org\/{rel}","templated":true}]}}