{"id":391015,"date":"2024-01-07T19:52:07","date_gmt":"2024-01-07T18:52:07","guid":{"rendered":"https:\/\/bitfab.parts\/aviso-legal\/"},"modified":"2025-06-21T19:49:47","modified_gmt":"2025-06-21T18:49:47","slug":"aviso-legal","status":"publish","type":"page","link":"https:\/\/bitfab.parts\/pt-pt\/aviso-legal\/","title":{"rendered":"Aviso legal"},"content":{"rendered":"\n<p>O presente aviso legal regula a utiliza\u00e7\u00e3o do portal da Internet BITFAB.PARTS e as rela\u00e7\u00f5es com a marca comercial BITFAB, representada por Diego Trapero Moreno (empres\u00e1rio em nome individual) com sede na Calle Campuzano 5 2B Madrid, com o NIF 05312825D e o e-mail de contacto info@bitfab.parts (doravante \u201cA EMPRESA\u201d).<\/p>\n\n<h2 class=\"wp-block-heading\">Pol\u00edtica de cookies<\/h2>\n\n<p>Em conformidade com as disposi\u00e7\u00f5es do artigo 22.2 da Lei sobre Servi\u00e7os da Sociedade da Informa\u00e7\u00e3o e Com\u00e9rcio Eletr\u00f3nico (doravante LSSICE), e de acordo com a Diretiva Europeia 2009\/136\/CE, A EMPRESA informa-te que alguns dos servi\u00e7os oferecidos pelo website utilizam cookies.<\/p>\n\n<p>Nestes Termos e Condi\u00e7\u00f5es de Utiliza\u00e7\u00e3o ser\u00e1s claramente informado sobre o tipo de cookies e a finalidade a que se destinam, mas caso o Utilizador pretenda obter mais informa\u00e7\u00f5es sobre os mesmos, poder\u00e1 enviar um e-mail para o seguinte endere\u00e7o: info@bitfab.io.<\/p>\n\n<p>Os cookies s\u00e3o pequenos ficheiros armazenados no dispositivo que o utilizador utiliza para navegar na Internet, e destinam-se a armazenar informa\u00e7\u00f5es de v\u00e1rios tipos: frequ\u00eancia de visitas ao site da EMPRESA, prefer\u00eancias de navega\u00e7\u00e3o, informa\u00e7\u00f5es de interesse para o utilizador, etc. Esta informa\u00e7\u00e3o permitir\u00e1 \u00e0 empresa melhorar a qualidade e a funcionalidade do s\u00edtio web bitfab.parts. <\/p>\n\n<p>Os cookies s\u00e3o essenciais para o correto funcionamento da Internet, e s\u00e3o activados nas defini\u00e7\u00f5es do browser, ajudando a identificar e a resolver poss\u00edveis erros de funcionamento do website. Dependendo da finalidade para a qual os dados obtidos atrav\u00e9s dos cookies s\u00e3o processados, eles podem ser encontrados: <\/p>\n\n<ul class=\"wp-block-list\">\n<li>Cookies t\u00e9cnicos: permitem ao utilizador navegar num s\u00edtio Web, plataforma ou aplica\u00e7\u00e3o e utilizar as op\u00e7\u00f5es ou servi\u00e7os a\u00ed oferecidos.<\/li>\n\n\n\n<li>Cookies de personaliza\u00e7\u00e3o: permitem que o Utilizador aceda a servi\u00e7os com carater\u00edsticas gerais predefinidas de acordo com uma s\u00e9rie de crit\u00e9rios no terminal do Utilizador.<\/li>\n\n\n\n<li>Cookies de an\u00e1lise: permitem o acompanhamento e a an\u00e1lise do comportamento dos Utilizadores do s\u00edtio Web ao qual est\u00e3o ligados. Estes dados s\u00e3o utilizados para medir a atividade dos s\u00edtios, aplica\u00e7\u00f5es ou plataformas e para criar perfis de navega\u00e7\u00e3o. <\/li>\n\n\n\n<li>Cookies publicit\u00e1rios: permitem a gest\u00e3o eficaz dos espa\u00e7os publicit\u00e1rios, de modo a obter conte\u00fados publicit\u00e1rios especialmente personalizados para o Utilizador.<\/li>\n\n\n\n<li>Cookies de redes sociais externas: s\u00e3o utilizados para que os visitantes destas plataformas possam interagir com os conte\u00fados das mesmas, gerados exclusivamente para os Utilizadores destas redes.<\/li>\n<\/ul>\n\n<p>Al\u00e9m disso, A EMPRESA informa-te que utiliza os seguintes tipos de cookies:<\/p>\n\n<ul class=\"wp-block-list\">\n<li>Cookies pr\u00f3prios: s\u00e3o enviados para o computador do Utilizador e geridos exclusivamente pela EMPRESA, com o objetivo de melhorar o funcionamento do site. A informa\u00e7\u00e3o recolhida \u00e9 utilizada para melhorar a qualidade dos servi\u00e7os prestados, bem como a experi\u00eancia que o Utilizador tem ao visitar o site. Estes cookies permanecer\u00e3o no browser do Utilizador durante o tempo necess\u00e1rio para o reconhecer como visitante do website e para adaptar o conte\u00fado \u00e0s prefer\u00eancias do Utilizador.  <\/li>\n\n\n\n<li>Cookies anal\u00edticos de terceiros: o s\u00edtio Web utiliza o servi\u00e7o fornecido pelo Google Analytics, fornecido pela Google Inc., uma empresa de Delaware com sede em 1600 Amphitheatre Parkway, Mountain View (Calif\u00f3rnia), CA 94043, Estados Unidos (doravante, Google). As informa\u00e7\u00f5es geradas por estes cookies sobre a tua utiliza\u00e7\u00e3o do s\u00edtio Web ser\u00e3o transmitidas e armazenadas pela Google nos seus servidores nos Estados Unidos. A Google utilizar\u00e1 estas informa\u00e7\u00f5es em nome da EMPRESA com o objetivo de seguir os h\u00e1bitos de utiliza\u00e7\u00e3o do Utilizador no site, compilar relat\u00f3rios de atividade e fornecer servi\u00e7os relacionados com a atividade no site. A Google n\u00e3o associar\u00e1 o endere\u00e7o IP do Utilizador a quaisquer outros dados detidos pelo Utilizador.<\/li>\n\n\n\n<li>Cookies de redes sociais externas:\n<ul class=\"wp-block-list\">\n<li>Twitter: fornece bot\u00f5es e outras funcionalidades \u00e0 EMPRESA para que o Utilizador possa partilhar links para o site no seu perfil social. As informa\u00e7\u00f5es enviadas para fora da Uni\u00e3o Europeia para o Twitter, relacionadas com as p\u00e1ginas que visitaste ou com os interesses que manifestaste, s\u00e3o utilizadas pelo Twitter conforme especificado nas suas pol\u00edticas de privacidade. <\/li>\n\n\n\n<li>Facebook: depende das tuas condi\u00e7\u00f5es de utiliza\u00e7\u00e3o e pol\u00edticas.<\/li>\n\n\n\n<li>Linkedin: depende dos seus termos e condi\u00e7\u00f5es e pol\u00edticas de utiliza\u00e7\u00e3o.<\/li>\n<\/ul>\n<\/li>\n\n\n\n<li>O Utilizador deve estar ciente, desde j\u00e1, de que a EMPRESA n\u00e3o \u00e9 respons\u00e1vel pelo conte\u00fado, atualidade e exatid\u00e3o da Pol\u00edtica de Cookies, da Pol\u00edtica de Privacidade ou dos Termos e Condi\u00e7\u00f5es de Utiliza\u00e7\u00e3o de terceiros inclu\u00eddos nas liga\u00e7\u00f5es acima referidas.<\/li>\n<\/ul>\n\n<p>O Utilizador manifestar\u00e1 o seu consentimento \u00e0 EMPRESA relativamente \u00e0 utiliza\u00e7\u00e3o dos cookies acima referidos, navegando e continuando no site, nas condi\u00e7\u00f5es descritas na presente Pol\u00edtica de Cookies.<\/p>\n\n<p>No caso de o Utilizador pretender desativar e bloquear os cookies, a EMPRESA, em conformidade com as normas legais em vigor, fornece as informa\u00e7\u00f5es necess\u00e1rias que permitir\u00e3o ao Utilizador configurar o navegador de Internet para manter a privacidade e a seguran\u00e7a relativamente a estes ficheiros. Por este motivo, ser-te-\u00e3o facultadas as informa\u00e7\u00f5es necess\u00e1rias e os links para os sites oficiais de apoio t\u00e9cnico dos principais navegadores para decidires se queres ou n\u00e3o aceitar a utiliza\u00e7\u00e3o de cookies. No entanto, o Utilizador deve ter em conta que A EMPRESA n\u00e3o se responsabiliza por eventuais defici\u00eancias que possa sofrer na sua experi\u00eancia de navega\u00e7\u00e3o no s\u00edtio Web, uma vez que a desativa\u00e7\u00e3o ou o bloqueio de determinados cookies pode provocar erros ou uma m\u00e1 navega\u00e7\u00e3o.  <\/p>\n\n<ul class=\"wp-block-list\">\n<li>Microsoft Internet Explorer: clica na op\u00e7\u00e3o de menu \u201cFerramentas\u201d, depois em \u201cOp\u00e7\u00f5es da Internet\u201d, depois em \u201cPrivacidade\u201d e, por fim, em \u201cDefini\u00e7\u00f5es\u201d. Liga\u00e7\u00e3o \u00fatil. <\/li>\n\n\n\n<li>Firefox: vai ao menu \u201cFerramentas\u201d, depois \u201cOp\u00e7\u00f5es\u201d, depois \u201cPrivacidade\u201d e finalmente \u201cCookies\u201d. Link de interesse. <\/li>\n\n\n\n<li>Google Chrome: tens de ir \u00e0 sec\u00e7\u00e3o \u201cOp\u00e7\u00f5es\u201d, depois a \u201cOp\u00e7\u00f5es avan\u00e7adas\u201d e, por fim, a \u201cPrivacidade\u201d. Link de interesse. <\/li>\n\n\n\n<li>Opera: deves ir \u00e0 op\u00e7\u00e3o \u201cSeguran\u00e7a e privacidade\u201d, onde encontrar\u00e1s as op\u00e7\u00f5es de configura\u00e7\u00e3o do navegador necess\u00e1rias. Liga\u00e7\u00e3o de interesse. <\/li>\n<\/ul>\n\n<p>Finalmente, \u00e9 poss\u00edvel que A EMPRESA actualize em algum momento, e sem aviso pr\u00e9vio, a Pol\u00edtica de Cookies do site, caso em que a data de atualiza\u00e7\u00e3o dos Termos e Condi\u00e7\u00f5es de Utiliza\u00e7\u00e3o do site seria modificada da mesma forma, para que o Utilizador possa saber o momento em que a referida mudan\u00e7a ocorreu. A entrada em vigor destas modifica\u00e7\u00f5es ser\u00e1 determinada pela data de atualiza\u00e7\u00e3o acima mencionada. <\/p>\n\n<h2 class=\"wp-block-heading\">Pol\u00edtica de privacidade<\/h2>\n\n<p>Em conformidade com o artigo 5 da Lei Org\u00e2nica 15\/1999, de 13 de dezembro, de Prote\u00e7\u00e3o de Dados de Car\u00e1cter Pessoal, informa-se o Utilizador da inclus\u00e3o dos seus dados no ficheiro \u201cContactos, Clientes e Utilizadores\u201d, propriedade da Bitfab, cuja finalidade \u00e9 gerir a agenda de contactos da empresa, bem como comunicar ac\u00e7\u00f5es comerciais e ac\u00e7\u00f5es de interesse para o Utilizador. Podes exercer os teus direitos de acesso, retifica\u00e7\u00e3o, cancelamento e oposi\u00e7\u00e3o, nos termos estabelecidos na legisla\u00e7\u00e3o em vigor, enviando um e-mail para Bitfab, C\/ Pajaritos 12 (Madrid) C.P. 28007, ou enviando um e-mail para info@bitfab.io indicando \u201cDireitos ARCO\u201d no assunto da mensagem. <\/p>\n\n<p>Em caso de exerc\u00edcio dos Direitos ARCO pelo Utilizador, na notifica\u00e7\u00e3o enviada \u00e0 EMPRESA, tanto para a morada fornecida como para o endere\u00e7o de correio eletr\u00f3nico, este deve anexar uma fotoc\u00f3pia do seu bilhete de identidade ou documento de identifica\u00e7\u00e3o com valor probat\u00f3rio semelhante, ou um certificado eletr\u00f3nico de tipo reconhecido, que permita a sua valida\u00e7\u00e3o gratuita, para assinar a comunica\u00e7\u00e3o.<\/p>\n\n<p>Esta Pol\u00edtica de Privacidade refere-se ao site da EMPRESA e n\u00e3o \u00e0s pol\u00edticas de terceiros que aparecem no site ou no blog, ou que operam sites que cont\u00eam links para o site da EMPRESA, pelos quais a EMPRESA n\u00e3o \u00e9 respons\u00e1vel pelas poss\u00edveis consequ\u00eancias da atividade do Utilizador ao abrigo de tais pol\u00edticas.<\/p>\n\n<p>O tratamento que A EMPRESA realiza sobre os dados pessoais recolhidos dos Utilizadores ser\u00e1 exclusivamente para a finalidade indicada na cl\u00e1usula de informa\u00e7\u00e3o anterior, ou seja, para poder realizar satisfatoriamente a rela\u00e7\u00e3o contratual que est\u00e1 a ser celebrada entre o Utilizador e A EMPRESA atrav\u00e9s dos Termos e Condi\u00e7\u00f5es de Utiliza\u00e7\u00e3o. Entre outras, as seguintes finalidades: <\/p>\n\n<ul class=\"wp-block-list\">\n<li>Responde \u00e0s suas perguntas e pedidos.<\/li>\n\n\n\n<li>Fornecer informa\u00e7\u00f5es sobre os servi\u00e7os oferecidos pela EMPRESA no seu s\u00edtio Web, bem como sobre eventos de v\u00e1rios tipos ou actualiza\u00e7\u00f5es sobre Actualidad Jur\u00eddica.<\/li>\n\n\n\n<li>Para notificar informa\u00e7\u00f5es sobre as altera\u00e7\u00f5es que possam ser efectuadas aos presentes Termos e Condi\u00e7\u00f5es de Utiliza\u00e7\u00e3o.<\/li>\n\n\n\n<li>Para personalizar a experi\u00eancia do Utilizador na sua atividade no s\u00edtio Web, apresentando conte\u00fados personalizados.<\/li>\n\n\n\n<li>Para permitir ao Utilizador interagir e participar nos conte\u00fados interactivos oferecidos pelo s\u00edtio Web.<\/li>\n<\/ul>\n\n<p>Por sua vez, as informa\u00e7\u00f5es relativas ao Utilizador ser\u00e3o conservadas durante o per\u00edodo necess\u00e1rio para cumprir as finalidades indicadas na presente Pol\u00edtica de Privacidade, a menos que seja necess\u00e1rio um per\u00edodo mais longo, ou que seja permitido ou exigido por lei.<\/p>\n\n<p>Por \u00faltimo, A EMPRESA recomenda que o Utilizador se abstenha de enviar informa\u00e7\u00f5es pessoais sens\u00edveis (tais como cren\u00e7as religiosas, ra\u00e7a, dados de sa\u00fade, etc.), uma vez que estas n\u00e3o ser\u00e3o solicitadas pelo s\u00edtio Web em momento algum, a menos que sejam necess\u00e1rias para a conclus\u00e3o bem sucedida da presente rela\u00e7\u00e3o contratual.<\/p>\n\n<p>As formas atrav\u00e9s das quais a EMPRESA pode recolher dados pessoais dos Utilizadores s\u00e3o:<\/p>\n\n<ul class=\"wp-block-list\">\n<li>Formul\u00e1rios de contacto e e-mail: A EMPRESA coloca \u00e0 disposi\u00e7\u00e3o do Utilizador formul\u00e1rios de contacto relativos a determinados servi\u00e7os prestados no site. Os dados pessoais que o Utilizador consentir em fornecer atrav\u00e9s dos referidos meios de contacto ser\u00e3o processados automaticamente e incorporados no ficheiro correspondente, pelo qual A EMPRESA \u00e9 respons\u00e1vel. A finalidade a que se destina esta recolha de dados, e o consequente tratamento, \u00e9 a resolu\u00e7\u00e3o da consulta ou servi\u00e7o solicitado, que o Utilizador pretendeu que a EMPRESA gerisse, atrav\u00e9s da referida comunica\u00e7\u00e3o.  <\/li>\n\n\n\n<li>Redes Sociais: A EMPRESA tem perfis nas principais redes sociais (Twitter, Facebook, LinkedIn), sendo cada uma das plataformas ou redes sociais respons\u00e1vel pelo tratamento destes dados no que diz respeito aos seguidores ou subscritores que estes perfis t\u00eam em cada caso. O tratamento de dados que ser\u00e1 realizado ser\u00e1 aquele que a pr\u00f3pria rede social permite que os perfis empresariais realizem, entre outros, para informar sobre as suas actividades, semin\u00e1rios, publica\u00e7\u00f5es, ofertas ou mesmo para prestar servi\u00e7os a potenciais clientes. E, em qualquer caso, respeitando os Termos e Condi\u00e7\u00f5es de Utiliza\u00e7\u00e3o de cada uma das plataformas ou redes sociais.  <\/li>\n\n\n\n<li>Boletins, Newsletters ou correio eletr\u00f3nico: entre outros servi\u00e7os, a EMPRESA oferece aos Utilizadores a possibilidade de subscrever uma newsletter relativa \u00e0s actividades, publica\u00e7\u00f5es ou apresenta\u00e7\u00f5es que a EMPRESA tenciona realizar. Este envio ser\u00e1 autom\u00e1tico e gratuito para o Utilizador, que poder\u00e1 cancelar a sua inscri\u00e7\u00e3o a qualquer momento. <\/li>\n\n\n\n<li>Ac\u00e7\u00f5es promocionais: os dados que o Utilizador consentir em enviar \u00e0 EMPRESA por estar interessado em participar nestes eventos, ser\u00e3o tratados exclusivamente para a finalidade indicada em cada a\u00e7\u00e3o.<\/li>\n\n\n\n<li>Emprego, bolsas de estudo, est\u00e1gios: A EMPRESA coloca \u00e0 disposi\u00e7\u00e3o dos interessados em aceder a uma oferta de emprego ou forma\u00e7\u00e3o\/est\u00e1gios\/bolsas de estudo uma s\u00e9rie de mecanismos de contacto no site, pelo que s\u00f3 ser\u00e3o valorizadas as comunica\u00e7\u00f5es que tenham sido feitas atrav\u00e9s destes meios. Tamb\u00e9m ser\u00e3o tidas em conta as candidaturas que provenham dos meios dispon\u00edveis nas \u00e1reas de emprego e est\u00e1gios dos sites das universidades. As candidaturas que n\u00e3o respeitem estes canais de contacto disponibilizados pela EMPRESA ser\u00e3o rejeitadas e destru\u00eddas no momento da sua rece\u00e7\u00e3o. Da mesma forma, o candidato \u00e0 candidatura ao emprego estar\u00e1 a dar o seu consentimento para que a EMPRESA analise as informa\u00e7\u00f5es enviadas na sua candidatura, na entrevista de emprego, nos perfis sociais das redes profissionais ou as informa\u00e7\u00f5es diretamente acess\u00edveis atrav\u00e9s de motores de busca, a fim de avaliar eficazmente a candidatura. No caso de o candidato n\u00e3o ser selecionado, e salvo oposi\u00e7\u00e3o expressa do candidato, a EMPRESA conservar\u00e1 o CV para avalia\u00e7\u00e3o em futuras ofertas.    <\/li>\n\n\n\n<li>Cookies: s\u00e3o ficheiros criados no navegador do Utilizador para registar a sua atividade no site da EMPRESA, e para tornar a navega\u00e7\u00e3o o mais eficaz e personalizada poss\u00edvel em rela\u00e7\u00e3o aos h\u00e1bitos expressos pelo Utilizador. Tipos de cookies instalados (t\u00e9cnicos), nome dos cookies, finalidade, pol\u00edticas espec\u00edficas das entidades cujos cookies instalamos. <\/li>\n<\/ul>\n","protected":false},"excerpt":{"rendered":"<p>O presente aviso legal regula a utiliza\u00e7\u00e3o do portal da Internet BITFAB.PARTS e as rela\u00e7\u00f5es com a marca comercial BITFAB, representada por Diego Trapero Moreno (empres\u00e1rio em nome individual) com sede na Calle Campuzano 5 2B Madrid, com o NIF 05312825D e o e-mail de contacto info@bitfab.parts (doravante \u201cA EMPRESA\u201d). Pol\u00edtica de cookies Em conformidade &#8230; <a title=\"Aviso legal\" class=\"read-more\" href=\"https:\/\/bitfab.parts\/pt-pt\/aviso-legal\/\" aria-label=\"Leia mais sobre Aviso legal\">Ler mais<\/a><\/p>\n","protected":false},"author":1,"featured_media":0,"parent":0,"menu_order":0,"comment_status":"closed","ping_status":"closed","template":"","meta":{"footnotes":""},"class_list":["post-391015","page","type-page","status-publish"],"yoast_head":"<!-- This site is optimized with the Yoast SEO plugin v27.2 - https:\/\/yoast.com\/product\/yoast-seo-wordpress\/ -->\n<title>Aviso legal - Bitfab Parts<\/title>\n<meta name=\"robots\" content=\"noindex, nofollow\" \/>\n<meta property=\"og:locale\" content=\"pt_PT\" \/>\n<meta property=\"og:type\" content=\"article\" \/>\n<meta property=\"og:title\" content=\"Aviso legal - Bitfab Parts\" \/>\n<meta property=\"og:description\" content=\"O presente aviso legal regula a utiliza\u00e7\u00e3o do portal da Internet BITFAB.PARTS e as rela\u00e7\u00f5es com a marca comercial BITFAB, representada por Diego Trapero Moreno (empres\u00e1rio em nome individual) com sede na Calle Campuzano 5 2B Madrid, com o NIF 05312825D e o e-mail de contacto info@bitfab.parts (doravante \u201cA EMPRESA\u201d). Pol\u00edtica de cookies Em conformidade ... Ler mais\" \/>\n<meta property=\"og:url\" content=\"https:\/\/bitfab.parts\/pt-pt\/aviso-legal\/\" \/>\n<meta property=\"og:site_name\" content=\"Bitfab Parts\" \/>\n<meta property=\"article:modified_time\" content=\"2025-06-21T18:49:47+00:00\" \/>\n<meta name=\"twitter:card\" content=\"summary_large_image\" \/>\n<meta name=\"twitter:label1\" content=\"Tempo estimado de leitura\" \/>\n\t<meta name=\"twitter:data1\" content=\"11 minutos\" \/>\n<script type=\"application\/ld+json\" class=\"yoast-schema-graph\">{\"@context\":\"https:\/\/schema.org\",\"@graph\":[{\"@type\":\"WebPage\",\"@id\":\"https:\/\/bitfab.parts\/pt-pt\/aviso-legal\/\",\"url\":\"https:\/\/bitfab.parts\/pt-pt\/aviso-legal\/\",\"name\":\"Aviso legal - Bitfab Parts\",\"isPartOf\":{\"@id\":\"https:\/\/bitfab.parts\/pt-pt\/#website\"},\"datePublished\":\"2024-01-07T18:52:07+00:00\",\"dateModified\":\"2025-06-21T18:49:47+00:00\",\"breadcrumb\":{\"@id\":\"https:\/\/bitfab.parts\/pt-pt\/aviso-legal\/#breadcrumb\"},\"inLanguage\":\"pt-PT\",\"potentialAction\":[{\"@type\":\"ReadAction\",\"target\":[\"https:\/\/bitfab.parts\/pt-pt\/aviso-legal\/\"]}]},{\"@type\":\"BreadcrumbList\",\"@id\":\"https:\/\/bitfab.parts\/pt-pt\/aviso-legal\/#breadcrumb\",\"itemListElement\":[{\"@type\":\"ListItem\",\"position\":1,\"name\":\"Home\",\"item\":\"https:\/\/bitfab.parts\/pt-pt\/\"},{\"@type\":\"ListItem\",\"position\":2,\"name\":\"Aviso legal\"}]},{\"@type\":\"WebSite\",\"@id\":\"https:\/\/bitfab.parts\/pt-pt\/#website\",\"url\":\"https:\/\/bitfab.parts\/pt-pt\/\",\"name\":\"Bitfab Parts\",\"description\":\"Custom cut aluminum profile\",\"publisher\":{\"@id\":\"https:\/\/bitfab.parts\/pt-pt\/#organization\"},\"potentialAction\":[{\"@type\":\"SearchAction\",\"target\":{\"@type\":\"EntryPoint\",\"urlTemplate\":\"https:\/\/bitfab.parts\/pt-pt\/?s={search_term_string}\"},\"query-input\":{\"@type\":\"PropertyValueSpecification\",\"valueRequired\":true,\"valueName\":\"search_term_string\"}}],\"inLanguage\":\"pt-PT\"},{\"@type\":\"Organization\",\"@id\":\"https:\/\/bitfab.parts\/pt-pt\/#organization\",\"name\":\"Bitfab Parts\",\"url\":\"https:\/\/bitfab.parts\/pt-pt\/\",\"logo\":{\"@type\":\"ImageObject\",\"inLanguage\":\"pt-PT\",\"@id\":\"https:\/\/bitfab.parts\/pt-pt\/#\/schema\/logo\/image\/\",\"url\":\"https:\/\/bitfab.parts\/wp-content\/uploads\/2023\/11\/cropped-rectangle_1000x500_without_background.png\",\"contentUrl\":\"https:\/\/bitfab.parts\/wp-content\/uploads\/2023\/11\/cropped-rectangle_1000x500_without_background.png\",\"width\":1000,\"height\":369,\"caption\":\"Bitfab Parts\"},\"image\":{\"@id\":\"https:\/\/bitfab.parts\/pt-pt\/#\/schema\/logo\/image\/\"}}]}<\/script>\n<!-- \/ Yoast SEO plugin. -->","yoast_head_json":{"title":"Aviso legal - Bitfab Parts","robots":{"index":"noindex","follow":"nofollow"},"og_locale":"pt_PT","og_type":"article","og_title":"Aviso legal - Bitfab Parts","og_description":"O presente aviso legal regula a utiliza\u00e7\u00e3o do portal da Internet BITFAB.PARTS e as rela\u00e7\u00f5es com a marca comercial BITFAB, representada por Diego Trapero Moreno (empres\u00e1rio em nome individual) com sede na Calle Campuzano 5 2B Madrid, com o NIF 05312825D e o e-mail de contacto info@bitfab.parts (doravante \u201cA EMPRESA\u201d). Pol\u00edtica de cookies Em conformidade ... Ler mais","og_url":"https:\/\/bitfab.parts\/pt-pt\/aviso-legal\/","og_site_name":"Bitfab Parts","article_modified_time":"2025-06-21T18:49:47+00:00","twitter_card":"summary_large_image","twitter_misc":{"Tempo estimado de leitura":"11 minutos"},"schema":{"@context":"https:\/\/schema.org","@graph":[{"@type":"WebPage","@id":"https:\/\/bitfab.parts\/pt-pt\/aviso-legal\/","url":"https:\/\/bitfab.parts\/pt-pt\/aviso-legal\/","name":"Aviso legal - Bitfab Parts","isPartOf":{"@id":"https:\/\/bitfab.parts\/pt-pt\/#website"},"datePublished":"2024-01-07T18:52:07+00:00","dateModified":"2025-06-21T18:49:47+00:00","breadcrumb":{"@id":"https:\/\/bitfab.parts\/pt-pt\/aviso-legal\/#breadcrumb"},"inLanguage":"pt-PT","potentialAction":[{"@type":"ReadAction","target":["https:\/\/bitfab.parts\/pt-pt\/aviso-legal\/"]}]},{"@type":"BreadcrumbList","@id":"https:\/\/bitfab.parts\/pt-pt\/aviso-legal\/#breadcrumb","itemListElement":[{"@type":"ListItem","position":1,"name":"Home","item":"https:\/\/bitfab.parts\/pt-pt\/"},{"@type":"ListItem","position":2,"name":"Aviso legal"}]},{"@type":"WebSite","@id":"https:\/\/bitfab.parts\/pt-pt\/#website","url":"https:\/\/bitfab.parts\/pt-pt\/","name":"Bitfab Parts","description":"Custom cut aluminum profile","publisher":{"@id":"https:\/\/bitfab.parts\/pt-pt\/#organization"},"potentialAction":[{"@type":"SearchAction","target":{"@type":"EntryPoint","urlTemplate":"https:\/\/bitfab.parts\/pt-pt\/?s={search_term_string}"},"query-input":{"@type":"PropertyValueSpecification","valueRequired":true,"valueName":"search_term_string"}}],"inLanguage":"pt-PT"},{"@type":"Organization","@id":"https:\/\/bitfab.parts\/pt-pt\/#organization","name":"Bitfab Parts","url":"https:\/\/bitfab.parts\/pt-pt\/","logo":{"@type":"ImageObject","inLanguage":"pt-PT","@id":"https:\/\/bitfab.parts\/pt-pt\/#\/schema\/logo\/image\/","url":"https:\/\/bitfab.parts\/wp-content\/uploads\/2023\/11\/cropped-rectangle_1000x500_without_background.png","contentUrl":"https:\/\/bitfab.parts\/wp-content\/uploads\/2023\/11\/cropped-rectangle_1000x500_without_background.png","width":1000,"height":369,"caption":"Bitfab Parts"},"image":{"@id":"https:\/\/bitfab.parts\/pt-pt\/#\/schema\/logo\/image\/"}}]}},"_links":{"self":[{"href":"https:\/\/bitfab.parts\/pt-pt\/wp-json\/wp\/v2\/pages\/391015","targetHints":{"allow":["GET"]}}],"collection":[{"href":"https:\/\/bitfab.parts\/pt-pt\/wp-json\/wp\/v2\/pages"}],"about":[{"href":"https:\/\/bitfab.parts\/pt-pt\/wp-json\/wp\/v2\/types\/page"}],"author":[{"embeddable":true,"href":"https:\/\/bitfab.parts\/pt-pt\/wp-json\/wp\/v2\/users\/1"}],"replies":[{"embeddable":true,"href":"https:\/\/bitfab.parts\/pt-pt\/wp-json\/wp\/v2\/comments?post=391015"}],"version-history":[{"count":2,"href":"https:\/\/bitfab.parts\/pt-pt\/wp-json\/wp\/v2\/pages\/391015\/revisions"}],"predecessor-version":[{"id":391571,"href":"https:\/\/bitfab.parts\/pt-pt\/wp-json\/wp\/v2\/pages\/391015\/revisions\/391571"}],"wp:attachment":[{"href":"https:\/\/bitfab.parts\/pt-pt\/wp-json\/wp\/v2\/media?parent=391015"}],"curies":[{"name":"wp","href":"https:\/\/api.w.org\/{rel}","templated":true}]}}