{"id":391271,"date":"2024-09-19T20:09:38","date_gmt":"2024-09-19T19:09:38","guid":{"rendered":"https:\/\/bitfab.parts\/product\/parafuso-de-cabeca-de-botao-m5x8-iso-7380\/"},"modified":"2024-12-29T12:23:05","modified_gmt":"2024-12-29T11:23:05","slug":"parafuso-de-cabeca-de-botao-m5x8-iso-7380","status":"publish","type":"product","link":"https:\/\/bitfab.parts\/pt-pt\/produto\/parafuso-de-cabeca-de-botao-m5x8-iso-7380\/","title":{"rendered":"Parafuso de cabe\u00e7a de bot\u00e3o M5x8 ISO 7380"},"content":{"rendered":"\n<p>Recomendado para utiliza\u00e7\u00e3o com os nossos suportes, porcas em T e placas para o perfil da s\u00e9rie V-Slot de 20 mm.<\/p>\n\n<p>Uma unidade, pre\u00e7o por unidade.<\/p>\n\n<h2 class=\"wp-block-heading\">Especifica\u00e7\u00f5es t\u00e9cnicas<\/h2>\n\n<ul class=\"wp-block-list\">\n<li><strong>Tipo de parafuso:<\/strong> Parafuso de cabe\u00e7a de bot\u00e3o ISO 7380<\/li>\n\n\n\n<li><strong>Tamanho:<\/strong> M5x8 (rosca M5, 8 mm de comprimento)<\/li>\n\n\n\n<li><strong>Material:<\/strong> A\u00e7o (grau 10.9, parafuso de alta resist\u00eancia)<\/li>\n\n\n\n<li><strong>Acabamento:<\/strong> \u00d3xido preto<\/li>\n<\/ul>\n","protected":false},"excerpt":{"rendered":"<p>Parafuso de cabe\u00e7a de bot\u00e3o ISO 7380<br \/> Tamanho M5x8<br \/> Acabamento em \u00f3xido preto<br \/> Para utiliza\u00e7\u00e3o com ferragens de perfil de 20 mm<\/p>\n","protected":false},"featured_media":391269,"template":"","meta":[],"product_brand":[],"product_cat":[154],"product_tag":[],"class_list":{"0":"post-391271","1":"product","2":"type-product","3":"status-publish","4":"has-post-thumbnail","6":"product_cat-porcas-e-parafusos","7":"sales-flash-overlay","8":"woocommerce-text-align-center","9":"woocommerce-image-align-center","10":"do-quantity-buttons","12":"first","13":"instock","14":"taxable","15":"shipping-taxable","16":"purchasable","17":"product-type-simple"},"yoast_head":"<!-- This site is optimized with the Yoast SEO plugin v27.2 - https:\/\/yoast.com\/product\/yoast-seo-wordpress\/ -->\n<title>Parafuso de cabe\u00e7a de bot\u00e3o M5x8 ISO 7380 - Bitfab Parts<\/title>\n<meta name=\"robots\" content=\"index, follow, max-snippet:-1, max-image-preview:large, max-video-preview:-1\" \/>\n<link rel=\"canonical\" href=\"https:\/\/bitfab.parts\/pt-pt\/produto\/parafuso-de-cabeca-de-botao-m5x8-iso-7380\/\" \/>\n<meta property=\"og:locale\" content=\"pt_PT\" \/>\n<meta property=\"og:type\" content=\"article\" \/>\n<meta property=\"og:title\" content=\"Parafuso de cabe\u00e7a de bot\u00e3o M5x8 ISO 7380 - Bitfab Parts\" \/>\n<meta property=\"og:description\" content=\"Parafuso de cabe\u00e7a de bot\u00e3o ISO 7380 Tamanho M5x8 Acabamento em \u00f3xido preto Para utiliza\u00e7\u00e3o com ferragens de perfil de 20 mm\" \/>\n<meta property=\"og:url\" content=\"https:\/\/bitfab.parts\/pt-pt\/produto\/parafuso-de-cabeca-de-botao-m5x8-iso-7380\/\" \/>\n<meta property=\"og:site_name\" content=\"Bitfab Parts\" \/>\n<meta property=\"article:modified_time\" content=\"2024-12-29T11:23:05+00:00\" \/>\n<meta property=\"og:image\" content=\"https:\/\/bitfab.parts\/wp-content\/uploads\/2024\/09\/ISO7380-button-head-bolts.png\" \/>\n\t<meta property=\"og:image:width\" content=\"649\" \/>\n\t<meta property=\"og:image:height\" content=\"608\" \/>\n\t<meta property=\"og:image:type\" content=\"image\/png\" \/>\n<meta name=\"twitter:card\" content=\"summary_large_image\" \/>\n<script type=\"application\/ld+json\" class=\"yoast-schema-graph\">{\"@context\":\"https:\/\/schema.org\",\"@graph\":[{\"@type\":\"WebPage\",\"@id\":\"https:\/\/bitfab.parts\/pt-pt\/produto\/parafuso-de-cabeca-de-botao-m5x8-iso-7380\/\",\"url\":\"https:\/\/bitfab.parts\/pt-pt\/produto\/parafuso-de-cabeca-de-botao-m5x8-iso-7380\/\",\"name\":\"Parafuso de cabe\u00e7a de bot\u00e3o M5x8 ISO 7380 - Bitfab Parts\",\"isPartOf\":{\"@id\":\"https:\/\/bitfab.parts\/pt-pt\/#website\"},\"primaryImageOfPage\":{\"@id\":\"https:\/\/bitfab.parts\/pt-pt\/produto\/parafuso-de-cabeca-de-botao-m5x8-iso-7380\/#primaryimage\"},\"image\":{\"@id\":\"https:\/\/bitfab.parts\/pt-pt\/produto\/parafuso-de-cabeca-de-botao-m5x8-iso-7380\/#primaryimage\"},\"thumbnailUrl\":\"https:\/\/bitfab.parts\/wp-content\/uploads\/2024\/09\/ISO7380-button-head-bolts.png\",\"datePublished\":\"2024-09-19T19:09:38+00:00\",\"dateModified\":\"2024-12-29T11:23:05+00:00\",\"breadcrumb\":{\"@id\":\"https:\/\/bitfab.parts\/pt-pt\/produto\/parafuso-de-cabeca-de-botao-m5x8-iso-7380\/#breadcrumb\"},\"inLanguage\":\"pt-PT\",\"potentialAction\":[{\"@type\":\"ReadAction\",\"target\":[\"https:\/\/bitfab.parts\/pt-pt\/produto\/parafuso-de-cabeca-de-botao-m5x8-iso-7380\/\"]}]},{\"@type\":\"ImageObject\",\"inLanguage\":\"pt-PT\",\"@id\":\"https:\/\/bitfab.parts\/pt-pt\/produto\/parafuso-de-cabeca-de-botao-m5x8-iso-7380\/#primaryimage\",\"url\":\"https:\/\/bitfab.parts\/wp-content\/uploads\/2024\/09\/ISO7380-button-head-bolts.png\",\"contentUrl\":\"https:\/\/bitfab.parts\/wp-content\/uploads\/2024\/09\/ISO7380-button-head-bolts.png\",\"width\":649,\"height\":608,\"caption\":\"Parafusos de cabe\u00e7a de bot\u00e3o ISO7380\"},{\"@type\":\"BreadcrumbList\",\"@id\":\"https:\/\/bitfab.parts\/pt-pt\/produto\/parafuso-de-cabeca-de-botao-m5x8-iso-7380\/#breadcrumb\",\"itemListElement\":[{\"@type\":\"ListItem\",\"position\":1,\"name\":\"Home\",\"item\":\"https:\/\/bitfab.parts\/pt-pt\/\"},{\"@type\":\"ListItem\",\"position\":2,\"name\":\"Loja\",\"item\":\"https:\/\/bitfab.parts\/pt-pt\/loja\/\"},{\"@type\":\"ListItem\",\"position\":3,\"name\":\"Parafuso de cabe\u00e7a de bot\u00e3o M5x8 ISO 7380\"}]},{\"@type\":\"WebSite\",\"@id\":\"https:\/\/bitfab.parts\/pt-pt\/#website\",\"url\":\"https:\/\/bitfab.parts\/pt-pt\/\",\"name\":\"Bitfab Parts\",\"description\":\"Custom cut aluminum profile\",\"publisher\":{\"@id\":\"https:\/\/bitfab.parts\/pt-pt\/#organization\"},\"potentialAction\":[{\"@type\":\"SearchAction\",\"target\":{\"@type\":\"EntryPoint\",\"urlTemplate\":\"https:\/\/bitfab.parts\/pt-pt\/?s={search_term_string}\"},\"query-input\":{\"@type\":\"PropertyValueSpecification\",\"valueRequired\":true,\"valueName\":\"search_term_string\"}}],\"inLanguage\":\"pt-PT\"},{\"@type\":\"Organization\",\"@id\":\"https:\/\/bitfab.parts\/pt-pt\/#organization\",\"name\":\"Bitfab Parts\",\"url\":\"https:\/\/bitfab.parts\/pt-pt\/\",\"logo\":{\"@type\":\"ImageObject\",\"inLanguage\":\"pt-PT\",\"@id\":\"https:\/\/bitfab.parts\/pt-pt\/#\/schema\/logo\/image\/\",\"url\":\"https:\/\/bitfab.parts\/wp-content\/uploads\/2023\/11\/cropped-rectangle_1000x500_without_background.png\",\"contentUrl\":\"https:\/\/bitfab.parts\/wp-content\/uploads\/2023\/11\/cropped-rectangle_1000x500_without_background.png\",\"width\":1000,\"height\":369,\"caption\":\"Bitfab Parts\"},\"image\":{\"@id\":\"https:\/\/bitfab.parts\/pt-pt\/#\/schema\/logo\/image\/\"}}]}<\/script>\n<!-- \/ Yoast SEO plugin. -->","yoast_head_json":{"title":"Parafuso de cabe\u00e7a de bot\u00e3o M5x8 ISO 7380 - Bitfab Parts","robots":{"index":"index","follow":"follow","max-snippet":"max-snippet:-1","max-image-preview":"max-image-preview:large","max-video-preview":"max-video-preview:-1"},"canonical":"https:\/\/bitfab.parts\/pt-pt\/produto\/parafuso-de-cabeca-de-botao-m5x8-iso-7380\/","og_locale":"pt_PT","og_type":"article","og_title":"Parafuso de cabe\u00e7a de bot\u00e3o M5x8 ISO 7380 - Bitfab Parts","og_description":"Parafuso de cabe\u00e7a de bot\u00e3o ISO 7380 Tamanho M5x8 Acabamento em \u00f3xido preto Para utiliza\u00e7\u00e3o com ferragens de perfil de 20 mm","og_url":"https:\/\/bitfab.parts\/pt-pt\/produto\/parafuso-de-cabeca-de-botao-m5x8-iso-7380\/","og_site_name":"Bitfab Parts","article_modified_time":"2024-12-29T11:23:05+00:00","og_image":[{"width":649,"height":608,"url":"https:\/\/bitfab.parts\/wp-content\/uploads\/2024\/09\/ISO7380-button-head-bolts.png","type":"image\/png"}],"twitter_card":"summary_large_image","schema":{"@context":"https:\/\/schema.org","@graph":[{"@type":"WebPage","@id":"https:\/\/bitfab.parts\/pt-pt\/produto\/parafuso-de-cabeca-de-botao-m5x8-iso-7380\/","url":"https:\/\/bitfab.parts\/pt-pt\/produto\/parafuso-de-cabeca-de-botao-m5x8-iso-7380\/","name":"Parafuso de cabe\u00e7a de bot\u00e3o M5x8 ISO 7380 - Bitfab Parts","isPartOf":{"@id":"https:\/\/bitfab.parts\/pt-pt\/#website"},"primaryImageOfPage":{"@id":"https:\/\/bitfab.parts\/pt-pt\/produto\/parafuso-de-cabeca-de-botao-m5x8-iso-7380\/#primaryimage"},"image":{"@id":"https:\/\/bitfab.parts\/pt-pt\/produto\/parafuso-de-cabeca-de-botao-m5x8-iso-7380\/#primaryimage"},"thumbnailUrl":"https:\/\/bitfab.parts\/wp-content\/uploads\/2024\/09\/ISO7380-button-head-bolts.png","datePublished":"2024-09-19T19:09:38+00:00","dateModified":"2024-12-29T11:23:05+00:00","breadcrumb":{"@id":"https:\/\/bitfab.parts\/pt-pt\/produto\/parafuso-de-cabeca-de-botao-m5x8-iso-7380\/#breadcrumb"},"inLanguage":"pt-PT","potentialAction":[{"@type":"ReadAction","target":["https:\/\/bitfab.parts\/pt-pt\/produto\/parafuso-de-cabeca-de-botao-m5x8-iso-7380\/"]}]},{"@type":"ImageObject","inLanguage":"pt-PT","@id":"https:\/\/bitfab.parts\/pt-pt\/produto\/parafuso-de-cabeca-de-botao-m5x8-iso-7380\/#primaryimage","url":"https:\/\/bitfab.parts\/wp-content\/uploads\/2024\/09\/ISO7380-button-head-bolts.png","contentUrl":"https:\/\/bitfab.parts\/wp-content\/uploads\/2024\/09\/ISO7380-button-head-bolts.png","width":649,"height":608,"caption":"Parafusos de cabe\u00e7a de bot\u00e3o ISO7380"},{"@type":"BreadcrumbList","@id":"https:\/\/bitfab.parts\/pt-pt\/produto\/parafuso-de-cabeca-de-botao-m5x8-iso-7380\/#breadcrumb","itemListElement":[{"@type":"ListItem","position":1,"name":"Home","item":"https:\/\/bitfab.parts\/pt-pt\/"},{"@type":"ListItem","position":2,"name":"Loja","item":"https:\/\/bitfab.parts\/pt-pt\/loja\/"},{"@type":"ListItem","position":3,"name":"Parafuso de cabe\u00e7a de bot\u00e3o M5x8 ISO 7380"}]},{"@type":"WebSite","@id":"https:\/\/bitfab.parts\/pt-pt\/#website","url":"https:\/\/bitfab.parts\/pt-pt\/","name":"Bitfab Parts","description":"Custom cut aluminum profile","publisher":{"@id":"https:\/\/bitfab.parts\/pt-pt\/#organization"},"potentialAction":[{"@type":"SearchAction","target":{"@type":"EntryPoint","urlTemplate":"https:\/\/bitfab.parts\/pt-pt\/?s={search_term_string}"},"query-input":{"@type":"PropertyValueSpecification","valueRequired":true,"valueName":"search_term_string"}}],"inLanguage":"pt-PT"},{"@type":"Organization","@id":"https:\/\/bitfab.parts\/pt-pt\/#organization","name":"Bitfab Parts","url":"https:\/\/bitfab.parts\/pt-pt\/","logo":{"@type":"ImageObject","inLanguage":"pt-PT","@id":"https:\/\/bitfab.parts\/pt-pt\/#\/schema\/logo\/image\/","url":"https:\/\/bitfab.parts\/wp-content\/uploads\/2023\/11\/cropped-rectangle_1000x500_without_background.png","contentUrl":"https:\/\/bitfab.parts\/wp-content\/uploads\/2023\/11\/cropped-rectangle_1000x500_without_background.png","width":1000,"height":369,"caption":"Bitfab Parts"},"image":{"@id":"https:\/\/bitfab.parts\/pt-pt\/#\/schema\/logo\/image\/"}}]}},"_links":{"self":[{"href":"https:\/\/bitfab.parts\/pt-pt\/wp-json\/wp\/v2\/product\/391271","targetHints":{"allow":["GET"]}}],"collection":[{"href":"https:\/\/bitfab.parts\/pt-pt\/wp-json\/wp\/v2\/product"}],"about":[{"href":"https:\/\/bitfab.parts\/pt-pt\/wp-json\/wp\/v2\/types\/product"}],"wp:featuredmedia":[{"embeddable":true,"href":"https:\/\/bitfab.parts\/pt-pt\/wp-json\/wp\/v2\/media\/391269"}],"wp:attachment":[{"href":"https:\/\/bitfab.parts\/pt-pt\/wp-json\/wp\/v2\/media?parent=391271"}],"wp:term":[{"taxonomy":"product_brand","embeddable":true,"href":"https:\/\/bitfab.parts\/pt-pt\/wp-json\/wp\/v2\/product_brand?post=391271"},{"taxonomy":"product_cat","embeddable":true,"href":"https:\/\/bitfab.parts\/pt-pt\/wp-json\/wp\/v2\/product_cat?post=391271"},{"taxonomy":"product_tag","embeddable":true,"href":"https:\/\/bitfab.parts\/pt-pt\/wp-json\/wp\/v2\/product_tag?post=391271"}],"curies":[{"name":"wp","href":"https:\/\/api.w.org\/{rel}","templated":true}]}}