{"id":391298,"date":"2023-11-23T21:19:10","date_gmt":"2023-11-23T20:19:10","guid":{"rendered":"https:\/\/bitfab.parts\/product\/suporta-a-ranhura-de-20-mm-6\/"},"modified":"2024-12-29T12:25:22","modified_gmt":"2024-12-29T11:25:22","slug":"suporta-a-ranhura-de-20-mm-6","status":"publish","type":"product","link":"https:\/\/bitfab.parts\/pt-pt\/produto\/suporta-a-ranhura-de-20-mm-6\/","title":{"rendered":"Suporta a ranhura de 20 mm 6"},"content":{"rendered":"\n<p>Suporte para efetuar liga\u00e7\u00f5es a 90 graus num perfil de alum\u00ednio extrudido.<\/p>\n\n<p>Recomendado para utiliza\u00e7\u00e3o com o nosso perfil V-Slot de 20 mm ou outros perfis de 20 mm.<\/p>\n\n<p>Uma unidade, pre\u00e7o por unidade.<\/p>\n\n<h2 class=\"wp-block-heading\">Especifica\u00e7\u00f5es t\u00e9cnicas<\/h2>\n\n<ul class=\"wp-block-list\">\n<li><strong>Tamanho:<\/strong> 20x20x17mm<\/li>\n\n\n\n<li><strong>Furos:<\/strong> 6 mm (para utiliza\u00e7\u00e3o com materiais at\u00e9 M6)<\/li>\n\n\n\n<li><strong>Material:<\/strong> alum\u00ednio fundido<\/li>\n<\/ul>\n<h2>Desenhos t\u00e9cnicos<\/h2>\n<p>Podes clicar no desenho para abrir o ficheiro PDF.<\/p>\n<p><a href=\"https:\/\/bitfab.parts\/wp-content\/uploads\/2023\/11\/2020-corner-Drawing-v3.pdf\"><img loading=\"lazy\" decoding=\"async\" class=\"aligncenter size-large wp-image-390272\" src=\"https:\/\/bitfab.parts\/wp-content\/uploads\/2023\/11\/2020-corner-drawing-preview-1-1024x751.png\" alt=\"\" width=\"1024\" height=\"751\" srcset=\"https:\/\/bitfab.parts\/wp-content\/uploads\/2023\/11\/2020-corner-drawing-preview-1-1024x751.png 1024w, https:\/\/bitfab.parts\/wp-content\/uploads\/2023\/11\/2020-corner-drawing-preview-1-300x220.png 300w, https:\/\/bitfab.parts\/wp-content\/uploads\/2023\/11\/2020-corner-drawing-preview-1-768x563.png 768w, https:\/\/bitfab.parts\/wp-content\/uploads\/2023\/11\/2020-corner-drawing-preview-1-500x367.png 500w, https:\/\/bitfab.parts\/wp-content\/uploads\/2023\/11\/2020-corner-drawing-preview-1.png 1149w\" sizes=\"auto, (max-width: 1024px) 100vw, 1024px\" \/><\/a><\/p>\n<h2>Modelos 3D<\/h2>\n<ul>\n<li>Ficheiro STL: <a href=\"https:\/\/bitfab.parts\/wp-content\/uploads\/2024\/09\/2020-bracket-v1.stl\">2020 bracket v1.stl<\/a><\/li>\n<li>Ficheiro STEP: <a href=\"https:\/\/bitfab.parts\/wp-content\/uploads\/2024\/09\/2020-bracket-v1.step\">2020 bracket v1.step<\/a><\/li>\n<li>Ficheiro Fusion 360: <a href=\"https:\/\/bitfab.parts\/wp-content\/uploads\/2024\/09\/2020-bracket-v1.f3d\">2020 bracket v1.f3d<\/a><\/li>\n<\/ul>\n\t\t\t<div class='wp-block-tdvb-td-viewer  align' id='tdvb3DViewerBlock-6779e4b3-6' data-attributes='{&quot;cId&quot;:&quot;6779e4b3-6&quot;,&quot;model&quot;:{&quot;id&quot;:390269,&quot;url&quot;:&quot;https:\\\/\\\/bitfab.parts\\\/wp-content\\\/uploads\\\/2023\\\/11\\\/2020-bracket-v1.glb&quot;,&quot;alt&quot;:&quot;&quot;,&quot;title&quot;:&quot;2020 bracket v1&quot;},&quot;align&quot;:&quot;&quot;,&quot;alignment&quot;:&quot;center&quot;,&quot;sourceType&quot;:&quot;upload&quot;,&quot;modelLink&quot;:&quot;&quot;,&quot;width&quot;:&quot;100%&quot;,&quot;height&quot;:&quot;350px&quot;,&quot;isTouchMove&quot;:true,&quot;isZoom&quot;:true,&quot;loadingType&quot;:&quot;auto&quot;,&quot;gbBlockCondition&quot;:&quot;&quot;,&quot;gbBlockConditionInvert&quot;:false}'><\/div>\r\n\t\r\n\t\t\t","protected":false},"excerpt":{"rendered":"<p> Suporte de 90 graus para extrus\u00e3o de alum\u00ednio de 20 mm Para perfis de alum\u00ednio com ranhura de 6 mm (compat\u00edvel com ranhura em V de 20 mm) Material: alum\u00ednio fundido<\/p>\n","protected":false},"featured_media":391299,"template":"","meta":[],"product_brand":[],"product_cat":[157],"product_tag":[],"class_list":{"0":"post-391298","1":"product","2":"type-product","3":"status-publish","4":"has-post-thumbnail","6":"product_cat-conectores-pt-pt","7":"sales-flash-overlay","8":"woocommerce-text-align-center","9":"woocommerce-image-align-center","10":"do-quantity-buttons","12":"first","13":"instock","14":"taxable","15":"shipping-taxable","16":"purchasable","17":"product-type-simple"},"yoast_head":"<!-- This site is optimized with the Yoast SEO plugin v27.2 - https:\/\/yoast.com\/product\/yoast-seo-wordpress\/ -->\n<title>Suporta a ranhura de 20 mm 6 - Bitfab Parts<\/title>\n<meta name=\"robots\" content=\"index, follow, max-snippet:-1, max-image-preview:large, max-video-preview:-1\" \/>\n<link rel=\"canonical\" href=\"https:\/\/bitfab.parts\/pt-pt\/produto\/suporta-a-ranhura-de-20-mm-6\/\" \/>\n<meta property=\"og:locale\" content=\"pt_PT\" \/>\n<meta property=\"og:type\" content=\"article\" \/>\n<meta property=\"og:title\" content=\"Suporta a ranhura de 20 mm 6 - Bitfab Parts\" \/>\n<meta property=\"og:description\" content=\"Suporte de 90 graus para extrus\u00e3o de alum\u00ednio de 20 mm Para perfis de alum\u00ednio com ranhura de 6 mm (compat\u00edvel com ranhura em V de 20 mm) Material: alum\u00ednio fundido\" \/>\n<meta property=\"og:url\" content=\"https:\/\/bitfab.parts\/pt-pt\/produto\/suporta-a-ranhura-de-20-mm-6\/\" \/>\n<meta property=\"og:site_name\" content=\"Bitfab Parts\" \/>\n<meta property=\"article:modified_time\" content=\"2024-12-29T11:25:22+00:00\" \/>\n<meta property=\"og:image\" content=\"https:\/\/bitfab.parts\/wp-content\/uploads\/2023\/11\/Screenshot-2023-11-23-at-22.10.50.png\" \/>\n\t<meta property=\"og:image:width\" content=\"552\" \/>\n\t<meta property=\"og:image:height\" content=\"529\" \/>\n\t<meta property=\"og:image:type\" content=\"image\/png\" \/>\n<meta name=\"twitter:card\" content=\"summary_large_image\" \/>\n<script type=\"application\/ld+json\" class=\"yoast-schema-graph\">{\"@context\":\"https:\/\/schema.org\",\"@graph\":[{\"@type\":\"WebPage\",\"@id\":\"https:\/\/bitfab.parts\/pt-pt\/produto\/suporta-a-ranhura-de-20-mm-6\/\",\"url\":\"https:\/\/bitfab.parts\/pt-pt\/produto\/suporta-a-ranhura-de-20-mm-6\/\",\"name\":\"Suporta a ranhura de 20 mm 6 - Bitfab Parts\",\"isPartOf\":{\"@id\":\"https:\/\/bitfab.parts\/pt-pt\/#website\"},\"primaryImageOfPage\":{\"@id\":\"https:\/\/bitfab.parts\/pt-pt\/produto\/suporta-a-ranhura-de-20-mm-6\/#primaryimage\"},\"image\":{\"@id\":\"https:\/\/bitfab.parts\/pt-pt\/produto\/suporta-a-ranhura-de-20-mm-6\/#primaryimage\"},\"thumbnailUrl\":\"https:\/\/bitfab.parts\/wp-content\/uploads\/2023\/11\/Screenshot-2023-11-23-at-22.10.50.png\",\"datePublished\":\"2023-11-23T20:19:10+00:00\",\"dateModified\":\"2024-12-29T11:25:22+00:00\",\"breadcrumb\":{\"@id\":\"https:\/\/bitfab.parts\/pt-pt\/produto\/suporta-a-ranhura-de-20-mm-6\/#breadcrumb\"},\"inLanguage\":\"pt-PT\",\"potentialAction\":[{\"@type\":\"ReadAction\",\"target\":[\"https:\/\/bitfab.parts\/pt-pt\/produto\/suporta-a-ranhura-de-20-mm-6\/\"]}]},{\"@type\":\"ImageObject\",\"inLanguage\":\"pt-PT\",\"@id\":\"https:\/\/bitfab.parts\/pt-pt\/produto\/suporta-a-ranhura-de-20-mm-6\/#primaryimage\",\"url\":\"https:\/\/bitfab.parts\/wp-content\/uploads\/2023\/11\/Screenshot-2023-11-23-at-22.10.50.png\",\"contentUrl\":\"https:\/\/bitfab.parts\/wp-content\/uploads\/2023\/11\/Screenshot-2023-11-23-at-22.10.50.png\",\"width\":552,\"height\":529},{\"@type\":\"BreadcrumbList\",\"@id\":\"https:\/\/bitfab.parts\/pt-pt\/produto\/suporta-a-ranhura-de-20-mm-6\/#breadcrumb\",\"itemListElement\":[{\"@type\":\"ListItem\",\"position\":1,\"name\":\"Home\",\"item\":\"https:\/\/bitfab.parts\/pt-pt\/\"},{\"@type\":\"ListItem\",\"position\":2,\"name\":\"Loja\",\"item\":\"https:\/\/bitfab.parts\/pt-pt\/loja\/\"},{\"@type\":\"ListItem\",\"position\":3,\"name\":\"Suporta a ranhura de 20 mm 6\"}]},{\"@type\":\"WebSite\",\"@id\":\"https:\/\/bitfab.parts\/pt-pt\/#website\",\"url\":\"https:\/\/bitfab.parts\/pt-pt\/\",\"name\":\"Bitfab Parts\",\"description\":\"Custom cut aluminum profile\",\"publisher\":{\"@id\":\"https:\/\/bitfab.parts\/pt-pt\/#organization\"},\"potentialAction\":[{\"@type\":\"SearchAction\",\"target\":{\"@type\":\"EntryPoint\",\"urlTemplate\":\"https:\/\/bitfab.parts\/pt-pt\/?s={search_term_string}\"},\"query-input\":{\"@type\":\"PropertyValueSpecification\",\"valueRequired\":true,\"valueName\":\"search_term_string\"}}],\"inLanguage\":\"pt-PT\"},{\"@type\":\"Organization\",\"@id\":\"https:\/\/bitfab.parts\/pt-pt\/#organization\",\"name\":\"Bitfab Parts\",\"url\":\"https:\/\/bitfab.parts\/pt-pt\/\",\"logo\":{\"@type\":\"ImageObject\",\"inLanguage\":\"pt-PT\",\"@id\":\"https:\/\/bitfab.parts\/pt-pt\/#\/schema\/logo\/image\/\",\"url\":\"https:\/\/bitfab.parts\/wp-content\/uploads\/2023\/11\/cropped-rectangle_1000x500_without_background.png\",\"contentUrl\":\"https:\/\/bitfab.parts\/wp-content\/uploads\/2023\/11\/cropped-rectangle_1000x500_without_background.png\",\"width\":1000,\"height\":369,\"caption\":\"Bitfab Parts\"},\"image\":{\"@id\":\"https:\/\/bitfab.parts\/pt-pt\/#\/schema\/logo\/image\/\"}}]}<\/script>\n<!-- \/ Yoast SEO plugin. -->","yoast_head_json":{"title":"Suporta a ranhura de 20 mm 6 - Bitfab Parts","robots":{"index":"index","follow":"follow","max-snippet":"max-snippet:-1","max-image-preview":"max-image-preview:large","max-video-preview":"max-video-preview:-1"},"canonical":"https:\/\/bitfab.parts\/pt-pt\/produto\/suporta-a-ranhura-de-20-mm-6\/","og_locale":"pt_PT","og_type":"article","og_title":"Suporta a ranhura de 20 mm 6 - Bitfab Parts","og_description":"Suporte de 90 graus para extrus\u00e3o de alum\u00ednio de 20 mm Para perfis de alum\u00ednio com ranhura de 6 mm (compat\u00edvel com ranhura em V de 20 mm) Material: alum\u00ednio fundido","og_url":"https:\/\/bitfab.parts\/pt-pt\/produto\/suporta-a-ranhura-de-20-mm-6\/","og_site_name":"Bitfab Parts","article_modified_time":"2024-12-29T11:25:22+00:00","og_image":[{"width":552,"height":529,"url":"https:\/\/bitfab.parts\/wp-content\/uploads\/2023\/11\/Screenshot-2023-11-23-at-22.10.50.png","type":"image\/png"}],"twitter_card":"summary_large_image","schema":{"@context":"https:\/\/schema.org","@graph":[{"@type":"WebPage","@id":"https:\/\/bitfab.parts\/pt-pt\/produto\/suporta-a-ranhura-de-20-mm-6\/","url":"https:\/\/bitfab.parts\/pt-pt\/produto\/suporta-a-ranhura-de-20-mm-6\/","name":"Suporta a ranhura de 20 mm 6 - Bitfab Parts","isPartOf":{"@id":"https:\/\/bitfab.parts\/pt-pt\/#website"},"primaryImageOfPage":{"@id":"https:\/\/bitfab.parts\/pt-pt\/produto\/suporta-a-ranhura-de-20-mm-6\/#primaryimage"},"image":{"@id":"https:\/\/bitfab.parts\/pt-pt\/produto\/suporta-a-ranhura-de-20-mm-6\/#primaryimage"},"thumbnailUrl":"https:\/\/bitfab.parts\/wp-content\/uploads\/2023\/11\/Screenshot-2023-11-23-at-22.10.50.png","datePublished":"2023-11-23T20:19:10+00:00","dateModified":"2024-12-29T11:25:22+00:00","breadcrumb":{"@id":"https:\/\/bitfab.parts\/pt-pt\/produto\/suporta-a-ranhura-de-20-mm-6\/#breadcrumb"},"inLanguage":"pt-PT","potentialAction":[{"@type":"ReadAction","target":["https:\/\/bitfab.parts\/pt-pt\/produto\/suporta-a-ranhura-de-20-mm-6\/"]}]},{"@type":"ImageObject","inLanguage":"pt-PT","@id":"https:\/\/bitfab.parts\/pt-pt\/produto\/suporta-a-ranhura-de-20-mm-6\/#primaryimage","url":"https:\/\/bitfab.parts\/wp-content\/uploads\/2023\/11\/Screenshot-2023-11-23-at-22.10.50.png","contentUrl":"https:\/\/bitfab.parts\/wp-content\/uploads\/2023\/11\/Screenshot-2023-11-23-at-22.10.50.png","width":552,"height":529},{"@type":"BreadcrumbList","@id":"https:\/\/bitfab.parts\/pt-pt\/produto\/suporta-a-ranhura-de-20-mm-6\/#breadcrumb","itemListElement":[{"@type":"ListItem","position":1,"name":"Home","item":"https:\/\/bitfab.parts\/pt-pt\/"},{"@type":"ListItem","position":2,"name":"Loja","item":"https:\/\/bitfab.parts\/pt-pt\/loja\/"},{"@type":"ListItem","position":3,"name":"Suporta a ranhura de 20 mm 6"}]},{"@type":"WebSite","@id":"https:\/\/bitfab.parts\/pt-pt\/#website","url":"https:\/\/bitfab.parts\/pt-pt\/","name":"Bitfab Parts","description":"Custom cut aluminum profile","publisher":{"@id":"https:\/\/bitfab.parts\/pt-pt\/#organization"},"potentialAction":[{"@type":"SearchAction","target":{"@type":"EntryPoint","urlTemplate":"https:\/\/bitfab.parts\/pt-pt\/?s={search_term_string}"},"query-input":{"@type":"PropertyValueSpecification","valueRequired":true,"valueName":"search_term_string"}}],"inLanguage":"pt-PT"},{"@type":"Organization","@id":"https:\/\/bitfab.parts\/pt-pt\/#organization","name":"Bitfab Parts","url":"https:\/\/bitfab.parts\/pt-pt\/","logo":{"@type":"ImageObject","inLanguage":"pt-PT","@id":"https:\/\/bitfab.parts\/pt-pt\/#\/schema\/logo\/image\/","url":"https:\/\/bitfab.parts\/wp-content\/uploads\/2023\/11\/cropped-rectangle_1000x500_without_background.png","contentUrl":"https:\/\/bitfab.parts\/wp-content\/uploads\/2023\/11\/cropped-rectangle_1000x500_without_background.png","width":1000,"height":369,"caption":"Bitfab Parts"},"image":{"@id":"https:\/\/bitfab.parts\/pt-pt\/#\/schema\/logo\/image\/"}}]}},"_links":{"self":[{"href":"https:\/\/bitfab.parts\/pt-pt\/wp-json\/wp\/v2\/product\/391298","targetHints":{"allow":["GET"]}}],"collection":[{"href":"https:\/\/bitfab.parts\/pt-pt\/wp-json\/wp\/v2\/product"}],"about":[{"href":"https:\/\/bitfab.parts\/pt-pt\/wp-json\/wp\/v2\/types\/product"}],"wp:featuredmedia":[{"embeddable":true,"href":"https:\/\/bitfab.parts\/pt-pt\/wp-json\/wp\/v2\/media\/391299"}],"wp:attachment":[{"href":"https:\/\/bitfab.parts\/pt-pt\/wp-json\/wp\/v2\/media?parent=391298"}],"wp:term":[{"taxonomy":"product_brand","embeddable":true,"href":"https:\/\/bitfab.parts\/pt-pt\/wp-json\/wp\/v2\/product_brand?post=391298"},{"taxonomy":"product_cat","embeddable":true,"href":"https:\/\/bitfab.parts\/pt-pt\/wp-json\/wp\/v2\/product_cat?post=391298"},{"taxonomy":"product_tag","embeddable":true,"href":"https:\/\/bitfab.parts\/pt-pt\/wp-json\/wp\/v2\/product_tag?post=391298"}],"curies":[{"name":"wp","href":"https:\/\/api.w.org\/{rel}","templated":true}]}}