{"id":391309,"date":"2023-11-23T19:19:03","date_gmt":"2023-11-23T18:19:03","guid":{"rendered":"https:\/\/bitfab.parts\/product\/perfil-de-aluminio-30x30-tipo-b\/"},"modified":"2024-12-29T12:27:33","modified_gmt":"2024-12-29T11:27:33","slug":"perfil-de-aluminio-30x30-tipo-b","status":"publish","type":"product","link":"https:\/\/bitfab.parts\/pt-pt\/produto\/perfil-de-aluminio-30x30-tipo-b\/","title":{"rendered":"Perfil de alum\u00ednio 30&#215;30 tipo B"},"content":{"rendered":"\n<p>A nossa extrus\u00e3o de alum\u00ednio da s\u00e9rie 30mm \u00e9 um perfil vers\u00e1til de tamanho m\u00e9dio, perfeito para a constru\u00e7\u00e3o de quadros de m\u00e1quinas, bancadas de trabalho e estruturas.<\/p>\n\n<ul class=\"wp-block-list\">\n<li><strong>Dimens\u00f5es:<\/strong> 30&#215;30 mm<\/li>\n\n\n\n<li><strong>Tipo de perfil:<\/strong> Tipo B, tipo T-Slot<\/li>\n\n\n\n<li><strong>S\u00e9rie de perfis (tamanho):<\/strong> 30mm<\/li>\n\n\n\n<li><strong>Largura da ranhura:<\/strong> 8 mm<\/li>\n\n\n\n<li><strong>N\u00facleo:<\/strong> Preparado para rosca M8 (o perfil \u00e9 fornecido sem rosca)<\/li>\n\n\n\n<li><strong>Material:<\/strong> Alum\u00ednio (liga 6060-T5)<\/li>\n\n\n\n<li><strong>Acabamento:<\/strong> Alum\u00ednio anodizado, prateado<\/li>\n\n\n\n<li><strong>Tipo de ranhura:<\/strong> Padr\u00e3o (aberto)<\/li>\n\n\n\n<li><strong>N\u00famero de ranhuras abertas:<\/strong> 4<\/li>\n<\/ul>\n\n<h2 class=\"wp-block-heading\">Refer\u00eancia r\u00e1pida para a s\u00e9rie B-type 30mm<\/h2>\n\n<div class=\"wp-block-columns is-layout-flex wp-container-core-columns-is-layout-9d6595d7 wp-block-columns-is-layout-flex\">\n<div class=\"wp-block-column is-layout-flow wp-block-column-is-layout-flow\"><div class=\"wp-block-image\">\n<figure class=\"aligncenter size-full is-resized\"><img loading=\"lazy\" decoding=\"async\" width=\"359\" height=\"432\" src=\"https:\/\/bitfab.parts\/wp-content\/uploads\/2023\/11\/3030-series-drawing-1.png\" alt=\"\" class=\"wp-image-390758\" style=\"width:auto;height:250px\" srcset=\"https:\/\/bitfab.parts\/wp-content\/uploads\/2023\/11\/3030-series-drawing-1.png 359w, https:\/\/bitfab.parts\/wp-content\/uploads\/2023\/11\/3030-series-drawing-1-249x300.png 249w\" sizes=\"auto, (max-width: 359px) 100vw, 359px\" \/><\/figure>\n<\/div>\n\n\n<h3 class=\"wp-block-heading\">S\u00e9rie 30mm<\/h3>\n\n\n\n<p>Este perfil pertence \u00e0 s\u00e9rie 30mm, dispon\u00edvel em tamanhos como 30x30mm, 30x60mm, entre outros.<\/p>\n<\/div>\n\n\n\n<div class=\"wp-block-column is-layout-flow wp-block-column-is-layout-flow\"><div class=\"wp-block-image\">\n<figure class=\"aligncenter size-full is-resized\"><img loading=\"lazy\" decoding=\"async\" width=\"359\" height=\"432\" src=\"https:\/\/bitfab.parts\/wp-content\/uploads\/2023\/11\/3030-8-slot-drawing.png\" alt=\"\" class=\"wp-image-390754\" style=\"width:auto;height:250px\" srcset=\"https:\/\/bitfab.parts\/wp-content\/uploads\/2023\/11\/3030-8-slot-drawing.png 359w, https:\/\/bitfab.parts\/wp-content\/uploads\/2023\/11\/3030-8-slot-drawing-249x300.png 249w\" sizes=\"auto, (max-width: 359px) 100vw, 359px\" \/><\/figure>\n<\/div>\n\n\n<h3 class=\"wp-block-heading\">Ranhura de 8 mm<\/h3>\n\n\n\n<p>Este perfil tem um tamanho de ranhura de 8 mm, pelo que \u00e9 compat\u00edvel com os nossos acess\u00f3rios de ranhura de 8 mm<\/p>\n<\/div>\n\n\n\n<div class=\"wp-block-column is-layout-flow wp-block-column-is-layout-flow\"><div class=\"wp-block-image\">\n<figure class=\"aligncenter size-full is-resized\"><img loading=\"lazy\" decoding=\"async\" width=\"359\" height=\"432\" src=\"https:\/\/bitfab.parts\/wp-content\/uploads\/2023\/11\/3030-m8-tap-drawing.png\" alt=\"\" class=\"wp-image-390756\" style=\"width:auto;height:250px\" srcset=\"https:\/\/bitfab.parts\/wp-content\/uploads\/2023\/11\/3030-m8-tap-drawing.png 359w, https:\/\/bitfab.parts\/wp-content\/uploads\/2023\/11\/3030-m8-tap-drawing-249x300.png 249w\" sizes=\"auto, (max-width: 359px) 100vw, 359px\" \/><\/figure>\n<\/div>\n\n\n<h3 class=\"wp-block-heading\">Rosca M8<\/h3>\n\n\n\n<p>O n\u00facleo do perfil foi concebido para ser roscado com um macho M8.<\/p>\n\n\n\n<p>Tem em aten\u00e7\u00e3o que o perfil \u00e9 fornecido sem rosca, pelo que ter\u00e1s de o roscar tu pr\u00f3prio com uma torneira.<\/p>\n<\/div>\n<\/div>\n\n<h2 class=\"wp-block-heading\">Desenho t\u00e9cnico<\/h2>\n\n<p>Podes clicar no desenho para abrir o ficheiro PDF.<\/p>\n<div class=\"wp-block-image\">\n<figure class=\"aligncenter size-full\"><a href=\"https:\/\/bitfab.parts\/wp-content\/uploads\/2023\/11\/3030B-30x30mm-Type-B-Profile-Drawing-v1.pdf\" target=\"_blank\" rel=\"noreferrer noopener\"><img loading=\"lazy\" decoding=\"async\" width=\"1046\" height=\"749\" src=\"https:\/\/bitfab.parts\/wp-content\/uploads\/2023\/11\/3030B-technical-drawing-preview.png\" alt=\"\" class=\"wp-image-390760\" srcset=\"https:\/\/bitfab.parts\/wp-content\/uploads\/2023\/11\/3030B-technical-drawing-preview.png 1046w, https:\/\/bitfab.parts\/wp-content\/uploads\/2023\/11\/3030B-technical-drawing-preview-300x215.png 300w, https:\/\/bitfab.parts\/wp-content\/uploads\/2023\/11\/3030B-technical-drawing-preview-1024x733.png 1024w, https:\/\/bitfab.parts\/wp-content\/uploads\/2023\/11\/3030B-technical-drawing-preview-768x550.png 768w, https:\/\/bitfab.parts\/wp-content\/uploads\/2023\/11\/3030B-technical-drawing-preview-500x358.png 500w\" sizes=\"auto, (max-width: 1046px) 100vw, 1046px\" \/><\/a><\/figure>\n<\/div>\n<h2 class=\"wp-block-heading\">Especifica\u00e7\u00f5es t\u00e9cnicas<\/h2>\n\n<ul class=\"wp-block-list\">\n<li><strong>Massa:<\/strong> 0,86 kg\/m<\/li>\n\n\n\n<li><strong>M\u00f3dulo de elasticidade:<\/strong> 6,95 x<sup>1010<\/sup> Pa (69,5 GPa)<\/li>\n\n\n\n<li><strong>\u00c1rea da sec\u00e7\u00e3o:<\/strong> 3,193 x <sup>10-4m2<\/sup> (319,<sup>2mm2<\/sup>)<\/li>\n\n\n\n<li><strong>Momento de in\u00e9rcia Ix:<\/strong> 2,858 x <sup>10-8m4<\/sup><\/li>\n\n\n\n<li><strong>Momento de in\u00e9rcia Iy:<\/strong> 2,858 x <sup>10-8m4<\/sup><\/li>\n\n\n\n<li><strong>M\u00f3dulo de elasticidade da sec\u00e7\u00e3o Wx:<\/strong> 1,905 x <sup>10-6m3<\/sup><\/li>\n\n\n\n<li><strong>M\u00f3dulo de sec\u00e7\u00e3o el\u00e1stica Wy:<\/strong> 1,905 x <sup>10-6m3<\/sup><\/li>\n<\/ul>\n\n<h2 class=\"wp-block-heading\">Modelos 3D<\/h2>\n\n<div class=\"wp-block-columns is-layout-flex wp-container-core-columns-is-layout-9d6595d7 wp-block-columns-is-layout-flex\">\n<div class=\"wp-block-column is-layout-flow wp-block-column-is-layout-flow\">\t\t\t<div class='wp-block-tdvb-td-viewer  align' id='tdvb3DViewerBlock-0075c5e2-2' data-attributes='{&quot;cId&quot;:&quot;0075c5e2-2&quot;,&quot;model&quot;:{&quot;id&quot;:390774,&quot;url&quot;:&quot;https:\\\/\\\/bitfab.parts\\\/wp-content\\\/uploads\\\/2023\\\/11\\\/3030B-30x30mm-Type-B-Profile.glb&quot;,&quot;alt&quot;:&quot;&quot;,&quot;title&quot;:&quot;3030B 30x30mm Type-B Profile&quot;},&quot;align&quot;:&quot;&quot;,&quot;alignment&quot;:&quot;center&quot;,&quot;sourceType&quot;:&quot;upload&quot;,&quot;modelLink&quot;:&quot;&quot;,&quot;width&quot;:&quot;100%&quot;,&quot;height&quot;:&quot;350px&quot;,&quot;isTouchMove&quot;:true,&quot;isZoom&quot;:true,&quot;loadingType&quot;:&quot;auto&quot;,&quot;gbBlockCondition&quot;:&quot;&quot;,&quot;gbBlockConditionInvert&quot;:false}'><\/div>\r\n\t\r\n\t\t\t<\/div>\n\n\n\n<div class=\"wp-block-column is-layout-flow wp-block-column-is-layout-flow\">\n<div class=\"wp-block-file\"><a id=\"wp-block-file--media-6481dffc-df1b-4a7e-8bd1-10b03bc4ea37\" href=\"https:\/\/bitfab.parts\/wp-content\/uploads\/2023\/11\/3030B-30x30mm-Type-B-Profile-v5.stl\">3030B 30x30mm Perfil Tipo B v5.stl<\/a><a href=\"https:\/\/bitfab.parts\/wp-content\/uploads\/2023\/11\/3030B-30x30mm-Type-B-Profile-v5.stl\" class=\"wp-block-file__button wp-element-button\" download=\"\" aria-describedby=\"wp-block-file--media-6481dffc-df1b-4a7e-8bd1-10b03bc4ea37\">Descarrega<\/a><\/div>\n\n\n\n<div class=\"wp-block-file\"><a id=\"wp-block-file--media-0892711f-da8f-4bbd-b4ea-d2d43f04c716\" href=\"https:\/\/bitfab.parts\/wp-content\/uploads\/2023\/11\/3030B-30x30mm-Type-B-Profile-v5.step\">3030B 30x30mm Perfil Tipo B v5.step<\/a><a href=\"https:\/\/bitfab.parts\/wp-content\/uploads\/2023\/11\/3030B-30x30mm-Type-B-Profile-v5.step\" class=\"wp-block-file__button wp-element-button\" download=\"\" aria-describedby=\"wp-block-file--media-0892711f-da8f-4bbd-b4ea-d2d43f04c716\">Descarrega<\/a><\/div>\n\n\n\n<div class=\"wp-block-file\"><a id=\"wp-block-file--media-58996071-3cd8-4d5c-9f2c-7813e2d9d9fe\" href=\"https:\/\/bitfab.parts\/wp-content\/uploads\/2023\/11\/3030B-30x30mm-Type-B-Profile-v5.f3z\">3030B 30x30mm Perfil Tipo B v5.f3z<\/a><a href=\"https:\/\/bitfab.parts\/wp-content\/uploads\/2023\/11\/3030B-30x30mm-Type-B-Profile-v5.f3z\" class=\"wp-block-file__button wp-element-button\" download=\"\" aria-describedby=\"wp-block-file--media-58996071-3cd8-4d5c-9f2c-7813e2d9d9fe\">Descarrega<\/a><\/div>\n<\/div>\n<\/div>\n","protected":false},"excerpt":{"rendered":"<p>Perfil de alum\u00ednio tipo B 30x30mm<br \/>\nRanhura de 8mm<br \/>\nN\u00facleo da rosca M8<br \/>\nAcabamento em alum\u00ednio anodizado<\/p>\n","protected":false},"featured_media":391310,"template":"","meta":[],"product_brand":[],"product_cat":[134],"product_tag":[],"class_list":{"0":"post-391309","1":"product","2":"type-product","3":"status-publish","4":"has-post-thumbnail","6":"product_cat-perfil-de-aluminio-pt-pt","7":"sales-flash-overlay","8":"woocommerce-text-align-center","9":"woocommerce-image-align-center","10":"do-quantity-buttons","12":"first","13":"instock","14":"taxable","15":"shipping-taxable","16":"purchasable","17":"product-type-simple"},"yoast_head":"<!-- This site is optimized with the Yoast SEO plugin v27.2 - https:\/\/yoast.com\/product\/yoast-seo-wordpress\/ -->\n<title>Perfil de alum\u00ednio 30x30 tipo B - Bitfab Parts<\/title>\n<meta name=\"robots\" content=\"index, follow, max-snippet:-1, max-image-preview:large, max-video-preview:-1\" \/>\n<link rel=\"canonical\" href=\"https:\/\/bitfab.parts\/pt-pt\/produto\/perfil-de-aluminio-30x30-tipo-b\/\" \/>\n<meta property=\"og:locale\" content=\"pt_PT\" \/>\n<meta property=\"og:type\" content=\"article\" \/>\n<meta property=\"og:title\" content=\"Perfil de alum\u00ednio 30x30 tipo B - Bitfab Parts\" \/>\n<meta property=\"og:description\" content=\"Perfil de alum\u00ednio tipo B 30x30mm Ranhura de 8mm N\u00facleo da rosca M8 Acabamento em alum\u00ednio anodizado\" \/>\n<meta property=\"og:url\" content=\"https:\/\/bitfab.parts\/pt-pt\/produto\/perfil-de-aluminio-30x30-tipo-b\/\" \/>\n<meta property=\"og:site_name\" content=\"Bitfab Parts\" \/>\n<meta property=\"article:modified_time\" content=\"2024-12-29T11:27:33+00:00\" \/>\n<meta property=\"og:image\" content=\"https:\/\/bitfab.parts\/wp-content\/uploads\/2023\/11\/3030-B-profile.png\" \/>\n\t<meta property=\"og:image:width\" content=\"628\" \/>\n\t<meta property=\"og:image:height\" content=\"495\" \/>\n\t<meta property=\"og:image:type\" content=\"image\/png\" \/>\n<meta name=\"twitter:card\" content=\"summary_large_image\" \/>\n<meta name=\"twitter:label1\" content=\"Tempo estimado de leitura\" \/>\n\t<meta name=\"twitter:data1\" content=\"1 minuto\" \/>\n<script type=\"application\/ld+json\" class=\"yoast-schema-graph\">{\"@context\":\"https:\/\/schema.org\",\"@graph\":[{\"@type\":\"WebPage\",\"@id\":\"https:\/\/bitfab.parts\/pt-pt\/produto\/perfil-de-aluminio-30x30-tipo-b\/\",\"url\":\"https:\/\/bitfab.parts\/pt-pt\/produto\/perfil-de-aluminio-30x30-tipo-b\/\",\"name\":\"Perfil de alum\u00ednio 30x30 tipo B - Bitfab Parts\",\"isPartOf\":{\"@id\":\"https:\/\/bitfab.parts\/pt-pt\/#website\"},\"primaryImageOfPage\":{\"@id\":\"https:\/\/bitfab.parts\/pt-pt\/produto\/perfil-de-aluminio-30x30-tipo-b\/#primaryimage\"},\"image\":{\"@id\":\"https:\/\/bitfab.parts\/pt-pt\/produto\/perfil-de-aluminio-30x30-tipo-b\/#primaryimage\"},\"thumbnailUrl\":\"https:\/\/bitfab.parts\/wp-content\/uploads\/2023\/11\/3030-B-profile.png\",\"datePublished\":\"2023-11-23T18:19:03+00:00\",\"dateModified\":\"2024-12-29T11:27:33+00:00\",\"breadcrumb\":{\"@id\":\"https:\/\/bitfab.parts\/pt-pt\/produto\/perfil-de-aluminio-30x30-tipo-b\/#breadcrumb\"},\"inLanguage\":\"pt-PT\",\"potentialAction\":[{\"@type\":\"ReadAction\",\"target\":[\"https:\/\/bitfab.parts\/pt-pt\/produto\/perfil-de-aluminio-30x30-tipo-b\/\"]}]},{\"@type\":\"ImageObject\",\"inLanguage\":\"pt-PT\",\"@id\":\"https:\/\/bitfab.parts\/pt-pt\/produto\/perfil-de-aluminio-30x30-tipo-b\/#primaryimage\",\"url\":\"https:\/\/bitfab.parts\/wp-content\/uploads\/2023\/11\/3030-B-profile.png\",\"contentUrl\":\"https:\/\/bitfab.parts\/wp-content\/uploads\/2023\/11\/3030-B-profile.png\",\"width\":628,\"height\":495},{\"@type\":\"BreadcrumbList\",\"@id\":\"https:\/\/bitfab.parts\/pt-pt\/produto\/perfil-de-aluminio-30x30-tipo-b\/#breadcrumb\",\"itemListElement\":[{\"@type\":\"ListItem\",\"position\":1,\"name\":\"Home\",\"item\":\"https:\/\/bitfab.parts\/pt-pt\/\"},{\"@type\":\"ListItem\",\"position\":2,\"name\":\"Loja\",\"item\":\"https:\/\/bitfab.parts\/pt-pt\/loja\/\"},{\"@type\":\"ListItem\",\"position\":3,\"name\":\"Perfil de alum\u00ednio 30&#215;30 tipo B\"}]},{\"@type\":\"WebSite\",\"@id\":\"https:\/\/bitfab.parts\/pt-pt\/#website\",\"url\":\"https:\/\/bitfab.parts\/pt-pt\/\",\"name\":\"Bitfab Parts\",\"description\":\"Custom cut aluminum profile\",\"publisher\":{\"@id\":\"https:\/\/bitfab.parts\/pt-pt\/#organization\"},\"potentialAction\":[{\"@type\":\"SearchAction\",\"target\":{\"@type\":\"EntryPoint\",\"urlTemplate\":\"https:\/\/bitfab.parts\/pt-pt\/?s={search_term_string}\"},\"query-input\":{\"@type\":\"PropertyValueSpecification\",\"valueRequired\":true,\"valueName\":\"search_term_string\"}}],\"inLanguage\":\"pt-PT\"},{\"@type\":\"Organization\",\"@id\":\"https:\/\/bitfab.parts\/pt-pt\/#organization\",\"name\":\"Bitfab Parts\",\"url\":\"https:\/\/bitfab.parts\/pt-pt\/\",\"logo\":{\"@type\":\"ImageObject\",\"inLanguage\":\"pt-PT\",\"@id\":\"https:\/\/bitfab.parts\/pt-pt\/#\/schema\/logo\/image\/\",\"url\":\"https:\/\/bitfab.parts\/wp-content\/uploads\/2023\/11\/cropped-rectangle_1000x500_without_background.png\",\"contentUrl\":\"https:\/\/bitfab.parts\/wp-content\/uploads\/2023\/11\/cropped-rectangle_1000x500_without_background.png\",\"width\":1000,\"height\":369,\"caption\":\"Bitfab Parts\"},\"image\":{\"@id\":\"https:\/\/bitfab.parts\/pt-pt\/#\/schema\/logo\/image\/\"}}]}<\/script>\n<!-- \/ Yoast SEO plugin. -->","yoast_head_json":{"title":"Perfil de alum\u00ednio 30x30 tipo B - Bitfab Parts","robots":{"index":"index","follow":"follow","max-snippet":"max-snippet:-1","max-image-preview":"max-image-preview:large","max-video-preview":"max-video-preview:-1"},"canonical":"https:\/\/bitfab.parts\/pt-pt\/produto\/perfil-de-aluminio-30x30-tipo-b\/","og_locale":"pt_PT","og_type":"article","og_title":"Perfil de alum\u00ednio 30x30 tipo B - Bitfab Parts","og_description":"Perfil de alum\u00ednio tipo B 30x30mm Ranhura de 8mm N\u00facleo da rosca M8 Acabamento em alum\u00ednio anodizado","og_url":"https:\/\/bitfab.parts\/pt-pt\/produto\/perfil-de-aluminio-30x30-tipo-b\/","og_site_name":"Bitfab Parts","article_modified_time":"2024-12-29T11:27:33+00:00","og_image":[{"width":628,"height":495,"url":"https:\/\/bitfab.parts\/wp-content\/uploads\/2023\/11\/3030-B-profile.png","type":"image\/png"}],"twitter_card":"summary_large_image","twitter_misc":{"Tempo estimado de leitura":"1 minuto"},"schema":{"@context":"https:\/\/schema.org","@graph":[{"@type":"WebPage","@id":"https:\/\/bitfab.parts\/pt-pt\/produto\/perfil-de-aluminio-30x30-tipo-b\/","url":"https:\/\/bitfab.parts\/pt-pt\/produto\/perfil-de-aluminio-30x30-tipo-b\/","name":"Perfil de alum\u00ednio 30x30 tipo B - Bitfab Parts","isPartOf":{"@id":"https:\/\/bitfab.parts\/pt-pt\/#website"},"primaryImageOfPage":{"@id":"https:\/\/bitfab.parts\/pt-pt\/produto\/perfil-de-aluminio-30x30-tipo-b\/#primaryimage"},"image":{"@id":"https:\/\/bitfab.parts\/pt-pt\/produto\/perfil-de-aluminio-30x30-tipo-b\/#primaryimage"},"thumbnailUrl":"https:\/\/bitfab.parts\/wp-content\/uploads\/2023\/11\/3030-B-profile.png","datePublished":"2023-11-23T18:19:03+00:00","dateModified":"2024-12-29T11:27:33+00:00","breadcrumb":{"@id":"https:\/\/bitfab.parts\/pt-pt\/produto\/perfil-de-aluminio-30x30-tipo-b\/#breadcrumb"},"inLanguage":"pt-PT","potentialAction":[{"@type":"ReadAction","target":["https:\/\/bitfab.parts\/pt-pt\/produto\/perfil-de-aluminio-30x30-tipo-b\/"]}]},{"@type":"ImageObject","inLanguage":"pt-PT","@id":"https:\/\/bitfab.parts\/pt-pt\/produto\/perfil-de-aluminio-30x30-tipo-b\/#primaryimage","url":"https:\/\/bitfab.parts\/wp-content\/uploads\/2023\/11\/3030-B-profile.png","contentUrl":"https:\/\/bitfab.parts\/wp-content\/uploads\/2023\/11\/3030-B-profile.png","width":628,"height":495},{"@type":"BreadcrumbList","@id":"https:\/\/bitfab.parts\/pt-pt\/produto\/perfil-de-aluminio-30x30-tipo-b\/#breadcrumb","itemListElement":[{"@type":"ListItem","position":1,"name":"Home","item":"https:\/\/bitfab.parts\/pt-pt\/"},{"@type":"ListItem","position":2,"name":"Loja","item":"https:\/\/bitfab.parts\/pt-pt\/loja\/"},{"@type":"ListItem","position":3,"name":"Perfil de alum\u00ednio 30&#215;30 tipo B"}]},{"@type":"WebSite","@id":"https:\/\/bitfab.parts\/pt-pt\/#website","url":"https:\/\/bitfab.parts\/pt-pt\/","name":"Bitfab Parts","description":"Custom cut aluminum profile","publisher":{"@id":"https:\/\/bitfab.parts\/pt-pt\/#organization"},"potentialAction":[{"@type":"SearchAction","target":{"@type":"EntryPoint","urlTemplate":"https:\/\/bitfab.parts\/pt-pt\/?s={search_term_string}"},"query-input":{"@type":"PropertyValueSpecification","valueRequired":true,"valueName":"search_term_string"}}],"inLanguage":"pt-PT"},{"@type":"Organization","@id":"https:\/\/bitfab.parts\/pt-pt\/#organization","name":"Bitfab Parts","url":"https:\/\/bitfab.parts\/pt-pt\/","logo":{"@type":"ImageObject","inLanguage":"pt-PT","@id":"https:\/\/bitfab.parts\/pt-pt\/#\/schema\/logo\/image\/","url":"https:\/\/bitfab.parts\/wp-content\/uploads\/2023\/11\/cropped-rectangle_1000x500_without_background.png","contentUrl":"https:\/\/bitfab.parts\/wp-content\/uploads\/2023\/11\/cropped-rectangle_1000x500_without_background.png","width":1000,"height":369,"caption":"Bitfab Parts"},"image":{"@id":"https:\/\/bitfab.parts\/pt-pt\/#\/schema\/logo\/image\/"}}]}},"_links":{"self":[{"href":"https:\/\/bitfab.parts\/pt-pt\/wp-json\/wp\/v2\/product\/391309","targetHints":{"allow":["GET"]}}],"collection":[{"href":"https:\/\/bitfab.parts\/pt-pt\/wp-json\/wp\/v2\/product"}],"about":[{"href":"https:\/\/bitfab.parts\/pt-pt\/wp-json\/wp\/v2\/types\/product"}],"wp:featuredmedia":[{"embeddable":true,"href":"https:\/\/bitfab.parts\/pt-pt\/wp-json\/wp\/v2\/media\/391310"}],"wp:attachment":[{"href":"https:\/\/bitfab.parts\/pt-pt\/wp-json\/wp\/v2\/media?parent=391309"}],"wp:term":[{"taxonomy":"product_brand","embeddable":true,"href":"https:\/\/bitfab.parts\/pt-pt\/wp-json\/wp\/v2\/product_brand?post=391309"},{"taxonomy":"product_cat","embeddable":true,"href":"https:\/\/bitfab.parts\/pt-pt\/wp-json\/wp\/v2\/product_cat?post=391309"},{"taxonomy":"product_tag","embeddable":true,"href":"https:\/\/bitfab.parts\/pt-pt\/wp-json\/wp\/v2\/product_tag?post=391309"}],"curies":[{"name":"wp","href":"https:\/\/api.w.org\/{rel}","templated":true}]}}