{"id":391520,"date":"2025-05-27T19:42:48","date_gmt":"2025-05-27T18:42:48","guid":{"rendered":"https:\/\/bitfab.parts\/product\/tampa-de-extremidade-para-extrusao-v-slot-de-20x20mm\/"},"modified":"2025-05-27T20:29:29","modified_gmt":"2025-05-27T19:29:29","slug":"tampa-de-extremidade-para-extrusao-v-slot-de-20x20mm","status":"publish","type":"product","link":"https:\/\/bitfab.parts\/pt-pt\/produto\/tampa-de-extremidade-para-extrusao-v-slot-de-20x20mm\/","title":{"rendered":"Tampa de extremidade para extrus\u00e3o V-Slot de 20x20mm"},"content":{"rendered":"\n<p>As tampas protegem os teus perfis cobrindo as arestas vivas, dando \u00e0 tua estrutura um aspeto limpo e profissional. Podem ser facilmente colocadas no lugar sem ferramentas. <\/p>\n\n<p>Recomendado para utiliza\u00e7\u00e3o com a nossa s\u00e9rie de perfis V-Slot de 20 mm.<\/p>\n<div class=\"gb-container gb-container-a05cc930\">\n\n<p>Fabricado por encomenda atrav\u00e9s de impress\u00e3o 3D em pl\u00e1stico ABS preto, com um acabamento de alta qualidade e uma base texturada. As cores personalizadas est\u00e3o dispon\u00edveis mediante pedido, contacta-nos para mais informa\u00e7\u00f5es. <\/p>\n\n<\/div>\n<p>Uma unidade, pre\u00e7o por unidade.<\/p>\n\n<h2 class=\"wp-block-heading\">Especifica\u00e7\u00f5es t\u00e9cnicas<\/h2>\n\n<ul class=\"wp-block-list\">\n<li><strong>Compat\u00edvel com o tipo de perfil:<\/strong> V-Slot<\/li>\n\n\n\n<li><strong>S\u00e9rie de perfis (tamanho):<\/strong> 20mm<\/li>\n\n\n\n<li><strong>Compat\u00edvel com a largura da ranhura:<\/strong> 6 mm<\/li>\n\n\n\n<li><strong>Dimens\u00f5es:<\/strong> 20x20x9mm<\/li>\n\n\n\n<li><strong>Material:<\/strong> Pl\u00e1stico ABS<\/li>\n\n\n\n<li><strong>Cor:<\/strong> preto (contacta-nos se precisares de cores personalizadas)<\/li>\n\n\n\n<li><strong>Acabamento:<\/strong> Base texturizada impressa em 3D<\/li>\n\n\n\n<li><strong>Massa:<\/strong> 2 gramas<\/li>\n<\/ul>\n","protected":false},"excerpt":{"rendered":"<p>Tampa de extremidade para perfis V-Slot de 20x20mm<br \/>\nInstala\u00e7\u00e3o f\u00e1cil e sem ferramentas<br \/>\nPl\u00e1stico ABS preto com uma base texturada, cores personalizadas dispon\u00edveis mediante pedido.<\/p>\n","protected":false},"featured_media":391499,"template":"","meta":[],"product_brand":[],"product_cat":[162],"product_tag":[],"class_list":{"0":"post-391520","1":"product","2":"type-product","3":"status-publish","4":"has-post-thumbnail","6":"product_cat-tampas-das-extremidades","7":"sales-flash-overlay","8":"woocommerce-text-align-center","9":"woocommerce-image-align-center","10":"do-quantity-buttons","12":"first","13":"instock","14":"taxable","15":"shipping-taxable","16":"purchasable","17":"product-type-simple"},"yoast_head":"<!-- This site is optimized with the Yoast SEO plugin v27.2 - https:\/\/yoast.com\/product\/yoast-seo-wordpress\/ -->\n<title>Tampa de extremidade para extrus\u00e3o V-Slot de 20x20mm - Bitfab Parts<\/title>\n<meta name=\"robots\" content=\"index, follow, max-snippet:-1, max-image-preview:large, max-video-preview:-1\" \/>\n<link rel=\"canonical\" href=\"https:\/\/bitfab.parts\/pt-pt\/produto\/tampa-de-extremidade-para-extrusao-v-slot-de-20x20mm\/\" \/>\n<meta property=\"og:locale\" content=\"pt_PT\" \/>\n<meta property=\"og:type\" content=\"article\" \/>\n<meta property=\"og:title\" content=\"Tampa de extremidade para extrus\u00e3o V-Slot de 20x20mm - Bitfab Parts\" \/>\n<meta property=\"og:description\" content=\"Tampa de extremidade para perfis V-Slot de 20x20mm Instala\u00e7\u00e3o f\u00e1cil e sem ferramentas Pl\u00e1stico ABS preto com uma base texturada, cores personalizadas dispon\u00edveis mediante pedido.\" \/>\n<meta property=\"og:url\" content=\"https:\/\/bitfab.parts\/pt-pt\/produto\/tampa-de-extremidade-para-extrusao-v-slot-de-20x20mm\/\" \/>\n<meta property=\"og:site_name\" content=\"Bitfab Parts\" \/>\n<meta property=\"article:modified_time\" content=\"2025-05-27T19:29:29+00:00\" \/>\n<meta property=\"og:image\" content=\"https:\/\/bitfab.parts\/wp-content\/uploads\/2025\/05\/2020-ecf.png\" \/>\n\t<meta property=\"og:image:width\" content=\"1080\" \/>\n\t<meta property=\"og:image:height\" content=\"720\" \/>\n\t<meta property=\"og:image:type\" content=\"image\/png\" \/>\n<meta name=\"twitter:card\" content=\"summary_large_image\" \/>\n<meta name=\"twitter:label1\" content=\"Tempo estimado de leitura\" \/>\n\t<meta name=\"twitter:data1\" content=\"1 minuto\" \/>\n<script type=\"application\/ld+json\" class=\"yoast-schema-graph\">{\"@context\":\"https:\/\/schema.org\",\"@graph\":[{\"@type\":\"WebPage\",\"@id\":\"https:\/\/bitfab.parts\/pt-pt\/produto\/tampa-de-extremidade-para-extrusao-v-slot-de-20x20mm\/\",\"url\":\"https:\/\/bitfab.parts\/pt-pt\/produto\/tampa-de-extremidade-para-extrusao-v-slot-de-20x20mm\/\",\"name\":\"Tampa de extremidade para extrus\u00e3o V-Slot de 20x20mm - Bitfab Parts\",\"isPartOf\":{\"@id\":\"https:\/\/bitfab.parts\/pt-pt\/#website\"},\"primaryImageOfPage\":{\"@id\":\"https:\/\/bitfab.parts\/pt-pt\/produto\/tampa-de-extremidade-para-extrusao-v-slot-de-20x20mm\/#primaryimage\"},\"image\":{\"@id\":\"https:\/\/bitfab.parts\/pt-pt\/produto\/tampa-de-extremidade-para-extrusao-v-slot-de-20x20mm\/#primaryimage\"},\"thumbnailUrl\":\"https:\/\/bitfab.parts\/wp-content\/uploads\/2025\/05\/2020-ecf.png\",\"datePublished\":\"2025-05-27T18:42:48+00:00\",\"dateModified\":\"2025-05-27T19:29:29+00:00\",\"breadcrumb\":{\"@id\":\"https:\/\/bitfab.parts\/pt-pt\/produto\/tampa-de-extremidade-para-extrusao-v-slot-de-20x20mm\/#breadcrumb\"},\"inLanguage\":\"pt-PT\",\"potentialAction\":[{\"@type\":\"ReadAction\",\"target\":[\"https:\/\/bitfab.parts\/pt-pt\/produto\/tampa-de-extremidade-para-extrusao-v-slot-de-20x20mm\/\"]}]},{\"@type\":\"ImageObject\",\"inLanguage\":\"pt-PT\",\"@id\":\"https:\/\/bitfab.parts\/pt-pt\/produto\/tampa-de-extremidade-para-extrusao-v-slot-de-20x20mm\/#primaryimage\",\"url\":\"https:\/\/bitfab.parts\/wp-content\/uploads\/2025\/05\/2020-ecf.png\",\"contentUrl\":\"https:\/\/bitfab.parts\/wp-content\/uploads\/2025\/05\/2020-ecf.png\",\"width\":1080,\"height\":720},{\"@type\":\"BreadcrumbList\",\"@id\":\"https:\/\/bitfab.parts\/pt-pt\/produto\/tampa-de-extremidade-para-extrusao-v-slot-de-20x20mm\/#breadcrumb\",\"itemListElement\":[{\"@type\":\"ListItem\",\"position\":1,\"name\":\"Home\",\"item\":\"https:\/\/bitfab.parts\/pt-pt\/\"},{\"@type\":\"ListItem\",\"position\":2,\"name\":\"Loja\",\"item\":\"https:\/\/bitfab.parts\/pt-pt\/loja\/\"},{\"@type\":\"ListItem\",\"position\":3,\"name\":\"Tampa de extremidade para extrus\u00e3o V-Slot de 20x20mm\"}]},{\"@type\":\"WebSite\",\"@id\":\"https:\/\/bitfab.parts\/pt-pt\/#website\",\"url\":\"https:\/\/bitfab.parts\/pt-pt\/\",\"name\":\"Bitfab Parts\",\"description\":\"Custom cut aluminum profile\",\"publisher\":{\"@id\":\"https:\/\/bitfab.parts\/pt-pt\/#organization\"},\"potentialAction\":[{\"@type\":\"SearchAction\",\"target\":{\"@type\":\"EntryPoint\",\"urlTemplate\":\"https:\/\/bitfab.parts\/pt-pt\/?s={search_term_string}\"},\"query-input\":{\"@type\":\"PropertyValueSpecification\",\"valueRequired\":true,\"valueName\":\"search_term_string\"}}],\"inLanguage\":\"pt-PT\"},{\"@type\":\"Organization\",\"@id\":\"https:\/\/bitfab.parts\/pt-pt\/#organization\",\"name\":\"Bitfab Parts\",\"url\":\"https:\/\/bitfab.parts\/pt-pt\/\",\"logo\":{\"@type\":\"ImageObject\",\"inLanguage\":\"pt-PT\",\"@id\":\"https:\/\/bitfab.parts\/pt-pt\/#\/schema\/logo\/image\/\",\"url\":\"https:\/\/bitfab.parts\/wp-content\/uploads\/2023\/11\/cropped-rectangle_1000x500_without_background.png\",\"contentUrl\":\"https:\/\/bitfab.parts\/wp-content\/uploads\/2023\/11\/cropped-rectangle_1000x500_without_background.png\",\"width\":1000,\"height\":369,\"caption\":\"Bitfab Parts\"},\"image\":{\"@id\":\"https:\/\/bitfab.parts\/pt-pt\/#\/schema\/logo\/image\/\"}}]}<\/script>\n<!-- \/ Yoast SEO plugin. -->","yoast_head_json":{"title":"Tampa de extremidade para extrus\u00e3o V-Slot de 20x20mm - Bitfab Parts","robots":{"index":"index","follow":"follow","max-snippet":"max-snippet:-1","max-image-preview":"max-image-preview:large","max-video-preview":"max-video-preview:-1"},"canonical":"https:\/\/bitfab.parts\/pt-pt\/produto\/tampa-de-extremidade-para-extrusao-v-slot-de-20x20mm\/","og_locale":"pt_PT","og_type":"article","og_title":"Tampa de extremidade para extrus\u00e3o V-Slot de 20x20mm - Bitfab Parts","og_description":"Tampa de extremidade para perfis V-Slot de 20x20mm Instala\u00e7\u00e3o f\u00e1cil e sem ferramentas Pl\u00e1stico ABS preto com uma base texturada, cores personalizadas dispon\u00edveis mediante pedido.","og_url":"https:\/\/bitfab.parts\/pt-pt\/produto\/tampa-de-extremidade-para-extrusao-v-slot-de-20x20mm\/","og_site_name":"Bitfab Parts","article_modified_time":"2025-05-27T19:29:29+00:00","og_image":[{"width":1080,"height":720,"url":"https:\/\/bitfab.parts\/wp-content\/uploads\/2025\/05\/2020-ecf.png","type":"image\/png"}],"twitter_card":"summary_large_image","twitter_misc":{"Tempo estimado de leitura":"1 minuto"},"schema":{"@context":"https:\/\/schema.org","@graph":[{"@type":"WebPage","@id":"https:\/\/bitfab.parts\/pt-pt\/produto\/tampa-de-extremidade-para-extrusao-v-slot-de-20x20mm\/","url":"https:\/\/bitfab.parts\/pt-pt\/produto\/tampa-de-extremidade-para-extrusao-v-slot-de-20x20mm\/","name":"Tampa de extremidade para extrus\u00e3o V-Slot de 20x20mm - Bitfab Parts","isPartOf":{"@id":"https:\/\/bitfab.parts\/pt-pt\/#website"},"primaryImageOfPage":{"@id":"https:\/\/bitfab.parts\/pt-pt\/produto\/tampa-de-extremidade-para-extrusao-v-slot-de-20x20mm\/#primaryimage"},"image":{"@id":"https:\/\/bitfab.parts\/pt-pt\/produto\/tampa-de-extremidade-para-extrusao-v-slot-de-20x20mm\/#primaryimage"},"thumbnailUrl":"https:\/\/bitfab.parts\/wp-content\/uploads\/2025\/05\/2020-ecf.png","datePublished":"2025-05-27T18:42:48+00:00","dateModified":"2025-05-27T19:29:29+00:00","breadcrumb":{"@id":"https:\/\/bitfab.parts\/pt-pt\/produto\/tampa-de-extremidade-para-extrusao-v-slot-de-20x20mm\/#breadcrumb"},"inLanguage":"pt-PT","potentialAction":[{"@type":"ReadAction","target":["https:\/\/bitfab.parts\/pt-pt\/produto\/tampa-de-extremidade-para-extrusao-v-slot-de-20x20mm\/"]}]},{"@type":"ImageObject","inLanguage":"pt-PT","@id":"https:\/\/bitfab.parts\/pt-pt\/produto\/tampa-de-extremidade-para-extrusao-v-slot-de-20x20mm\/#primaryimage","url":"https:\/\/bitfab.parts\/wp-content\/uploads\/2025\/05\/2020-ecf.png","contentUrl":"https:\/\/bitfab.parts\/wp-content\/uploads\/2025\/05\/2020-ecf.png","width":1080,"height":720},{"@type":"BreadcrumbList","@id":"https:\/\/bitfab.parts\/pt-pt\/produto\/tampa-de-extremidade-para-extrusao-v-slot-de-20x20mm\/#breadcrumb","itemListElement":[{"@type":"ListItem","position":1,"name":"Home","item":"https:\/\/bitfab.parts\/pt-pt\/"},{"@type":"ListItem","position":2,"name":"Loja","item":"https:\/\/bitfab.parts\/pt-pt\/loja\/"},{"@type":"ListItem","position":3,"name":"Tampa de extremidade para extrus\u00e3o V-Slot de 20x20mm"}]},{"@type":"WebSite","@id":"https:\/\/bitfab.parts\/pt-pt\/#website","url":"https:\/\/bitfab.parts\/pt-pt\/","name":"Bitfab Parts","description":"Custom cut aluminum profile","publisher":{"@id":"https:\/\/bitfab.parts\/pt-pt\/#organization"},"potentialAction":[{"@type":"SearchAction","target":{"@type":"EntryPoint","urlTemplate":"https:\/\/bitfab.parts\/pt-pt\/?s={search_term_string}"},"query-input":{"@type":"PropertyValueSpecification","valueRequired":true,"valueName":"search_term_string"}}],"inLanguage":"pt-PT"},{"@type":"Organization","@id":"https:\/\/bitfab.parts\/pt-pt\/#organization","name":"Bitfab Parts","url":"https:\/\/bitfab.parts\/pt-pt\/","logo":{"@type":"ImageObject","inLanguage":"pt-PT","@id":"https:\/\/bitfab.parts\/pt-pt\/#\/schema\/logo\/image\/","url":"https:\/\/bitfab.parts\/wp-content\/uploads\/2023\/11\/cropped-rectangle_1000x500_without_background.png","contentUrl":"https:\/\/bitfab.parts\/wp-content\/uploads\/2023\/11\/cropped-rectangle_1000x500_without_background.png","width":1000,"height":369,"caption":"Bitfab Parts"},"image":{"@id":"https:\/\/bitfab.parts\/pt-pt\/#\/schema\/logo\/image\/"}}]}},"_links":{"self":[{"href":"https:\/\/bitfab.parts\/pt-pt\/wp-json\/wp\/v2\/product\/391520","targetHints":{"allow":["GET"]}}],"collection":[{"href":"https:\/\/bitfab.parts\/pt-pt\/wp-json\/wp\/v2\/product"}],"about":[{"href":"https:\/\/bitfab.parts\/pt-pt\/wp-json\/wp\/v2\/types\/product"}],"wp:featuredmedia":[{"embeddable":true,"href":"https:\/\/bitfab.parts\/pt-pt\/wp-json\/wp\/v2\/media\/391499"}],"wp:attachment":[{"href":"https:\/\/bitfab.parts\/pt-pt\/wp-json\/wp\/v2\/media?parent=391520"}],"wp:term":[{"taxonomy":"product_brand","embeddable":true,"href":"https:\/\/bitfab.parts\/pt-pt\/wp-json\/wp\/v2\/product_brand?post=391520"},{"taxonomy":"product_cat","embeddable":true,"href":"https:\/\/bitfab.parts\/pt-pt\/wp-json\/wp\/v2\/product_cat?post=391520"},{"taxonomy":"product_tag","embeddable":true,"href":"https:\/\/bitfab.parts\/pt-pt\/wp-json\/wp\/v2\/product_tag?post=391520"}],"curies":[{"name":"wp","href":"https:\/\/api.w.org\/{rel}","templated":true}]}}