{"id":391532,"date":"2025-06-15T20:02:59","date_gmt":"2025-06-15T19:02:59","guid":{"rendered":"https:\/\/bitfab.parts\/?post_type=product&#038;p=391532"},"modified":"2025-11-22T22:05:17","modified_gmt":"2025-11-22T21:05:17","slug":"end-cap-for-20x40mm-v-slot-extrusion","status":"publish","type":"product","link":"https:\/\/bitfab.parts\/pt-pt\/produto\/end-cap-for-20x40mm-v-slot-extrusion\/","title":{"rendered":"Tampa de extremidade para extrus\u00e3o V-Slot de 20x40mm"},"content":{"rendered":"\n<p>As tampas protegem os teus perfis cobrindo as arestas vivas, dando \u00e0 tua estrutura um aspeto limpo e profissional. Podem ser facilmente pressionadas no lugar sem as tuas m\u00e3os ou com um martelo de borracha. <\/p>\n\n<p>Recomendado para utiliza\u00e7\u00e3o com a nossa s\u00e9rie de perfis V-Slot de 20 mm.<\/p>\n<div class=\"gb-container gb-container-a05cc930\">\n\n<p>Fabricado por encomenda atrav\u00e9s de impress\u00e3o 3D em pl\u00e1stico ABS preto, com um acabamento de alta qualidade e uma base texturada. As cores personalizadas est\u00e3o dispon\u00edveis mediante pedido, contacta-nos para mais informa\u00e7\u00f5es. <\/p>\n\n<\/div>\n<p>Uma unidade, pre\u00e7o por unidade.<\/p>\n\n<h2 class=\"wp-block-heading\">Especifica\u00e7\u00f5es t\u00e9cnicas<\/h2>\n\n<ul class=\"wp-block-list\">\n<li><strong>Perfil compat\u00edvel:<\/strong> Perfil V-Slot de 20x40mm<\/li>\n\n\n\n<li><strong>Compat\u00edvel com o tipo de perfil:<\/strong> V-Slot<\/li>\n\n\n\n<li><strong>S\u00e9rie de perfis (tamanho):<\/strong> 20mm<\/li>\n\n\n\n<li><strong>Compat\u00edvel com a largura da ranhura:<\/strong> 6 mm<\/li>\n\n\n\n<li><strong>Dimens\u00f5es:<\/strong> 20x40x9mm<\/li>\n\n\n\n<li><strong>Material:<\/strong> Pl\u00e1stico ABS<\/li>\n\n\n\n<li><strong>Cor:<\/strong> preto (contacta-nos se precisares de cores personalizadas)<\/li>\n\n\n\n<li><strong>Acabamento:<\/strong> Base texturizada impressa em 3D<\/li>\n\n\n\n<li><strong>Massa:<\/strong> 4 gramas<\/li>\n<\/ul>\n\n<h2 class=\"wp-block-heading\"><\/h2>\n\n<h2 class=\"wp-block-heading\">Modelos 3D<\/h2>\n\n<div class=\"wp-block-columns is-layout-flex wp-container-core-columns-is-layout-9d6595d7 wp-block-columns-is-layout-flex\">\n<div class=\"wp-block-column is-layout-flow wp-block-column-is-layout-flow\">\t\t\t<div class='wp-block-tdvb-td-viewer  align' id='tdvb3DViewerBlock-23bc6ba4-0' data-attributes='{&quot;cId&quot;:&quot;23bc6ba4-0&quot;,&quot;model&quot;:{&quot;id&quot;:391607,&quot;url&quot;:&quot;https:\\\/\\\/bitfab.parts\\\/wp-content\\\/uploads\\\/2025\\\/05\\\/2040V-EC-20x40-V-Slot-end-cap-v4.glb&quot;,&quot;alt&quot;:&quot;&quot;,&quot;title&quot;:&quot;2040V-EC 20x40 V-Slot end cap v4&quot;},&quot;loadingType&quot;:&quot;lazy&quot;,&quot;align&quot;:&quot;&quot;,&quot;alignment&quot;:&quot;center&quot;,&quot;sourceType&quot;:&quot;upload&quot;,&quot;modelLink&quot;:&quot;&quot;,&quot;width&quot;:&quot;100%&quot;,&quot;height&quot;:&quot;350px&quot;,&quot;isTouchMove&quot;:true,&quot;isZoom&quot;:true,&quot;gbBlockCondition&quot;:&quot;&quot;,&quot;gbBlockConditionInvert&quot;:false}'><\/div>\r\n\t\r\n\t\t\t<\/div>\n\n\n\n<div class=\"wp-block-column is-layout-flow wp-block-column-is-layout-flow\">\n<div class=\"wp-block-file\"><a id=\"wp-block-file--media-cd3356e4-c7de-4391-95d8-af2533298dba\" href=\"https:\/\/bitfab.parts\/wp-content\/uploads\/2025\/05\/2040V-EC-20x40-V-Slot-end-cap-v4.stl\" target=\"_blank\" rel=\"noreferrer noopener\">2040V-EC 20&#215;40 V-Slot tampa final v4.stl<\/a><a href=\"https:\/\/bitfab.parts\/wp-content\/uploads\/2025\/05\/2040V-EC-20x40-V-Slot-end-cap-v4.stl\" class=\"wp-block-file__button wp-element-button\" download=\"\" aria-describedby=\"wp-block-file--media-cd3356e4-c7de-4391-95d8-af2533298dba\">Descarrega<\/a><\/div>\n\n\n\n<div class=\"wp-block-file\"><a id=\"wp-block-file--media-4e29756e-cbfb-4fac-b015-4b449351a3ad\" href=\"https:\/\/bitfab.parts\/wp-content\/uploads\/2025\/05\/2040V-EC-20x40-V-Slot-end-cap-v4.step\" target=\"_blank\" rel=\"noreferrer noopener\">2040V-EC 20&#215;40 Tampa da extremidade da ranhura em V v4.step<\/a><a href=\"https:\/\/bitfab.parts\/wp-content\/uploads\/2025\/05\/2040V-EC-20x40-V-Slot-end-cap-v4.step\" class=\"wp-block-file__button wp-element-button\" download=\"\" aria-describedby=\"wp-block-file--media-4e29756e-cbfb-4fac-b015-4b449351a3ad\">Descarrega<\/a><\/div>\n\n\n\n<div class=\"wp-block-file\"><a id=\"wp-block-file--media-7479cac6-ebdf-4572-841e-3c6c83dd94ad\" href=\"https:\/\/bitfab.parts\/wp-content\/uploads\/2025\/05\/2040V-EC-20x40-V-Slot-end-cap-v3.f3z\" target=\"_blank\" rel=\"noreferrer noopener\">2040V-EC 20&#215;40 tampa da ranhura em V v3.f3z<\/a><a href=\"https:\/\/bitfab.parts\/wp-content\/uploads\/2025\/05\/2040V-EC-20x40-V-Slot-end-cap-v3.f3z\" class=\"wp-block-file__button wp-element-button\" download=\"\" aria-describedby=\"wp-block-file--media-7479cac6-ebdf-4572-841e-3c6c83dd94ad\">Descarrega<\/a><\/div>\n<\/div>\n<\/div>\n\n<h2 class=\"wp-block-heading\">Personaliza e imprime em 3D as tuas pr\u00f3prias pe\u00e7as<\/h2>\n\n<pre class=\"wp-block-verse\"><strong>Sim, este acess\u00f3rio pode ser impresso em 3D e podes descarregar todos os ficheiros 3D.<\/strong><\/pre>\n\n<p>Na Bitfab Parts, somos fabricantes como tu e acreditamos na produ\u00e7\u00e3o aberta. \u00c9 por isso que oferecemos n\u00e3o s\u00f3 os produtos acabados, mas tamb\u00e9m os ficheiros 3D originais, desenhos t\u00e9cnicos e ficheiros fonte edit\u00e1veis. Quer queiras ajustar o design, mudar a cor ou remixar completamente a pe\u00e7a, \u00e9s livre de a adaptar \u00e0s tuas necessidades e imprimi-la na tua pr\u00f3pria impressora 3D.  <\/p>\n\n<p>Tens controlo total sobre as tuas constru\u00e7\u00f5es: personaliza, imprime e fabrica os teus pr\u00f3prios acess\u00f3rios para poupar tempo, reduzir custos e estimular a inova\u00e7\u00e3o. Esta abordagem aberta incentiva a colabora\u00e7\u00e3o, a criatividade e a resolu\u00e7\u00e3o pr\u00e1tica de problemas. Imprime tu pr\u00f3prio, experimenta livremente e contribui para um ecossistema crescente de pe\u00e7as inteligentes e adapt\u00e1veis.  <\/p>\n\n<p><\/p>\n","protected":false},"excerpt":{"rendered":"<p>Tampa de extremidade para perfis V-Slot de 20x40mm<br \/>\nInstala\u00e7\u00e3o f\u00e1cil por press\u00e3o<br \/>\nPl\u00e1stico ABS preto com uma base texturada, cores personalizadas dispon\u00edveis mediante pedido.<\/p>\n","protected":false},"featured_media":391535,"template":"","meta":[],"product_brand":[],"product_cat":[162],"product_tag":[],"class_list":{"0":"post-391532","1":"product","2":"type-product","3":"status-publish","4":"has-post-thumbnail","6":"product_cat-tampas-das-extremidades","7":"sales-flash-overlay","8":"woocommerce-text-align-center","9":"woocommerce-image-align-center","10":"do-quantity-buttons","12":"first","13":"instock","14":"taxable","15":"shipping-taxable","16":"purchasable","17":"product-type-simple"},"yoast_head":"<!-- This site is optimized with the Yoast SEO plugin v27.2 - https:\/\/yoast.com\/product\/yoast-seo-wordpress\/ -->\n<title>Tampa de extremidade para extrus\u00e3o V-Slot de 20x40mm - Bitfab Parts<\/title>\n<meta name=\"robots\" content=\"index, follow, max-snippet:-1, max-image-preview:large, max-video-preview:-1\" \/>\n<link rel=\"canonical\" href=\"https:\/\/bitfab.parts\/pt-pt\/produto\/end-cap-for-20x40mm-v-slot-extrusion\/\" \/>\n<meta property=\"og:locale\" content=\"pt_PT\" \/>\n<meta property=\"og:type\" content=\"article\" \/>\n<meta property=\"og:title\" content=\"Tampa de extremidade para extrus\u00e3o V-Slot de 20x40mm - Bitfab Parts\" \/>\n<meta property=\"og:description\" content=\"Tampa de extremidade para perfis V-Slot de 20x40mm Instala\u00e7\u00e3o f\u00e1cil por press\u00e3o Pl\u00e1stico ABS preto com uma base texturada, cores personalizadas dispon\u00edveis mediante pedido.\" \/>\n<meta property=\"og:url\" content=\"https:\/\/bitfab.parts\/pt-pt\/produto\/end-cap-for-20x40mm-v-slot-extrusion\/\" \/>\n<meta property=\"og:site_name\" content=\"Bitfab Parts\" \/>\n<meta property=\"article:modified_time\" content=\"2025-11-22T21:05:17+00:00\" \/>\n<meta property=\"og:image\" content=\"https:\/\/bitfab.parts\/wp-content\/uploads\/2025\/06\/2040-ECF-product-image.png\" \/>\n\t<meta property=\"og:image:width\" content=\"1080\" \/>\n\t<meta property=\"og:image:height\" content=\"720\" \/>\n\t<meta property=\"og:image:type\" content=\"image\/png\" \/>\n<meta name=\"twitter:card\" content=\"summary_large_image\" \/>\n<meta name=\"twitter:label1\" content=\"Tempo estimado de leitura\" \/>\n\t<meta name=\"twitter:data1\" content=\"2 minutos\" \/>\n<script type=\"application\/ld+json\" class=\"yoast-schema-graph\">{\"@context\":\"https:\/\/schema.org\",\"@graph\":[{\"@type\":\"WebPage\",\"@id\":\"https:\/\/bitfab.parts\/pt-pt\/produto\/end-cap-for-20x40mm-v-slot-extrusion\/\",\"url\":\"https:\/\/bitfab.parts\/pt-pt\/produto\/end-cap-for-20x40mm-v-slot-extrusion\/\",\"name\":\"Tampa de extremidade para extrus\u00e3o V-Slot de 20x40mm - Bitfab Parts\",\"isPartOf\":{\"@id\":\"https:\/\/bitfab.parts\/pt-pt\/#website\"},\"primaryImageOfPage\":{\"@id\":\"https:\/\/bitfab.parts\/pt-pt\/produto\/end-cap-for-20x40mm-v-slot-extrusion\/#primaryimage\"},\"image\":{\"@id\":\"https:\/\/bitfab.parts\/pt-pt\/produto\/end-cap-for-20x40mm-v-slot-extrusion\/#primaryimage\"},\"thumbnailUrl\":\"https:\/\/bitfab.parts\/wp-content\/uploads\/2025\/06\/2040-ECF-product-image.png\",\"datePublished\":\"2025-06-15T19:02:59+00:00\",\"dateModified\":\"2025-11-22T21:05:17+00:00\",\"breadcrumb\":{\"@id\":\"https:\/\/bitfab.parts\/pt-pt\/produto\/end-cap-for-20x40mm-v-slot-extrusion\/#breadcrumb\"},\"inLanguage\":\"pt-PT\",\"potentialAction\":[{\"@type\":\"ReadAction\",\"target\":[\"https:\/\/bitfab.parts\/pt-pt\/produto\/end-cap-for-20x40mm-v-slot-extrusion\/\"]}]},{\"@type\":\"ImageObject\",\"inLanguage\":\"pt-PT\",\"@id\":\"https:\/\/bitfab.parts\/pt-pt\/produto\/end-cap-for-20x40mm-v-slot-extrusion\/#primaryimage\",\"url\":\"https:\/\/bitfab.parts\/wp-content\/uploads\/2025\/06\/2040-ECF-product-image.png\",\"contentUrl\":\"https:\/\/bitfab.parts\/wp-content\/uploads\/2025\/06\/2040-ECF-product-image.png\",\"width\":1080,\"height\":720},{\"@type\":\"BreadcrumbList\",\"@id\":\"https:\/\/bitfab.parts\/pt-pt\/produto\/end-cap-for-20x40mm-v-slot-extrusion\/#breadcrumb\",\"itemListElement\":[{\"@type\":\"ListItem\",\"position\":1,\"name\":\"Home\",\"item\":\"https:\/\/bitfab.parts\/pt-pt\/\"},{\"@type\":\"ListItem\",\"position\":2,\"name\":\"Loja\",\"item\":\"https:\/\/bitfab.parts\/pt-pt\/loja\/\"},{\"@type\":\"ListItem\",\"position\":3,\"name\":\"Tampa de extremidade para extrus\u00e3o V-Slot de 20x40mm\"}]},{\"@type\":\"WebSite\",\"@id\":\"https:\/\/bitfab.parts\/pt-pt\/#website\",\"url\":\"https:\/\/bitfab.parts\/pt-pt\/\",\"name\":\"Bitfab Parts\",\"description\":\"Custom cut aluminum profile\",\"publisher\":{\"@id\":\"https:\/\/bitfab.parts\/pt-pt\/#organization\"},\"potentialAction\":[{\"@type\":\"SearchAction\",\"target\":{\"@type\":\"EntryPoint\",\"urlTemplate\":\"https:\/\/bitfab.parts\/pt-pt\/?s={search_term_string}\"},\"query-input\":{\"@type\":\"PropertyValueSpecification\",\"valueRequired\":true,\"valueName\":\"search_term_string\"}}],\"inLanguage\":\"pt-PT\"},{\"@type\":\"Organization\",\"@id\":\"https:\/\/bitfab.parts\/pt-pt\/#organization\",\"name\":\"Bitfab Parts\",\"url\":\"https:\/\/bitfab.parts\/pt-pt\/\",\"logo\":{\"@type\":\"ImageObject\",\"inLanguage\":\"pt-PT\",\"@id\":\"https:\/\/bitfab.parts\/pt-pt\/#\/schema\/logo\/image\/\",\"url\":\"https:\/\/bitfab.parts\/wp-content\/uploads\/2023\/11\/cropped-rectangle_1000x500_without_background.png\",\"contentUrl\":\"https:\/\/bitfab.parts\/wp-content\/uploads\/2023\/11\/cropped-rectangle_1000x500_without_background.png\",\"width\":1000,\"height\":369,\"caption\":\"Bitfab Parts\"},\"image\":{\"@id\":\"https:\/\/bitfab.parts\/pt-pt\/#\/schema\/logo\/image\/\"}}]}<\/script>\n<!-- \/ Yoast SEO plugin. -->","yoast_head_json":{"title":"Tampa de extremidade para extrus\u00e3o V-Slot de 20x40mm - Bitfab Parts","robots":{"index":"index","follow":"follow","max-snippet":"max-snippet:-1","max-image-preview":"max-image-preview:large","max-video-preview":"max-video-preview:-1"},"canonical":"https:\/\/bitfab.parts\/pt-pt\/produto\/end-cap-for-20x40mm-v-slot-extrusion\/","og_locale":"pt_PT","og_type":"article","og_title":"Tampa de extremidade para extrus\u00e3o V-Slot de 20x40mm - Bitfab Parts","og_description":"Tampa de extremidade para perfis V-Slot de 20x40mm Instala\u00e7\u00e3o f\u00e1cil por press\u00e3o Pl\u00e1stico ABS preto com uma base texturada, cores personalizadas dispon\u00edveis mediante pedido.","og_url":"https:\/\/bitfab.parts\/pt-pt\/produto\/end-cap-for-20x40mm-v-slot-extrusion\/","og_site_name":"Bitfab Parts","article_modified_time":"2025-11-22T21:05:17+00:00","og_image":[{"width":1080,"height":720,"url":"https:\/\/bitfab.parts\/wp-content\/uploads\/2025\/06\/2040-ECF-product-image.png","type":"image\/png"}],"twitter_card":"summary_large_image","twitter_misc":{"Tempo estimado de leitura":"2 minutos"},"schema":{"@context":"https:\/\/schema.org","@graph":[{"@type":"WebPage","@id":"https:\/\/bitfab.parts\/pt-pt\/produto\/end-cap-for-20x40mm-v-slot-extrusion\/","url":"https:\/\/bitfab.parts\/pt-pt\/produto\/end-cap-for-20x40mm-v-slot-extrusion\/","name":"Tampa de extremidade para extrus\u00e3o V-Slot de 20x40mm - Bitfab Parts","isPartOf":{"@id":"https:\/\/bitfab.parts\/pt-pt\/#website"},"primaryImageOfPage":{"@id":"https:\/\/bitfab.parts\/pt-pt\/produto\/end-cap-for-20x40mm-v-slot-extrusion\/#primaryimage"},"image":{"@id":"https:\/\/bitfab.parts\/pt-pt\/produto\/end-cap-for-20x40mm-v-slot-extrusion\/#primaryimage"},"thumbnailUrl":"https:\/\/bitfab.parts\/wp-content\/uploads\/2025\/06\/2040-ECF-product-image.png","datePublished":"2025-06-15T19:02:59+00:00","dateModified":"2025-11-22T21:05:17+00:00","breadcrumb":{"@id":"https:\/\/bitfab.parts\/pt-pt\/produto\/end-cap-for-20x40mm-v-slot-extrusion\/#breadcrumb"},"inLanguage":"pt-PT","potentialAction":[{"@type":"ReadAction","target":["https:\/\/bitfab.parts\/pt-pt\/produto\/end-cap-for-20x40mm-v-slot-extrusion\/"]}]},{"@type":"ImageObject","inLanguage":"pt-PT","@id":"https:\/\/bitfab.parts\/pt-pt\/produto\/end-cap-for-20x40mm-v-slot-extrusion\/#primaryimage","url":"https:\/\/bitfab.parts\/wp-content\/uploads\/2025\/06\/2040-ECF-product-image.png","contentUrl":"https:\/\/bitfab.parts\/wp-content\/uploads\/2025\/06\/2040-ECF-product-image.png","width":1080,"height":720},{"@type":"BreadcrumbList","@id":"https:\/\/bitfab.parts\/pt-pt\/produto\/end-cap-for-20x40mm-v-slot-extrusion\/#breadcrumb","itemListElement":[{"@type":"ListItem","position":1,"name":"Home","item":"https:\/\/bitfab.parts\/pt-pt\/"},{"@type":"ListItem","position":2,"name":"Loja","item":"https:\/\/bitfab.parts\/pt-pt\/loja\/"},{"@type":"ListItem","position":3,"name":"Tampa de extremidade para extrus\u00e3o V-Slot de 20x40mm"}]},{"@type":"WebSite","@id":"https:\/\/bitfab.parts\/pt-pt\/#website","url":"https:\/\/bitfab.parts\/pt-pt\/","name":"Bitfab Parts","description":"Custom cut aluminum profile","publisher":{"@id":"https:\/\/bitfab.parts\/pt-pt\/#organization"},"potentialAction":[{"@type":"SearchAction","target":{"@type":"EntryPoint","urlTemplate":"https:\/\/bitfab.parts\/pt-pt\/?s={search_term_string}"},"query-input":{"@type":"PropertyValueSpecification","valueRequired":true,"valueName":"search_term_string"}}],"inLanguage":"pt-PT"},{"@type":"Organization","@id":"https:\/\/bitfab.parts\/pt-pt\/#organization","name":"Bitfab Parts","url":"https:\/\/bitfab.parts\/pt-pt\/","logo":{"@type":"ImageObject","inLanguage":"pt-PT","@id":"https:\/\/bitfab.parts\/pt-pt\/#\/schema\/logo\/image\/","url":"https:\/\/bitfab.parts\/wp-content\/uploads\/2023\/11\/cropped-rectangle_1000x500_without_background.png","contentUrl":"https:\/\/bitfab.parts\/wp-content\/uploads\/2023\/11\/cropped-rectangle_1000x500_without_background.png","width":1000,"height":369,"caption":"Bitfab Parts"},"image":{"@id":"https:\/\/bitfab.parts\/pt-pt\/#\/schema\/logo\/image\/"}}]}},"_links":{"self":[{"href":"https:\/\/bitfab.parts\/pt-pt\/wp-json\/wp\/v2\/product\/391532","targetHints":{"allow":["GET"]}}],"collection":[{"href":"https:\/\/bitfab.parts\/pt-pt\/wp-json\/wp\/v2\/product"}],"about":[{"href":"https:\/\/bitfab.parts\/pt-pt\/wp-json\/wp\/v2\/types\/product"}],"wp:featuredmedia":[{"embeddable":true,"href":"https:\/\/bitfab.parts\/pt-pt\/wp-json\/wp\/v2\/media\/391535"}],"wp:attachment":[{"href":"https:\/\/bitfab.parts\/pt-pt\/wp-json\/wp\/v2\/media?parent=391532"}],"wp:term":[{"taxonomy":"product_brand","embeddable":true,"href":"https:\/\/bitfab.parts\/pt-pt\/wp-json\/wp\/v2\/product_brand?post=391532"},{"taxonomy":"product_cat","embeddable":true,"href":"https:\/\/bitfab.parts\/pt-pt\/wp-json\/wp\/v2\/product_cat?post=391532"},{"taxonomy":"product_tag","embeddable":true,"href":"https:\/\/bitfab.parts\/pt-pt\/wp-json\/wp\/v2\/product_tag?post=391532"}],"curies":[{"name":"wp","href":"https:\/\/api.w.org\/{rel}","templated":true}]}}