{"id":391934,"date":"2025-08-16T21:31:46","date_gmt":"2025-08-16T20:31:46","guid":{"rendered":"https:\/\/bitfab.parts\/?post_type=product&#038;p=391934"},"modified":"2025-08-17T19:03:07","modified_gmt":"2025-08-17T18:03:07","slug":"perfil-de-aluminio-20x40-v-slot-copy","status":"publish","type":"product","link":"https:\/\/bitfab.parts\/pt-pt\/produto\/perfil-de-aluminio-20x40-v-slot-copy\/","title":{"rendered":"Perfil de alum\u00ednio 20&#215;40 V-Slot Preto"},"content":{"rendered":"\n<p>Esta extrus\u00e3o de alum\u00ednio V-Slot anodizado preto \u00e9 um perfil modular de 20&#215;40 mm concebido para projectos em que tanto o desempenho como a est\u00e9tica s\u00e3o importantes. O seu revestimento preto anodizado r\u00edgido proporciona uma prote\u00e7\u00e3o extra da superf\u00edcie, ao mesmo tempo que d\u00e1 \u00e0s tuas constru\u00e7\u00f5es um aspeto profissional. <\/p>\n\n<p>Como parte da s\u00e9rie V-Slot de 20 mm, este perfil integra-se perfeitamente com rodas, suportes e fixadores compat\u00edveis com V-Slot, permitindo-te criar sistemas de movimento linear suaves e estruturas robustas sem maquina\u00e7\u00e3o adicional.<\/p>\n\n<ul class=\"wp-block-list\">\n<li><strong>Dimens\u00f5es:<\/strong> 20&#215;40 mm<\/li>\n\n\n\n<li><strong>Tipo de perfil:<\/strong> Ranhura em V<\/li>\n\n\n\n<li><strong>S\u00e9rie de perfis (tamanho):<\/strong> 20mm<\/li>\n\n\n\n<li><strong>Largura da ranhura:<\/strong> 6 mm<\/li>\n\n\n\n<li><strong>N\u00facleo:<\/strong> Preparado para rosca M5 (o perfil \u00e9 fornecido sem rosca)<\/li>\n\n\n\n<li><strong>Material:<\/strong> Alum\u00ednio (liga 6060-T5)<\/li>\n\n\n\n<li><strong>Acabamento:<\/strong> Alum\u00ednio anodizado, cor preta<\/li>\n\n\n\n<li><strong>Tipo de ranhura:<\/strong> Padr\u00e3o (aberto)<\/li>\n\n\n\n<li><strong>N\u00famero de ranhuras abertas:<\/strong> 6<\/li>\n<\/ul>\n\n<h2 class=\"wp-block-heading\"><strong>Porqu\u00ea escolher a extrus\u00e3o anodizada preta?<\/strong><\/h2>\n\n<p>O perfil de extrus\u00e3o preto \u00e9 a escolha para clientes exigentes que pretendem uma est\u00e9tica superior.<\/p>\n\n<ul class=\"wp-block-list\">\n<li><strong>Aspeto profissional<\/strong>: Acabamento elegante, perfeito para molduras de m\u00e1quinas vis\u00edveis ou produtos destinados ao consumidor.<\/li>\n\n\n\n<li><strong>Durabilidade<\/strong>: A camada anodizada melhora a resist\u00eancia aos riscos e \u00e0 corros\u00e3o, mesmo em ambientes exigentes.<\/li>\n\n\n\n<li><strong>Baixa refletividade<\/strong>: Ideal para instala\u00e7\u00f5es \u00f3pticas, equipamentos fotogr\u00e1ficos e compartimentos onde \u00e9 importante reduzir o brilho.<\/li>\n<\/ul>\n\n<h2 class=\"wp-block-heading\">Refer\u00eancia r\u00e1pida para a s\u00e9rie V-Slot 20mm<\/h2>\n\n<div class=\"wp-block-columns is-layout-flex wp-container-core-columns-is-layout-9d6595d7 wp-block-columns-is-layout-flex\">\n<div class=\"wp-block-column is-layout-flow wp-block-column-is-layout-flow\"><div class=\"wp-block-image\">\n<figure class=\"aligncenter size-full\"><img loading=\"lazy\" decoding=\"async\" width=\"256\" height=\"256\" src=\"https:\/\/bitfab.parts\/wp-content\/uploads\/2023\/11\/2020V-size.png\" alt=\"\" class=\"wp-image-390291\" srcset=\"https:\/\/bitfab.parts\/wp-content\/uploads\/2023\/11\/2020V-size.png 256w, https:\/\/bitfab.parts\/wp-content\/uploads\/2023\/11\/2020V-size-150x150.png 150w, https:\/\/bitfab.parts\/wp-content\/uploads\/2023\/11\/2020V-size-100x100.png 100w\" sizes=\"auto, (max-width: 256px) 100vw, 256px\" \/><\/figure>\n<\/div>\n\n\n<h3 class=\"wp-block-heading\">S\u00e9rie 20mm<\/h3>\n\n\n\n<p>Este perfil pertence \u00e0 s\u00e9rie 20mm, dispon\u00edvel em tamanhos como 20x20mm, 20x40mm, entre outros.<\/p>\n<\/div>\n\n\n\n<div class=\"wp-block-column is-layout-flow wp-block-column-is-layout-flow\"><div class=\"wp-block-image\">\n<figure class=\"aligncenter size-full\"><img loading=\"lazy\" decoding=\"async\" width=\"256\" height=\"256\" src=\"https:\/\/bitfab.parts\/wp-content\/uploads\/2023\/11\/2020V-slot6.png\" alt=\"\" class=\"wp-image-390293\" srcset=\"https:\/\/bitfab.parts\/wp-content\/uploads\/2023\/11\/2020V-slot6.png 256w, https:\/\/bitfab.parts\/wp-content\/uploads\/2023\/11\/2020V-slot6-150x150.png 150w, https:\/\/bitfab.parts\/wp-content\/uploads\/2023\/11\/2020V-slot6-100x100.png 100w\" sizes=\"auto, (max-width: 256px) 100vw, 256px\" \/><\/figure>\n<\/div>\n\n\n<h3 class=\"wp-block-heading\">Ranhura de 6 mm<\/h3>\n\n\n\n<p>Este perfil tem um tamanho de ranhura de 6 mm, pelo que \u00e9 compat\u00edvel com os nossos acess\u00f3rios de ranhura de 6 mm<\/p>\n<\/div>\n\n\n\n<div class=\"wp-block-column is-layout-flow wp-block-column-is-layout-flow\"><div class=\"wp-block-image\">\n<figure class=\"aligncenter size-full\"><img loading=\"lazy\" decoding=\"async\" width=\"256\" height=\"256\" src=\"https:\/\/bitfab.parts\/wp-content\/uploads\/2023\/11\/2020V-m5tap-1.png\" alt=\"\" class=\"wp-image-390296\" srcset=\"https:\/\/bitfab.parts\/wp-content\/uploads\/2023\/11\/2020V-m5tap-1.png 256w, https:\/\/bitfab.parts\/wp-content\/uploads\/2023\/11\/2020V-m5tap-1-150x150.png 150w, https:\/\/bitfab.parts\/wp-content\/uploads\/2023\/11\/2020V-m5tap-1-100x100.png 100w\" sizes=\"auto, (max-width: 256px) 100vw, 256px\" \/><\/figure>\n<\/div>\n\n\n<h3 class=\"wp-block-heading\">Rosca M5<\/h3>\n\n\n\n<p>O n\u00facleo do perfil foi concebido para ser roscado com um macho M5.<\/p>\n\n\n\n<p>Tem em aten\u00e7\u00e3o que o perfil \u00e9 fornecido sem rosca, pelo que ter\u00e1s de o roscar tu pr\u00f3prio com uma torneira.<\/p>\n<\/div>\n<\/div>\n\n<h2 class=\"wp-block-heading\">Desenho t\u00e9cnico<\/h2>\n\n<p>Podes clicar no desenho para abrir o ficheiro PDF.<\/p>\n<div class=\"wp-block-image\">\n<figure class=\"aligncenter size-full\"><a href=\"https:\/\/bitfab.parts\/wp-content\/uploads\/2023\/11\/2040V-20x40mm-V-Slot-Profile-Drawing-v1.pdf\" target=\"_blank\" rel=\"noreferrer noopener\"><img loading=\"lazy\" decoding=\"async\" width=\"1065\" height=\"753\" src=\"https:\/\/bitfab.parts\/wp-content\/uploads\/2023\/11\/2040V-technical-drawing-preview-1.png\" alt=\"\" class=\"wp-image-390384\" srcset=\"https:\/\/bitfab.parts\/wp-content\/uploads\/2023\/11\/2040V-technical-drawing-preview-1.png 1065w, https:\/\/bitfab.parts\/wp-content\/uploads\/2023\/11\/2040V-technical-drawing-preview-1-300x212.png 300w, https:\/\/bitfab.parts\/wp-content\/uploads\/2023\/11\/2040V-technical-drawing-preview-1-1024x724.png 1024w, https:\/\/bitfab.parts\/wp-content\/uploads\/2023\/11\/2040V-technical-drawing-preview-1-768x543.png 768w, https:\/\/bitfab.parts\/wp-content\/uploads\/2023\/11\/2040V-technical-drawing-preview-1-500x354.png 500w\" sizes=\"auto, (max-width: 1065px) 100vw, 1065px\" \/><\/a><\/figure>\n<\/div>\n<h2 class=\"wp-block-heading\">Especifica\u00e7\u00f5es t\u00e9cnicas<\/h2>\n\n<ul class=\"wp-block-list\">\n<li><strong>Massa:<\/strong> 0,80 kg\/m<\/li>\n\n\n\n<li><strong>M\u00f3dulo de elasticidade:<\/strong> 69,5 GPa (6,95 x<sup>1010<\/sup> Pa)<\/li>\n\n\n\n<li><strong>Momento de in\u00e9rcia Ix:<\/strong> 1,21 x <sup>10-8m4<\/sup><\/li>\n\n\n\n<li><strong>Momento de in\u00e9rcia Iy:<\/strong> 4,75 x <sup>10-8m4<\/sup><\/li>\n<\/ul>\n\n<h2 class=\"wp-block-heading\">Modelos 3D<\/h2>\n\n<div class=\"wp-block-columns is-layout-flex wp-container-core-columns-is-layout-9d6595d7 wp-block-columns-is-layout-flex\">\n<div class=\"wp-block-column is-layout-flow wp-block-column-is-layout-flow\">\t\t\t<div class='wp-block-tdvb-td-viewer  align' id='tdvb3DViewerBlock-16c8238e-0' data-attributes='{&quot;cId&quot;:&quot;16c8238e-0&quot;,&quot;model&quot;:{&quot;id&quot;:390399,&quot;url&quot;:&quot;https:\\\/\\\/bitfab.parts\\\/wp-content\\\/uploads\\\/2023\\\/11\\\/2040V-20x40mm-V-Slot-Profile-v5.glb&quot;,&quot;alt&quot;:&quot;&quot;,&quot;title&quot;:&quot;2040V 20x40mm V-Slot Profile v5&quot;},&quot;loadingType&quot;:&quot;lazy&quot;,&quot;align&quot;:&quot;&quot;,&quot;alignment&quot;:&quot;center&quot;,&quot;sourceType&quot;:&quot;upload&quot;,&quot;modelLink&quot;:&quot;&quot;,&quot;width&quot;:&quot;100%&quot;,&quot;height&quot;:&quot;350px&quot;,&quot;isTouchMove&quot;:true,&quot;isZoom&quot;:true,&quot;gbBlockCondition&quot;:&quot;&quot;,&quot;gbBlockConditionInvert&quot;:false}'><\/div>\r\n\t\r\n\t\t\t<\/div>\n\n\n\n<div class=\"wp-block-column is-layout-flow wp-block-column-is-layout-flow\">\n<div class=\"wp-block-file\"><a id=\"wp-block-file--media-d7601513-2382-43bf-b575-1be3ac6075e6\" href=\"https:\/\/bitfab.parts\/wp-content\/uploads\/2023\/11\/2040V-20x40mm-V-Slot-Profile-v5.stl\" target=\"_blank\" rel=\"noreferrer noopener\">2040V 20x40mm V-Slot Profile v5.stl<\/a><a href=\"https:\/\/bitfab.parts\/wp-content\/uploads\/2023\/11\/2040V-20x40mm-V-Slot-Profile-v5.stl\" class=\"wp-block-file__button wp-element-button\" download=\"\" aria-describedby=\"wp-block-file--media-d7601513-2382-43bf-b575-1be3ac6075e6\">Descarrega<\/a><\/div>\n\n\n\n<div class=\"wp-block-file\"><a id=\"wp-block-file--media-54de0c31-b2c6-4ccc-9a23-f6210923c2d4\" href=\"https:\/\/bitfab.parts\/wp-content\/uploads\/2023\/11\/2040V-20x40mm-V-Slot-Profile-v5.step\" target=\"_blank\" rel=\"noreferrer noopener\">2040V 20x40mm V-Slot Profile v5.step<\/a><a href=\"https:\/\/bitfab.parts\/wp-content\/uploads\/2023\/11\/2040V-20x40mm-V-Slot-Profile-v5.step\" class=\"wp-block-file__button wp-element-button\" download=\"\" aria-describedby=\"wp-block-file--media-54de0c31-b2c6-4ccc-9a23-f6210923c2d4\">Descarrega<\/a><\/div>\n\n\n\n<div class=\"wp-block-file\"><a id=\"wp-block-file--media-f15d8ceb-f76a-4887-9eeb-50e9c2496fe2\" href=\"https:\/\/bitfab.parts\/wp-content\/uploads\/2023\/11\/2040V-20x40mm-V-Slot-Profile-v5.f3z\" target=\"_blank\" rel=\"noreferrer noopener\">2040V 20x40mm V-Slot Profile v5.f3z<\/a><a href=\"https:\/\/bitfab.parts\/wp-content\/uploads\/2023\/11\/2040V-20x40mm-V-Slot-Profile-v5.f3z\" class=\"wp-block-file__button wp-element-button\" download=\"\" aria-describedby=\"wp-block-file--media-f15d8ceb-f76a-4887-9eeb-50e9c2496fe2\">Descarrega<\/a><\/div>\n<\/div>\n<\/div>\n\n<h2 class=\"wp-block-heading\">Exemplos de utiliza\u00e7\u00e3o<\/h2>\n\n<p>Os clientes utilizam o nosso perfil preto para:<\/p>\n\n<ul class=\"wp-block-list\">\n<li>Molduras de impressora 3D com uma est\u00e9tica furtiva.<\/li>\n\n\n\n<li>Simrigs e cockpits de corrida personalizados<\/li>\n\n\n\n<li>Caixas CNC onde se pretende uma reflex\u00e3o interna reduzida.<\/li>\n\n\n\n<li>Deslizadores de c\u00e2mara e equipamentos para fotografia\/v\u00eddeo profissional.<\/li>\n\n\n\n<li>Mobili\u00e1rio ou acess\u00f3rios com um aspeto moderno e industrial.<\/li>\n<\/ul>\n\n<p>Este perfil pode ser ligado com suportes de alum\u00ednio, porcas de martelo (compat\u00edveis com ranhuras de 6 mm) e parafusos (recomenda-se parafusos de cabe\u00e7a de bot\u00e3o M5x8 ISO 7380).<\/p>\n\n<div class=\"wp-block-columns is-layout-flex wp-container-core-columns-is-layout-9d6595d7 wp-block-columns-is-layout-flex\">\n<div class=\"wp-block-column is-layout-flow wp-block-column-is-layout-flow\">\n<figure class=\"wp-block-image size-full is-resized\"><img loading=\"lazy\" decoding=\"async\" width=\"618\" height=\"605\" src=\"https:\/\/bitfab.parts\/wp-content\/uploads\/2023\/11\/2020V-2040V-bracket-example.png\" alt=\"\" class=\"wp-image-390402\" style=\"width:554px;height:auto\" srcset=\"https:\/\/bitfab.parts\/wp-content\/uploads\/2023\/11\/2020V-2040V-bracket-example.png 618w, https:\/\/bitfab.parts\/wp-content\/uploads\/2023\/11\/2020V-2040V-bracket-example-300x294.png 300w, https:\/\/bitfab.parts\/wp-content\/uploads\/2023\/11\/2020V-2040V-bracket-example-500x489.png 500w\" sizes=\"auto, (max-width: 618px) 100vw, 618px\" \/><\/figure>\n<\/div>\n\n\n\n<div class=\"wp-block-column is-layout-flow wp-block-column-is-layout-flow\">\n<div data-block-name=\"woocommerce\/single-product\" data-product-id=\"389860\" data-wp-context=\"{&quot;productId&quot;:389860,&quot;variationId&quot;:null}\" data-wp-interactive=\"woocommerce\/single-product\" class=\"wp-block-woocommerce-single-product woocommerce\">\n<div class=\"wp-block-columns is-layout-flex wp-container-core-columns-is-layout-9d6595d7 wp-block-columns-is-layout-flex\">\n<div class=\"wp-block-column is-layout-flow wp-block-column-is-layout-flow\"><div data-block-name=\"woocommerce\/product-image\" data-is-descendent-of-single-product-block=\"true\" data-show-sale-badge=\"false\" class=\"wc-block-components-product-image wc-block-grid__product-image wc-block-components-product-image--aspect-ratio-auto wp-block-woocommerce-product-image\"><a href=\"https:\/\/bitfab.parts\/product\/bracket-20mm-slot-6\/\" style=\"\" data-wp-on--click=\"woocommerce\/product-collection::actions.viewProduct\"><img loading=\"lazy\" decoding=\"async\" width=\"500\" height=\"479\" src=\"https:\/\/bitfab.parts\/wp-content\/uploads\/2023\/11\/Screenshot-2023-11-23-at-22.10.50-500x479.png\" class=\"attachment-woocommerce_single size-woocommerce_single\" alt=\"Bracket 20mm slot 6\" data-testid=\"product-image\" data-image-id=\"389861\" style=\"object-fit:cover;\" srcset=\"https:\/\/bitfab.parts\/wp-content\/uploads\/2023\/11\/Screenshot-2023-11-23-at-22.10.50-500x479.png 500w, https:\/\/bitfab.parts\/wp-content\/uploads\/2023\/11\/Screenshot-2023-11-23-at-22.10.50-300x288.png 300w, https:\/\/bitfab.parts\/wp-content\/uploads\/2023\/11\/Screenshot-2023-11-23-at-22.10.50.png 552w\" sizes=\"auto, (max-width: 500px) 100vw, 500px\" \/><div class=\"wc-block-components-product-image__inner-container\"><\/div><\/a><\/div><\/div>\n\n\n\n<div class=\"wp-block-column is-layout-flow wp-block-column-is-layout-flow\"><h3 class=\"wp-block-post-title\"><a href=\"https:\/\/bitfab.parts\/product\/bracket-20mm-slot-6\/\" target=\"_self\" >Bracket 20mm slot 6<\/a><\/h3>\n\n<div class=\"wp-block-post-excerpt\"><p class=\"wp-block-post-excerpt__excerpt\">90 degrees bracket for 20mm aluminum extrusion For 6mm slot aluminum profiles (compatible with 20mm V-Slot) Material is cast aluminum <\/p><\/div><\/div>\n<\/div>\n<\/div>\n\n\n\n<div data-block-name=\"woocommerce\/single-product\" data-product-id=\"389840\" data-wp-context=\"{&quot;productId&quot;:389840,&quot;variationId&quot;:null}\" data-wp-interactive=\"woocommerce\/single-product\" class=\"wp-block-woocommerce-single-product woocommerce\">\n<div class=\"wp-block-columns is-layout-flex wp-container-core-columns-is-layout-9d6595d7 wp-block-columns-is-layout-flex\">\n<div class=\"wp-block-column is-layout-flow wp-block-column-is-layout-flow\"><div data-block-name=\"woocommerce\/product-image\" data-is-descendent-of-single-product-block=\"true\" data-show-sale-badge=\"false\" class=\"wc-block-components-product-image wc-block-grid__product-image wc-block-components-product-image--aspect-ratio-auto wp-block-woocommerce-product-image\"><a href=\"https:\/\/bitfab.parts\/product\/hammer-nut-6mm-slot-m5\/\" style=\"\" data-wp-on--click=\"woocommerce\/product-collection::actions.viewProduct\"><img loading=\"lazy\" decoding=\"async\" width=\"500\" height=\"363\" src=\"https:\/\/bitfab.parts\/wp-content\/uploads\/2023\/11\/Screenshot-2023-11-23-at-21.52.33-500x363.png\" class=\"attachment-woocommerce_single size-woocommerce_single\" alt=\"Hammer nut for 6mm slot, M5 thread\" data-testid=\"product-image\" data-image-id=\"389841\" style=\"object-fit:cover;\" srcset=\"https:\/\/bitfab.parts\/wp-content\/uploads\/2023\/11\/Screenshot-2023-11-23-at-21.52.33-500x363.png 500w, https:\/\/bitfab.parts\/wp-content\/uploads\/2023\/11\/Screenshot-2023-11-23-at-21.52.33-300x218.png 300w, https:\/\/bitfab.parts\/wp-content\/uploads\/2023\/11\/Screenshot-2023-11-23-at-21.52.33.png 586w\" sizes=\"auto, (max-width: 500px) 100vw, 500px\" \/><div class=\"wc-block-components-product-image__inner-container\"><\/div><\/a><\/div><\/div>\n\n\n\n<div class=\"wp-block-column is-layout-flow wp-block-column-is-layout-flow\"><h3 class=\"wp-block-post-title\"><a href=\"https:\/\/bitfab.parts\/product\/hammer-nut-6mm-slot-m5\/\" target=\"_self\" >Hammer nut for 6mm slot, M5 thread<\/a><\/h3>\n\n<div class=\"wp-block-post-excerpt\"><p class=\"wp-block-post-excerpt__excerpt\">Hammer T-nut for 6mm slot profile (for 20mm V-Slot profile) M5 thread Galvanized steel <\/p><\/div><\/div>\n<\/div>\n<\/div>\n<\/div>\n<\/div>\n","protected":false},"excerpt":{"rendered":"<p>Perfil V-Slot de alum\u00ednio preto 20&#215;40 mm<br \/>\nRanhura de 6 mm<br \/>\nN\u00facleo da rosca M5<br \/>\nAcabamento em alum\u00ednio anodizado preto<\/p>\n","protected":false},"featured_media":391938,"template":"","meta":[],"product_brand":[],"product_cat":[134],"product_tag":[],"class_list":{"0":"post-391934","1":"product","2":"type-product","3":"status-publish","4":"has-post-thumbnail","6":"product_cat-perfil-de-aluminio-pt-pt","7":"sales-flash-overlay","8":"woocommerce-text-align-center","9":"woocommerce-image-align-center","10":"do-quantity-buttons","12":"first","13":"instock","14":"taxable","15":"shipping-taxable","16":"purchasable","17":"product-type-simple"},"yoast_head":"<!-- This site is optimized with the Yoast SEO plugin v27.2 - https:\/\/yoast.com\/product\/yoast-seo-wordpress\/ -->\n<title>Perfil de alum\u00ednio 20x40 V-Slot Preto - Bitfab Parts<\/title>\n<meta name=\"robots\" content=\"index, follow, max-snippet:-1, max-image-preview:large, max-video-preview:-1\" \/>\n<link rel=\"canonical\" href=\"https:\/\/bitfab.parts\/pt-pt\/produto\/perfil-de-aluminio-20x40-v-slot-copy\/\" \/>\n<meta property=\"og:locale\" content=\"pt_PT\" \/>\n<meta property=\"og:type\" content=\"article\" \/>\n<meta property=\"og:title\" content=\"Perfil de alum\u00ednio 20x40 V-Slot Preto - Bitfab Parts\" \/>\n<meta property=\"og:description\" content=\"Perfil V-Slot de alum\u00ednio preto 20x40 mm Ranhura de 6 mm N\u00facleo da rosca M5 Acabamento em alum\u00ednio anodizado preto\" \/>\n<meta property=\"og:url\" content=\"https:\/\/bitfab.parts\/pt-pt\/produto\/perfil-de-aluminio-20x40-v-slot-copy\/\" \/>\n<meta property=\"og:site_name\" content=\"Bitfab Parts\" \/>\n<meta property=\"article:modified_time\" content=\"2025-08-17T18:03:07+00:00\" \/>\n<meta property=\"og:image\" content=\"https:\/\/bitfab.parts\/wp-content\/uploads\/2025\/08\/2040V-B-Aluminum-profile-V-Slot-20x40mm-Black-1024x683.png\" \/>\n\t<meta property=\"og:image:width\" content=\"1024\" \/>\n\t<meta property=\"og:image:height\" content=\"683\" \/>\n\t<meta property=\"og:image:type\" content=\"image\/png\" \/>\n<meta name=\"twitter:card\" content=\"summary_large_image\" \/>\n<meta name=\"twitter:label1\" content=\"Tempo estimado de leitura\" \/>\n\t<meta name=\"twitter:data1\" content=\"2 minutos\" \/>\n<script type=\"application\/ld+json\" class=\"yoast-schema-graph\">{\"@context\":\"https:\/\/schema.org\",\"@graph\":[{\"@type\":\"WebPage\",\"@id\":\"https:\/\/bitfab.parts\/pt-pt\/produto\/perfil-de-aluminio-20x40-v-slot-copy\/\",\"url\":\"https:\/\/bitfab.parts\/pt-pt\/produto\/perfil-de-aluminio-20x40-v-slot-copy\/\",\"name\":\"Perfil de alum\u00ednio 20x40 V-Slot Preto - Bitfab Parts\",\"isPartOf\":{\"@id\":\"https:\/\/bitfab.parts\/pt-pt\/#website\"},\"primaryImageOfPage\":{\"@id\":\"https:\/\/bitfab.parts\/pt-pt\/produto\/perfil-de-aluminio-20x40-v-slot-copy\/#primaryimage\"},\"image\":{\"@id\":\"https:\/\/bitfab.parts\/pt-pt\/produto\/perfil-de-aluminio-20x40-v-slot-copy\/#primaryimage\"},\"thumbnailUrl\":\"https:\/\/bitfab.parts\/wp-content\/uploads\/2025\/08\/2040V-B-Aluminum-profile-V-Slot-20x40mm-Black.png\",\"datePublished\":\"2025-08-16T20:31:46+00:00\",\"dateModified\":\"2025-08-17T18:03:07+00:00\",\"breadcrumb\":{\"@id\":\"https:\/\/bitfab.parts\/pt-pt\/produto\/perfil-de-aluminio-20x40-v-slot-copy\/#breadcrumb\"},\"inLanguage\":\"pt-PT\",\"potentialAction\":[{\"@type\":\"ReadAction\",\"target\":[\"https:\/\/bitfab.parts\/pt-pt\/produto\/perfil-de-aluminio-20x40-v-slot-copy\/\"]}]},{\"@type\":\"ImageObject\",\"inLanguage\":\"pt-PT\",\"@id\":\"https:\/\/bitfab.parts\/pt-pt\/produto\/perfil-de-aluminio-20x40-v-slot-copy\/#primaryimage\",\"url\":\"https:\/\/bitfab.parts\/wp-content\/uploads\/2025\/08\/2040V-B-Aluminum-profile-V-Slot-20x40mm-Black.png\",\"contentUrl\":\"https:\/\/bitfab.parts\/wp-content\/uploads\/2025\/08\/2040V-B-Aluminum-profile-V-Slot-20x40mm-Black.png\",\"width\":1080,\"height\":720},{\"@type\":\"BreadcrumbList\",\"@id\":\"https:\/\/bitfab.parts\/pt-pt\/produto\/perfil-de-aluminio-20x40-v-slot-copy\/#breadcrumb\",\"itemListElement\":[{\"@type\":\"ListItem\",\"position\":1,\"name\":\"Home\",\"item\":\"https:\/\/bitfab.parts\/pt-pt\/\"},{\"@type\":\"ListItem\",\"position\":2,\"name\":\"Loja\",\"item\":\"https:\/\/bitfab.parts\/pt-pt\/loja\/\"},{\"@type\":\"ListItem\",\"position\":3,\"name\":\"Perfil de alum\u00ednio 20&#215;40 V-Slot Preto\"}]},{\"@type\":\"WebSite\",\"@id\":\"https:\/\/bitfab.parts\/pt-pt\/#website\",\"url\":\"https:\/\/bitfab.parts\/pt-pt\/\",\"name\":\"Bitfab Parts\",\"description\":\"Custom cut aluminum profile\",\"publisher\":{\"@id\":\"https:\/\/bitfab.parts\/pt-pt\/#organization\"},\"potentialAction\":[{\"@type\":\"SearchAction\",\"target\":{\"@type\":\"EntryPoint\",\"urlTemplate\":\"https:\/\/bitfab.parts\/pt-pt\/?s={search_term_string}\"},\"query-input\":{\"@type\":\"PropertyValueSpecification\",\"valueRequired\":true,\"valueName\":\"search_term_string\"}}],\"inLanguage\":\"pt-PT\"},{\"@type\":\"Organization\",\"@id\":\"https:\/\/bitfab.parts\/pt-pt\/#organization\",\"name\":\"Bitfab Parts\",\"url\":\"https:\/\/bitfab.parts\/pt-pt\/\",\"logo\":{\"@type\":\"ImageObject\",\"inLanguage\":\"pt-PT\",\"@id\":\"https:\/\/bitfab.parts\/pt-pt\/#\/schema\/logo\/image\/\",\"url\":\"https:\/\/bitfab.parts\/wp-content\/uploads\/2023\/11\/cropped-rectangle_1000x500_without_background.png\",\"contentUrl\":\"https:\/\/bitfab.parts\/wp-content\/uploads\/2023\/11\/cropped-rectangle_1000x500_without_background.png\",\"width\":1000,\"height\":369,\"caption\":\"Bitfab Parts\"},\"image\":{\"@id\":\"https:\/\/bitfab.parts\/pt-pt\/#\/schema\/logo\/image\/\"}}]}<\/script>\n<!-- \/ Yoast SEO plugin. -->","yoast_head_json":{"title":"Perfil de alum\u00ednio 20x40 V-Slot Preto - Bitfab Parts","robots":{"index":"index","follow":"follow","max-snippet":"max-snippet:-1","max-image-preview":"max-image-preview:large","max-video-preview":"max-video-preview:-1"},"canonical":"https:\/\/bitfab.parts\/pt-pt\/produto\/perfil-de-aluminio-20x40-v-slot-copy\/","og_locale":"pt_PT","og_type":"article","og_title":"Perfil de alum\u00ednio 20x40 V-Slot Preto - Bitfab Parts","og_description":"Perfil V-Slot de alum\u00ednio preto 20x40 mm Ranhura de 6 mm N\u00facleo da rosca M5 Acabamento em alum\u00ednio anodizado preto","og_url":"https:\/\/bitfab.parts\/pt-pt\/produto\/perfil-de-aluminio-20x40-v-slot-copy\/","og_site_name":"Bitfab Parts","article_modified_time":"2025-08-17T18:03:07+00:00","og_image":[{"width":1024,"height":683,"url":"https:\/\/bitfab.parts\/wp-content\/uploads\/2025\/08\/2040V-B-Aluminum-profile-V-Slot-20x40mm-Black-1024x683.png","type":"image\/png"}],"twitter_card":"summary_large_image","twitter_misc":{"Tempo estimado de leitura":"2 minutos"},"schema":{"@context":"https:\/\/schema.org","@graph":[{"@type":"WebPage","@id":"https:\/\/bitfab.parts\/pt-pt\/produto\/perfil-de-aluminio-20x40-v-slot-copy\/","url":"https:\/\/bitfab.parts\/pt-pt\/produto\/perfil-de-aluminio-20x40-v-slot-copy\/","name":"Perfil de alum\u00ednio 20x40 V-Slot Preto - Bitfab Parts","isPartOf":{"@id":"https:\/\/bitfab.parts\/pt-pt\/#website"},"primaryImageOfPage":{"@id":"https:\/\/bitfab.parts\/pt-pt\/produto\/perfil-de-aluminio-20x40-v-slot-copy\/#primaryimage"},"image":{"@id":"https:\/\/bitfab.parts\/pt-pt\/produto\/perfil-de-aluminio-20x40-v-slot-copy\/#primaryimage"},"thumbnailUrl":"https:\/\/bitfab.parts\/wp-content\/uploads\/2025\/08\/2040V-B-Aluminum-profile-V-Slot-20x40mm-Black.png","datePublished":"2025-08-16T20:31:46+00:00","dateModified":"2025-08-17T18:03:07+00:00","breadcrumb":{"@id":"https:\/\/bitfab.parts\/pt-pt\/produto\/perfil-de-aluminio-20x40-v-slot-copy\/#breadcrumb"},"inLanguage":"pt-PT","potentialAction":[{"@type":"ReadAction","target":["https:\/\/bitfab.parts\/pt-pt\/produto\/perfil-de-aluminio-20x40-v-slot-copy\/"]}]},{"@type":"ImageObject","inLanguage":"pt-PT","@id":"https:\/\/bitfab.parts\/pt-pt\/produto\/perfil-de-aluminio-20x40-v-slot-copy\/#primaryimage","url":"https:\/\/bitfab.parts\/wp-content\/uploads\/2025\/08\/2040V-B-Aluminum-profile-V-Slot-20x40mm-Black.png","contentUrl":"https:\/\/bitfab.parts\/wp-content\/uploads\/2025\/08\/2040V-B-Aluminum-profile-V-Slot-20x40mm-Black.png","width":1080,"height":720},{"@type":"BreadcrumbList","@id":"https:\/\/bitfab.parts\/pt-pt\/produto\/perfil-de-aluminio-20x40-v-slot-copy\/#breadcrumb","itemListElement":[{"@type":"ListItem","position":1,"name":"Home","item":"https:\/\/bitfab.parts\/pt-pt\/"},{"@type":"ListItem","position":2,"name":"Loja","item":"https:\/\/bitfab.parts\/pt-pt\/loja\/"},{"@type":"ListItem","position":3,"name":"Perfil de alum\u00ednio 20&#215;40 V-Slot Preto"}]},{"@type":"WebSite","@id":"https:\/\/bitfab.parts\/pt-pt\/#website","url":"https:\/\/bitfab.parts\/pt-pt\/","name":"Bitfab Parts","description":"Custom cut aluminum profile","publisher":{"@id":"https:\/\/bitfab.parts\/pt-pt\/#organization"},"potentialAction":[{"@type":"SearchAction","target":{"@type":"EntryPoint","urlTemplate":"https:\/\/bitfab.parts\/pt-pt\/?s={search_term_string}"},"query-input":{"@type":"PropertyValueSpecification","valueRequired":true,"valueName":"search_term_string"}}],"inLanguage":"pt-PT"},{"@type":"Organization","@id":"https:\/\/bitfab.parts\/pt-pt\/#organization","name":"Bitfab Parts","url":"https:\/\/bitfab.parts\/pt-pt\/","logo":{"@type":"ImageObject","inLanguage":"pt-PT","@id":"https:\/\/bitfab.parts\/pt-pt\/#\/schema\/logo\/image\/","url":"https:\/\/bitfab.parts\/wp-content\/uploads\/2023\/11\/cropped-rectangle_1000x500_without_background.png","contentUrl":"https:\/\/bitfab.parts\/wp-content\/uploads\/2023\/11\/cropped-rectangle_1000x500_without_background.png","width":1000,"height":369,"caption":"Bitfab Parts"},"image":{"@id":"https:\/\/bitfab.parts\/pt-pt\/#\/schema\/logo\/image\/"}}]}},"_links":{"self":[{"href":"https:\/\/bitfab.parts\/pt-pt\/wp-json\/wp\/v2\/product\/391934","targetHints":{"allow":["GET"]}}],"collection":[{"href":"https:\/\/bitfab.parts\/pt-pt\/wp-json\/wp\/v2\/product"}],"about":[{"href":"https:\/\/bitfab.parts\/pt-pt\/wp-json\/wp\/v2\/types\/product"}],"wp:featuredmedia":[{"embeddable":true,"href":"https:\/\/bitfab.parts\/pt-pt\/wp-json\/wp\/v2\/media\/391938"}],"wp:attachment":[{"href":"https:\/\/bitfab.parts\/pt-pt\/wp-json\/wp\/v2\/media?parent=391934"}],"wp:term":[{"taxonomy":"product_brand","embeddable":true,"href":"https:\/\/bitfab.parts\/pt-pt\/wp-json\/wp\/v2\/product_brand?post=391934"},{"taxonomy":"product_cat","embeddable":true,"href":"https:\/\/bitfab.parts\/pt-pt\/wp-json\/wp\/v2\/product_cat?post=391934"},{"taxonomy":"product_tag","embeddable":true,"href":"https:\/\/bitfab.parts\/pt-pt\/wp-json\/wp\/v2\/product_tag?post=391934"}],"curies":[{"name":"wp","href":"https:\/\/api.w.org\/{rel}","templated":true}]}}